{"id":1816,"date":"2021-09-23T15:27:28","date_gmt":"2021-09-23T18:27:28","guid":{"rendered":"https:\/\/sites.usp.br\/lot\/?page_id=1816"},"modified":"2021-09-29T00:31:38","modified_gmt":"2021-09-29T03:31:38","slug":"certificados_premiacao_2021","status":"publish","type":"page","link":"https:\/\/sites.usp.br\/lot\/certificados_premiacao_2021\/","title":{"rendered":"Certificados de Premia\u00e7\u00e3o"},"content":{"rendered":"<ul>\n<li><a href=\"https:\/\/sites.usp.br\/lot\/wp-content\/uploads\/sites\/255\/2021\/09\/113.pdf\" target=\"_blank\" rel=\"noopener\">Fernanda G. Barbosa<\/a><\/li>\n<li><a href=\"https:\/\/sites.usp.br\/lot\/wp-content\/uploads\/sites\/255\/2021\/09\/110.pdf\" target=\"_blank\" rel=\"noopener\">Tha\u00eds Falc\u00e3o<\/a><\/li>\n<li><a href=\"https:\/\/sites.usp.br\/lot\/wp-content\/uploads\/sites\/255\/2021\/09\/112.pdf\" target=\"_blank\" rel=\"noopener\">Th\u00e9rcia R. Balbino<\/a><\/li>\n<li><a href=\"https:\/\/sites.usp.br\/lot\/wp-content\/uploads\/sites\/255\/2021\/09\/111.pdf\" target=\"_blank\" rel=\"noopener\">Wilian F. Marcondes<\/a><\/li>\n<\/ul>\n","protected":false},"excerpt":{"rendered":"<p>Fernanda G. Barbosa Tha\u00eds Falc\u00e3o Th\u00e9rcia R. Balbino Wilian F. Marcondes<\/p>\n","protected":false},"author":492,"featured_media":0,"parent":0,"menu_order":0,"comment_status":"closed","ping_status":"closed","template":"","meta":{"footnotes":"","_links_to":"","_links_to_target":""},"class_list":["post-1816","page","type-page","status-publish","hentry"],"_links":{"self":[{"href":"https:\/\/sites.usp.br\/lot\/wp-json\/wp\/v2\/pages\/1816","targetHints":{"allow":["GET"]}}],"collection":[{"href":"https:\/\/sites.usp.br\/lot\/wp-json\/wp\/v2\/pages"}],"about":[{"href":"https:\/\/sites.usp.br\/lot\/wp-json\/wp\/v2\/types\/page"}],"author":[{"embeddable":true,"href":"https:\/\/sites.usp.br\/lot\/wp-json\/wp\/v2\/users\/492"}],"replies":[{"embeddable":true,"href":"https:\/\/sites.usp.br\/lot\/wp-json\/wp\/v2\/comments?post=1816"}],"version-history":[{"count":2,"href":"https:\/\/sites.usp.br\/lot\/wp-json\/wp\/v2\/pages\/1816\/revisions"}],"predecessor-version":[{"id":2077,"href":"https:\/\/sites.usp.br\/lot\/wp-json\/wp\/v2\/pages\/1816\/revisions\/2077"}],"wp:attachment":[{"href":"https:\/\/sites.usp.br\/lot\/wp-json\/wp\/v2\/media?parent=1816"}],"curies":[{"name":"wp","href":"https:\/\/api.w.org\/{rel}","templated":true}]}}