{"id":1819,"date":"2021-09-23T15:34:50","date_gmt":"2021-09-23T18:34:50","guid":{"rendered":"https:\/\/sites.usp.br\/lot\/?page_id=1819"},"modified":"2021-09-29T00:29:02","modified_gmt":"2021-09-29T03:29:02","slug":"certificados_avaliacaodetrabalhos_2021","status":"publish","type":"page","link":"https:\/\/sites.usp.br\/lot\/certificados_avaliacaodetrabalhos_2021\/","title":{"rendered":"Certificados de Avalia\u00e7\u00e3o de Trabalhos"},"content":{"rendered":"<ul>\n<li><a href=\"https:\/\/sites.usp.br\/lot\/wp-content\/uploads\/sites\/255\/2021\/09\/106.pdf\" target=\"_blank\" rel=\"noopener\">Ana Karine Furtado de Carvalho<\/a><\/li>\n<li><a href=\"https:\/\/sites.usp.br\/lot\/wp-content\/uploads\/sites\/255\/2021\/09\/102.pdf\" target=\"_blank\" rel=\"noopener\">Andr\u00e9 Lu\u00eds Ferraz<\/a><\/li>\n<li><a href=\"https:\/\/sites.usp.br\/lot\/wp-content\/uploads\/sites\/255\/2021\/09\/104.pdf\" target=\"_blank\" rel=\"noopener\">Anuj Kumar<\/a><\/li>\n<li><a href=\"https:\/\/sites.usp.br\/lot\/wp-content\/uploads\/sites\/255\/2021\/09\/101.pdf\" target=\"_blank\" rel=\"noopener\">Arnaldo M\u00e1rcio Ramalho Prata<\/a><\/li>\n<li><a href=\"https:\/\/sites.usp.br\/lot\/wp-content\/uploads\/sites\/255\/2021\/09\/105.pdf\" target=\"_blank\" rel=\"noopener\">Camila Pereira de Carvalho<\/a><\/li>\n<li><a href=\"https:\/\/sites.usp.br\/lot\/wp-content\/uploads\/sites\/255\/2021\/09\/108.pdf\" target=\"_blank\" rel=\"noopener\">Daylin Rubio Ribeaux<\/a><\/li>\n<li><a href=\"https:\/\/sites.usp.br\/lot\/wp-content\/uploads\/sites\/255\/2021\/09\/109.pdf\" target=\"_blank\" rel=\"noopener\">F\u00e1bia Guimar\u00e3es<\/a><\/li>\n<li><a href=\"https:\/\/sites.usp.br\/lot\/wp-content\/uploads\/sites\/255\/2021\/09\/103.pdf\" target=\"_blank\" rel=\"noopener\">Felipe Antunes<\/a><\/li>\n<li><a href=\"https:\/\/sites.usp.br\/lot\/wp-content\/uploads\/sites\/255\/2021\/09\/100.pdf\" target=\"_blank\" rel=\"noopener\">In\u00eas Concei\u00e7\u00e3o Roberto<\/a><\/li>\n<li><a href=\"https:\/\/sites.usp.br\/lot\/wp-content\/uploads\/sites\/255\/2021\/09\/97.pdf\" target=\"_blank\" rel=\"noopener\">Ismael Maciel de Mancilha<\/a><\/li>\n<li><a href=\"https:\/\/sites.usp.br\/lot\/wp-content\/uploads\/sites\/255\/2021\/09\/96.pdf\" target=\"_blank\" rel=\"noopener\">J\u00falio C\u00e9sar dos Santos<\/a><\/li>\n<li><a href=\"https:\/\/sites.usp.br\/lot\/wp-content\/uploads\/sites\/255\/2021\/09\/95.pdf\" target=\"_blank\" rel=\"noopener\">Liana Alvares Rodrigues<\/a><\/li>\n<li><a href=\"https:\/\/sites.usp.br\/lot\/wp-content\/uploads\/sites\/255\/2021\/09\/98.pdf\" target=\"_blank\" rel=\"noopener\">Rita de C\u00e1ssia Lacerda Brambilla Rodrigues<\/a><\/li>\n<li><a href=\"https:\/\/sites.usp.br\/lot\/wp-content\/uploads\/sites\/255\/2021\/09\/107.pdf\" target=\"_blank\" rel=\"noopener\">Tatiane Tobias da Cruz<\/a><\/li>\n<li><a href=\"https:\/\/sites.usp.br\/lot\/wp-content\/uploads\/sites\/255\/2021\/09\/99.pdf\" target=\"_blank\" rel=\"noopener\">Walter de Carvalho<\/a><\/li>\n<\/ul>\n","protected":false},"excerpt":{"rendered":"<p>Ana Karine Furtado de Carvalho Andr\u00e9 Lu\u00eds Ferraz Anuj Kumar Arnaldo M\u00e1rcio Ramalho Prata Camila [&hellip;]<\/p>\n","protected":false},"author":492,"featured_media":0,"parent":0,"menu_order":0,"comment_status":"closed","ping_status":"closed","template":"","meta":{"footnotes":"","_links_to":"","_links_to_target":""},"class_list":["post-1819","page","type-page","status-publish","hentry"],"_links":{"self":[{"href":"https:\/\/sites.usp.br\/lot\/wp-json\/wp\/v2\/pages\/1819","targetHints":{"allow":["GET"]}}],"collection":[{"href":"https:\/\/sites.usp.br\/lot\/wp-json\/wp\/v2\/pages"}],"about":[{"href":"https:\/\/sites.usp.br\/lot\/wp-json\/wp\/v2\/types\/page"}],"author":[{"embeddable":true,"href":"https:\/\/sites.usp.br\/lot\/wp-json\/wp\/v2\/users\/492"}],"replies":[{"embeddable":true,"href":"https:\/\/sites.usp.br\/lot\/wp-json\/wp\/v2\/comments?post=1819"}],"version-history":[{"count":3,"href":"https:\/\/sites.usp.br\/lot\/wp-json\/wp\/v2\/pages\/1819\/revisions"}],"predecessor-version":[{"id":2076,"href":"https:\/\/sites.usp.br\/lot\/wp-json\/wp\/v2\/pages\/1819\/revisions\/2076"}],"wp:attachment":[{"href":"https:\/\/sites.usp.br\/lot\/wp-json\/wp\/v2\/media?parent=1819"}],"curies":[{"name":"wp","href":"https:\/\/api.w.org\/{rel}","templated":true}]}}