{"id":1823,"date":"2021-09-23T15:41:10","date_gmt":"2021-09-23T18:41:10","guid":{"rendered":"https:\/\/sites.usp.br\/lot\/?page_id=1823"},"modified":"2021-09-29T00:18:53","modified_gmt":"2021-09-29T03:18:53","slug":"certificados_apresentacaodeposter_2021","status":"publish","type":"page","link":"https:\/\/sites.usp.br\/lot\/en\/certificados_apresentacaodeposter_2021\/","title":{"rendered":"Certificados de Apresenta\u00e7\u00e3o de P\u00f4ster"},"content":{"rendered":"<ul>\n<li><a href=\"https:\/\/sites.usp.br\/lot\/wp-content\/uploads\/sites\/255\/2021\/09\/85.pdf\" target=\"_blank\" rel=\"noopener\">Aline Larissa Gon\u00e7alves<\/a><\/li>\n<li><a href=\"https:\/\/sites.usp.br\/lot\/wp-content\/uploads\/sites\/255\/2021\/09\/84.pdf\" target=\"_blank\" rel=\"noopener\">Ana L. R. F. Saraiva<\/a><\/li>\n<li><a href=\"https:\/\/sites.usp.br\/lot\/wp-content\/uploads\/sites\/255\/2021\/09\/77.pdf\" target=\"_blank\" rel=\"noopener\">Braz S. Marotti<\/a><\/li>\n<li><a href=\"https:\/\/sites.usp.br\/lot\/wp-content\/uploads\/sites\/255\/2021\/09\/86.pdf\" target=\"_blank\" rel=\"noopener\">Carina A. Prado<\/a><\/li>\n<li><a href=\"https:\/\/sites.usp.br\/lot\/wp-content\/uploads\/sites\/255\/2021\/09\/78.pdf\" target=\"_blank\" rel=\"noopener\">Erick D\u00edaz-Ruiz<\/a><\/li>\n<li><a href=\"https:\/\/sites.usp.br\/lot\/wp-content\/uploads\/sites\/255\/2021\/09\/80.pdf\" target=\"_blank\" rel=\"noopener\">Fernanda G. Barbosa<\/a><\/li>\n<li><a href=\"https:\/\/sites.usp.br\/lot\/wp-content\/uploads\/sites\/255\/2021\/09\/83.pdf\" target=\"_blank\" rel=\"noopener\">Gabriel L. Arruda<\/a><\/li>\n<li><a href=\"https:\/\/sites.usp.br\/lot\/wp-content\/uploads\/sites\/255\/2021\/09\/87.pdf\" target=\"_blank\" rel=\"noopener\">Layde T. Carvalho<\/a><\/li>\n<li><a href=\"https:\/\/sites.usp.br\/lot\/wp-content\/uploads\/sites\/255\/2021\/09\/81.pdf\" target=\"_blank\" rel=\"noopener\">Maria Jose Alonso<\/a><\/li>\n<li><a href=\"https:\/\/sites.usp.br\/lot\/wp-content\/uploads\/sites\/255\/2021\/09\/82.pdf\" target=\"_blank\" rel=\"noopener\">Salvador S\u00e1nchez-Mu\u00f1oz<\/a><\/li>\n<li><a href=\"https:\/\/sites.usp.br\/lot\/wp-content\/uploads\/sites\/255\/2021\/09\/79.pdf\" target=\"_blank\" rel=\"noopener\">Th\u00e9rcia R. Balbino<\/a><\/li>\n<\/ul>\n","protected":false},"excerpt":{"rendered":"<p>Aline Larissa Gon\u00e7alves Ana L. R. F. Saraiva Braz S. Marotti Carina A. Prado Erick [&hellip;]<\/p>\n","protected":false},"author":492,"featured_media":0,"parent":0,"menu_order":0,"comment_status":"closed","ping_status":"closed","template":"","meta":{"footnotes":"","_links_to":"","_links_to_target":""},"class_list":["post-1823","page","type-page","status-publish","hentry"],"_links":{"self":[{"href":"https:\/\/sites.usp.br\/lot\/en\/wp-json\/wp\/v2\/pages\/1823","targetHints":{"allow":["GET"]}}],"collection":[{"href":"https:\/\/sites.usp.br\/lot\/en\/wp-json\/wp\/v2\/pages"}],"about":[{"href":"https:\/\/sites.usp.br\/lot\/en\/wp-json\/wp\/v2\/types\/page"}],"author":[{"embeddable":true,"href":"https:\/\/sites.usp.br\/lot\/en\/wp-json\/wp\/v2\/users\/492"}],"replies":[{"embeddable":true,"href":"https:\/\/sites.usp.br\/lot\/en\/wp-json\/wp\/v2\/comments?post=1823"}],"version-history":[{"count":4,"href":"https:\/\/sites.usp.br\/lot\/en\/wp-json\/wp\/v2\/pages\/1823\/revisions"}],"predecessor-version":[{"id":2073,"href":"https:\/\/sites.usp.br\/lot\/en\/wp-json\/wp\/v2\/pages\/1823\/revisions\/2073"}],"wp:attachment":[{"href":"https:\/\/sites.usp.br\/lot\/en\/wp-json\/wp\/v2\/media?parent=1823"}],"curies":[{"name":"wp","href":"https:\/\/api.w.org\/{rel}","templated":true}]}}