{"id":1829,"date":"2021-09-24T12:28:48","date_gmt":"2021-09-24T15:28:48","guid":{"rendered":"https:\/\/sites.usp.br\/lot\/?page_id=1829"},"modified":"2021-09-29T00:36:30","modified_gmt":"2021-09-29T03:36:30","slug":"certificados_participacao_2021","status":"publish","type":"page","link":"https:\/\/sites.usp.br\/lot\/en\/certificados_participacao_2021\/","title":{"rendered":"Certificados de Participa\u00e7\u00e3o"},"content":{"rendered":"<ul>\n<li><a href=\"https:\/\/sites.usp.br\/lot\/wp-content\/uploads\/sites\/255\/2021\/09\/34.pdf\" target=\"_blank\" rel=\"noopener\">Adriana Moraes Rodrigues Dom\u00eanico<\/a><\/li>\n<li><a href=\"https:\/\/sites.usp.br\/lot\/wp-content\/uploads\/sites\/255\/2021\/09\/38.pdf\" target=\"_blank\" rel=\"noopener\">\u00c1lvaro Henrique Mello Jos\u00e9<\/a><\/li>\n<li><a href=\"https:\/\/sites.usp.br\/lot\/wp-content\/uploads\/sites\/255\/2021\/09\/46.pdf\" target=\"_blank\" rel=\"noopener\">Ana Carolina Silva<\/a><\/li>\n<li><a href=\"https:\/\/sites.usp.br\/lot\/wp-content\/uploads\/sites\/255\/2021\/09\/73.pdf\" target=\"_blank\" rel=\"noopener\">Ana L. R. F. Saraiva<\/a><\/li>\n<li><a href=\"https:\/\/sites.usp.br\/lot\/wp-content\/uploads\/sites\/255\/2021\/09\/74.pdf\" target=\"_blank\" rel=\"noopener\">Ana Larissa Gon\u00e7alves<\/a><\/li>\n<li><a href=\"https:\/\/sites.usp.br\/lot\/wp-content\/uploads\/sites\/255\/2021\/09\/40.pdf\" target=\"_blank\" rel=\"noopener\">Andr\u00e9 Jos\u00e9 Fernandes<\/a><\/li>\n<li><a href=\"https:\/\/sites.usp.br\/lot\/wp-content\/uploads\/sites\/255\/2021\/09\/19.pdf\" target=\"_blank\" rel=\"noopener\">Ang\u00e9lica Aparecida de Toledo<\/a><\/li>\n<li><a href=\"https:\/\/sites.usp.br\/lot\/wp-content\/uploads\/sites\/255\/2021\/09\/26.pdf\" target=\"_blank\" rel=\"noopener\">Any Caroline Pantale\u00e3o Bueno<\/a><\/li>\n<li><a href=\"https:\/\/sites.usp.br\/lot\/wp-content\/uploads\/sites\/255\/2021\/09\/29.pdf\" target=\"_blank\" rel=\"noopener\">Awana da Silva Lima<\/a><\/li>\n<li><a href=\"https:\/\/sites.usp.br\/lot\/wp-content\/uploads\/sites\/255\/2021\/09\/59.pdf\" target=\"_blank\" rel=\"noopener\">Bianca Oliva<\/a><\/li>\n<li><a href=\"https:\/\/sites.usp.br\/lot\/wp-content\/uploads\/sites\/255\/2021\/09\/1.pdf\" target=\"_blank\" rel=\"noopener\">Bianca Rauber<\/a><\/li>\n<li><a href=\"https:\/\/sites.usp.br\/lot\/wp-content\/uploads\/sites\/255\/2021\/09\/68.pdf\" target=\"_blank\" rel=\"noopener\">Braz S. Marotti<\/a><\/li>\n<li><a href=\"https:\/\/sites.usp.br\/lot\/wp-content\/uploads\/sites\/255\/2021\/09\/36.pdf\" target=\"_blank\" rel=\"noopener\">Camila Gon\u00e7alves Garcia<\/a><\/li>\n<li><a href=\"https:\/\/sites.usp.br\/lot\/wp-content\/uploads\/sites\/255\/2021\/09\/75.pdf\" target=\"_blank\" rel=\"noopener\">Carina A. Prado<\/a><\/li>\n<li><a href=\"https:\/\/sites.usp.br\/lot\/wp-content\/uploads\/sites\/255\/2021\/09\/30.pdf\" target=\"_blank\" rel=\"noopener\">Catherina Salzano Chalela<\/a><\/li>\n<li><a href=\"https:\/\/sites.usp.br\/lot\/wp-content\/uploads\/sites\/255\/2021\/09\/27.pdf\" target=\"_blank\" rel=\"noopener\">Cec\u00edlia Costa Fagundes<\/a><\/li>\n<li><a href=\"https:\/\/sites.usp.br\/lot\/wp-content\/uploads\/sites\/255\/2021\/09\/9.pdf\" target=\"_blank\" rel=\"noopener\">Cibele Zolnier Sousa do Nascimento<\/a><\/li>\n<li><a href=\"https:\/\/sites.usp.br\/lot\/wp-content\/uploads\/sites\/255\/2021\/09\/49.pdf\" target=\"_blank\" rel=\"noopener\">Diana Laura Alva S\u00e1nchez<\/a><\/li>\n<li><a href=\"https:\/\/sites.usp.br\/lot\/wp-content\/uploads\/sites\/255\/2021\/09\/63.pdf\" target=\"_blank\" rel=\"noopener\">Edith Mier-Alba<\/a><\/li>\n<li><a href=\"https:\/\/sites.usp.br\/lot\/wp-content\/uploads\/sites\/255\/2021\/09\/17.pdf\" target=\"_blank\" rel=\"noopener\">\u00c9lida Camila Perusso Pereira Dias<\/a><\/li>\n<li><a href=\"https:\/\/sites.usp.br\/lot\/wp-content\/uploads\/sites\/255\/2021\/09\/67.pdf\" target=\"_blank\" rel=\"noopener\">Erich D\u00edaz-Ruiz<\/a><\/li>\n<li><a href=\"https:\/\/sites.usp.br\/lot\/wp-content\/uploads\/sites\/255\/2021\/09\/12.pdf\" target=\"_blank\" rel=\"noopener\">F\u00e1bio J. Rodrigues<\/a><\/li>\n<li><a href=\"https:\/\/sites.usp.br\/lot\/wp-content\/uploads\/sites\/255\/2021\/09\/5.pdf\" target=\"_blank\" rel=\"noopener\">Fanny Machado Jofre<\/a><\/li>\n<li><a href=\"https:\/\/sites.usp.br\/lot\/wp-content\/uploads\/sites\/255\/2021\/09\/65.pdf\" target=\"_blank\" rel=\"noopener\">Fernanda G. Barbosa<\/a><\/li>\n<li><a href=\"https:\/\/sites.usp.br\/lot\/wp-content\/uploads\/sites\/255\/2021\/09\/50.pdf\" target=\"_blank\" rel=\"noopener\">Fernanda Weber Bordini<\/a><\/li>\n<li><a href=\"https:\/\/sites.usp.br\/lot\/wp-content\/uploads\/sites\/255\/2021\/09\/21.pdf\" target=\"_blank\" rel=\"noopener\">Fernando Segato<\/a><\/li>\n<li><a href=\"https:\/\/sites.usp.br\/lot\/wp-content\/uploads\/sites\/255\/2021\/09\/48.pdf\" target=\"_blank\" rel=\"noopener\">Fernando Tonet de Pier<\/a><\/li>\n<li><a href=\"https:\/\/sites.usp.br\/lot\/wp-content\/uploads\/sites\/255\/2021\/09\/72.pdf\" target=\"_blank\" rel=\"noopener\">Gabriel L. Arruda<\/a><\/li>\n<li><a href=\"https:\/\/sites.usp.br\/lot\/wp-content\/uploads\/sites\/255\/2021\/09\/35.pdf\" target=\"_blank\" rel=\"noopener\">Gabriel Victor Pereira Rosa<\/a><\/li>\n<li><a href=\"https:\/\/sites.usp.br\/lot\/wp-content\/uploads\/sites\/255\/2021\/09\/20.pdf\" target=\"_blank\" rel=\"noopener\">Gabriela Alegre<\/a><\/li>\n<li><a href=\"https:\/\/sites.usp.br\/lot\/wp-content\/uploads\/sites\/255\/2021\/09\/51.pdf\" target=\"_blank\" rel=\"noopener\">Gabriela de Oliveira Silva<\/a><\/li>\n<li><a href=\"https:\/\/sites.usp.br\/lot\/wp-content\/uploads\/sites\/255\/2021\/09\/28.pdf\" target=\"_blank\" rel=\"noopener\">Gabriela Guimar\u00e3es Carvalho<\/a><\/li>\n<li><a href=\"https:\/\/sites.usp.br\/lot\/wp-content\/uploads\/sites\/255\/2021\/09\/44.pdf\" target=\"_blank\" rel=\"noopener\">Ikaro Tessaro<\/a><\/li>\n<li><a href=\"https:\/\/sites.usp.br\/lot\/wp-content\/uploads\/sites\/255\/2021\/09\/69.pdf\" target=\"_blank\" rel=\"noopener\">Isabella K. R. Dias<\/a><\/li>\n<li><a href=\"https:\/\/sites.usp.br\/lot\/wp-content\/uploads\/sites\/255\/2021\/09\/2.pdf\" target=\"_blank\" rel=\"noopener\">Italo de Andrade Bianchini<\/a><\/li>\n<li><a href=\"https:\/\/sites.usp.br\/lot\/wp-content\/uploads\/sites\/255\/2021\/09\/13.pdf\" target=\"_blank\" rel=\"noopener\">Jaqueline Milagres de Almeida<\/a><\/li>\n<li><a href=\"https:\/\/sites.usp.br\/lot\/wp-content\/uploads\/sites\/255\/2021\/09\/18.pdf\" target=\"_blank\" rel=\"noopener\">Jo\u00e3o Victor Piloto<\/a><\/li>\n<li><a href=\"https:\/\/sites.usp.br\/lot\/wp-content\/uploads\/sites\/255\/2021\/09\/23.pdf\" target=\"_blank\" rel=\"noopener\">John Oluwafemi Teibo<\/a><\/li>\n<li><a href=\"https:\/\/sites.usp.br\/lot\/wp-content\/uploads\/sites\/255\/2021\/09\/57.pdf\" target=\"_blank\" rel=\"noopener\">Josman Andrey Velasco Mendoza<\/a><\/li>\n<li><a href=\"https:\/\/sites.usp.br\/lot\/wp-content\/uploads\/sites\/255\/2021\/09\/37.pdf\" target=\"_blank\" rel=\"noopener\">Julio Antonio Conti Silva<\/a><\/li>\n<li><a href=\"https:\/\/sites.usp.br\/lot\/wp-content\/uploads\/sites\/255\/2021\/09\/47.pdf\" target=\"_blank\" rel=\"noopener\">Larissa Barbosa Marques<\/a><\/li>\n<li><a href=\"https:\/\/sites.usp.br\/lot\/wp-content\/uploads\/sites\/255\/2021\/09\/15.pdf\" target=\"_blank\" rel=\"noopener\">Larissa Castro Ampese<\/a><\/li>\n<li><a href=\"https:\/\/sites.usp.br\/lot\/wp-content\/uploads\/sites\/255\/2021\/09\/10.pdf\" target=\"_blank\" rel=\"noopener\">Larissa Maria Ferreira Adolfo<\/a><\/li>\n<li><a href=\"https:\/\/sites.usp.br\/lot\/wp-content\/uploads\/sites\/255\/2021\/09\/70.pdf\" target=\"_blank\" rel=\"noopener\">Layde T. Carvalho<\/a><\/li>\n<li><a href=\"https:\/\/sites.usp.br\/lot\/wp-content\/uploads\/sites\/255\/2021\/09\/8.pdf\" target=\"_blank\" rel=\"noopener\">Layse Lima de Araujo Souza<\/a><\/li>\n<li><a href=\"https:\/\/sites.usp.br\/lot\/wp-content\/uploads\/sites\/255\/2021\/09\/54.pdf\" target=\"_blank\" rel=\"noopener\">Leidy Patricia Quintero Mora<\/a><\/li>\n<li><a href=\"https:\/\/sites.usp.br\/lot\/wp-content\/uploads\/sites\/255\/2021\/09\/11.pdf\" target=\"_blank\" rel=\"noopener\">Lenise Cristina Battistelli<\/a><\/li>\n<li><a href=\"https:\/\/sites.usp.br\/lot\/wp-content\/uploads\/sites\/255\/2021\/09\/45.pdf\" target=\"_blank\" rel=\"noopener\">Luan Moreira Grilo<\/a><\/li>\n<li><a href=\"https:\/\/sites.usp.br\/lot\/wp-content\/uploads\/sites\/255\/2021\/09\/32.pdf\" target=\"_blank\" rel=\"noopener\">Luiz Bravo Zamudio<\/a><\/li>\n<li><a href=\"https:\/\/sites.usp.br\/lot\/wp-content\/uploads\/sites\/255\/2021\/09\/7.pdf\" target=\"_blank\" rel=\"noopener\">Marcelo Holanda Vasconcelos<\/a><\/li>\n<li><a href=\"https:\/\/sites.usp.br\/lot\/wp-content\/uploads\/sites\/255\/2021\/09\/33.pdf\" target=\"_blank\" rel=\"noopener\">Maria de Lourdes Teixeira de Moraes Polizeli<\/a><\/li>\n<li><a href=\"https:\/\/sites.usp.br\/lot\/wp-content\/uploads\/sites\/255\/2021\/09\/64.pdf\" target=\"_blank\" rel=\"noopener\">Maria Jose C. Alonso<\/a><\/li>\n<li><a href=\"https:\/\/sites.usp.br\/lot\/wp-content\/uploads\/sites\/255\/2021\/09\/4.pdf\" target=\"_blank\" rel=\"noopener\">Marina Stephanie Silv\u00e9rio Rodrigues<\/a><\/li>\n<li><a href=\"https:\/\/sites.usp.br\/lot\/wp-content\/uploads\/sites\/255\/2021\/09\/39.pdf\" target=\"_blank\" rel=\"noopener\">M\u00f3nica Mar\u00eda Cruz Santos<\/a><\/li>\n<li><a href=\"https:\/\/sites.usp.br\/lot\/wp-content\/uploads\/sites\/255\/2021\/09\/25.pdf\" target=\"_blank\" rel=\"noopener\">Nathalia Reges Pinheiro<\/a><\/li>\n<li><a href=\"https:\/\/sites.usp.br\/lot\/wp-content\/uploads\/sites\/255\/2021\/09\/62.pdf\" target=\"_blank\" rel=\"noopener\">Otto Heinz<\/a><\/li>\n<li><a href=\"https:\/\/sites.usp.br\/lot\/wp-content\/uploads\/sites\/255\/2021\/09\/14.pdf\" target=\"_blank\" rel=\"noopener\">Paula Macedo Cunha<\/a><\/li>\n<li><a href=\"https:\/\/sites.usp.br\/lot\/wp-content\/uploads\/sites\/255\/2021\/09\/24.pdf\" target=\"_blank\" rel=\"noopener\">Raimundo Pereira da Silva<\/a><\/li>\n<li><a href=\"https:\/\/sites.usp.br\/lot\/wp-content\/uploads\/sites\/255\/2021\/09\/71.pdf\" target=\"_blank\" rel=\"noopener\">Salvador S\u00e1nchez-Mu\u00f1oz<\/a><\/li>\n<li><a href=\"https:\/\/sites.usp.br\/lot\/wp-content\/uploads\/sites\/255\/2021\/09\/16.pdf\" target=\"_blank\" rel=\"noopener\">Sarah Souza Queiroz<\/a><\/li>\n<li><a href=\"https:\/\/sites.usp.br\/lot\/wp-content\/uploads\/sites\/255\/2021\/09\/55.pdf\" target=\"_blank\" rel=\"noopener\">Solange Barrios<\/a><\/li>\n<li><a href=\"https:\/\/sites.usp.br\/lot\/wp-content\/uploads\/sites\/255\/2021\/09\/52.pdf\" target=\"_blank\" rel=\"noopener\">Stephanie Cust\u00f3dio In\u00e1cio<\/a><\/li>\n<li><a href=\"https:\/\/sites.usp.br\/lot\/wp-content\/uploads\/sites\/255\/2021\/09\/53.pdf\" target=\"_blank\" rel=\"noopener\">Talita M. Lacerda<\/a><\/li>\n<li><a href=\"https:\/\/sites.usp.br\/lot\/wp-content\/uploads\/sites\/255\/2021\/09\/6.pdf\" target=\"_blank\" rel=\"noopener\">Tatiane da Silva Boaes<\/a><\/li>\n<li><a href=\"https:\/\/sites.usp.br\/lot\/wp-content\/uploads\/sites\/255\/2021\/09\/56.pdf\" target=\"_blank\" rel=\"noopener\">Tha\u00eds Castilho de Arruda Falc\u00e3o<\/a><\/li>\n<li><a href=\"https:\/\/sites.usp.br\/lot\/wp-content\/uploads\/sites\/255\/2021\/09\/66.pdf\" target=\"_blank\" rel=\"noopener\">Th\u00e9rcia R. Balbino<\/a><\/li>\n<li><a href=\"https:\/\/sites.usp.br\/lot\/wp-content\/uploads\/sites\/255\/2021\/09\/42.pdf\" target=\"_blank\" rel=\"noopener\">Thiago Antonio Vieira<\/a><\/li>\n<li><a href=\"https:\/\/sites.usp.br\/lot\/wp-content\/uploads\/sites\/255\/2021\/09\/58.pdf\" target=\"_blank\" rel=\"noopener\">Thiago Moura Rocha<\/a><\/li>\n<li><a href=\"https:\/\/sites.usp.br\/lot\/wp-content\/uploads\/sites\/255\/2021\/09\/61.pdf\" target=\"_blank\" rel=\"noopener\">Uiraj\u00e1 C. M. Ruschoni<\/a><\/li>\n<li><a href=\"https:\/\/sites.usp.br\/lot\/wp-content\/uploads\/sites\/255\/2021\/09\/3.pdf\" target=\"_blank\" rel=\"noopener\">Valdeir Arantes<\/a><\/li>\n<li><a href=\"https:\/\/sites.usp.br\/lot\/wp-content\/uploads\/sites\/255\/2021\/09\/43.pdf\" target=\"_blank\" rel=\"noopener\">Vanessa Oliva Leite Marques Pereira<\/a><\/li>\n<li><a href=\"https:\/\/sites.usp.br\/lot\/wp-content\/uploads\/sites\/255\/2021\/09\/41.pdf\" target=\"_blank\" rel=\"noopener\">Ver\u00f4nica T\u00e1villa Ferreira Silva<\/a><\/li>\n<li><a href=\"https:\/\/sites.usp.br\/lot\/wp-content\/uploads\/sites\/255\/2021\/09\/31.pdf\" target=\"_blank\" rel=\"noopener\">Vinicius Alencar Zanetti<\/a><\/li>\n<li><a href=\"https:\/\/sites.usp.br\/lot\/wp-content\/uploads\/sites\/255\/2021\/09\/76.pdf\" target=\"_blank\" rel=\"noopener\">Wilian Marcondes<\/a><\/li>\n<li><a href=\"https:\/\/sites.usp.br\/lot\/wp-content\/uploads\/sites\/255\/2021\/09\/60.pdf\" target=\"_blank\" rel=\"noopener\">William Vin\u00edcius de Mello Mira<\/a><\/li>\n<\/ul>\n","protected":false},"excerpt":{"rendered":"<p>Adriana Moraes Rodrigues Dom\u00eanico \u00c1lvaro Henrique Mello Jos\u00e9 Ana Carolina Silva Ana L. R. F. [&hellip;]<\/p>\n","protected":false},"author":492,"featured_media":0,"parent":0,"menu_order":0,"comment_status":"closed","ping_status":"closed","template":"","meta":{"footnotes":"","_links_to":"","_links_to_target":""},"class_list":["post-1829","page","type-page","status-publish","hentry"],"_links":{"self":[{"href":"https:\/\/sites.usp.br\/lot\/en\/wp-json\/wp\/v2\/pages\/1829","targetHints":{"allow":["GET"]}}],"collection":[{"href":"https:\/\/sites.usp.br\/lot\/en\/wp-json\/wp\/v2\/pages"}],"about":[{"href":"https:\/\/sites.usp.br\/lot\/en\/wp-json\/wp\/v2\/types\/page"}],"author":[{"embeddable":true,"href":"https:\/\/sites.usp.br\/lot\/en\/wp-json\/wp\/v2\/users\/492"}],"replies":[{"embeddable":true,"href":"https:\/\/sites.usp.br\/lot\/en\/wp-json\/wp\/v2\/comments?post=1829"}],"version-history":[{"count":4,"href":"https:\/\/sites.usp.br\/lot\/en\/wp-json\/wp\/v2\/pages\/1829\/revisions"}],"predecessor-version":[{"id":2083,"href":"https:\/\/sites.usp.br\/lot\/en\/wp-json\/wp\/v2\/pages\/1829\/revisions\/2083"}],"wp:attachment":[{"href":"https:\/\/sites.usp.br\/lot\/en\/wp-json\/wp\/v2\/media?parent=1829"}],"curies":[{"name":"wp","href":"https:\/\/api.w.org\/{rel}","templated":true}]}}