{"id":2440,"date":"2023-04-17T15:06:09","date_gmt":"2023-04-17T18:06:09","guid":{"rendered":"https:\/\/sites.usp.br\/lot\/?page_id=2440"},"modified":"2023-04-17T15:06:09","modified_gmt":"2023-04-17T18:06:09","slug":"prof-andre-ferraz","status":"publish","type":"page","link":"https:\/\/sites.usp.br\/lot\/prof-andre-ferraz\/","title":{"rendered":"Prof. Andr\u00e9 Ferraz"},"content":{"rendered":"<p><\/p>\n<p style=\"text-align: justify;\">Bacharel em Qu\u00edmica (1987) e doutor em Ci\u00eancias (Qu\u00edmica org\u00e2nica) pela Universidade Estadual de Campinas (1991). P\u00f3s-doutorado na \u00e1rea de Qu\u00edmica da Madeira na Universidad de Concepci\u00f3n, Chile (1996). Livre-docente pela Escola de Engenharia de Lorena, USP (2010). Atualmente \u00e9 professor associado da Escola de Engenharia de Lorena \u2013 USP. Ocupou a fun\u00e7\u00e3o de Chefe do Departamento de Biotecnologia (per\u00edodos de 2011-\/2013 e 2013-2015). Foi coordenador do programa de p\u00f3s-gradua\u00e7\u00e3o em Biotecnologia Industrial da EEL\/USP nos per\u00edodos de 1992-1995 e posteriormente 1997-2001. Atualmente ocupa a fun\u00e7\u00e3o de Coordenador de P\u00f3s-gradua\u00e7\u00e3o do Programa de Biotecnologia Industrial (per\u00edodo 2015-2017). Atua como revisor de cerca de 20 diferentes peri\u00f3dicos, incluindo Industrial Crops And Products, Bioresource Technology, Biotechnology for Biofuels, BioEnergy Research, PLOSOne, Enzyme and Microbial Technology, Holzforschung, International Biodeterioration and Biodegradation, Energy and Fuels e Qu\u00edmica Nova. Tem atuado como membro de comit\u00eas cient\u00edficos de eventos nacionais e internacionais como Lignobiotech \u2013 Biotechnology Applied to Lignocelluloses desde 2012, International Symposium on Wood e Fiber and Pulping Chemistry entre 2003-2007 e 2016. Atualmente coordena o projeto tem\u00e1tico: Recalcitr\u00e2ncia da biomassa de cana-de-a\u00e7\u00facar: Fundamentos relacionados \u00e0 forma\u00e7\u00e3o da parede celular, ao pr\u00e9-tratamento e \u00e0 digest\u00e3o enzim\u00e1tica, aplicados no desenvolvimento de novos modelos de biorrefinarias (per\u00edodo de 2015-2019), financiado pela FAPESP. Tem experi\u00eancia na \u00e1rea de qu\u00edmica da madeira e outros materiais lignocelul\u00f3sicos, com \u00eanfase em biotecnologia, atuando principalmente nos seguintes temas: biodegrada\u00e7\u00e3o de madeira, biopolpa\u00e7\u00e3o, enzimas oxidativas, hidrol\u00edticas e seus sistemas biomim\u00e9ticos, topoquimica de c\u00e9lulas lignificadas e hidr\u00f3lise enzim\u00e1tica da biomassa lignificada.<\/p>\n<p><\/p>","protected":false},"excerpt":{"rendered":"<p>Bacharel em Qu\u00edmica (1987) e doutor em Ci\u00eancias (Qu\u00edmica org\u00e2nica) pela Universidade Estadual de Campinas [&hellip;]<\/p>\n","protected":false},"author":492,"featured_media":0,"parent":0,"menu_order":0,"comment_status":"closed","ping_status":"closed","template":"","meta":{"footnotes":"","_links_to":"","_links_to_target":""},"class_list":["post-2440","page","type-page","status-publish","hentry"],"_links":{"self":[{"href":"https:\/\/sites.usp.br\/lot\/wp-json\/wp\/v2\/pages\/2440","targetHints":{"allow":["GET"]}}],"collection":[{"href":"https:\/\/sites.usp.br\/lot\/wp-json\/wp\/v2\/pages"}],"about":[{"href":"https:\/\/sites.usp.br\/lot\/wp-json\/wp\/v2\/types\/page"}],"author":[{"embeddable":true,"href":"https:\/\/sites.usp.br\/lot\/wp-json\/wp\/v2\/users\/492"}],"replies":[{"embeddable":true,"href":"https:\/\/sites.usp.br\/lot\/wp-json\/wp\/v2\/comments?post=2440"}],"version-history":[{"count":1,"href":"https:\/\/sites.usp.br\/lot\/wp-json\/wp\/v2\/pages\/2440\/revisions"}],"predecessor-version":[{"id":2441,"href":"https:\/\/sites.usp.br\/lot\/wp-json\/wp\/v2\/pages\/2440\/revisions\/2441"}],"wp:attachment":[{"href":"https:\/\/sites.usp.br\/lot\/wp-json\/wp\/v2\/media?parent=2440"}],"curies":[{"name":"wp","href":"https:\/\/api.w.org\/{rel}","templated":true}]}}