{"id":2451,"date":"2023-04-18T12:21:46","date_gmt":"2023-04-18T15:21:46","guid":{"rendered":"https:\/\/sites.usp.br\/lot\/?page_id=2451"},"modified":"2023-04-18T12:21:46","modified_gmt":"2023-04-18T15:21:46","slug":"prof-arnaldo-marcio","status":"publish","type":"page","link":"https:\/\/sites.usp.br\/lot\/prof-arnaldo-marcio\/","title":{"rendered":"Prof. Arnaldo M\u00e1rcio"},"content":{"rendered":"<p><\/p>\n<p style=\"text-align: justify;\">Concluiu o doutorado em tecnologia bioqu\u00edmico farmac\u00eautica pela universidade de s\u00e3o paulo em 1997. Atualmente \u00e9 docente da escola de engenharia de lorena, da universidade de s\u00e3o paulo. Publicou 10 artigos em peri\u00f3dicos especializados e 55 trabalhos em anais de eventos. Possui 4 itens de produ\u00e7\u00e3o t\u00e9cnica. Nos \u00faltimos 9 anos participou de 5 eventos no exterior e 9 no brasil. Orientou 6 disserta\u00e7\u00f5es de mestrado e 4 teses de doutorado, al\u00e9m de ter orientado 9 trabalhos de inicia\u00e7\u00e3o cient\u00edfica nas \u00e1reas de microbiologia e engenharia qu\u00edmica. Recebeu 3 pr\u00eamios e\/ou homenagens. Atua na \u00e1rea de microbiologia, com \u00eanfase em microbiologia industrial e de fermentac\u00e3o. Em suas atividades profissionais interagiu com 39 colaboradores em co-autorias de trabalhos cient\u00edficos. Em seu curriculo lattes os termos mais frequentes na contextualiza\u00e7\u00e3o da produ\u00e7\u00e3o cient\u00edfica, tecnologica e art\u00edstico-cultural s\u00e3o: hidrolisado hemicelul\u00f3sico, xilose, klebsiella pneumoniae, candida guilliermondii, 2,3-butanodiol, res\u00edduos lignocelul\u00f3sicos, aspergillus niger, xilitol, \u00e1cido c\u00edtrico e res\u00edduos lignocelul\u00f3sicos.<\/p>\n<p><\/p>","protected":false},"excerpt":{"rendered":"<p>Concluiu o doutorado em tecnologia bioqu\u00edmico farmac\u00eautica pela universidade de s\u00e3o paulo em 1997. Atualmente [&hellip;]<\/p>\n","protected":false},"author":492,"featured_media":0,"parent":0,"menu_order":0,"comment_status":"closed","ping_status":"closed","template":"","meta":{"footnotes":"","_links_to":"","_links_to_target":""},"class_list":["post-2451","page","type-page","status-publish","hentry"],"_links":{"self":[{"href":"https:\/\/sites.usp.br\/lot\/wp-json\/wp\/v2\/pages\/2451","targetHints":{"allow":["GET"]}}],"collection":[{"href":"https:\/\/sites.usp.br\/lot\/wp-json\/wp\/v2\/pages"}],"about":[{"href":"https:\/\/sites.usp.br\/lot\/wp-json\/wp\/v2\/types\/page"}],"author":[{"embeddable":true,"href":"https:\/\/sites.usp.br\/lot\/wp-json\/wp\/v2\/users\/492"}],"replies":[{"embeddable":true,"href":"https:\/\/sites.usp.br\/lot\/wp-json\/wp\/v2\/comments?post=2451"}],"version-history":[{"count":1,"href":"https:\/\/sites.usp.br\/lot\/wp-json\/wp\/v2\/pages\/2451\/revisions"}],"predecessor-version":[{"id":2452,"href":"https:\/\/sites.usp.br\/lot\/wp-json\/wp\/v2\/pages\/2451\/revisions\/2452"}],"wp:attachment":[{"href":"https:\/\/sites.usp.br\/lot\/wp-json\/wp\/v2\/media?parent=2451"}],"curies":[{"name":"wp","href":"https:\/\/api.w.org\/{rel}","templated":true}]}}