{"id":2453,"date":"2023-04-18T12:22:50","date_gmt":"2023-04-18T15:22:50","guid":{"rendered":"https:\/\/sites.usp.br\/lot\/?page_id=2453"},"modified":"2023-04-18T12:22:50","modified_gmt":"2023-04-18T15:22:50","slug":"prof-elisson-romanel","status":"publish","type":"page","link":"https:\/\/sites.usp.br\/lot\/prof-elisson-romanel\/","title":{"rendered":"Prof. Elisson Romanel"},"content":{"rendered":"<p><\/p>\n<p style=\"text-align: justify;\">Graduado em Ci\u00eancias Biol\u00f3gicas pela Universidade Federal de Juiz de Fora (UFJF) (2004) desenvolvendo o trabalho de inicia\u00e7\u00e3o cient\u00edfica na \u00e1rea de citogen\u00e9tica vegetal. No intuito de compreender os mecanismos moleculares respons\u00e1veis pelo crescimento e desenvolvimento vegetal, fiz o mestrado (2006) na P\u00f3s-gradua\u00e7\u00e3o em Gen\u00e9tica pela Universidade Federal do Rio de Janeiro (UFRJ) no Laborat\u00f3rio de Gen\u00e9tica Molecular Vegetal (LGMV). Na mesma \u00e1rea, conclui o doutorado sandu\u00edche (2010) realizando parte do doutorado na \u00c9cole Normale Sup\u00e9rieure de Lyon (Fran\u00e7a) e pela University of Wisconsin-Madison (EUA) aumentando a bagagem te\u00f3rica e pr\u00e1tica em Gen\u00e9tica Molecular Vegetal. Atuei principalmente nos seguintes temas: bioinform\u00e1tica, an\u00e1lise filogen\u00e9tica, evolu\u00e7\u00e3o e desenvolvimento vegetal (Evo-Devo), gen\u00f4mica funcional da reprodu\u00e7\u00e3o vegetal, intera\u00e7\u00e3o planta-microorganismo, clonagem e express\u00e3o g\u00eanica. Atualmente, sou professor Doutor da Escola de Engenharia de Lorena-Universidade de S\u00e3o Paulo (EEL-USP) e venho investindo esfor\u00e7os na identifica\u00e7\u00e3o de genes da bioss\u00edntese da biomassa lignocelul\u00f3sica vegetal e flora\u00e7\u00e3o com vista a modificar a recalcitr\u00e2ncia da parede celular, aumentar a biomassa vegetal e identificar de genes marcadores de interesse biotecnol\u00f3gico.<\/p>\n<p><\/p>","protected":false},"excerpt":{"rendered":"<p>Graduado em Ci\u00eancias Biol\u00f3gicas pela Universidade Federal de Juiz de Fora (UFJF) (2004) desenvolvendo o [&hellip;]<\/p>\n","protected":false},"author":492,"featured_media":0,"parent":0,"menu_order":0,"comment_status":"closed","ping_status":"closed","template":"","meta":{"footnotes":"","_links_to":"","_links_to_target":""},"class_list":["post-2453","page","type-page","status-publish","hentry"],"_links":{"self":[{"href":"https:\/\/sites.usp.br\/lot\/wp-json\/wp\/v2\/pages\/2453","targetHints":{"allow":["GET"]}}],"collection":[{"href":"https:\/\/sites.usp.br\/lot\/wp-json\/wp\/v2\/pages"}],"about":[{"href":"https:\/\/sites.usp.br\/lot\/wp-json\/wp\/v2\/types\/page"}],"author":[{"embeddable":true,"href":"https:\/\/sites.usp.br\/lot\/wp-json\/wp\/v2\/users\/492"}],"replies":[{"embeddable":true,"href":"https:\/\/sites.usp.br\/lot\/wp-json\/wp\/v2\/comments?post=2453"}],"version-history":[{"count":1,"href":"https:\/\/sites.usp.br\/lot\/wp-json\/wp\/v2\/pages\/2453\/revisions"}],"predecessor-version":[{"id":2454,"href":"https:\/\/sites.usp.br\/lot\/wp-json\/wp\/v2\/pages\/2453\/revisions\/2454"}],"wp:attachment":[{"href":"https:\/\/sites.usp.br\/lot\/wp-json\/wp\/v2\/media?parent=2453"}],"curies":[{"name":"wp","href":"https:\/\/api.w.org\/{rel}","templated":true}]}}