{"id":2457,"date":"2023-04-20T11:01:16","date_gmt":"2023-04-20T14:01:16","guid":{"rendered":"https:\/\/sites.usp.br\/lot\/?page_id=2457"},"modified":"2023-04-20T11:01:16","modified_gmt":"2023-04-20T14:01:16","slug":"prof-fernando-segato","status":"publish","type":"page","link":"https:\/\/sites.usp.br\/lot\/prof-fernando-segato\/","title":{"rendered":"Prof. Fernando Segato"},"content":{"rendered":"<p><\/p>\n<p style=\"text-align: justify;\">Graduado em farm\u00e1cia e bioqu\u00edmica (2002), com doutorado em gen\u00e9tica e biologia molecular de microrganismos pela Universidade de S\u00e3o Paulo (2008) e p\u00f3s-doutorado em biotecnologia e desenvolvimento de sistemas de express\u00e3o pela Oklahoma State University, Estados Unidos, foi pesquisador na \u00e1rea de biotecnologia do Technical Research Center of Finland (VTT). Tem experi\u00eancia na \u00e1rea de Gen\u00e9tica, com \u00eanfase em Gen\u00e9tica Molecular e de Microorganismos, atuando principalmente nos seguintes temas: fungos filamentosos, express\u00e3o diferencial, express\u00e3o heter\u00f3loga, RNA de interefer\u00eancia, resist\u00eancia a drogas, prospec\u00e7\u00e3o e caracteriza\u00e7\u00e3o de enzimas, degrada\u00e7\u00e3o de materiais lignocelul\u00f3sicos, proteoma e transcritoma de organismos termof\u00edlicos.<\/p>\n<p><\/p>","protected":false},"excerpt":{"rendered":"<p>Graduado em farm\u00e1cia e bioqu\u00edmica (2002), com doutorado em gen\u00e9tica e biologia molecular de microrganismos [&hellip;]<\/p>\n","protected":false},"author":492,"featured_media":0,"parent":0,"menu_order":0,"comment_status":"closed","ping_status":"closed","template":"","meta":{"footnotes":"","_links_to":"","_links_to_target":""},"class_list":["post-2457","page","type-page","status-publish","hentry"],"_links":{"self":[{"href":"https:\/\/sites.usp.br\/lot\/wp-json\/wp\/v2\/pages\/2457","targetHints":{"allow":["GET"]}}],"collection":[{"href":"https:\/\/sites.usp.br\/lot\/wp-json\/wp\/v2\/pages"}],"about":[{"href":"https:\/\/sites.usp.br\/lot\/wp-json\/wp\/v2\/types\/page"}],"author":[{"embeddable":true,"href":"https:\/\/sites.usp.br\/lot\/wp-json\/wp\/v2\/users\/492"}],"replies":[{"embeddable":true,"href":"https:\/\/sites.usp.br\/lot\/wp-json\/wp\/v2\/comments?post=2457"}],"version-history":[{"count":1,"href":"https:\/\/sites.usp.br\/lot\/wp-json\/wp\/v2\/pages\/2457\/revisions"}],"predecessor-version":[{"id":2458,"href":"https:\/\/sites.usp.br\/lot\/wp-json\/wp\/v2\/pages\/2457\/revisions\/2458"}],"wp:attachment":[{"href":"https:\/\/sites.usp.br\/lot\/wp-json\/wp\/v2\/media?parent=2457"}],"curies":[{"name":"wp","href":"https:\/\/api.w.org\/{rel}","templated":true}]}}