{"id":2459,"date":"2023-04-20T11:02:24","date_gmt":"2023-04-20T14:02:24","guid":{"rendered":"https:\/\/sites.usp.br\/lot\/?page_id=2459"},"modified":"2023-04-20T11:02:24","modified_gmt":"2023-04-20T14:02:24","slug":"prof-flavio-teixeira","status":"publish","type":"page","link":"https:\/\/sites.usp.br\/lot\/prof-flavio-teixeira\/","title":{"rendered":"Prof. Fl\u00e1vio Teixeira"},"content":{"rendered":"<p><\/p>\n<p style=\"text-align: justify;\">Graduado em Licenciatura Em Qu\u00edmica pela Universidade Estadual de Campinas (1980), gradua\u00e7\u00e3o em Bacharelado Em Qu\u00edmica pela Universidade Estadual de Campinas(1979), mestrado em Qu\u00edmica pela Universidade Estadual de Campinas(1987) e doutorado em Qu\u00edmica pela Universidade Estadual de Campinas(1995). Atualmente \u00e9 Revisor de peri\u00f3dico da Revista Brasileira de Agroci\u00eancia, Prof. Dr. da Universidade de S\u00e3o Paulo, Revisor de peri\u00f3dico da Qu\u00edmica Nova, Revisor de peri\u00f3dico da Journal of Hazardous Materials, Revisor de peri\u00f3dico da BioResources, da Empresa Brasileira de Pesquisa Agropecu\u00e1ria, Membro de comit\u00ea assessor da Prefeitura Municipal de Lorena, Membro de comit\u00ea assessor da Ag\u00eancia da Bacia do Rio Para\u00edba do Sul, Revisor de projeto de fomento do Funda\u00e7\u00e3o de Amparo \u00e0 Pesquisa do Estado de S\u00e3o Paulo, Revisor de projeto de fomento do Conselho Nacional de Desenvolvimento Cient\u00edfico e Tecnol\u00f3gico e Revisor de projeto de fomento do Coordena\u00e7\u00e3o de Aperfei\u00e7oamento de Pessoal de N\u00edvel Superior. Tem experi\u00eancia na \u00e1rea de Recursos Florestais e Engenharia Florestal, com \u00eanfase em Tecnologia e Utiliza\u00e7\u00e3o de Produtos Florestais. Atuando principalmente nos seguintes temas: baga\u00e7o de cana, pr\u00e9-tratamento por explos\u00e3o a vapor, deslignifica\u00e7\u00e3o, celulose, polioses e lignina.<\/p>\n<p><\/p>","protected":false},"excerpt":{"rendered":"<p>Graduado em Licenciatura Em Qu\u00edmica pela Universidade Estadual de Campinas (1980), gradua\u00e7\u00e3o em Bacharelado Em [&hellip;]<\/p>\n","protected":false},"author":492,"featured_media":0,"parent":0,"menu_order":0,"comment_status":"closed","ping_status":"closed","template":"","meta":{"footnotes":"","_links_to":"","_links_to_target":""},"class_list":["post-2459","page","type-page","status-publish","hentry"],"_links":{"self":[{"href":"https:\/\/sites.usp.br\/lot\/wp-json\/wp\/v2\/pages\/2459","targetHints":{"allow":["GET"]}}],"collection":[{"href":"https:\/\/sites.usp.br\/lot\/wp-json\/wp\/v2\/pages"}],"about":[{"href":"https:\/\/sites.usp.br\/lot\/wp-json\/wp\/v2\/types\/page"}],"author":[{"embeddable":true,"href":"https:\/\/sites.usp.br\/lot\/wp-json\/wp\/v2\/users\/492"}],"replies":[{"embeddable":true,"href":"https:\/\/sites.usp.br\/lot\/wp-json\/wp\/v2\/comments?post=2459"}],"version-history":[{"count":1,"href":"https:\/\/sites.usp.br\/lot\/wp-json\/wp\/v2\/pages\/2459\/revisions"}],"predecessor-version":[{"id":2460,"href":"https:\/\/sites.usp.br\/lot\/wp-json\/wp\/v2\/pages\/2459\/revisions\/2460"}],"wp:attachment":[{"href":"https:\/\/sites.usp.br\/lot\/wp-json\/wp\/v2\/media?parent=2459"}],"curies":[{"name":"wp","href":"https:\/\/api.w.org\/{rel}","templated":true}]}}