{"id":2461,"date":"2023-04-20T11:03:21","date_gmt":"2023-04-20T14:03:21","guid":{"rendered":"https:\/\/sites.usp.br\/lot\/?page_id=2461"},"modified":"2023-04-20T11:03:21","modified_gmt":"2023-04-20T14:03:21","slug":"profa-ines-roberto","status":"publish","type":"page","link":"https:\/\/sites.usp.br\/lot\/profa-ines-roberto\/","title":{"rendered":"Profa. In\u00eas Roberto"},"content":{"rendered":"<p><\/p>\n<p style=\"text-align: justify;\">Graduada em Engenharia Qu\u00edmica (1982) pela Faculdade de Engenharia Qu\u00edmica de Lorena e Doutora em Tecnologia Bioqu\u00edmico-Farmac\u00eautica (Tecnologia das Fermenta\u00e7\u00f5es) pela Universidade de S\u00e3o Paulo (1997). Atualmente \u00e9 Professora Doutora da Escola de Engenharia de Lorena da Universidade de S\u00e3o Paulo. Coordenou o Programa de P\u00f3s-Gradua\u00e7\u00e3o em Biotecnologia Industrial e foi Vice-Presidente da CPG (Comiss\u00e3o de P\u00f3s-Gradua\u00e7\u00e3o) da EEL\/USP no per\u00edodo de 03\/2007 a 03\/2011. Foi Membro da Comiss\u00e3o Central do Programa de Aperfei\u00e7oamento de Ensino (PAE) da USP no per\u00edodo de 2007 a 2014. Tem experi\u00eancia na \u00e1rea de Microbiologia Aplicada e Engenharia Bioqu\u00edmica, atuando principalmente nos seguintes temas: fermenta\u00e7\u00e3o de pentoses, com \u00eanfase para obten\u00e7\u00e3o de etanol e xilitol, utiliza\u00e7\u00e3o de biomassa lignocelul\u00f3sica em processos biotecnol\u00f3gicos ou qu\u00edmicos, extra\u00e7\u00e3o de biomol\u00e9culas.<\/p>\n<p><\/p>","protected":false},"excerpt":{"rendered":"<p>Graduada em Engenharia Qu\u00edmica (1982) pela Faculdade de Engenharia Qu\u00edmica de Lorena e Doutora em [&hellip;]<\/p>\n","protected":false},"author":492,"featured_media":0,"parent":0,"menu_order":0,"comment_status":"closed","ping_status":"closed","template":"","meta":{"footnotes":"","_links_to":"","_links_to_target":""},"class_list":["post-2461","page","type-page","status-publish","hentry"],"_links":{"self":[{"href":"https:\/\/sites.usp.br\/lot\/wp-json\/wp\/v2\/pages\/2461","targetHints":{"allow":["GET"]}}],"collection":[{"href":"https:\/\/sites.usp.br\/lot\/wp-json\/wp\/v2\/pages"}],"about":[{"href":"https:\/\/sites.usp.br\/lot\/wp-json\/wp\/v2\/types\/page"}],"author":[{"embeddable":true,"href":"https:\/\/sites.usp.br\/lot\/wp-json\/wp\/v2\/users\/492"}],"replies":[{"embeddable":true,"href":"https:\/\/sites.usp.br\/lot\/wp-json\/wp\/v2\/comments?post=2461"}],"version-history":[{"count":1,"href":"https:\/\/sites.usp.br\/lot\/wp-json\/wp\/v2\/pages\/2461\/revisions"}],"predecessor-version":[{"id":2462,"href":"https:\/\/sites.usp.br\/lot\/wp-json\/wp\/v2\/pages\/2461\/revisions\/2462"}],"wp:attachment":[{"href":"https:\/\/sites.usp.br\/lot\/wp-json\/wp\/v2\/media?parent=2461"}],"curies":[{"name":"wp","href":"https:\/\/api.w.org\/{rel}","templated":true}]}}