{"id":2467,"date":"2023-04-28T10:32:14","date_gmt":"2023-04-28T13:32:14","guid":{"rendered":"https:\/\/sites.usp.br\/lot\/?page_id=2467"},"modified":"2023-04-28T10:32:14","modified_gmt":"2023-04-28T13:32:14","slug":"prof-julio-cesar","status":"publish","type":"page","link":"https:\/\/sites.usp.br\/lot\/prof-julio-cesar\/","title":{"rendered":"Prof. J\u00falio C\u00e9sar"},"content":{"rendered":"<p><\/p>\n<p style=\"text-align: justify;\">Graduado em Engenharia Industrial Qu\u00edmica pela Faculdade de Engenharia Qu\u00edmica de Lorena (1999) e doutorado em Biotecnologia Industrial pela mesma institui\u00e7\u00e3o (2005). Tem experi\u00eancia na \u00e1rea de Engenharia Qu\u00edmica, com \u00eanfase em Processos Bioqu\u00edmicos, atuando principalmente nos seguintes temas: biorreatores, lipase, modifica\u00e7\u00e3o de \u00f3leos e gorduras, xilitol, baga\u00e7o de cana-de-a\u00e7\u00facar, enzimas e c\u00e9lulas imobilizadas. Foi chefe do setor de abastecimento da Divis\u00e3o de Apoio do Grupamento de Infra-estrutura e Apoio de S\u00e3o Jos\u00e9 dos Campos do Departamento de Ci\u00eancia de Tecnologia Aeroespacial. Atualmente, \u00e9 professor do Departamento de Biotecnologia da Escola de Engenharia de Lorena \u2013 Universidade de S\u00e3o Paulo.<\/p>\n<p><\/p>","protected":false},"excerpt":{"rendered":"<p>Graduado em Engenharia Industrial Qu\u00edmica pela Faculdade de Engenharia Qu\u00edmica de Lorena (1999) e doutorado [&hellip;]<\/p>\n","protected":false},"author":492,"featured_media":0,"parent":0,"menu_order":0,"comment_status":"closed","ping_status":"closed","template":"","meta":{"footnotes":"","_links_to":"","_links_to_target":""},"class_list":["post-2467","page","type-page","status-publish","hentry"],"_links":{"self":[{"href":"https:\/\/sites.usp.br\/lot\/wp-json\/wp\/v2\/pages\/2467","targetHints":{"allow":["GET"]}}],"collection":[{"href":"https:\/\/sites.usp.br\/lot\/wp-json\/wp\/v2\/pages"}],"about":[{"href":"https:\/\/sites.usp.br\/lot\/wp-json\/wp\/v2\/types\/page"}],"author":[{"embeddable":true,"href":"https:\/\/sites.usp.br\/lot\/wp-json\/wp\/v2\/users\/492"}],"replies":[{"embeddable":true,"href":"https:\/\/sites.usp.br\/lot\/wp-json\/wp\/v2\/comments?post=2467"}],"version-history":[{"count":1,"href":"https:\/\/sites.usp.br\/lot\/wp-json\/wp\/v2\/pages\/2467\/revisions"}],"predecessor-version":[{"id":2468,"href":"https:\/\/sites.usp.br\/lot\/wp-json\/wp\/v2\/pages\/2467\/revisions\/2468"}],"wp:attachment":[{"href":"https:\/\/sites.usp.br\/lot\/wp-json\/wp\/v2\/media?parent=2467"}],"curies":[{"name":"wp","href":"https:\/\/api.w.org\/{rel}","templated":true}]}}