{"id":2469,"date":"2023-04-28T10:33:09","date_gmt":"2023-04-28T13:33:09","guid":{"rendered":"https:\/\/sites.usp.br\/lot\/?page_id=2469"},"modified":"2023-04-28T10:33:09","modified_gmt":"2023-04-28T13:33:09","slug":"profa-maria-das-gracas","status":"publish","type":"page","link":"https:\/\/sites.usp.br\/lot\/profa-maria-das-gracas\/","title":{"rendered":"Profa. Maria das Gra\u00e7as"},"content":{"rendered":"<p><\/p>\n<p style=\"text-align: justify;\">Graduada em Ci\u00eancias Exatas e Tecnol\u00f3gicas com Licenciatura Plena em Biologia (1981) e Mestre em Microbiologia Agr\u00edcola na \u00c1rea de Microbiologia de Alimentos (1988) pela Universidade Federal de Vi\u00e7osa. Doutora em Tecnologia Bioqu\u00edmico-Farmac\u00eautica na \u00c1rea de Tecnologia das Fermenta\u00e7\u00f5es (1994) e Livre-docente na \u00c1rea de Microbiologia Aplicada (2013) pela Universidade de S\u00e3o Paulo. Docente do Departamento de Biotecnologia da Escola de Engenharia de Lorena \u2013 EEL, da Universidade de S\u00e3o Paulo \u2013 USP, com atua\u00e7\u00e3o na Gradua\u00e7\u00e3o e na P\u00f3s-Gradua\u00e7\u00e3o nas \u00e1reas de Microbiologia Aplicada e Convers\u00e3o de Biomassa. H\u00e1 28 anos desenvolve pesquisas para o aproveitamento biotecnol\u00f3gico de diferentes biomassas vegetais com destaque para a utiliza\u00e7\u00e3o de pentoses como a xilose proveniente da fra\u00e7\u00e3o hemicelul\u00f3sica do baga\u00e7o e palha de cana de cana de a\u00e7\u00facar para produ\u00e7\u00e3o de bioprodutos particularmente o xilitol, etanol e atualmente biosurfactante. Mais especificamente o foco est\u00e1 nas etapas de fracionamento de biomassas, destoxifica\u00e7\u00e3o e suplementa\u00e7\u00e3o nutricional dos hidrolisados e avalia\u00e7\u00e3o de par\u00e2metros de bioprocessos. Recentes avan\u00e7os cient\u00edficos alcan\u00e7ados com a amplia\u00e7\u00e3o de escala de produ\u00e7\u00e3o de xilitol a partir do baga\u00e7o de cana de a\u00e7\u00facar direcionaram para a diversifica\u00e7\u00e3o das investiga\u00e7\u00f5es para o uso da biomassa de cana em biorrefinaria incluindo a palha e o mela\u00e7o de cana, al\u00e9m da explora\u00e7\u00e3o da biodiversidade microbiana Ant\u00e1rtica para obten\u00e7\u00e3o de bioprodutos a partir de pentoses. Colabora em projetos interinstitucionais e internacionais. A produ\u00e7\u00e3o cient\u00edfica divulgada no pa\u00eds e exterior se encontra em peri\u00f3dicos indexados, cap\u00edtulos de livros, teses, patentes, dentre outros. Recentemente foi Presidente da Comiss\u00e3o de Pesquisa na EEL-USP e Membro do Conselho de Pesquisa da USP (2007-2013). \u00c9 membro fundador da Sociedade Iberoamericana para o Desenvolvimento das Biorrefinarias \u2013 SIADEB, projeto de coopera\u00e7\u00e3o da Rede CYTED 310RT0397 (2010-2013) e s\u00f3cio fundador da Sociedade de Bioenergia (SBE) fundada em novembro de 2013. Atualmente na EEL-USP \u00e9 membro da Comiss\u00e3o de Pesquisa, do Conselho do Departamento de Biotecnologia e da Comiss\u00e3o de Biosseguran\u00e7a.<\/p>\n<p><\/p>","protected":false},"excerpt":{"rendered":"<p>Graduada em Ci\u00eancias Exatas e Tecnol\u00f3gicas com Licenciatura Plena em Biologia (1981) e Mestre em [&hellip;]<\/p>\n","protected":false},"author":492,"featured_media":0,"parent":0,"menu_order":0,"comment_status":"closed","ping_status":"closed","template":"","meta":{"footnotes":"","_links_to":"","_links_to_target":""},"class_list":["post-2469","page","type-page","status-publish","hentry"],"_links":{"self":[{"href":"https:\/\/sites.usp.br\/lot\/wp-json\/wp\/v2\/pages\/2469","targetHints":{"allow":["GET"]}}],"collection":[{"href":"https:\/\/sites.usp.br\/lot\/wp-json\/wp\/v2\/pages"}],"about":[{"href":"https:\/\/sites.usp.br\/lot\/wp-json\/wp\/v2\/types\/page"}],"author":[{"embeddable":true,"href":"https:\/\/sites.usp.br\/lot\/wp-json\/wp\/v2\/users\/492"}],"replies":[{"embeddable":true,"href":"https:\/\/sites.usp.br\/lot\/wp-json\/wp\/v2\/comments?post=2469"}],"version-history":[{"count":1,"href":"https:\/\/sites.usp.br\/lot\/wp-json\/wp\/v2\/pages\/2469\/revisions"}],"predecessor-version":[{"id":2470,"href":"https:\/\/sites.usp.br\/lot\/wp-json\/wp\/v2\/pages\/2469\/revisions\/2470"}],"wp:attachment":[{"href":"https:\/\/sites.usp.br\/lot\/wp-json\/wp\/v2\/media?parent=2469"}],"curies":[{"name":"wp","href":"https:\/\/api.w.org\/{rel}","templated":true}]}}