{"id":2471,"date":"2023-04-28T10:34:15","date_gmt":"2023-04-28T13:34:15","guid":{"rendered":"https:\/\/sites.usp.br\/lot\/?page_id=2471"},"modified":"2023-04-28T10:34:15","modified_gmt":"2023-04-28T13:34:15","slug":"profa-rita-de-cassia","status":"publish","type":"page","link":"https:\/\/sites.usp.br\/lot\/profa-rita-de-cassia\/","title":{"rendered":"Profa. Rita de C\u00e1ssia"},"content":{"rendered":"<p><\/p>\n<p style=\"text-align: justify;\">Graduada em Tecnologia de Alimentos pelo Col\u00e9gio Industrial T\u00e9cnico da UNICAMP (1987) graduou-se em Engenharia Industrial Qu\u00edmica pela Faculdade de Engenharia Qu\u00edmica de Lorena (1996), cursou mestrado em Biotecnologia Industrial pela Faculdade de Engenharia Qu\u00edmica de Lorena (1999), doutorado em Biotecnologia pela Universidade de S\u00e3o Paulo\/ Instituto de Ci\u00eancias Biom\u00e9dicas \u2013 Interunidades USP\/Instituto Butantan\/IPT (2005) \u2013 com P\u00f3s-doutorado na University of Wisconsin \u2013 Madison e na USDA Forest Products Laboratory \u2013 Madison \u2013 USA (2008). Na EEL-USP, atua como professora nos cursos de Gradua\u00e7\u00e3o em Engenharia Bioqu\u00edmica, Engenharia Qu\u00edmica e Engenharia Industrial Qu\u00edmica, e atuou como professora no curso T\u00e9cnico em Qu\u00edmica do Col\u00e9gio T\u00e9cnico de Lorena \u2013 COTEL-USP. Atua na \u00e1rea de Engenharia Bioqu\u00edmica e Microbiologia Industrial e de Fermenta\u00e7\u00e3o. Atua, sobretudo, nos seguintes temas: convers\u00e3o qu\u00edmica e enzim\u00e1tica de res\u00edduos lignocelul\u00f3sicos para produ\u00e7\u00e3o de etanol e xilitol por leveduras, desenvolvimento e otimiza\u00e7\u00e3o de bioprocessos e planejamento e otimiza\u00e7\u00e3o de experimentos.<\/p>\n<p><\/p>","protected":false},"excerpt":{"rendered":"<p>Graduada em Tecnologia de Alimentos pelo Col\u00e9gio Industrial T\u00e9cnico da UNICAMP (1987) graduou-se em Engenharia [&hellip;]<\/p>\n","protected":false},"author":492,"featured_media":0,"parent":0,"menu_order":0,"comment_status":"closed","ping_status":"closed","template":"","meta":{"footnotes":"","_links_to":"","_links_to_target":""},"class_list":["post-2471","page","type-page","status-publish","hentry"],"_links":{"self":[{"href":"https:\/\/sites.usp.br\/lot\/wp-json\/wp\/v2\/pages\/2471","targetHints":{"allow":["GET"]}}],"collection":[{"href":"https:\/\/sites.usp.br\/lot\/wp-json\/wp\/v2\/pages"}],"about":[{"href":"https:\/\/sites.usp.br\/lot\/wp-json\/wp\/v2\/types\/page"}],"author":[{"embeddable":true,"href":"https:\/\/sites.usp.br\/lot\/wp-json\/wp\/v2\/users\/492"}],"replies":[{"embeddable":true,"href":"https:\/\/sites.usp.br\/lot\/wp-json\/wp\/v2\/comments?post=2471"}],"version-history":[{"count":1,"href":"https:\/\/sites.usp.br\/lot\/wp-json\/wp\/v2\/pages\/2471\/revisions"}],"predecessor-version":[{"id":2472,"href":"https:\/\/sites.usp.br\/lot\/wp-json\/wp\/v2\/pages\/2471\/revisions\/2472"}],"wp:attachment":[{"href":"https:\/\/sites.usp.br\/lot\/wp-json\/wp\/v2\/media?parent=2471"}],"curies":[{"name":"wp","href":"https:\/\/api.w.org\/{rel}","templated":true}]}}