{"id":2473,"date":"2023-04-28T10:35:39","date_gmt":"2023-04-28T13:35:39","guid":{"rendered":"https:\/\/sites.usp.br\/lot\/?page_id=2473"},"modified":"2023-04-28T10:35:39","modified_gmt":"2023-04-28T13:35:39","slug":"prof-silvio-silverio","status":"publish","type":"page","link":"https:\/\/sites.usp.br\/lot\/prof-silvio-silverio\/","title":{"rendered":"Prof. S\u00edlvio Silv\u00e9rio"},"content":{"rendered":"<p><\/p>\n<p style=\"text-align: justify;\">Professor Titular da Universidade de S\u00e3o Paulo (USP) , onde tamb\u00e9m obteve o t\u00edtulo de Livre-Doc\u00eancia, concluiu o Doutorado em Tecnologia Bioqu\u00edmico-Farmac\u00eautica pela USP e Gesellchaft Fuer Biotechnologishe Forshung GBF- Alemanha. \u00c9 Professor e Chefe do Departamento de Biotecnologia da Escola de Engenharia de Lorena \u2013 Campus USP. Professor colaborador nos Programas de Doutorado da Universidad Autonoma de Tamaulipas, e na Universidade Autonoma de Coahuila, M\u00e9xico, Avaliador do SINAES\/MEC de Institui\u00e7\u00f5es de Ensino Superior e de Cursos de Gradua\u00e7\u00e3o.Pesquisador associado do Instituto de Pesquisa em Bioenergia \u2013 IPBEN. Ganhador dos pr\u00eamios: Profissional Destaque Educacional (2015), Ind\u00fastria Destaque- Educa\u00e7\u00e3o (2015), Ci\u00eancia de Impacto em Biotecnologia (2014, 2015 e 2016), Pr\u00eamio Nacional de P\u00f3s-gradua\u00e7\u00e3o, Brasken, ABEQ, Pr\u00eamio Dow Sustainability Innovation al\u00e9m de outras premia\u00e7\u00f5es. Exerce atividades de consultoria ad hoc para diversas institui\u00e7\u00f5es nacionais e internacionais. \u00c9 revisor de 40 peri\u00f3dicos internacionais. Publicou 176 artigos em peri\u00f3dicos especializados em sua maioria internacionais e 760 trabalhos apresentados em eventos de grande parte internacionais. Possui 29 cap\u00edtulos de livros publicados. Possui 2 processos tecnol\u00f3gicos registrados (patentes) j\u00e1 concedidas e 4 em dep\u00f3sito. Orientou 103 trabalhos de pesquisa dentre 27 disserta\u00e7\u00f5es de Mestrado, 11 Teses de Doutorado, al\u00e9m de ter orientado 74 trabalhos de Inicia\u00e7\u00e3o Cientifica nas \u00e1reas de Microbiologia Aplicada, Engenharia Bioqu\u00edmica e aproveitamento de res\u00edduos. Recebeu 27 pr\u00eamios e\/ou homenagens, coordenou 22 projetos de pesquisa financiados, com 2 grandes projetos sendo um na categoria projeto Tem\u00e1tico dentro do programa BIOEN da FAPESP envolvendo a USP, UFJF, UFMG e UNESP e duas institui\u00e7\u00f5es internacionais e outros projetos dentro da Coopera\u00e7\u00e3o Internacional envolvendo a EEL-USP e a Colorado State University (EUA) financiado pelo CNPq\/ NSF (EUA), e a University of Ontario Institute of Technology (Canad\u00e1), financiados pela FAPESP\/UOIT- Canad\u00e1 envolvendo bioprodutos e lignocelul\u00f3sicos. Atualmente \u00e9 pesquisador principal em projeto Tem\u00e1tico aprovado pela FAPESP, coordena 2 projetos internacionais aprovados em colabora\u00e7\u00e3o com Institutos de Pesquisa da \u00cdndia. Editou 4 livros internacionais e foi guest editor do Journal of Biomedicine and Biotechnology . Atua na \u00e1rea de Biotecnologia com \u00eanfase em Microbiologia Industrial e de Fermenta\u00e7\u00e3o. Em suas atividades profissionais interagiu com cerca de 185 colaboradores em co-autorias de trabalhos cient\u00edficos. Foi Vice- Diretor e Assessor de Pesquisa da antiga FAENQUIL, atual EEL-USP. Em seu curr\u00edculo lattes os termos mais freq\u00fcentes na contextualiza\u00e7\u00e3o da produ\u00e7\u00e3o cientifica, tecnol\u00f3gica e artistico-cultural sao: xilitol, c. guilliermondii, xylitol, baga\u00e7o de cana-de-a\u00e7\u00facar, fermenta\u00e7\u00e3o, hidrolisado hemicelul\u00f3sico, imobiliza\u00e7\u00e3o de c\u00e9lulas, bioprodutos, bioetanol, biocombust\u00edveis. Possui parceria de colabora\u00e7\u00e3o cient\u00edfica com diversas institui\u00e7\u00f5es nacionais e internacionais destacando-se pa\u00edses como: It\u00e1lia, Espanha, Alemanha, M\u00e9xico, Estados Unidos, Canad\u00e1, China e \u00cdndia.<\/p>\n<p><\/p>","protected":false},"excerpt":{"rendered":"<p>Professor Titular da Universidade de S\u00e3o Paulo (USP) , onde tamb\u00e9m obteve o t\u00edtulo de [&hellip;]<\/p>\n","protected":false},"author":492,"featured_media":0,"parent":0,"menu_order":0,"comment_status":"closed","ping_status":"closed","template":"","meta":{"footnotes":"","_links_to":"","_links_to_target":""},"class_list":["post-2473","page","type-page","status-publish","hentry"],"_links":{"self":[{"href":"https:\/\/sites.usp.br\/lot\/wp-json\/wp\/v2\/pages\/2473","targetHints":{"allow":["GET"]}}],"collection":[{"href":"https:\/\/sites.usp.br\/lot\/wp-json\/wp\/v2\/pages"}],"about":[{"href":"https:\/\/sites.usp.br\/lot\/wp-json\/wp\/v2\/types\/page"}],"author":[{"embeddable":true,"href":"https:\/\/sites.usp.br\/lot\/wp-json\/wp\/v2\/users\/492"}],"replies":[{"embeddable":true,"href":"https:\/\/sites.usp.br\/lot\/wp-json\/wp\/v2\/comments?post=2473"}],"version-history":[{"count":1,"href":"https:\/\/sites.usp.br\/lot\/wp-json\/wp\/v2\/pages\/2473\/revisions"}],"predecessor-version":[{"id":2474,"href":"https:\/\/sites.usp.br\/lot\/wp-json\/wp\/v2\/pages\/2473\/revisions\/2474"}],"wp:attachment":[{"href":"https:\/\/sites.usp.br\/lot\/wp-json\/wp\/v2\/media?parent=2473"}],"curies":[{"name":"wp","href":"https:\/\/api.w.org\/{rel}","templated":true}]}}