{"id":2475,"date":"2023-04-28T10:36:47","date_gmt":"2023-04-28T13:36:47","guid":{"rendered":"https:\/\/sites.usp.br\/lot\/?page_id=2475"},"modified":"2023-04-28T10:36:47","modified_gmt":"2023-04-28T13:36:47","slug":"profa-talita-lacerda","status":"publish","type":"page","link":"https:\/\/sites.usp.br\/lot\/profa-talita-lacerda\/","title":{"rendered":"Profa. Talita Lacerda"},"content":{"rendered":"<p><\/p>\n<p style=\"text-align: justify;\">Gradua\u00e7\u00e3o em Bacharelado em Qu\u00edmica pelo Instituto de Qu\u00edmica de S\u00e3o Carlos, Universidade de S\u00e3o Paulo (2007) e Doutorado em Ci\u00eancias (\u00e1rea de concentra\u00e7\u00e3o: F\u00edsico-Qu\u00edmica) pelo Instituto de Qu\u00edmica de S\u00e3o Carlos, Universidade de S\u00e3o Paulo (2012). Possui experi\u00eancia na \u00e1rea de Qu\u00edmica Org\u00e2nica, com \u00eanfase em materiais polim\u00e9ricos. Desenvolveu seu p\u00f3s-doutorado em projeto envolvendo o Instituto de Qu\u00edmica de S\u00e3o Carlos (IQSC, USP) e o Departamento de Engenharia de Materiais (SMM\/EESC\/USP), relacionado \u00e0 prepara\u00e7\u00e3o de pol\u00edmeros termo-revers\u00edveis derivados de \u00f3leos vegetais e furanos. Atualmente \u00e9 Professora Doutora do Departamento de Biotecnologia da Escola de Engenharia de Lorena, Universidade de S\u00e3o Paulo (DEBIQ\/EEL\/USP), com interesse na prepara\u00e7\u00e3o de mon\u00f4meros e pol\u00edmeros derivados de fontes renov\u00e1veis.<\/p>\n<p><\/p>","protected":false},"excerpt":{"rendered":"<p>Gradua\u00e7\u00e3o em Bacharelado em Qu\u00edmica pelo Instituto de Qu\u00edmica de S\u00e3o Carlos, Universidade de S\u00e3o [&hellip;]<\/p>\n","protected":false},"author":492,"featured_media":0,"parent":0,"menu_order":0,"comment_status":"closed","ping_status":"closed","template":"","meta":{"footnotes":"","_links_to":"","_links_to_target":""},"class_list":["post-2475","page","type-page","status-publish","hentry"],"_links":{"self":[{"href":"https:\/\/sites.usp.br\/lot\/wp-json\/wp\/v2\/pages\/2475","targetHints":{"allow":["GET"]}}],"collection":[{"href":"https:\/\/sites.usp.br\/lot\/wp-json\/wp\/v2\/pages"}],"about":[{"href":"https:\/\/sites.usp.br\/lot\/wp-json\/wp\/v2\/types\/page"}],"author":[{"embeddable":true,"href":"https:\/\/sites.usp.br\/lot\/wp-json\/wp\/v2\/users\/492"}],"replies":[{"embeddable":true,"href":"https:\/\/sites.usp.br\/lot\/wp-json\/wp\/v2\/comments?post=2475"}],"version-history":[{"count":1,"href":"https:\/\/sites.usp.br\/lot\/wp-json\/wp\/v2\/pages\/2475\/revisions"}],"predecessor-version":[{"id":2476,"href":"https:\/\/sites.usp.br\/lot\/wp-json\/wp\/v2\/pages\/2475\/revisions\/2476"}],"wp:attachment":[{"href":"https:\/\/sites.usp.br\/lot\/wp-json\/wp\/v2\/media?parent=2475"}],"curies":[{"name":"wp","href":"https:\/\/api.w.org\/{rel}","templated":true}]}}