{"id":2481,"date":"2023-04-28T10:40:20","date_gmt":"2023-04-28T13:40:20","guid":{"rendered":"https:\/\/sites.usp.br\/lot\/?page_id=2481"},"modified":"2023-04-28T10:40:20","modified_gmt":"2023-04-28T13:40:20","slug":"prof-walter-de-carvalho","status":"publish","type":"page","link":"https:\/\/sites.usp.br\/lot\/prof-walter-de-carvalho\/","title":{"rendered":"Prof. Walter de Carvalho"},"content":{"rendered":"<p><\/p>\n<p style=\"text-align: justify;\">Graduado em Farm\u00e1cia pela Universidade Federal de Juiz de Fora (1997), e mestrado (2000) e doutorado (2004) em Biotecnologia Industrial pela Faculdade de Engenharia Qu\u00edmica de Lorena. Atualmente sou professor na Escola de Engenharia de Lorena (antiga Faculdade de Engenharia Qu\u00edmica de Lorena). Atuo nas \u00e1reas de microbiologia, bioqu\u00edmica e engenharia bioqu\u00edmica, com \u00eanfase em convers\u00e3o de materiais lignocelul\u00f3sicos.<\/p>\n<p><\/p>","protected":false},"excerpt":{"rendered":"<p>Graduado em Farm\u00e1cia pela Universidade Federal de Juiz de Fora (1997), e mestrado (2000) e [&hellip;]<\/p>\n","protected":false},"author":492,"featured_media":0,"parent":0,"menu_order":0,"comment_status":"closed","ping_status":"closed","template":"","meta":{"footnotes":"","_links_to":"","_links_to_target":""},"class_list":["post-2481","page","type-page","status-publish","hentry"],"_links":{"self":[{"href":"https:\/\/sites.usp.br\/lot\/wp-json\/wp\/v2\/pages\/2481","targetHints":{"allow":["GET"]}}],"collection":[{"href":"https:\/\/sites.usp.br\/lot\/wp-json\/wp\/v2\/pages"}],"about":[{"href":"https:\/\/sites.usp.br\/lot\/wp-json\/wp\/v2\/types\/page"}],"author":[{"embeddable":true,"href":"https:\/\/sites.usp.br\/lot\/wp-json\/wp\/v2\/users\/492"}],"replies":[{"embeddable":true,"href":"https:\/\/sites.usp.br\/lot\/wp-json\/wp\/v2\/comments?post=2481"}],"version-history":[{"count":1,"href":"https:\/\/sites.usp.br\/lot\/wp-json\/wp\/v2\/pages\/2481\/revisions"}],"predecessor-version":[{"id":2482,"href":"https:\/\/sites.usp.br\/lot\/wp-json\/wp\/v2\/pages\/2481\/revisions\/2482"}],"wp:attachment":[{"href":"https:\/\/sites.usp.br\/lot\/wp-json\/wp\/v2\/media?parent=2481"}],"curies":[{"name":"wp","href":"https:\/\/api.w.org\/{rel}","templated":true}]}}