{"id":299,"date":"2017-05-16T09:38:46","date_gmt":"2017-05-16T12:38:46","guid":{"rendered":"http:\/\/sites.usp.br\/lot\/?page_id=299"},"modified":"2019-04-10T09:50:33","modified_gmt":"2019-04-10T12:50:33","slug":"historico","status":"publish","type":"page","link":"https:\/\/sites.usp.br\/lot\/historico\/","title":{"rendered":"Hist\u00f3rico"},"content":{"rendered":"<p><\/p>\n<p style=\"text-align: justify;\"><a href=\"http:\/\/sites.usp.br\/lot\/wp-content\/uploads\/sites\/255\/2018\/12\/fachada-debiq_nova.jpg\"><img loading=\"lazy\" decoding=\"async\" class=\"size-full wp-image-995 aligncenter\" src=\"http:\/\/sites.usp.br\/lot\/wp-content\/uploads\/sites\/255\/2018\/12\/fachada-debiq_nova.jpg\" alt=\"\" width=\"581\" height=\"390\" srcset=\"https:\/\/sites.usp.br\/lot\/wp-content\/uploads\/sites\/255\/2018\/12\/fachada-debiq_nova.jpg 581w, https:\/\/sites.usp.br\/lot\/wp-content\/uploads\/sites\/255\/2018\/12\/fachada-debiq_nova-300x201.jpg 300w, https:\/\/sites.usp.br\/lot\/wp-content\/uploads\/sites\/255\/2018\/12\/fachada-debiq_nova-400x269.jpg 400w\" sizes=\"auto, (max-width: 581px) 100vw, 581px\" \/><\/a><\/p>\n<p style=\"text-align: justify;\">O Departamento de Biotecnologia \u2013 LOT \u00e9 um dos quatro departamentos de pesquisa e ensino que integram a Escola de Engenharia de Lorena\u00a0 da Universidade de S\u00e3o Paulo \u2013 EEL\/USP.<\/p>\n<p style=\"text-align: justify;\">As atividades precursoras do departamento iniciaram-se em 1974, com a participa\u00e7\u00e3o de uma equipe t\u00e9cnica do Instituto Nacional de Tecnologia \u2013 INT. Os trabalhos foram realizados por diversas institui\u00e7\u00f5es de pesquisa, sob coordena\u00e7\u00e3o da Secretaria de Tecnologia Industrial do Minist\u00e9rio da Ind\u00fastria e Com\u00e9rcio, com o objetivo de se encontrar um substituto nacional para o petr\u00f3leo. As pesquisas concentraram-se na produ\u00e7\u00e3o de etanol a partir de mat\u00e9rias-primas n\u00e3o convencionais, tais como mandioca, sorgo sacarino, madeira e res\u00edduos lignocelul\u00f3sicos, culminando com a instala\u00e7\u00e3o de diversas usinas-piloto no campus da Faculdade de Engenharia Qu\u00edmica de Lorena &#8211; Faenquil, na cidade de Lorena, SP.<\/p>\n<p style=\"text-align: justify;\">A partir de 1984, a ent\u00e3o Divis\u00e3o de Biotecnologia da Funda\u00e7\u00e3o de Tecnologia Industrial passou a dedicar-se ao desenvolvimento de processos biotecnol\u00f3gicos, priorizando aqueles relacionados ao aproveitamento da biomassa lignocelul\u00f3sica. Com o apoio financeiro do Banco Mundial, em 1987 foi criado o Departamento de Biotecnologia, construindo-se um pr\u00e9dio de laborat\u00f3rios em local pr\u00f3ximo \u00e0s plantas-piloto. Assim, num mesmo local, reuniram-se as condi\u00e7\u00f5es ideais para o desenvolvimento de pesquisas de laborat\u00f3rio e sua transfer\u00eancia para a escala piloto.<\/p>\n<p style=\"text-align: justify;\">Em 1991, com a estadualiza\u00e7\u00e3o da institui\u00e7\u00e3o este Centro passou a se chamar Departamento de Biotecnologia.<\/p>\n<p style=\"text-align: justify;\">Em 1994 o departamento iniciou suas atividades de P\u00f3s-gradua\u00e7\u00e3o, oferecendo o curso de Biotecnologia Industrial em n\u00edvel de Mestrado.<\/p>\n<p style=\"text-align: justify;\">Em 1998, com recursos pr\u00f3prios, da CAPES, da FAPESP e da FINEP, foram constru\u00eddos diversos anexos ao pr\u00e9dio principal, incluindo Laborat\u00f3rio de P\u00f3s-gradua\u00e7\u00e3o, Biblioteca, Salas de aula, Microcervejaria, Laborat\u00f3rio de Qu\u00edmica de Materiais Lignocelul\u00f3sicos e de Tratamento de Efluentes, Laborat\u00f3rio de Probi\u00f3ticos e Laborat\u00f3rios de Fermenta\u00e7\u00e3o.<\/p>\n<p style=\"text-align: justify;\">Em 1999, as instala\u00e7\u00f5es do departamento continuaram a ser expandidas, com a constru\u00e7\u00e3o de v\u00e1rios laborat\u00f3rios de pesquisa e salas de apoio.<\/p>\n<p style=\"text-align: justify;\">Com o objetivo de atender \u00e0 demanda por um profissional capaz de gerenciar processos industriais que envolvem mat\u00e9rias-primas e catalisadores de origem biol\u00f3gica, o departamento prop\u00f4s a cria\u00e7\u00e3o do curso de gradua\u00e7\u00e3o em Engenharia Bioqu\u00edmica. Este curso, primeiro do Brasil, come\u00e7ou a ser oferecido em 1999, e foi reconhecido pelo Conselho Estadual de Educa\u00e7\u00e3o do Estado de S\u00e3o Paulo atrav\u00e9s do parecer CEE n\u00ba\u00a0410\/2003.<\/p>\n<p style=\"text-align: justify;\">Em 2000, o Programa de P\u00f3s-gradua\u00e7\u00e3o em Biotecnologia Industrial &#8211; PPGBI recebeu a recomenda\u00e7\u00e3o da CAPES para oferecer o curso em n\u00edvel de Doutorado, o que ocorreu a partir do segundo semestre do mesmo ano, com o objetivo central de formar profissionais altamente qualificados e capacitados para a solu\u00e7\u00e3o de problemas relevantes para o desenvolvimento e aperfei\u00e7oamento de processos e produtos nas \u00e1reas de Convers\u00e3o de Biomassa e Microbiologia Aplicada. A qualidade das atividades desenvolvidas \u00e9 reconhecida nacional e internacionalmente em temas que abordam a convers\u00e3o biotecnol\u00f3gica de fra\u00e7\u00f5es isoladas da biomassa bruta em produtos de interesse econ\u00f4mico, bem como na \u00e1rea de biotecnologia ambiental ligada ao monitoramento ecotoxicol\u00f3gico de \u00e1guas e ao tratamento de efluentes. Mais recentemente o programa incorporou uma \u00e1rea relevante que inclui estudos de gen\u00f4mica funcional de plantas e de engenharia gen\u00e9tica de micro-organismos.<\/p>\n<p><\/p>","protected":false},"excerpt":{"rendered":"<p>O Departamento de Biotecnologia \u2013 LOT \u00e9 um dos quatro departamentos de pesquisa e ensino [&hellip;]<\/p>\n","protected":false},"author":492,"featured_media":0,"parent":0,"menu_order":0,"comment_status":"closed","ping_status":"closed","template":"","meta":{"footnotes":"","_links_to":"","_links_to_target":""},"class_list":["post-299","page","type-page","status-publish","hentry"],"_links":{"self":[{"href":"https:\/\/sites.usp.br\/lot\/wp-json\/wp\/v2\/pages\/299","targetHints":{"allow":["GET"]}}],"collection":[{"href":"https:\/\/sites.usp.br\/lot\/wp-json\/wp\/v2\/pages"}],"about":[{"href":"https:\/\/sites.usp.br\/lot\/wp-json\/wp\/v2\/types\/page"}],"author":[{"embeddable":true,"href":"https:\/\/sites.usp.br\/lot\/wp-json\/wp\/v2\/users\/492"}],"replies":[{"embeddable":true,"href":"https:\/\/sites.usp.br\/lot\/wp-json\/wp\/v2\/comments?post=299"}],"version-history":[{"count":4,"href":"https:\/\/sites.usp.br\/lot\/wp-json\/wp\/v2\/pages\/299\/revisions"}],"predecessor-version":[{"id":1031,"href":"https:\/\/sites.usp.br\/lot\/wp-json\/wp\/v2\/pages\/299\/revisions\/1031"}],"wp:attachment":[{"href":"https:\/\/sites.usp.br\/lot\/wp-json\/wp\/v2\/media?parent=299"}],"curies":[{"name":"wp","href":"https:\/\/api.w.org\/{rel}","templated":true}]}}