{"id":301,"date":"2017-05-16T09:40:22","date_gmt":"2017-05-16T12:40:22","guid":{"rendered":"http:\/\/sites.usp.br\/lot\/?page_id=301"},"modified":"2025-06-03T16:28:32","modified_gmt":"2025-06-03T19:28:32","slug":"conselho-departamento-cd","status":"publish","type":"page","link":"https:\/\/sites.usp.br\/lot\/conselho-departamento-cd\/","title":{"rendered":"Conselho do Departamento (CD)"},"content":{"rendered":"<p>&nbsp;<\/p>\n<table style=\"height: 1032px;\" width=\"691\">\n<tbody>\n<tr>\n<td width=\"368\"><strong>\u00a0<\/strong><\/td>\n<td width=\"94\"><strong>In\u00edcio do Mandato<\/strong><\/td>\n<td width=\"95\"><strong>Fim do Mandato<\/strong><\/td>\n<\/tr>\n<tr>\n<td width=\"368\"><strong>Presidente<\/strong><\/td>\n<td width=\"94\"><\/td>\n<td width=\"95\"><\/td>\n<\/tr>\n<tr>\n<td width=\"368\">Prof. Assoc. J\u00falio Cesar dos Santos<\/p>\n<p><span style=\"color: #003366;\">Chefe do Departamento<\/span><\/td>\n<td width=\"94\">27\/05\/2025<\/td>\n<td width=\"95\">26\/05\/2027<\/td>\n<\/tr>\n<tr>\n<td colspan=\"3\" width=\"557\"><\/td>\n<\/tr>\n<tr>\n<td width=\"368\"><strong>Vice-Presidente<\/strong><\/td>\n<td width=\"94\"><\/td>\n<td width=\"95\"><\/td>\n<\/tr>\n<tr>\n<td width=\"368\">Prof. Assoc. Valdeir Arantes<\/p>\n<p><span style=\"color: #003366;\">Vice<\/span>\u00a0<span style=\"color: #003366; font-family: inherit; font-size: inherit;\">Chefe do Departamento<\/span><\/td>\n<td width=\"94\">27\/05\/2025<\/td>\n<td width=\"95\">\u00a026\/05\/2027<\/td>\n<\/tr>\n<tr>\n<td colspan=\"3\" width=\"557\"><\/td>\n<\/tr>\n<tr>\n<td width=\"368\"><strong>Representante dos Professores Titulares<\/strong><\/td>\n<td width=\"94\"><\/td>\n<td width=\"95\"><\/td>\n<\/tr>\n<tr>\n<td width=\"368\">Prof. Titular\u00a0Andr\u00e9 Luis Ferraz<\/td>\n<td width=\"94\">22\/08\/2017<\/td>\n<td width=\"95\"><\/td>\n<\/tr>\n<tr>\n<td width=\"368\">Prof. Titular\u00a0Silvio Silverio da Silva<\/td>\n<td width=\"94\">22\/08\/2017<\/td>\n<td width=\"95\"><\/td>\n<\/tr>\n<tr>\n<td width=\"368\">Profa. Titular Maria das Gra\u00e7as de Almeida Felipe<\/td>\n<td width=\"94\">19\/02\/2020<\/td>\n<td width=\"95\"><\/td>\n<\/tr>\n<tr>\n<td width=\"368\">Profa. Titular Adriane Maria Ferreira Milagres<\/td>\n<td width=\"94\">03\/01\/2023<\/td>\n<td width=\"95\"><\/td>\n<\/tr>\n<tr>\n<td colspan=\"3\" width=\"557\"><\/td>\n<\/tr>\n<tr>\n<td width=\"368\"><strong>Representante dos Professores Associados<\/strong><\/td>\n<td width=\"94\"><\/td>\n<td width=\"95\"><\/td>\n<\/tr>\n<tr>\n<td width=\"368\">Prof. Assoc. J\u00falio Cesar dos Santos<\/td>\n<td width=\"94\">10\/05\/2025<\/td>\n<td width=\"95\">09\/05\/2027<\/td>\n<\/tr>\n<tr>\n<td width=\"368\">Prof. Assoc. Valdeir Arantes<\/td>\n<td width=\"94\">10\/05\/2025<\/td>\n<td width=\"95\">09\/05\/2027<\/td>\n<\/tr>\n<tr>\n<td width=\"368\">Prof. Assoc. Fl\u00e1vio Teixeira da Silva<\/td>\n<td width=\"94\">10\/05\/2025<\/td>\n<td width=\"95\">09\/05\/2027<\/td>\n<\/tr>\n<tr>\n<td width=\"368\">Prof. Assoc. Fernando Segato<\/td>\n<td width=\"94\">10\/05\/2025<\/td>\n<td width=\"95\">09\/05\/2027<\/td>\n<\/tr>\n<tr>\n<td colspan=\"3\" width=\"557\"><\/td>\n<\/tr>\n<tr>\n<td width=\"368\"><strong>Representante dos Professores Doutores<\/strong><\/td>\n<td width=\"94\"><\/td>\n<td width=\"95\"><\/td>\n<\/tr>\n<tr>\n<td width=\"368\">Profa. Dra. In\u00eas Concei\u00e7\u00e3o Roberto<\/td>\n<td width=\"94\">10\/05\/2025<\/td>\n<td width=\"95\">09\/05\/2027<\/td>\n<\/tr>\n<tr>\n<td width=\"368\">Prof. Dr. Ismael Maciel de Mancilha \u2013\u00a0Suplente<\/td>\n<td width=\"94\"><\/td>\n<td width=\"95\"><\/td>\n<\/tr>\n<tr>\n<td width=\"368\">Profa. Dra. Rita de C\u00e1ssia Lacerda Brambilla Rodrigues<\/td>\n<td width=\"94\">10\/05\/2023<\/td>\n<td width=\"95\">09\/05\/2027<\/td>\n<\/tr>\n<tr>\n<td width=\"368\">Profa. Dra. Tatiane da Franca Silva \u2013 Suplente<\/td>\n<td width=\"94\">10\/05\/2023<\/td>\n<td width=\"95\">09\/05\/2027<\/td>\n<\/tr>\n<tr>\n<td width=\"368\">Prof. Dr. Elisson Antonio da Costa Romanel<\/td>\n<td width=\"94\">10\/05\/2023<\/td>\n<td width=\"95\">09\/05\/2027<\/td>\n<\/tr>\n<tr>\n<td width=\"368\">Prof. Dra. Talita Martins Lacerda \u2013\u00a0Suplente<\/td>\n<td width=\"94\">10\/05\/2023<\/td>\n<td width=\"95\">09\/05\/2027<\/td>\n<\/tr>\n<tr>\n<td colspan=\"3\" width=\"557\"><\/td>\n<\/tr>\n<tr>\n<td width=\"368\"><strong>Representante Discente de Gradua\u00e7\u00e3o<\/strong><\/td>\n<td width=\"94\"><\/td>\n<td width=\"95\"><\/td>\n<\/tr>\n<tr>\n<td width=\"368\">Vit\u00f3ria Luize Rodrigues Lopes da Silva (Titular)<\/td>\n<td width=\"94\">19\/08\/2024<\/td>\n<td width=\"95\">18\/08\/2025<\/td>\n<\/tr>\n<tr>\n<td width=\"368\">Jo\u00e3o Vitor dos Santos Motta (Suplente)<\/td>\n<td width=\"94\">19\/08\/2024<\/td>\n<td width=\"95\">18\/08\/2025<\/td>\n<\/tr>\n<\/tbody>\n<\/table>\n<p><\/p>","protected":false},"excerpt":{"rendered":"<p>&nbsp; \u00a0 In\u00edcio do Mandato Fim do Mandato Presidente Prof. Assoc. J\u00falio Cesar dos Santos [&hellip;]<\/p>\n","protected":false},"author":492,"featured_media":0,"parent":0,"menu_order":0,"comment_status":"closed","ping_status":"closed","template":"","meta":{"footnotes":"","_links_to":"","_links_to_target":""},"class_list":["post-301","page","type-page","status-publish","hentry"],"_links":{"self":[{"href":"https:\/\/sites.usp.br\/lot\/wp-json\/wp\/v2\/pages\/301","targetHints":{"allow":["GET"]}}],"collection":[{"href":"https:\/\/sites.usp.br\/lot\/wp-json\/wp\/v2\/pages"}],"about":[{"href":"https:\/\/sites.usp.br\/lot\/wp-json\/wp\/v2\/types\/page"}],"author":[{"embeddable":true,"href":"https:\/\/sites.usp.br\/lot\/wp-json\/wp\/v2\/users\/492"}],"replies":[{"embeddable":true,"href":"https:\/\/sites.usp.br\/lot\/wp-json\/wp\/v2\/comments?post=301"}],"version-history":[{"count":5,"href":"https:\/\/sites.usp.br\/lot\/wp-json\/wp\/v2\/pages\/301\/revisions"}],"predecessor-version":[{"id":2708,"href":"https:\/\/sites.usp.br\/lot\/wp-json\/wp\/v2\/pages\/301\/revisions\/2708"}],"wp:attachment":[{"href":"https:\/\/sites.usp.br\/lot\/wp-json\/wp\/v2\/media?parent=301"}],"curies":[{"name":"wp","href":"https:\/\/api.w.org\/{rel}","templated":true}]}}