{"id":320,"date":"2017-05-16T09:54:33","date_gmt":"2017-05-16T12:54:33","guid":{"rendered":"http:\/\/sites.usp.br\/lot\/?page_id=320"},"modified":"2024-12-18T15:42:34","modified_gmt":"2024-12-18T18:42:34","slug":"pos-graduacao","status":"publish","type":"page","link":"https:\/\/sites.usp.br\/lot\/pos-graduacao\/","title":{"rendered":"P\u00f3s-Gradua\u00e7\u00e3o &#8211; PPGBI"},"content":{"rendered":"<p><\/p>\n<p style=\"text-align: justify;\"><span style=\"color: #003366;\"><strong>Programa de P\u00f3s-Gradua\u00e7\u00e3o em Biotecnologia Industrial<\/strong><\/span><\/p>\n<p style=\"text-align: justify;\"><span style=\"color: #003366;\"><strong>Cursos:<\/strong><\/span><\/p>\n<ul style=\"text-align: justify;\">\n<li>Mestrado;<\/li>\n<li>Doutorado;<\/li>\n<li>Doutorado Direto.<\/li>\n<\/ul>\n<p>&nbsp;<\/p>\n<p style=\"text-align: justify;\">As \u00e1reas de atua\u00e7\u00e3o do programa s\u00e3o definidas de forma din\u00e2mica, tendo a biotecnologia de aplica\u00e7\u00e3o industrial como diretriz. O programa inclui temas de pesquisa estrat\u00e9gicos para o pa\u00eds e de reconhecida relev\u00e2ncia internacional como a convers\u00e3o de biomassa, microbiologia aplicada, desenvolvimento de bioprocessos, enzimologia, biotecnologia ambiental, gen\u00f4mica funcional e engenharia gen\u00e9tica de plantas e micro-organismos, o desenho de reatores e a simula\u00e7\u00e3o computacional de bioprocessos.<\/p>\n<p style=\"text-align: justify;\">O site do PPGBI pode ser acessado atrav\u00e9s do link: <i><a href=\"http:\/\/www.sites.usp.br\/ppgbi\" target=\"_blank\" rel=\"noopener noreferrer\">http:\/\/www.sites.usp.br\/ppgbi<\/a><\/i><\/p>\n<p>&nbsp;<\/p>\n<p style=\"text-align: justify;\">\n<p><\/p>","protected":false},"excerpt":{"rendered":"<p>Programa de P\u00f3s-Gradua\u00e7\u00e3o em Biotecnologia Industrial Cursos: Mestrado; Doutorado; Doutorado Direto. &nbsp; As \u00e1reas de [&hellip;]<\/p>\n","protected":false},"author":492,"featured_media":0,"parent":0,"menu_order":0,"comment_status":"closed","ping_status":"closed","template":"","meta":{"footnotes":"","_links_to":"","_links_to_target":""},"class_list":["post-320","page","type-page","status-publish","hentry"],"_links":{"self":[{"href":"https:\/\/sites.usp.br\/lot\/wp-json\/wp\/v2\/pages\/320","targetHints":{"allow":["GET"]}}],"collection":[{"href":"https:\/\/sites.usp.br\/lot\/wp-json\/wp\/v2\/pages"}],"about":[{"href":"https:\/\/sites.usp.br\/lot\/wp-json\/wp\/v2\/types\/page"}],"author":[{"embeddable":true,"href":"https:\/\/sites.usp.br\/lot\/wp-json\/wp\/v2\/users\/492"}],"replies":[{"embeddable":true,"href":"https:\/\/sites.usp.br\/lot\/wp-json\/wp\/v2\/comments?post=320"}],"version-history":[{"count":5,"href":"https:\/\/sites.usp.br\/lot\/wp-json\/wp\/v2\/pages\/320\/revisions"}],"predecessor-version":[{"id":2696,"href":"https:\/\/sites.usp.br\/lot\/wp-json\/wp\/v2\/pages\/320\/revisions\/2696"}],"wp:attachment":[{"href":"https:\/\/sites.usp.br\/lot\/wp-json\/wp\/v2\/media?parent=320"}],"curies":[{"name":"wp","href":"https:\/\/api.w.org\/{rel}","templated":true}]}}