{"id":324,"date":"2017-05-16T09:54:59","date_gmt":"2017-05-16T12:54:59","guid":{"rendered":"http:\/\/sites.usp.br\/lot\/?page_id=324"},"modified":"2019-04-10T14:49:04","modified_gmt":"2019-04-10T17:49:04","slug":"iniciacao-cientifica","status":"publish","type":"page","link":"https:\/\/sites.usp.br\/lot\/en\/iniciacao-cientifica\/","title":{"rendered":"Scientific Initiation"},"content":{"rendered":"<p><\/p>\n<div><\/div>\n<div style=\"text-align: justify;\"><span style=\"color: #ff6600;\"><strong>\u00a0\u00a0 About the Scientific Initiation Program<br \/>\n<\/strong><\/span><\/div>\n<div style=\"text-align: justify;\"><\/div>\n<div style=\"text-align: justify;\"><\/div>\n<p>&nbsp;<\/p>\n<div style=\"text-align: justify;\"><strong>&#8211; PIBIC (Institutional Program of Scientific Initiation Scholarships)<\/strong><\/div>\n<div style=\"text-align: justify;\">\n<p class=\"rtejustify\">The Pr\u00f3-Reitoria de Pesquisa administers the Program of Scientific Initiation &#8211; PIC \/ USP destined to undergraduate students. The purpose of this program is to promote the development of the Institution&#8217;s Research, through the routing of undergraduate students to the scientific discovery, and familiarity with the procedure and methodology adopted in science and technology. The principle should govern the activities of Scientific Initiation, being directed primarily to the benefit of students, who have in the Program the opportunity to complement their academic training, improving their knowledge and preparation for professional life. In each Unit, the program is managed by the Comiss\u00e3o de Pesquisa of the Institution. Currently, the <strong>PIC\/USP<\/strong> presents three types of grants:<strong> PIBIC-CNPq, Institucional (RUSP) and Santander.<\/strong> The edict for scholarship application (new or renewal) is open once a year.<\/p>\n<p class=\"rtejustify\"><a href=\"http:\/\/cpq.eel.usp.br\/sites\/cpq.eel.usp.br\/files\/u3\/BOLSA%20PIBIC%20CNPq%20-%20informa%C3%A7%C3%B5es%20ao%20aluno-orientador.doc\">CNPq Information<\/a><\/p>\n<p>&nbsp;<\/p>\n<p class=\"rtejustify\"><strong>&#8211; PIBITI (Institutional Program of Initiation in Technological Development and Innovation Scholarships)<br \/>\n<\/strong><\/p>\n<p class=\"rtejustify\">This program aims to stimulate technical and undergraduate students into the development and transfer of new technologies and innovation. In addition, it aims at training human resources for research activities within the University. Like PIBIC, it is financed by CNPq, USP Rectory and Santander bank, and is managed by the Comiss\u00e3o de Pesquisa of each Unit. The Edict for Proposals for PIBITI grants (new or renewal) is open once a year, at the same time as the Edict for Proposals for PIC\/USP scholarships, keeping the same deadline for applications, substitutions, partial\/final report submissions, etc.<\/p>\n<p><a href=\"http:\/\/cpq.eel.usp.br\/sites\/cpq.eel.usp.br\/files\/u3\/BOLSA%20PIBITI%20CNPq%20-%20informa%C3%A7%C3%B5es%20ao%20aluno-orientador.doc\">CNPq Information<\/a><\/p>\n<p>&nbsp;<\/p>\n<p class=\"rtejustify\"><strong>&#8211; WITHOUT SCHOLARSHIP (Program of Scientific Initiation Without Scholarship)<br \/>\n<\/strong><\/p>\n<p class=\"rtejustify\">This modality of Scientific Initiation is directed to students who have some employment relationship and, therefore, can not receive a scholarship from the University, and\/or to students who have not been able to get a Scientific Initiation scholarship. It is managed by the respective Departments of the Unit.<\/p>\n<p>&nbsp;<\/p>\n<p class=\"rtejustify\"><strong>&#8211;\u00a0REPORTS<\/strong><\/p>\n<p class=\"rtejustify\">The advisors of the Scientific Initiation Program should ask the guided students to present a 6-month Partial Report and a 12-month Final Report, according to the calendar of the Comiss\u00e3o de Pesquisa and the instructions of Pr\u00f3-Reitoria de Pesquisa, and should keep aware of deadlines, as failure to submit the reports will result in the reimbursement of the monthly fees received.<\/p>\n<p class=\"rtejustify\">The guided students should send the reports in PDF to the e-mail <a href=\"mailto:cpq@eel.usp.br\">cpq@eel.usp.br<\/a>, and present a printed copy of the report, partial or final, as well as a copy of the formul\u00e1rio de encaminhamento do relat\u00f3rio parcial ou final, to the Comiss\u00e3o de Pesquisa. Reports should <strong>NOT<\/strong> be bound.<\/p>\n<hr \/>\n<p>&nbsp;<\/p>\n<\/div>\n<p><a href=\"http:\/\/www.cpq.eel.usp.br\/iniciacao_cientifica\/diretrizes_ic\" target=\"_blank\" rel=\"noopener\">GUIDELINES FOR OPENING OF SCIENTIFIC INITIATION AT EEL\/USP<\/a><\/p>\n<p>&nbsp;<\/p>","protected":false},"excerpt":{"rendered":"<p>\u00a0\u00a0 About the Scientific Initiation Program &nbsp; &#8211; PIBIC (Institutional Program of Scientific Initiation Scholarships) [&hellip;]<\/p>\n","protected":false},"author":492,"featured_media":0,"parent":0,"menu_order":0,"comment_status":"closed","ping_status":"closed","template":"","meta":{"footnotes":"","_links_to":"","_links_to_target":""},"class_list":["post-324","page","type-page","status-publish","hentry"],"_links":{"self":[{"href":"https:\/\/sites.usp.br\/lot\/en\/wp-json\/wp\/v2\/pages\/324","targetHints":{"allow":["GET"]}}],"collection":[{"href":"https:\/\/sites.usp.br\/lot\/en\/wp-json\/wp\/v2\/pages"}],"about":[{"href":"https:\/\/sites.usp.br\/lot\/en\/wp-json\/wp\/v2\/types\/page"}],"author":[{"embeddable":true,"href":"https:\/\/sites.usp.br\/lot\/en\/wp-json\/wp\/v2\/users\/492"}],"replies":[{"embeddable":true,"href":"https:\/\/sites.usp.br\/lot\/en\/wp-json\/wp\/v2\/comments?post=324"}],"version-history":[{"count":5,"href":"https:\/\/sites.usp.br\/lot\/en\/wp-json\/wp\/v2\/pages\/324\/revisions"}],"predecessor-version":[{"id":1059,"href":"https:\/\/sites.usp.br\/lot\/en\/wp-json\/wp\/v2\/pages\/324\/revisions\/1059"}],"wp:attachment":[{"href":"https:\/\/sites.usp.br\/lot\/en\/wp-json\/wp\/v2\/media?parent=324"}],"curies":[{"name":"wp","href":"https:\/\/api.w.org\/{rel}","templated":true}]}}