{"id":406,"date":"2017-05-16T17:00:15","date_gmt":"2017-05-16T20:00:15","guid":{"rendered":"http:\/\/sites.usp.br\/lot\/?page_id=406"},"modified":"2019-04-10T15:14:57","modified_gmt":"2019-04-10T18:14:57","slug":"biotecnologia-e-bioenergia","status":"publish","type":"page","link":"https:\/\/sites.usp.br\/lot\/biotecnologia-e-bioenergia\/","title":{"rendered":"Biotecnologia e a Bioenergia"},"content":{"rendered":"<p><\/p>\n<p style=\"text-align: justify;\">A atua\u00e7\u00e3o do Departamento de Biotecnologia na \u00e1rea de bioenergia remonta \u00e0 sua funda\u00e7\u00e3o quando foi determinante no desenvolvimento cient\u00ed\u00adfico e tecnol\u00f3gico do programa nacional do \u00c1lcool combust\u00edvel, o <em>&#8220;Pro-\u00c1\u0081lcool&#8221;.<\/em> Desde ent\u00e3o, os docentes deste departamento t\u00eam atuado numa \u00e1rea coesa de pesquisa que envolve basicamente os processos de convers\u00e3o da biomassa. Os temas de pesquisa incluem:<\/p>\n<p><strong>a)<\/strong> o pr\u00e9-tratamento e fracionamento dos componentes da biomassa;<\/p>\n<p><strong>b)<\/strong> os processos de biotratamento e convers\u00e3o enzim\u00e1tica destes componentes;<\/p>\n<p><strong>c)<\/strong> os estudos sobre a recalcitr\u00e2ncia da parede celular lignificada;<\/p>\n<p><strong>d)<\/strong> a convers\u00e3o dos componentes da biomassa por processos fermentativos, incluindo a produ\u00e7\u00e3o de etanol de segunda gera\u00e7\u00e3o e outros compostos de elevado interesse econ\u00f4mico e;<\/p>\n<p><strong>e)<\/strong> a transforma\u00e7\u00e3o da biomassa ou suas fra\u00e7\u00f5es em comp\u00f3sitos e\/ou compostos de elevado valor agregado.<\/p>","protected":false},"excerpt":{"rendered":"<p>A atua\u00e7\u00e3o do Departamento de Biotecnologia na \u00e1rea de bioenergia remonta \u00e0 sua funda\u00e7\u00e3o quando [&hellip;]<\/p>\n","protected":false},"author":492,"featured_media":0,"parent":0,"menu_order":0,"comment_status":"closed","ping_status":"closed","template":"","meta":{"footnotes":"","_links_to":"","_links_to_target":""},"class_list":["post-406","page","type-page","status-publish","hentry"],"_links":{"self":[{"href":"https:\/\/sites.usp.br\/lot\/wp-json\/wp\/v2\/pages\/406","targetHints":{"allow":["GET"]}}],"collection":[{"href":"https:\/\/sites.usp.br\/lot\/wp-json\/wp\/v2\/pages"}],"about":[{"href":"https:\/\/sites.usp.br\/lot\/wp-json\/wp\/v2\/types\/page"}],"author":[{"embeddable":true,"href":"https:\/\/sites.usp.br\/lot\/wp-json\/wp\/v2\/users\/492"}],"replies":[{"embeddable":true,"href":"https:\/\/sites.usp.br\/lot\/wp-json\/wp\/v2\/comments?post=406"}],"version-history":[{"count":4,"href":"https:\/\/sites.usp.br\/lot\/wp-json\/wp\/v2\/pages\/406\/revisions"}],"predecessor-version":[{"id":1066,"href":"https:\/\/sites.usp.br\/lot\/wp-json\/wp\/v2\/pages\/406\/revisions\/1066"}],"wp:attachment":[{"href":"https:\/\/sites.usp.br\/lot\/wp-json\/wp\/v2\/media?parent=406"}],"curies":[{"name":"wp","href":"https:\/\/api.w.org\/{rel}","templated":true}]}}