{"id":409,"date":"2017-05-16T17:04:51","date_gmt":"2017-05-16T20:04:51","guid":{"rendered":"http:\/\/sites.usp.br\/lot\/?page_id=409"},"modified":"2019-04-10T15:11:48","modified_gmt":"2019-04-10T18:11:48","slug":"linhas-de-pesquisa","status":"publish","type":"page","link":"https:\/\/sites.usp.br\/lot\/linhas-de-pesquisa\/","title":{"rendered":"Linhas de Pesquisa"},"content":{"rendered":"<p><span style=\"color: #003366;\"><strong>A Pesquisa no Departamento de Biotecnologia<\/strong><\/span><\/p>\n<p><em><strong>(Data de Atualiza\u00e7\u00e3o: Agosto\/2015)<\/strong><\/em><\/p>\n<p>O Departamento conta com 21 docentes coordenando pesquisas interdisciplinares de diversas \u00c1reas da biotecnologia. As pesquisas incluem temas variados com forte \u00eanfase nos processos que culminam em novas tecnologias de convers\u00e3o da biomassa vegetal.<\/p>\n<p>Os temas atuais de pesquisa do Departamento foram recentemente expandidos e incluem:<\/p>\n<hr \/>\n<p><span style=\"color: #003366;\"><strong>Convers\u00e3o biol\u00f3gica de pentoses e hexoses oriundas da biomassa vegetal:<\/strong><\/span><\/p>\n<p>&#8211; estudos de fisiologia microbiana;<\/p>\n<p>&#8211; desenvolvimento de bioprocessos, desenvolvimento de biorreatores;<\/p>\n<p>&#8211; recupera\u00e7\u00e3o de produtos de fermenta\u00e7\u00e3o;<\/p>\n<p>&#8211; busca por novos microrganismos melhor adaptados para as biotransforma\u00e7\u00f5es de materiais lignocelul\u00f3sicos e\/ou suas fra\u00e7\u00f5es.<\/p>\n<p><strong><em>D<span style=\"color: #003366;\">ocentes envolvidos:<\/span><\/em><\/strong><\/p>\n<ul>\n<li>Arnaldo M\u00e1rcio Ramalho Prata<\/li>\n<li>Fl\u00e1vio Teixeira da Silva<\/li>\n<li>In\u00eas Concei\u00e7\u00e3o Roberto<\/li>\n<li>J\u00falio C\u00e9sar dos Santos<\/li>\n<li>Maria das Gra\u00e7as de Almeida Felipe<\/li>\n<li>Rita de C\u00e1ssia Lacerda Brambilla Rodrigues<\/li>\n<li>S\u00edlvio Silv\u00e9rio da Silva<\/li>\n<li>Walter de Carvalho<\/li>\n<\/ul>\n<hr \/>\n<p><span style=\"color: #003366;\"><strong>Pr\u00e9-tratamento da biomassa vegetal e o desenvolvimento de modelos contempor\u00e2neos de biorrefinarias:<\/strong><\/span><\/p>\n<p>&#8211; processamento quimiotermomec\u00e2nico;<\/p>\n<p>&#8211; hidr\u00f3lise \u00c1cida e autohidr\u00f3lise<\/p>\n<p>&#8211; processamento por explos\u00e3o \u00e0 \u00a0vapor<\/p>\n<p>&#8211; processos organosolv<\/p>\n<p>&#8211; biotratamento<\/p>\n<p><span style=\"color: #003366;\"><strong><em>Docentes envolvidos:<\/em><\/strong><\/span><\/p>\n<ul>\n<li>Adriane Maria Ferreira Milagres<\/li>\n<li>Andr\u00e9 Ferraz<\/li>\n<li>Fl\u00e1vio Teixeira da Silva<\/li>\n<li>J\u00falio Cesar dos Santos<\/li>\n<li>In\u00eas Concei\u00e7\u00e3o Roberto<\/li>\n<li>Maria das Gra\u00e7as de Almeida Felipe<\/li>\n<li>S\u00edlvio Silv\u00e9rio da Silva<\/li>\n<li>Valdeir Arantes<\/li>\n<li>Walter de Carvalho<\/li>\n<\/ul>\n<hr \/>\n<p><span style=\"color: #003366;\"><strong>Hidr\u00f3lise enzim\u00e1tica de materiais lignocelul\u00f3sicos<\/strong>:<\/span><\/p>\n<p>&#8211; produ\u00e7\u00e3o e purifica\u00e7\u00e3o de enzimas;<\/p>\n<p>&#8211; estudos sobre mecanismos de a\u00e7\u00e3o enzim\u00e1tica;<\/p>\n<p>&#8211; desenvolvimento de processos e reatores para convers\u00e3o enzim\u00e1tica de biomassa;<\/p>\n<p>&#8211; desenvolvimento de m\u00e9todos e novos substratos para quantifica\u00e7\u00e3o de enzimas;<\/p>\n<p>&#8211; estudo das origens da recalcitr\u00c3\u00a2ncia da biomassa vegetal.<\/p>\n<p><span style=\"color: #003366;\"><strong><em>Docentes envolvidos:<\/em><\/strong><\/span><\/p>\n<ul>\n<li>Adriane Maria Ferreira Milagres<\/li>\n<li>Andr\u00e9 Ferraz<\/li>\n<li>Fl\u00e1vio Teixeira da Silva<\/li>\n<li>In\u00eas Concei\u00e7\u00e3o Roberto<\/li>\n<li>J\u00falio Cesar dos Santos<\/li>\n<li>S\u00edlvio Silv\u00e9rio da Silva<\/li>\n<li>Valdeir Arantes<\/li>\n<\/ul>\n<hr \/>\n<p><span style=\"color: #003366;\"><strong>Celulose, papel e derivados a partir de madeira e res\u00edduos agr\u00ed\u00adcolas<\/strong>:<\/span><\/p>\n<p>&#8211; desenvolvimento de processos de biopolpa\u00e7\u00e3o;<\/p>\n<p>&#8211; estudos sobre os mecanismos de biodegrada\u00e7\u00e3o da madeira;<\/p>\n<p>&#8211; recupera\u00e7\u00e3o enzim\u00e1tica e derivatiza\u00e7\u00e3o de xilanas;<\/p>\n<p>&#8211;\u00a0prepara\u00e7\u00e3oo de nanocristais de celulose e nanofibrilas de celulose por via enzim\u00e1tica;<\/p>\n<p>&#8211; polpa\u00e7\u00e3o kraft e quimiotermomec\u00e2nica;<\/p>\n<p>&#8211; controle microbiol\u00f3gico de processos de produ\u00e7\u00e3o de celulose.<\/p>\n<p><span style=\"color: #003366;\"><strong><em>Docentes envolvidos:<\/em><\/strong><\/span><\/p>\n<ul>\n<li>Adriane Maria Ferreira \u00a0Milagres<\/li>\n<li>Andr\u00e9 Ferraz<\/li>\n<li>Valdeir Arantes<\/li>\n<\/ul>\n<hr \/>\n<p><span style=\"color: #003366;\"><strong>Caracteriza\u00e7\u00e3o de materiais lignocelul\u00f3sicos:<\/strong><\/span><\/p>\n<p>&#8211; m\u00e9todos tradicionais de an\u00e1lise de componentes da parede celular vegetal;<\/p>\n<p>&#8211; estudos da distribui\u00e7\u00e3o topoqu\u00ed\u00admica de lignina e hemicelulose;<\/p>\n<p>&#8211; complexos lignina-carboidrato.<\/p>\n<p><span style=\"color: #003366;\"><strong><em>Docentes envolvidos:<\/em><\/strong><\/span><\/p>\n<ul>\n<li>Adriane Maria Ferreira Milagres<\/li>\n<li>Andr\u00e9 Ferraz<\/li>\n<li>Fl\u00e1vio Teixeira da Silva<\/li>\n<\/ul>\n<hr \/>\n<p><span style=\"color: #003366;\"><strong>Bebidas fermentadas e destiladas:<\/strong><\/span><\/p>\n<p>&#8211; desenvolvimento de novos processos cervejeiros;<\/p>\n<p>&#8211; produ\u00e7\u00e3o de bebidas destiladas.<\/p>\n<p><span style=\"color: #003366;\"><strong><em>Docentes envolvidos:<\/em><\/strong><\/span><\/p>\n<ul>\n<li>Jo\u00e3o Batista de Almeida e\u00a0Silva<\/li>\n<li>Ismael Maciel de Mancilha<\/li>\n<\/ul>\n<hr \/>\n<p><span style=\"color: #003366;\"><strong>Processos destinados ao tratamento e reuso de efluentes industriais, \u00e1guas superficiais e sedimentos contaminados:<\/strong><\/span><\/p>\n<p>&#8211; caracteriza\u00e7\u00e3o e monitoramento e tratamento de efluentes industriais;<\/p>\n<p>&#8211; caracteriza\u00e7\u00e3o e monitoramento ecotoxicol\u00f3gico de \u00e1guas superficiais e sedimentos.<\/p>\n<p><span style=\"color: #003366;\"><strong><em>Docentes envolvidos:<\/em><\/strong><\/span><\/p>\n<ul>\n<li>Fl\u00e1vio Teixeira da Silva<\/li>\n<li>Teresa Cristina Brazil de Paiva<\/li>\n<\/ul>\n<hr \/>\n<p><span style=\"color: #003366;\"><strong>Gen\u00f4mica e Biotecnologia vegetal:<\/strong><\/span><\/p>\n<p>&#8211; Bioinform\u00e1tica e filogenia de genes envolvidos na bioss\u00edntese da parede celular vegetal (desde algas at\u00e9 angiospermas);<br \/>\n&#8211; Express\u00e3o dos genes e correla\u00e7\u00e3o com a composi\u00e7\u00e3o qu\u00ed\u00admica da parede celular;<br \/>\n&#8211; Estudo de prote\u00ed\u00adnas de plantas com potencial efeito sobre a biomassa vegetal;<br \/>\n&#8211; Biologia sint\u00e9tica de plantas para reduzir a recalcitr\u00e2ncia vegetal e melhorar a biomassa vegetal.<\/p>\n<p><span style=\"color: #003366;\"><strong><em>Docentes envolvidos:<\/em><\/strong><\/span><\/p>\n<ul>\n<li>Elisson Ant\u00f4nio da Costa Romanel<\/li>\n<li>Tatiane da Franca Silva<\/li>\n<\/ul>\n<hr \/>\n<p><span style=\"color: #003366;\"><strong>Compostos e micro-organismos com caracter\u00ed\u00adsticas probi\u00f3ticas:<\/strong><\/span><\/p>\n<p>&#8211; desenvolvimento de produtos na \u00e1rea de nutri\u00e7\u00e3o animal e farmac\u00eautica.<\/p>\n<p><span style=\"color: #003366;\"><strong><em>Docentes envolvidos:<\/em><\/strong><\/span><\/p>\n<ul>\n<li>Ismael Maciel de Mancilha<\/li>\n<\/ul>\n<hr \/>\n<p><span style=\"color: #003366;\"><strong>Express\u00e3o heter\u00f3loga em fungos filamentosos:<\/strong><\/span><\/p>\n<p>&#8211; secret\u00f4mica de fungos degradadores de pol\u00ed\u00admeros de origem vegetal;<\/p>\n<p>&#8211; express\u00e3o heter\u00f3loga de glicosil hidrolases e enzimas oxidativas;<\/p>\n<p>&#8211; constru\u00e7\u00e3o de &#8220;cell factories&#8221;.<\/p>\n<p><span style=\"color: #003366;\"><strong><em>Docentes envolvidos:<\/em><\/strong><\/span><\/p>\n<ul>\n<li>Fernando Segato<\/li>\n<\/ul>\n<hr \/>\n<p>&nbsp;<\/p>","protected":false},"excerpt":{"rendered":"<p>A Pesquisa no Departamento de Biotecnologia (Data de Atualiza\u00e7\u00e3o: Agosto\/2015) O Departamento conta com 21 [&hellip;]<\/p>\n","protected":false},"author":492,"featured_media":0,"parent":0,"menu_order":0,"comment_status":"closed","ping_status":"closed","template":"","meta":{"footnotes":"","_links_to":"","_links_to_target":""},"class_list":["post-409","page","type-page","status-publish","hentry"],"_links":{"self":[{"href":"https:\/\/sites.usp.br\/lot\/wp-json\/wp\/v2\/pages\/409","targetHints":{"allow":["GET"]}}],"collection":[{"href":"https:\/\/sites.usp.br\/lot\/wp-json\/wp\/v2\/pages"}],"about":[{"href":"https:\/\/sites.usp.br\/lot\/wp-json\/wp\/v2\/types\/page"}],"author":[{"embeddable":true,"href":"https:\/\/sites.usp.br\/lot\/wp-json\/wp\/v2\/users\/492"}],"replies":[{"embeddable":true,"href":"https:\/\/sites.usp.br\/lot\/wp-json\/wp\/v2\/comments?post=409"}],"version-history":[{"count":4,"href":"https:\/\/sites.usp.br\/lot\/wp-json\/wp\/v2\/pages\/409\/revisions"}],"predecessor-version":[{"id":1064,"href":"https:\/\/sites.usp.br\/lot\/wp-json\/wp\/v2\/pages\/409\/revisions\/1064"}],"wp:attachment":[{"href":"https:\/\/sites.usp.br\/lot\/wp-json\/wp\/v2\/media?parent=409"}],"curies":[{"name":"wp","href":"https:\/\/api.w.org\/{rel}","templated":true}]}}