{"id":428,"date":"2017-05-16T17:44:36","date_gmt":"2017-05-16T20:44:36","guid":{"rendered":"http:\/\/sites.usp.br\/lot\/?page_id=428"},"modified":"2023-04-13T15:28:27","modified_gmt":"2023-04-13T18:28:27","slug":"premio-ciencia-de-impacto","status":"publish","type":"page","link":"https:\/\/sites.usp.br\/lot\/premio-ciencia-de-impacto\/","title":{"rendered":"Pr\u00eamio Ci\u00eancia de Impacto"},"content":{"rendered":"<p><a href=\"https:\/\/sites.usp.br\/lot\/wp-content\/uploads\/sites\/255\/2021\/07\/anuj-150x150-1.jpg\"><img loading=\"lazy\" decoding=\"async\" class=\" wp-image-1736 alignleft\" src=\"https:\/\/sites.usp.br\/lot\/wp-content\/uploads\/sites\/255\/2021\/07\/anuj-150x150-1.jpg\" alt=\"\" width=\"161\" height=\"161\" srcset=\"https:\/\/sites.usp.br\/lot\/wp-content\/uploads\/sites\/255\/2021\/07\/anuj-150x150-1.jpg 150w, https:\/\/sites.usp.br\/lot\/wp-content\/uploads\/sites\/255\/2021\/07\/anuj-150x150-1-45x45.jpg 45w\" sizes=\"auto, (max-width: 161px) 100vw, 161px\" \/><\/a><\/p>\n<p><span style=\"color: #ff6600;\"><b>Pr\u00eamio \u201cCi\u00eancia de Impacto em Biotecnologia\u201d\u00a0<\/b><b>2023<\/b><\/span><\/p>\n<p style=\"text-align: justify;\">O Conselho do Departamento de Biotecnologia concedeu o pr\u00eamio anual \u201cCi\u00eancia de Impacto de Biotecnologia\u201d em 2023 ao <strong>Prof. Anuj Kumar<\/strong>, pelo artigo intitulado \u201c<b>Process strategies to reduce cellulase enzyme loading for renewable sugar production in biorefineries\u201d,<\/b>\u00a0de autoria de: Cristiano E. Rodrigues Reis ; Nelson Libardi Junior; Heitor B.S. Bento; Ana Karine F. de Carvalho; Luciana Porto de Souza Vandenberghe; Carlos Ricardo Soccol; Tejraj M. AminabhavI; Anuj Kumar. O artigo foi publicado no peri\u00f3dico CHEMICAL ENGINEERING JOURNAL, v. 1, p. 138690-138700, 2022, cujo fator de impacto no JCR \u00e9 de 16.74;<\/p>\n<p>&nbsp;<\/p>\n<hr \/>\n<p><a href=\"https:\/\/sites.usp.br\/lot\/wp-content\/uploads\/sites\/255\/2019\/12\/profa-gra\u00e7a.png\"><img loading=\"lazy\" decoding=\"async\" class=\" wp-image-1432 alignleft\" src=\"https:\/\/sites.usp.br\/lot\/wp-content\/uploads\/sites\/255\/2019\/12\/profa-gra\u00e7a.png\" alt=\"\" width=\"113\" height=\"171\" \/><\/a><\/p>\n<p><span style=\"color: #ff6600;\"><b>Pr\u00eamio \u201cCi\u00eancia de Impacto em Biotecnologia\u201d\u00a0<\/b><b>2022<\/b><\/span><\/p>\n<p style=\"text-align: justify;\">O Departamento de Biotecnologia, atrav\u00e9s de seu Conselho de Departamento, confere o pr\u00eamio anual \u201cCi\u00eancia de Impacto em Biotecnologia\u201d a\u00a0<b><i>Profa.\u00a0Maria das Gra\u00e7as de Almeida Felipe,<\/i><\/b>\u00a0pela autoria na publica\u00e7\u00e3o do artigo com maior fator de impacto do departamento em 2021.\u00a0O artigo intitulado\u00a0<b>\u201c\u00a0<\/b><b><span lang=\"EN-US\">Scaling up xylitol bioproduction: challenges to achieve a profitable bioprocess\u201d<\/span><\/b><span lang=\"EN-US\">, de autoria de\u00a0<\/span><b>Maria das Gra\u00e7as de Almeida\u00a0Felipe<\/b>,\u00a0<b>Sarah de Souza Queiroz<\/b>;\u00a0<b>Fanny Machado Jofre<\/b>;\u00a0<b>Solange In\u00eas Mussato<\/b>. Publicado no peri\u00f3dico RENEWABLE &amp; SUSTAINABLE ENERGY REVIEWS, v. 154, p. 11789-xx, 2021, cujo fator de impacto no JCR \u00e9 de 14.98.<\/p>\n<p>&nbsp;<\/p>\n<hr \/>\n<p style=\"text-align: justify;\"><a href=\"https:\/\/sites.usp.br\/lot\/wp-content\/uploads\/sites\/255\/2021\/07\/anuj-150x150-1.jpg\"><span style=\"color: #ff6600;\"><b>Pr\u00eamio \u201cCi\u00eancia de Impacto em Biotecnologia\u201d\u00a0<\/b><b>2021<\/b><\/span><img loading=\"lazy\" decoding=\"async\" class=\"size-full wp-image-1736 alignleft\" src=\"https:\/\/sites.usp.br\/lot\/wp-content\/uploads\/sites\/255\/2021\/07\/anuj-150x150-1.jpg\" alt=\"\" width=\"150\" height=\"150\" srcset=\"https:\/\/sites.usp.br\/lot\/wp-content\/uploads\/sites\/255\/2021\/07\/anuj-150x150-1.jpg 150w, https:\/\/sites.usp.br\/lot\/wp-content\/uploads\/sites\/255\/2021\/07\/anuj-150x150-1-45x45.jpg 45w\" sizes=\"auto, (max-width: 150px) 100vw, 150px\" \/><\/a><\/p>\n<p style=\"text-align: justify;\">O Departamento de Biotecnologia, atrav\u00e9s de seu Conselho de Departamento, confere\u00a0 o\u00a0 pr\u00eamio ci\u00eancia de impacto em biotecnologia ao\u00a0<b><i>Dr.\u00a0<\/i><\/b><b><i>Anuj<\/i><\/b>\u00a0<b><i>Kumar<\/i><\/b><b><i>,<\/i><\/b>\u00a0pela autoria na publica\u00e7\u00e3o do artigo com maior fator de impacto do departamento em 2020. O artigo intitulado\u00a0<b>\u201c<\/b>Circular economy aspects of lignin: Towards a lignocellulose biorefinery\u201d, de autoria de Garlapati, Vijay Kumar ; Chandel, Anuj K. ; KUMAR, S.P. JEEVAN ; SHARMA, SWATI ; SEVDA, SURAJBHAN ; INGLE, AVINASH P. ; PANT, DEEPAK, publicado no peri\u00f3dico RENEWABLE &amp; SUSTAINABLE ENERGY REVIEWS, v. 130, p. 109977-13, 2020, cujo fator de impacto no JCR foi de 12.11.<\/p>\n<p>&nbsp;<\/p>\n<hr \/>\n<p>&nbsp;<\/p>\n<p><span style=\"color: #ff6600;\"><b>Pr\u00eamio \u201cCi\u00eancia de Impacto em Biotecnologia\u201d <\/b><b>2016<\/b><\/span><\/p>\n<div style=\"text-align: justify;\"><a href=\"https:\/\/sites.usp.br\/lot\/wp-content\/uploads\/sites\/255\/2021\/07\/elisson-150x150-1.jpg\"><img loading=\"lazy\" decoding=\"async\" class=\"size-full wp-image-1746 alignleft\" src=\"https:\/\/sites.usp.br\/lot\/wp-content\/uploads\/sites\/255\/2021\/07\/elisson-150x150-1.jpg\" alt=\"\" width=\"150\" height=\"150\" srcset=\"https:\/\/sites.usp.br\/lot\/wp-content\/uploads\/sites\/255\/2021\/07\/elisson-150x150-1.jpg 150w, https:\/\/sites.usp.br\/lot\/wp-content\/uploads\/sites\/255\/2021\/07\/elisson-150x150-1-45x45.jpg 45w\" sizes=\"auto, (max-width: 150px) 100vw, 150px\" \/><\/a><\/div>\n<div><\/div>\n<div style=\"text-align: justify;\">O Departamento de Biotecnologia, atrav\u00e9s de seu conselho de departamento, conferiu o pr\u00eamio <strong>&#8220;Ci\u00eancia de Impacto em Biotecnologia&#8221;<\/strong> ao <strong>Prof. Dr. Elisson Ant\u00f4nio da Costa Romanel<\/strong>, pela co-autoria na publica\u00e7\u00e3o do artigo com o maior fator de impacto do departamento em 2015. O artigo intitulado &#8220;The floral transcriptome of Eucalyptus grandis&#8221; de autoria de K. J. Vining, E. Romanel, R. C. Jones, A. Klocko, M. Alves-Ferreira e colaboradores foi publicado no peri\u00f3dico New Phytologist, cujo fator de impacto no JCR \u00e9 de 7,7.<\/div>\n<div><\/div>\n<div style=\"text-align: justify;\"><\/div>\n<div><\/div>\n<div style=\"text-align: justify;\"><a href=\"https:\/\/sites.usp.br\/lot\/wp-content\/uploads\/sites\/255\/2019\/04\/foto-prof.-silvio.png\"><img loading=\"lazy\" decoding=\"async\" class=\"wp-image-1100 size-thumbnail alignleft\" src=\"https:\/\/sites.usp.br\/lot\/wp-content\/uploads\/sites\/255\/2019\/04\/foto-prof.-silvio-150x150.png\" alt=\"\" width=\"150\" height=\"150\" srcset=\"https:\/\/sites.usp.br\/lot\/wp-content\/uploads\/sites\/255\/2019\/04\/foto-prof.-silvio-150x150.png 150w, https:\/\/sites.usp.br\/lot\/wp-content\/uploads\/sites\/255\/2019\/04\/foto-prof.-silvio-300x300.png 300w, https:\/\/sites.usp.br\/lot\/wp-content\/uploads\/sites\/255\/2019\/04\/foto-prof.-silvio-45x45.png 45w, https:\/\/sites.usp.br\/lot\/wp-content\/uploads\/sites\/255\/2019\/04\/foto-prof.-silvio-200x200.png 200w, https:\/\/sites.usp.br\/lot\/wp-content\/uploads\/sites\/255\/2019\/04\/foto-prof.-silvio.png 385w\" sizes=\"auto, (max-width: 150px) 100vw, 150px\" \/><\/a><\/div>\n<div><\/div>\n<div style=\"text-align: justify;\">O Departamento tamb\u00e9m conferiu a <strong>&#8220;Men\u00e7\u00e3o honrosa&#8221;<\/strong> 2016 ao <strong>Prof. Dr. S\u00edlvio Silv\u00e9rio da Silva,<\/strong> pela co-autoria na publica\u00e7\u00e3o do artigo de maior fator de impacto com co-autoria de alunos da p\u00f3s gradua\u00e7\u00e3o do departamento em 2015. O artigo intitulado &#8220;Biodelignification of lignocellulose substrates: An intrinsic and sustainable pretreatment strategy for clean energy production&#8221; de autoria de A. K. Chandel, B. C. M. Goncalves, J. L. Strap and S. S. da Silva foi publicado no peri\u00f3dico Critical Reviews in Biotechnology, cujo fator de impacto no JCR \u00e9 de 7,2.<\/div>\n<p><\/p>","protected":false},"excerpt":{"rendered":"<p>Pr\u00eamio \u201cCi\u00eancia de Impacto em Biotecnologia\u201d\u00a02023 O Conselho do Departamento de Biotecnologia concedeu o pr\u00eamio [&hellip;]<\/p>\n","protected":false},"author":492,"featured_media":0,"parent":0,"menu_order":0,"comment_status":"closed","ping_status":"closed","template":"","meta":{"footnotes":"","_links_to":"","_links_to_target":""},"class_list":["post-428","page","type-page","status-publish","hentry"],"_links":{"self":[{"href":"https:\/\/sites.usp.br\/lot\/wp-json\/wp\/v2\/pages\/428","targetHints":{"allow":["GET"]}}],"collection":[{"href":"https:\/\/sites.usp.br\/lot\/wp-json\/wp\/v2\/pages"}],"about":[{"href":"https:\/\/sites.usp.br\/lot\/wp-json\/wp\/v2\/types\/page"}],"author":[{"embeddable":true,"href":"https:\/\/sites.usp.br\/lot\/wp-json\/wp\/v2\/users\/492"}],"replies":[{"embeddable":true,"href":"https:\/\/sites.usp.br\/lot\/wp-json\/wp\/v2\/comments?post=428"}],"version-history":[{"count":5,"href":"https:\/\/sites.usp.br\/lot\/wp-json\/wp\/v2\/pages\/428\/revisions"}],"predecessor-version":[{"id":2420,"href":"https:\/\/sites.usp.br\/lot\/wp-json\/wp\/v2\/pages\/428\/revisions\/2420"}],"wp:attachment":[{"href":"https:\/\/sites.usp.br\/lot\/wp-json\/wp\/v2\/media?parent=428"}],"curies":[{"name":"wp","href":"https:\/\/api.w.org\/{rel}","templated":true}]}}