{"id":551,"date":"2017-05-19T16:38:48","date_gmt":"2017-05-19T19:38:48","guid":{"rendered":"http:\/\/sites.usp.br\/lot\/?page_id=551"},"modified":"2019-04-10T14:57:06","modified_gmt":"2019-04-10T17:57:06","slug":"microbiologia-com-pratica","status":"publish","type":"page","link":"https:\/\/sites.usp.br\/lot\/microbiologia-com-pratica\/","title":{"rendered":"Microbiologia com Pr\u00e1tica"},"content":{"rendered":"<p><\/p>\n<p style=\"text-align: justify;\"><strong><span style=\"color: #003366;\">Programa Aprendendo Microbiologia com Pr\u00e1tica<\/span><\/strong><\/p>\n<p style=\"text-align: justify;\"><span style=\"color: #800000;\">Tutorial<\/span><\/p>\n<p style=\"text-align: justify;\"><strong>1.<\/strong> O Programa Aprendendo Microbiologia com Pr\u00e1tica visa atender, prioritariamente, \u00e0 demanda dos alunos do curso de gradua\u00e7\u00e3o em Engenharia Bioqu\u00edmica da EEL-USP;<\/p>\n<p style=\"text-align: justify;\"><strong>2.<\/strong> Se voc\u00ea acessou este Tutorial \u00e9 porque pretende desenvolver alguma atividade experimental em Microbiologia, estimulado por uma curiosidade pessoal ou de um colega, uma leitura, etc. Certifique-se de que sabe com clareza o prop\u00f3sito da atividade que pretende desenvolver. Lembre-se de que as atividades devem ser simples e poss\u00edveis de se executar em uma semana. O tempo para a realiza\u00e7\u00e3o de todo o processo est\u00e1 previsto em cerca de 30 dias;<\/p>\n<p style=\"text-align: justify;\"><strong>3.<\/strong> Inicialmente, providencie um plano de trabalho, de acordo com as instru\u00e7\u00f5es constantes no documento Diretrizes Plano de trabalho, cujo arquivo pode ser obtido neste s\u00edtio <a href=\"\/\/sites.usp.br\/lot\/wp-content\/uploads\/sites\/255\/2017\/06\/Diretrizes-Plano-de-Trabalho-jun-17.docx\">(clique aqui)<\/a>. Preencha o plano de trabalho at\u00e9 o item 3 da PARTE I;<\/p>\n<p style=\"text-align: justify;\"><strong>4.<\/strong> Em seguida, procure um(a) professor(a) que possa ser o seu supervisor neste trabalho. Este(a) professor(a) ter\u00e1 3 fun\u00e7\u00f5es principais: opinar sobre o seu plano de trabalho; ajud\u00e1-lo a interpretar os resultados obtidos e elaborar um parecer sucinto sobre o seu relat\u00f3rio;<\/p>\n<p style=\"text-align: justify;\"><strong>5.<\/strong> Com o plano de trabalho definido com o(a) supervisor(a) at\u00e9 o item 4 (PARTE I), procure o respons\u00e1vel pelo Laborat\u00f3rio de Microbiologia Experimental, ou um t\u00e9cnico deste, para providenciar o material necess\u00e1rio e agendar o uso do laborat\u00f3rio. Neste ponto voc\u00ea ter\u00e1 condi\u00e7\u00f5es de preencher o item 5 do plano de trabalho (Cronograma).<\/p>\n<p style=\"text-align: justify;\">Obs.: Caso algum procedimento esteja previsto para ser realizado em outro laborat\u00f3rio que n\u00e3o o citado acima, converse com o respons\u00e1vel por tal laborat\u00f3rio e recolha sua assinatura no plano de trabalho;<\/p>\n<p style=\"text-align: justify;\"><strong>6.<\/strong> Envie a vers\u00e3o final do plano de trabalho (c\u00f3pia digitalizada) para a secretaria da Comiss\u00e3o de Coordena\u00e7\u00e3o do Curso de Engenharia Bioqu\u00edmica (coc.eb@eel.usp.br), colocando no campo assunto o texto \u201cAprendendo Microbiologia com Pr\u00e1tica\u201d.<\/p>\n<p style=\"text-align: justify;\">Obs.: A vers\u00e3o final do plano de trabalho deve estar assinada por voc\u00ea, pelo(a) supervisor(a) e pelo(s) respons\u00e1vel(eis) pelo(s) laborat\u00f3rio(s) a ser(em) utilizado(s);<\/p>\n<p style=\"text-align: justify;\"><strong>7.<\/strong> Para iniciar as atividades experimentais, aguarde a confirma\u00e7\u00e3o do recebimento do seu plano de trabalho pela CoC-EB.<\/p>\n<p style=\"text-align: justify;\">Obs.: Grave o n\u00famero do plano de trabalho fornecido pelo t\u00e9cnico, pois esse dever\u00e1 ser inserido em campo espec\u00edfico no relat\u00f3rio;<\/p>\n<p style=\"text-align: justify;\"><strong>8.<\/strong> Observe as normas t\u00e9cnicas e de seguran\u00e7a para a realiza\u00e7\u00e3o de atividades experimentais em laborat\u00f3rio e siga as orienta\u00e7\u00f5es do(s) t\u00e9cnico(s);<\/p>\n<p style=\"text-align: justify;\"><strong>9.<\/strong> Ap\u00f3s realizar os experimentos, discuta\/interprete os resultados com seu(sua) supervisor(a) e elabore um relat\u00f3rio de atividades, de acordo com as instru\u00e7\u00f5es constantes no documento Modelo Relat\u00f3rio, cujo arquivo pode ser obtido neste s\u00edtio <a href=\"\/\/sites.usp.br\/lot\/wp-content\/uploads\/sites\/255\/2017\/06\/Modelo-Relatorio-jun-17.docx\">(clique aqui)<\/a>;<\/p>\n<p style=\"text-align: justify;\"><strong>10.<\/strong> Encaminhe o relat\u00f3rio (c\u00f3pia digitalizada) para a CoC-EB, conforme as instru\u00e7\u00f5es do item 6.<\/p>\n<p style=\"text-align: justify;\">Obs.: O relat\u00f3rio deve conter a sua assinatura e a do(a) seu(sua) supervisor(a).<\/p>\n<p><\/p>","protected":false},"excerpt":{"rendered":"<p>Programa Aprendendo Microbiologia com Pr\u00e1tica Tutorial 1. O Programa Aprendendo Microbiologia com Pr\u00e1tica visa atender, [&hellip;]<\/p>\n","protected":false},"author":492,"featured_media":0,"parent":0,"menu_order":0,"comment_status":"closed","ping_status":"closed","template":"","meta":{"footnotes":"","_links_to":"","_links_to_target":""},"class_list":["post-551","page","type-page","status-publish","hentry"],"_links":{"self":[{"href":"https:\/\/sites.usp.br\/lot\/wp-json\/wp\/v2\/pages\/551","targetHints":{"allow":["GET"]}}],"collection":[{"href":"https:\/\/sites.usp.br\/lot\/wp-json\/wp\/v2\/pages"}],"about":[{"href":"https:\/\/sites.usp.br\/lot\/wp-json\/wp\/v2\/types\/page"}],"author":[{"embeddable":true,"href":"https:\/\/sites.usp.br\/lot\/wp-json\/wp\/v2\/users\/492"}],"replies":[{"embeddable":true,"href":"https:\/\/sites.usp.br\/lot\/wp-json\/wp\/v2\/comments?post=551"}],"version-history":[{"count":4,"href":"https:\/\/sites.usp.br\/lot\/wp-json\/wp\/v2\/pages\/551\/revisions"}],"predecessor-version":[{"id":1060,"href":"https:\/\/sites.usp.br\/lot\/wp-json\/wp\/v2\/pages\/551\/revisions\/1060"}],"wp:attachment":[{"href":"https:\/\/sites.usp.br\/lot\/wp-json\/wp\/v2\/media?parent=551"}],"curies":[{"name":"wp","href":"https:\/\/api.w.org\/{rel}","templated":true}]}}