{"id":421,"date":"2019-08-05T09:40:00","date_gmt":"2019-08-05T12:40:00","guid":{"rendered":"http:\/\/sites.usp.br\/lpfg\/?page_id=421"},"modified":"2019-08-07T15:39:23","modified_gmt":"2019-08-07T18:39:23","slug":"colaborators","status":"publish","type":"page","link":"https:\/\/sites.usp.br\/lpfg\/en\/colaborators\/","title":{"rendered":"External Collaborators"},"content":{"rendered":"\t\t<div data-elementor-type=\"wp-post\" data-elementor-id=\"421\" class=\"elementor elementor-421\">\n\t\t\t\t\t\t<section class=\"elementor-section elementor-top-section elementor-element elementor-element-ab78c58 elementor-section-boxed elementor-section-height-default elementor-section-height-default\" data-id=\"ab78c58\" data-element_type=\"section\">\n\t\t\t\t\t\t<div class=\"elementor-container elementor-column-gap-default\">\n\t\t\t\t\t<div class=\"elementor-column elementor-col-100 elementor-top-column elementor-element elementor-element-6261e4b\" data-id=\"6261e4b\" data-element_type=\"column\">\n\t\t\t<div class=\"elementor-widget-wrap elementor-element-populated\">\n\t\t\t\t\t\t<div class=\"elementor-element elementor-element-0920178 elementor-position-left elementor-vertical-align-top elementor-widget elementor-widget-image-box\" data-id=\"0920178\" data-element_type=\"widget\" data-widget_type=\"image-box.default\">\n\t\t\t\t<div class=\"elementor-widget-container\">\n\t\t\t<div class=\"elementor-image-box-wrapper\"><figure class=\"elementor-image-box-img\"><a href=\"http:\/\/www.castelli-lab.net\" target=\"_blank\" tabindex=\"-1\"><img fetchpriority=\"high\" decoding=\"async\" width=\"712\" height=\"617\" src=\"https:\/\/sites.usp.br\/lpfg\/wp-content\/uploads\/sites\/463\/2019\/08\/lgmb.png\" class=\"attachment-full size-full wp-image-431\" alt=\"\" srcset=\"https:\/\/sites.usp.br\/lpfg\/wp-content\/uploads\/sites\/463\/2019\/08\/lgmb.png 712w, https:\/\/sites.usp.br\/lpfg\/wp-content\/uploads\/sites\/463\/2019\/08\/lgmb-300x260.png 300w, https:\/\/sites.usp.br\/lpfg\/wp-content\/uploads\/sites\/463\/2019\/08\/lgmb-400x347.png 400w\" sizes=\"(max-width: 712px) 100vw, 712px\" \/><\/a><\/figure><div class=\"elementor-image-box-content\"><h3 class=\"elementor-image-box-title\"><a href=\"http:\/\/www.castelli-lab.net\" target=\"_blank\">Molecular Genetics and Bioinformatics Laboratory - UNESP<\/a><\/h3><p class=\"elementor-image-box-description\">Dr. Erick C. Castelli<\/p><\/div><\/div>\t\t<\/div>\n\t\t\t\t<\/div>\n\t\t\t\t\t<\/div>\n\t\t<\/div>\n\t\t\t\t\t<\/div>\n\t\t<\/section>\n\t\t\t\t<section class=\"elementor-section elementor-top-section elementor-element elementor-element-c0c8bbd elementor-section-boxed elementor-section-height-default elementor-section-height-default\" data-id=\"c0c8bbd\" data-element_type=\"section\">\n\t\t\t\t\t\t<div class=\"elementor-container elementor-column-gap-default\">\n\t\t\t\t\t<div class=\"elementor-column elementor-col-100 elementor-top-column elementor-element elementor-element-10b7a95\" data-id=\"10b7a95\" data-element_type=\"column\">\n\t\t\t<div class=\"elementor-widget-wrap elementor-element-populated\">\n\t\t\t\t\t\t<div class=\"elementor-element elementor-element-b8eaccd elementor-position-left elementor-vertical-align-top elementor-widget elementor-widget-image-box\" data-id=\"b8eaccd\" data-element_type=\"widget\" data-widget_type=\"image-box.default\">\n\t\t\t\t<div class=\"elementor-widget-container\">\n\t\t\t<div class=\"elementor-image-box-wrapper\"><figure class=\"elementor-image-box-img\"><a href=\"http:\/\/buscatextual.cnpq.br\/buscatextual\/visualizacv.do?id=K4783657D7\" target=\"_blank\" tabindex=\"-1\"><img decoding=\"async\" width=\"517\" height=\"514\" src=\"https:\/\/sites.usp.br\/lpfg\/wp-content\/uploads\/sites\/463\/2019\/08\/clinica-medica.png\" class=\"attachment-full size-full wp-image-432\" alt=\"\" srcset=\"https:\/\/sites.usp.br\/lpfg\/wp-content\/uploads\/sites\/463\/2019\/08\/clinica-medica.png 517w, https:\/\/sites.usp.br\/lpfg\/wp-content\/uploads\/sites\/463\/2019\/08\/clinica-medica-150x150.png 150w, https:\/\/sites.usp.br\/lpfg\/wp-content\/uploads\/sites\/463\/2019\/08\/clinica-medica-300x298.png 300w, https:\/\/sites.usp.br\/lpfg\/wp-content\/uploads\/sites\/463\/2019\/08\/clinica-medica-45x45.png 45w, https:\/\/sites.usp.br\/lpfg\/wp-content\/uploads\/sites\/463\/2019\/08\/clinica-medica-200x200.png 200w, https:\/\/sites.usp.br\/lpfg\/wp-content\/uploads\/sites\/463\/2019\/08\/clinica-medica-400x398.png 400w\" sizes=\"(max-width: 517px) 100vw, 517px\" \/><\/a><\/figure><div class=\"elementor-image-box-content\"><h3 class=\"elementor-image-box-title\"><a href=\"http:\/\/buscatextual.cnpq.br\/buscatextual\/visualizacv.do?id=K4783657D7\" target=\"_blank\">Laborat\u00f3rio Multiusu\u00e1rio de Biologia Molecular - FMRP\/USP<\/a><\/h3><p class=\"elementor-image-box-description\">Dr. Eduardo Ant\u00f4nio Donadi<\/p><\/div><\/div>\t\t<\/div>\n\t\t\t\t<\/div>\n\t\t\t\t\t<\/div>\n\t\t<\/div>\n\t\t\t\t\t<\/div>\n\t\t<\/section>\n\t\t\t\t<section class=\"elementor-section elementor-top-section elementor-element elementor-element-bd4c626 elementor-section-boxed elementor-section-height-default elementor-section-height-default\" data-id=\"bd4c626\" data-element_type=\"section\">\n\t\t\t\t\t\t<div class=\"elementor-container elementor-column-gap-default\">\n\t\t\t\t\t<div class=\"elementor-column elementor-col-100 elementor-top-column elementor-element elementor-element-df7c1d2\" data-id=\"df7c1d2\" data-element_type=\"column\">\n\t\t\t<div class=\"elementor-widget-wrap elementor-element-populated\">\n\t\t\t\t\t\t<div class=\"elementor-element elementor-element-e602850 elementor-position-left elementor-vertical-align-top elementor-widget elementor-widget-image-box\" data-id=\"e602850\" data-element_type=\"widget\" data-widget_type=\"image-box.default\">\n\t\t\t\t<div class=\"elementor-widget-container\">\n\t\t\t<div class=\"elementor-image-box-wrapper\"><figure class=\"elementor-image-box-img\"><a href=\"http:\/\/buscatextual.cnpq.br\/buscatextual\/visualizacv.do?id=K4788150Z9\" target=\"_blank\" tabindex=\"-1\"><img decoding=\"async\" width=\"203\" height=\"150\" src=\"https:\/\/sites.usp.br\/lpfg\/wp-content\/uploads\/sites\/463\/2019\/08\/pggen.jpg\" class=\"attachment-full size-full wp-image-433\" alt=\"\" srcset=\"https:\/\/sites.usp.br\/lpfg\/wp-content\/uploads\/sites\/463\/2019\/08\/pggen.jpg 203w, https:\/\/sites.usp.br\/lpfg\/wp-content\/uploads\/sites\/463\/2019\/08\/pggen-80x60.jpg 80w\" sizes=\"(max-width: 203px) 100vw, 203px\" \/><\/a><\/figure><div class=\"elementor-image-box-content\"><h3 class=\"elementor-image-box-title\"><a href=\"http:\/\/buscatextual.cnpq.br\/buscatextual\/visualizacv.do?id=K4788150Z9\" target=\"_blank\">Laborat\u00f3rio de Gen\u00e9tica Bioqu\u00edmica - FMRP\/USP<\/a><\/h3><p class=\"elementor-image-box-description\">Dr. Aguinaldo Luiz Sim\u00f5es<\/p><\/div><\/div>\t\t<\/div>\n\t\t\t\t<\/div>\n\t\t\t\t\t<\/div>\n\t\t<\/div>\n\t\t\t\t\t<\/div>\n\t\t<\/section>\n\t\t\t\t<section class=\"elementor-section elementor-top-section elementor-element elementor-element-18f8f99 elementor-section-content-middle elementor-section-boxed elementor-section-height-default elementor-section-height-default\" data-id=\"18f8f99\" data-element_type=\"section\">\n\t\t\t\t\t\t<div class=\"elementor-container elementor-column-gap-default\">\n\t\t\t\t\t<div class=\"elementor-column elementor-col-100 elementor-top-column elementor-element elementor-element-3f1d614\" data-id=\"3f1d614\" data-element_type=\"column\">\n\t\t\t<div class=\"elementor-widget-wrap elementor-element-populated\">\n\t\t\t\t\t\t<div class=\"elementor-element elementor-element-5b056ef elementor-position-left elementor-vertical-align-top elementor-widget elementor-widget-image-box\" data-id=\"5b056ef\" data-element_type=\"widget\" data-widget_type=\"image-box.default\">\n\t\t\t\t<div class=\"elementor-widget-container\">\n\t\t\t<div class=\"elementor-image-box-wrapper\"><figure class=\"elementor-image-box-img\"><a href=\"https:\/\/en.ird.fr\/content\/view\/full\/71333\" target=\"_blank\" tabindex=\"-1\"><img loading=\"lazy\" decoding=\"async\" width=\"300\" height=\"120\" src=\"https:\/\/sites.usp.br\/lpfg\/wp-content\/uploads\/sites\/463\/2019\/08\/4353.png\" class=\"attachment-full size-full wp-image-478\" alt=\"\" \/><\/a><\/figure><div class=\"elementor-image-box-content\"><h3 class=\"elementor-image-box-title\"><a href=\"https:\/\/en.ird.fr\/content\/view\/full\/71333\" target=\"_blank\">Institut de Recherche pour le D\u00e9veloppement<\/a><\/h3><p class=\"elementor-image-box-description\">Dr. David Courtin<br>\n\nDr. Audrey Sabbagh<\/p><\/div><\/div>\t\t<\/div>\n\t\t\t\t<\/div>\n\t\t\t\t\t<\/div>\n\t\t<\/div>\n\t\t\t\t\t<\/div>\n\t\t<\/section>\n\t\t\t\t<section class=\"elementor-section elementor-top-section elementor-element elementor-element-460829c elementor-section-content-middle elementor-section-boxed elementor-section-height-default elementor-section-height-default\" data-id=\"460829c\" data-element_type=\"section\">\n\t\t\t\t\t\t<div class=\"elementor-container elementor-column-gap-default\">\n\t\t\t\t\t<div class=\"elementor-column elementor-col-100 elementor-top-column elementor-element elementor-element-d9a9eb3\" data-id=\"d9a9eb3\" data-element_type=\"column\">\n\t\t\t<div class=\"elementor-widget-wrap elementor-element-populated\">\n\t\t\t\t\t\t<div class=\"elementor-element elementor-element-11c94b1 elementor-position-left elementor-vertical-align-top elementor-widget elementor-widget-image-box\" data-id=\"11c94b1\" data-element_type=\"widget\" data-widget_type=\"image-box.default\">\n\t\t\t\t<div class=\"elementor-widget-container\">\n\t\t\t<div class=\"elementor-image-box-wrapper\"><figure class=\"elementor-image-box-img\"><a href=\"http:\/\/jacob.cea.fr\/drf\/ifrancoisjacob\/Pages\/Departements\/SRHI.aspx\" target=\"_blank\" tabindex=\"-1\"><img loading=\"lazy\" decoding=\"async\" width=\"1676\" height=\"679\" src=\"https:\/\/sites.usp.br\/lpfg\/wp-content\/uploads\/sites\/463\/2019\/08\/Logo_of_Paris_Diderot_University.jpg\" class=\"attachment-full size-full wp-image-480\" alt=\"\" srcset=\"https:\/\/sites.usp.br\/lpfg\/wp-content\/uploads\/sites\/463\/2019\/08\/Logo_of_Paris_Diderot_University.jpg 1676w, https:\/\/sites.usp.br\/lpfg\/wp-content\/uploads\/sites\/463\/2019\/08\/Logo_of_Paris_Diderot_University-300x122.jpg 300w, https:\/\/sites.usp.br\/lpfg\/wp-content\/uploads\/sites\/463\/2019\/08\/Logo_of_Paris_Diderot_University-768x311.jpg 768w, https:\/\/sites.usp.br\/lpfg\/wp-content\/uploads\/sites\/463\/2019\/08\/Logo_of_Paris_Diderot_University-1024x415.jpg 1024w, https:\/\/sites.usp.br\/lpfg\/wp-content\/uploads\/sites\/463\/2019\/08\/Logo_of_Paris_Diderot_University-400x162.jpg 400w\" sizes=\"(max-width: 1676px) 100vw, 1676px\" \/><\/a><\/figure><div class=\"elementor-image-box-content\"><h3 class=\"elementor-image-box-title\"><a href=\"http:\/\/jacob.cea.fr\/drf\/ifrancoisjacob\/Pages\/Departements\/SRHI.aspx\" target=\"_blank\">Service de Recherches en H\u00e9mato-Immunologie<\/a><\/h3><p class=\"elementor-image-box-description\">Dr. Philippe Moreau<\/p><\/div><\/div>\t\t<\/div>\n\t\t\t\t<\/div>\n\t\t\t\t\t<\/div>\n\t\t<\/div>\n\t\t\t\t\t<\/div>\n\t\t<\/section>\n\t\t\t\t<section class=\"elementor-section elementor-top-section elementor-element elementor-element-e5970cc elementor-section-content-middle elementor-section-boxed elementor-section-height-default elementor-section-height-default\" data-id=\"e5970cc\" data-element_type=\"section\">\n\t\t\t\t\t\t<div class=\"elementor-container elementor-column-gap-default\">\n\t\t\t\t\t<div class=\"elementor-column elementor-col-100 elementor-top-column elementor-element elementor-element-d805e6f\" data-id=\"d805e6f\" data-element_type=\"column\">\n\t\t\t<div class=\"elementor-widget-wrap elementor-element-populated\">\n\t\t\t\t\t\t<div class=\"elementor-element elementor-element-4c8bf4e elementor-position-left elementor-vertical-align-top elementor-widget elementor-widget-image-box\" data-id=\"4c8bf4e\" data-element_type=\"widget\" data-widget_type=\"image-box.default\">\n\t\t\t\t<div class=\"elementor-widget-container\">\n\t\t\t<div class=\"elementor-image-box-wrapper\"><figure class=\"elementor-image-box-img\"><a href=\"https:\/\/anthropology.utoronto.ca\/people\/faculty\/esteban-parra\/\" target=\"_blank\" tabindex=\"-1\"><img loading=\"lazy\" decoding=\"async\" width=\"288\" height=\"214\" src=\"https:\/\/sites.usp.br\/lpfg\/wp-content\/uploads\/sites\/463\/2019\/08\/uoftcrest2014.jpg\" class=\"attachment-full size-full wp-image-483\" alt=\"\" srcset=\"https:\/\/sites.usp.br\/lpfg\/wp-content\/uploads\/sites\/463\/2019\/08\/uoftcrest2014.jpg 288w, https:\/\/sites.usp.br\/lpfg\/wp-content\/uploads\/sites\/463\/2019\/08\/uoftcrest2014-80x60.jpg 80w\" sizes=\"(max-width: 288px) 100vw, 288px\" \/><\/a><\/figure><div class=\"elementor-image-box-content\"><h3 class=\"elementor-image-box-title\"><a href=\"https:\/\/anthropology.utoronto.ca\/people\/faculty\/esteban-parra\/\" target=\"_blank\">Anthropology Department - UTM<\/a><\/h3><p class=\"elementor-image-box-description\">Dr. Esteban J. Parra<\/p><\/div><\/div>\t\t<\/div>\n\t\t\t\t<\/div>\n\t\t\t\t\t<\/div>\n\t\t<\/div>\n\t\t\t\t\t<\/div>\n\t\t<\/section>\n\t\t\t\t<section class=\"elementor-section elementor-top-section elementor-element elementor-element-91a16b8 elementor-section-boxed elementor-section-height-default elementor-section-height-default\" data-id=\"91a16b8\" data-element_type=\"section\">\n\t\t\t\t\t\t<div class=\"elementor-container elementor-column-gap-default\">\n\t\t\t\t\t<div class=\"elementor-column elementor-col-100 elementor-top-column elementor-element elementor-element-5f678f8\" data-id=\"5f678f8\" data-element_type=\"column\">\n\t\t\t<div class=\"elementor-widget-wrap elementor-element-populated\">\n\t\t\t\t\t\t<div class=\"elementor-element elementor-element-f2da5a7 elementor-position-left elementor-vertical-align-top elementor-widget elementor-widget-image-box\" data-id=\"f2da5a7\" data-element_type=\"widget\" data-widget_type=\"image-box.default\">\n\t\t\t\t<div class=\"elementor-widget-container\">\n\t\t\t<div class=\"elementor-image-box-wrapper\"><figure class=\"elementor-image-box-img\"><a href=\"https:\/\/researchdirectory.uc.edu\/p\/nortonhr\" target=\"_blank\" tabindex=\"-1\"><img loading=\"lazy\" decoding=\"async\" width=\"2216\" height=\"988\" src=\"https:\/\/sites.usp.br\/lpfg\/wp-content\/uploads\/sites\/463\/2019\/08\/University_of_Cincinnati_logo.jpg\" class=\"attachment-full size-full wp-image-486\" alt=\"\" srcset=\"https:\/\/sites.usp.br\/lpfg\/wp-content\/uploads\/sites\/463\/2019\/08\/University_of_Cincinnati_logo.jpg 2216w, https:\/\/sites.usp.br\/lpfg\/wp-content\/uploads\/sites\/463\/2019\/08\/University_of_Cincinnati_logo-300x134.jpg 300w, https:\/\/sites.usp.br\/lpfg\/wp-content\/uploads\/sites\/463\/2019\/08\/University_of_Cincinnati_logo-768x342.jpg 768w, https:\/\/sites.usp.br\/lpfg\/wp-content\/uploads\/sites\/463\/2019\/08\/University_of_Cincinnati_logo-1024x457.jpg 1024w, https:\/\/sites.usp.br\/lpfg\/wp-content\/uploads\/sites\/463\/2019\/08\/University_of_Cincinnati_logo-212x96.jpg 212w, https:\/\/sites.usp.br\/lpfg\/wp-content\/uploads\/sites\/463\/2019\/08\/University_of_Cincinnati_logo-400x178.jpg 400w\" sizes=\"(max-width: 2216px) 100vw, 2216px\" \/><\/a><\/figure><div class=\"elementor-image-box-content\"><h3 class=\"elementor-image-box-title\"><a href=\"https:\/\/researchdirectory.uc.edu\/p\/nortonhr\" target=\"_blank\">Anthropology Department - UC<\/a><\/h3><p class=\"elementor-image-box-description\">Dr. Heather L. Norton<\/p><\/div><\/div>\t\t<\/div>\n\t\t\t\t<\/div>\n\t\t\t\t\t<\/div>\n\t\t<\/div>\n\t\t\t\t\t<\/div>\n\t\t<\/section>\n\t\t\t\t<\/div>\n\t\t","protected":false},"excerpt":{"rendered":"<p>Molecular Genetics and Bioinformatics Laboratory &#8211; UNESP Dr. Erick C. Castelli Laborat\u00f3rio Multiusu\u00e1rio de Biologia [&hellip;]<\/p>\n","protected":false},"author":839,"featured_media":0,"parent":0,"menu_order":0,"comment_status":"closed","ping_status":"closed","template":"","meta":{"footnotes":"","_links_to":"","_links_to_target":""},"class_list":["post-421","page","type-page","status-publish","hentry"],"_links":{"self":[{"href":"https:\/\/sites.usp.br\/lpfg\/en\/wp-json\/wp\/v2\/pages\/421","targetHints":{"allow":["GET"]}}],"collection":[{"href":"https:\/\/sites.usp.br\/lpfg\/en\/wp-json\/wp\/v2\/pages"}],"about":[{"href":"https:\/\/sites.usp.br\/lpfg\/en\/wp-json\/wp\/v2\/types\/page"}],"author":[{"embeddable":true,"href":"https:\/\/sites.usp.br\/lpfg\/en\/wp-json\/wp\/v2\/users\/839"}],"replies":[{"embeddable":true,"href":"https:\/\/sites.usp.br\/lpfg\/en\/wp-json\/wp\/v2\/comments?post=421"}],"version-history":[{"count":4,"href":"https:\/\/sites.usp.br\/lpfg\/en\/wp-json\/wp\/v2\/pages\/421\/revisions"}],"predecessor-version":[{"id":513,"href":"https:\/\/sites.usp.br\/lpfg\/en\/wp-json\/wp\/v2\/pages\/421\/revisions\/513"}],"wp:attachment":[{"href":"https:\/\/sites.usp.br\/lpfg\/en\/wp-json\/wp\/v2\/media?parent=421"}],"curies":[{"name":"wp","href":"https:\/\/api.w.org\/{rel}","templated":true}]}}