{"id":149,"date":"2014-05-13T12:32:15","date_gmt":"2014-05-13T15:32:15","guid":{"rendered":"http:\/\/sites.usp.brpadrao2\/?page_id=149"},"modified":"2020-07-28T13:50:14","modified_gmt":"2020-07-28T16:50:14","slug":"about","status":"publish","type":"page","link":"https:\/\/sites.usp.br\/lpfg\/about\/","title":{"rendered":"Quem somos"},"content":{"rendered":"<p>Grupo de pesquisa focado no estudo de Gen\u00e9tica de Popula\u00e7\u00f5es, principalmente em marcadores gen\u00e9ticos associados com as varia\u00e7\u00f5es de pigmenta\u00e7\u00e3o humana em popula\u00e7\u00f5es miscigenadas.<\/p>\n<p>\u00c1reas de interesse:<\/p>\n<ul>\n<li>Gen\u00e9tica Molecular<\/li>\n<li>Imunogen\u00e9tica &#8211; Genes HLA<\/li>\n<li>Marcadores associados a Vitiligo<\/li>\n<li>Marcadores gen\u00e9ticos de identifica\u00e7\u00e3o humana<\/li>\n<li>Fenotipagem de caracter\u00edsitcas de pigmenta\u00e7\u00e3o<\/li>\n<\/ul>\n<p><\/p>","protected":false},"excerpt":{"rendered":"<p>Grupo de pesquisa focado no estudo de Gen\u00e9tica de Popula\u00e7\u00f5es, principalmente em marcadores gen\u00e9ticos associados [&hellip;]<\/p>\n","protected":false},"author":1,"featured_media":0,"parent":0,"menu_order":0,"comment_status":"closed","ping_status":"closed","template":"","meta":{"footnotes":"","_links_to":"","_links_to_target":""},"class_list":["post-149","page","type-page","status-publish","hentry"],"_links":{"self":[{"href":"https:\/\/sites.usp.br\/lpfg\/wp-json\/wp\/v2\/pages\/149","targetHints":{"allow":["GET"]}}],"collection":[{"href":"https:\/\/sites.usp.br\/lpfg\/wp-json\/wp\/v2\/pages"}],"about":[{"href":"https:\/\/sites.usp.br\/lpfg\/wp-json\/wp\/v2\/types\/page"}],"author":[{"embeddable":true,"href":"https:\/\/sites.usp.br\/lpfg\/wp-json\/wp\/v2\/users\/1"}],"replies":[{"embeddable":true,"href":"https:\/\/sites.usp.br\/lpfg\/wp-json\/wp\/v2\/comments?post=149"}],"version-history":[{"count":4,"href":"https:\/\/sites.usp.br\/lpfg\/wp-json\/wp\/v2\/pages\/149\/revisions"}],"predecessor-version":[{"id":616,"href":"https:\/\/sites.usp.br\/lpfg\/wp-json\/wp\/v2\/pages\/149\/revisions\/616"}],"wp:attachment":[{"href":"https:\/\/sites.usp.br\/lpfg\/wp-json\/wp\/v2\/media?parent=149"}],"curies":[{"name":"wp","href":"https:\/\/api.w.org\/{rel}","templated":true}]}}