{"id":321,"date":"2018-02-23T11:11:40","date_gmt":"2018-02-23T14:11:40","guid":{"rendered":"http:\/\/sites.usp.br\/lsi\/?page_id=321"},"modified":"2018-06-08T18:06:41","modified_gmt":"2018-06-08T21:06:41","slug":"pessoas","status":"publish","type":"page","link":"https:\/\/sites.usp.br\/lsi\/pessoas\/","title":{"rendered":"Pessoas"},"content":{"rendered":"<p>&nbsp;<\/p>\n<h3><span style=\"color: #008080\">Coordenador<\/span><\/h3>\n<p class=\"name\" style=\"height: 220px\"><a href=\"http:\/\/sites.usp.br\/lsi\/wp-content\/uploads\/sites\/353\/2018\/02\/martino.jpg\"><img loading=\"lazy\" decoding=\"async\" class=\"alignleft size-full wp-image-373\" src=\"http:\/\/sites.usp.br\/lsi\/wp-content\/uploads\/sites\/353\/2018\/02\/martino.jpg\" alt=\"\" width=\"128\" height=\"190\" \/><\/a><strong>Dr. Jo\u00e3o Antonio Martino<\/strong><br \/>\nProfessor Titular<br \/>\nMicroeletr\u00f4nica; Materiais e Componentes Semicondutores; Medidas El\u00e9tricas; Nanoeletr\u00f4nica.<br \/>\nE-mail: martino@lsi.usp.br<br \/>\n<a href=\"http:\/\/buscatextual.cnpq.br\/buscatextual\/visualizacv.do?metodo=apresentar&amp;id=K4780112A6\" target=\"_blank\" rel=\"noopener noreferrer\">Curr\u00edculo Lattes<\/a><\/p>\n<h3><span style=\"color: #008080\">Vice Coordenador T\u00e9cnico<\/span><\/h3>\n<p>&nbsp;<\/p>\n<p class=\"name\" style=\"height: 220px\"><a href=\"http:\/\/sites.usp.br\/lsi\/wp-content\/uploads\/sites\/353\/2018\/02\/marciolobo.jpg\"><img loading=\"lazy\" decoding=\"async\" class=\"alignleft size-full wp-image-375\" src=\"http:\/\/sites.usp.br\/lsi\/wp-content\/uploads\/sites\/353\/2018\/02\/marciolobo.jpg\" alt=\"\" width=\"137\" height=\"190\" \/><\/a><strong>Dr. Marcio Lobo Netto<br \/>\n<\/strong><strong><a href=\"http:\/\/sites.usp.br\/lsi\/cognitio\/\">COGNITIO &#8211; Computa\u00e7\u00e3o Cognitiva<\/a><\/strong><br \/>\nProfessor Associado<br \/>\nCi\u00eancia da Computa\u00e7\u00e3o; Sistemas de Computa\u00e7\u00e3o; Metodologia e T\u00e9cnicas da Computa\u00e7\u00e3o; Computabilidade e Modelos de Computa\u00e7\u00e3o; Processamento Gr\u00e1fico (Graphics); Circuitos El\u00e9tricos, Magn\u00e9ticos e Eletr\u00f4nicos.<br \/>\nE-mail: lobonett@lsi.usp.br<br \/>\n<a href=\"http:\/\/buscatextual.cnpq.br\/buscatextual\/visualizacv.do?metodo=apresentar&amp;id=K4787835Z9\" target=\"_blank\" rel=\"noopener noreferrer\">Curr\u00edculo Lattes<\/a><\/p>\n<h3><\/h3>\n<h3><span style=\"color: #008080\">Vice Coordenador\u00a0Administrativo<\/span><\/h3>\n<p class=\"name\" style=\"height: 220px\"><a href=\"http:\/\/sites.usp.br\/lsi\/wp-content\/uploads\/sites\/353\/2018\/02\/morimoto.jpg\"><img loading=\"lazy\" decoding=\"async\" class=\"wp-image-556 size-full alignleft\" src=\"http:\/\/sites.usp.br\/lsi\/wp-content\/uploads\/sites\/353\/2018\/02\/morimoto.jpg\" alt=\"\" width=\"154\" height=\"190\" \/><\/a><strong>Dr.(a) Nilton Itiro Morimoto<br \/>\n<\/strong>Engenharia El\u00e9trica; Materiais e Componentes Semicondutores; \u00d3xido de sil\u00edcio; Microeletr\u00f4nica; Pecvd; Teos e Sensores integrados.<br \/>\nE-mail: morimoto@lsi.usp.br<br \/>\n<a href=\"http:\/\/buscatextual.cnpq.br\/buscatextual\/visualizacv.do?id=K4781459D6\" target=\"_blank\" rel=\"noopener noreferrer\">Curr\u00edculo Lattes<\/a><\/p>\n<p>&nbsp;<\/p>\n<h3><\/h3>\n<h3><\/h3>\n<h3><span style=\"color: #008080\">Fundador<\/span><\/h3>\n<p class=\"name\" style=\"height: 220px\"><a href=\"http:\/\/sites.usp.br\/lsi\/wp-content\/uploads\/sites\/353\/2018\/02\/joao_antonio_zuffo.jpg\"><img loading=\"lazy\" decoding=\"async\" class=\"alignleft size-full wp-image-373\" src=\"http:\/\/sites.usp.br\/lsi\/wp-content\/uploads\/sites\/353\/2018\/02\/joao_antonio_zuffo.jpg\" alt=\"\" width=\"128\" height=\"190\" \/><\/a><strong>Dr. Jo\u00e3o Antonio Zuffo<\/strong><br \/>\nProfessor Titular<br \/>\nCircuitos Eletr\u00f4nicos; Automa\u00e7\u00e3o Eletr\u00f4nica de Processos El\u00e9tricos e Industriais; Sistemas de Telecomunica\u00e7\u00f5es; Hardware; Materiais e Componentes Semicondutores; Circuitos RF<br \/>\nE-mail: jazuffo@lsi.usp.br<br \/>\n<a href=\"http:\/\/buscatextual.cnpq.br\/buscatextual\/visualizacv.do?id=K4791606E2\" target=\"_blank\" rel=\"noopener noreferrer\">Curr\u00edculo Lattes<\/a><\/p>\n<h3><\/h3>\n<p>&nbsp;<\/p>\n<h3><span style=\"color: #008080\">Coordenadores de Grupos de Pesquisa<\/span><\/h3>\n<p><a href=\"http:\/\/sites.usp.br\/lsi\/wp-content\/uploads\/sites\/353\/2018\/02\/wilhelmus.jpg\"><img loading=\"lazy\" decoding=\"async\" class=\"wp-image-552 size-full alignleft\" src=\"http:\/\/sites.usp.br\/lsi\/wp-content\/uploads\/sites\/353\/2018\/02\/wilhelmus.jpg\" alt=\"\" width=\"133\" height=\"190\" \/><\/a><strong>Dr. Wilhelmus Adrianus Maria Van Noije<a href=\"http:\/\/sites.usp.br\/lsi\/mei\/\"><span style=\"color: #008080\"><br \/>\n<\/span><\/a><\/strong><br \/>\nProfessor Titular<br \/>\nCircuitos Eletr\u00f4nicos; Automa\u00e7\u00e3o Eletr\u00f4nica de Processos El\u00e9tricos e Industriais; Sistemas de Telecomunica\u00e7\u00f5es; Hardware; Materiais e Componentes Semicondutores; Circuitos RF.<br \/>\nE-mail: noije@lsi.usp.br<br \/>\n<a href=\"http:\/\/buscatextual.cnpq.br\/buscatextual\/visualizacv.do?metodo=apresentar&amp;id=K4787035J2\" target=\"_blank\" rel=\"noopener noreferrer\">Curr\u00edculo Lattes<\/a><\/p>\n<p>&nbsp;<\/p>\n<p>&nbsp;<\/p>\n<p>&nbsp;<\/p>\n<p class=\"name\" style=\"height: 220px\"><a href=\"http:\/\/sites.usp.br\/lsi\/wp-content\/uploads\/sites\/353\/2018\/02\/marcelozuffo.jpg\"><img loading=\"lazy\" decoding=\"async\" class=\"alignleft wp-image-376\" src=\"http:\/\/sites.usp.br\/lsi\/wp-content\/uploads\/sites\/353\/2018\/02\/marcelozuffo.jpg\" alt=\"\" width=\"128\" height=\"159\" \/><\/a><strong>Dr. Marcelo Knorich Zuffo<br \/>\n<a href=\"http:\/\/sites.usp.br\/lsi\/mei\/\"><span style=\"color: #008080\">Meios Eletr\u00f4nicos Interativos (MEI)<br \/>\n<\/span><\/a><\/strong><br \/>\nProfessor Titular<br \/>\nSistemas Eletr\u00f4nicos; TV Digital; Telemedicina; Teleinform\u00e1tica; Processamento Gr\u00e1fico (Graphics).<br \/>\nE-mail: mkzuffo@lsi.usp.br<br \/>\n<a href=\"http:\/\/buscatextual.cnpq.br\/buscatextual\/visualizacv.do?metodo=apresentar&amp;id=K4787831U8\" target=\"_blank\" rel=\"noopener noreferrer\">Curr\u00edculo Lattes<\/a><\/p>\n<p class=\"name\" style=\"height: 220px\"><a href=\"http:\/\/sites.usp.br\/lsi\/wp-content\/uploads\/sites\/353\/2018\/02\/marciolobo.jpg\"><img loading=\"lazy\" decoding=\"async\" class=\"alignleft size-full wp-image-375\" src=\"http:\/\/sites.usp.br\/lsi\/wp-content\/uploads\/sites\/353\/2018\/02\/marciolobo.jpg\" alt=\"\" width=\"137\" height=\"190\" \/><\/a><strong>Dr. Marcio Lobo Netto<br \/>\n<\/strong><strong><a href=\"http:\/\/sites.usp.br\/lsi\/cognitio\/\">COGNITIO &#8211; Computa\u00e7\u00e3o Cognitiva<\/a><\/strong><br \/>\nProfessor Associado<br \/>\nCi\u00eancia da Computa\u00e7\u00e3o; Sistemas de Computa\u00e7\u00e3o; Metodologia e T\u00e9cnicas da Computa\u00e7\u00e3o; Computabilidade e Modelos de Computa\u00e7\u00e3o; Processamento Gr\u00e1fico (Graphics); Circuitos El\u00e9tricos, Magn\u00e9ticos e Eletr\u00f4nicos.<br \/>\nE-mail: lobonett@lsi.usp.br<br \/>\n<a href=\"http:\/\/buscatextual.cnpq.br\/buscatextual\/visualizacv.do?metodo=apresentar&amp;id=K4787835Z9\" target=\"_blank\" rel=\"noopener noreferrer\">Curr\u00edculo Lattes<\/a><\/p>\n<p>&nbsp;<\/p>\n<p>&nbsp;<\/p>\n<p><a href=\"http:\/\/sites.usp.br\/lsi\/wp-content\/uploads\/sites\/353\/2018\/02\/seabra.jpg\"><img loading=\"lazy\" decoding=\"async\" class=\"alignleft size-full wp-image-375\" src=\"http:\/\/sites.usp.br\/lsi\/wp-content\/uploads\/sites\/353\/2018\/02\/seabra.jpg\" alt=\"\" width=\"135\" height=\"190\" \/><\/a><strong>Dr. Ant\u00f4nio Carlos Seabra<\/strong><br \/>\n<strong><a href=\"http:\/\/sites.usp.br\/lsi\/tecnologias-avancadas-de-gravacao-para-nano-micro-e-meso-sistemas\/\">Tecnologias Avan\u00e7adas de Grava\u00e7\u00e3o para Nano-, Micro- e Meso-Sistemas<\/a><br \/>\n<\/strong>Professor Titular<br \/>\nMateriais e Componentes Semicondutores; Circuitos Eletr\u00f4nicos; Sistemas Eletr\u00f4nicos de Medida e de Controle; Instrumenta\u00e7\u00e3o Eletr\u00f4nica; Medidas El\u00e9tricas e F\u00edsica de Plasmas; Descargas El\u00e9tricas.<br \/>\nE-mail: acseabra@lsi.usp.br<br \/>\n<a href=\"http:\/\/buscatextual.cnpq.br\/buscatextual\/visualizacv.do?metodo=apresentar&amp;id=K4781793H6\" target=\"_blank\" rel=\"noopener noreferrer\">Curr\u00edculo Lattes<\/a><\/p>\n<p>&nbsp;<\/p>\n<p>&nbsp;<\/p>\n<p>&nbsp;<\/p>\n<p><a href=\"http:\/\/sites.usp.br\/lsi\/wp-content\/uploads\/sites\/353\/2018\/02\/Captura-de-Tela-2018-06-07-a\u0300s-11.41.28.png\"><img loading=\"lazy\" decoding=\"async\" class=\"alignleft size-full wp-image-373\" src=\"http:\/\/sites.usp.br\/lsi\/wp-content\/uploads\/sites\/353\/2018\/02\/Captura-de-Tela-2018-06-07-a\u0300s-11.41.28.png\" alt=\"\" width=\"135\" height=\"190\" \/><\/a><strong>Dr. Armando Ant\u00f4nio Maria Lagan\u00e1<\/strong><br \/>\n<strong><a href=\"http:\/\/sites.usp.br\/lsi\/eletronica-automotiva\/\">Eletr\u00f4nica Automotiva<\/a><br \/>\n<\/strong>Professor\u00a0Doutor<br \/>\nMateriais e Componentes Semicondutores; Processos.<br \/>\nE-mail: lagana@lsi.usp.br<br \/>\n<a href=\"http:\/\/buscatextual.cnpq.br\/buscatextual\/visualizacv.do?metodo=apresentar&amp;id=K4785832Z6\" target=\"_blank\" rel=\"noopener noreferrer\">Curr\u00edculo Lattes<\/a><\/p>\n<p>&nbsp;<\/p>\n<p>&nbsp;<\/p>\n<p>&nbsp;<\/p>\n<p>&nbsp;<\/p>\n<p><a href=\"http:\/\/sites.usp.br\/lsi\/wp-content\/uploads\/sites\/353\/2018\/02\/emilio.jpg\"><img loading=\"lazy\" decoding=\"async\" class=\"wp-image-491 size-full alignleft\" src=\"http:\/\/sites.usp.br\/lsi\/wp-content\/uploads\/sites\/353\/2018\/02\/emilio.jpg\" alt=\"\" width=\"152\" height=\"190\" \/><\/a><strong>Dr. Em\u00edlio Del Moral Hernandez<\/strong><br \/>\n<strong><a href=\"http:\/\/sites.usp.br\/lsi\/icone\/\">ICONE<\/a><br \/>\n<\/strong>Professor Associado<br \/>\nComputabilidade e Modelos de Computa\u00e7\u00e3o; Sistemas de Computa\u00e7\u00e3o; Circuitos Lineares e N\u00e3o Lineares.<br \/>\nE-mail: emilio@lsi.usp.br<br \/>\n<a href=\"http:\/\/buscatextual.cnpq.br\/buscatextual\/visualizacv.do?metodo=apresentar&amp;id=K4788528P2\" target=\"_blank\" rel=\"noopener noreferrer\">Curr\u00edculo Lattes<\/a><\/p>\n<p>&nbsp;<\/p>\n<p>&nbsp;<\/p>\n<p>&nbsp;<\/p>\n<p>&nbsp;<\/p>\n<p><a href=\"http:\/\/sites.usp.br\/lsi\/wp-content\/uploads\/sites\/353\/2018\/02\/martino.jpg\"><img loading=\"lazy\" decoding=\"async\" class=\"wp-image-373 size-full alignleft\" src=\"http:\/\/sites.usp.br\/lsi\/wp-content\/uploads\/sites\/353\/2018\/02\/martino.jpg\" alt=\"\" width=\"128\" height=\"190\" \/><\/a><strong>Dr. Jo\u00e3o Antonio Martino<\/strong><br \/>\n<strong><a href=\"http:\/\/sites.usp.br\/lsi\/cmos-soi\/\">CMOS-SOI<\/a><br \/>\n<\/strong>Professor Titular<br \/>\nMicroeletr\u00f4nica; Materiais e Componentes Semicondutores; Medidas El\u00e9tricas; Nanoeletr\u00f4nica.<br \/>\nE-mail: martino@lsi.usp.br<br \/>\n<a href=\"http:\/\/buscatextual.cnpq.br\/buscatextual\/visualizacv.do?metodo=apresentar&amp;id=K4780112A6\" target=\"_blank\" rel=\"noopener noreferrer\">Curr\u00edculo Lattes<\/a><\/p>\n<p>&nbsp;<\/p>\n<p>&nbsp;<\/p>\n<p>&nbsp;<\/p>\n<p><a href=\"http:\/\/sites.usp.br\/lsi\/wp-content\/uploads\/sites\/353\/2018\/02\/Captura-de-Tela-2018-06-07-a\u0300s-11.41.28.png\"><img loading=\"lazy\" decoding=\"async\" class=\"wp-image-489 size-full alignleft\" src=\"http:\/\/sites.usp.br\/lsi\/wp-content\/uploads\/sites\/353\/2018\/02\/Captura-de-Tela-2018-06-07-a\u0300s-11.41.28.png\" alt=\"\" width=\"135\" height=\"190\" \/><\/a><strong>Dr. Ronaldo Domingues Mansano<\/strong><br \/>\n<strong><a href=\"http:\/\/sites.usp.br\/lsi\/nanotecnologia\/\">Grupo de Pesquisa em Nanotecnologia Aplicada (NA)<\/a><br \/>\n<\/strong>Professor Titular<br \/>\nMateriais e Componentes Semicondutores; F\u00edsica de Plasmas e Descargas El\u00e9tricas; Pol\u00edmeros, Aplica\u00e7\u00f5es; Materiais Diel\u00e9tricos e Propriedades Diel\u00e9tricas; Esteriliza\u00e7\u00e3o; Materiais e Componentes Eletro\u00f3ticos e Magneto\u00f3ticos, Materiais Fotoel\u00e9tricos.<br \/>\nE-mail: mansano@lsi.usp.br<br \/>\n<a href=\"http:\/\/buscatextual.cnpq.br\/buscatextual\/visualizacv.do?metodo=apresentar&amp;id=K4728155Z7\" target=\"_blank\" rel=\"noopener noreferrer\">Curr\u00edculo Lattes<\/a><\/p>\n<p>&nbsp;<\/p>\n<p>&nbsp;<\/p>\n<p>&nbsp;<\/p>\n<p><a href=\"http:\/\/sites.usp.br\/lsi\/wp-content\/uploads\/sites\/353\/2018\/02\/sebastiao.jpg\"><img loading=\"lazy\" decoding=\"async\" class=\"wp-image-493 size-full alignleft\" src=\"http:\/\/sites.usp.br\/lsi\/wp-content\/uploads\/sites\/353\/2018\/02\/sebastiao.jpg\" alt=\"\" width=\"162\" height=\"190\" \/><\/a><strong>Dr. Sebasti\u00e3o Gomes dos Santos Filho<\/strong><br \/>\n<strong><a href=\"http:\/\/sites.usp.br\/lsi\/gside-grupo-de-engenharia-de-superficies-interfaces-e-deposicao\/\">GSIDE<\/a><br \/>\n<\/strong>Professor Titular<br \/>\nMateriais El\u00e9tricos; Materiais e Componentes Semicondutores; Materiais Condutores.<br \/>\nE-mail: sgsantos@lsi.usp.br<br \/>\n<a href=\"http:\/\/buscatextual.cnpq.br\/buscatextual\/visualizacv.do?metodo=apresentar&amp;id=K4781820H4\" target=\"_blank\" rel=\"noopener noreferrer\">Curr\u00edculo Lattes<\/a><\/p>\n<p>&nbsp;<\/p>\n<p>&nbsp;<\/p>\n<p>&nbsp;<\/p>\n<p><a href=\"http:\/\/sites.usp.br\/lsi\/wp-content\/uploads\/sites\/353\/2018\/02\/takeo.jpg\"><img loading=\"lazy\" decoding=\"async\" class=\"wp-image-494 size-full alignleft\" src=\"http:\/\/sites.usp.br\/lsi\/wp-content\/uploads\/sites\/353\/2018\/02\/takeo.jpg\" alt=\"\" width=\"151\" height=\"190\" \/><\/a><strong>Dr. Sergio Takeo Kofuji<\/strong><br \/>\n<strong><a href=\"http:\/\/sites.usp.br\/lsi\/pad-high-performance-pervasive-computing-systems\/\">PAD<\/a><br \/>\n<\/strong>Professor\u00a0Doutor<br \/>\nArquitetura de Sistemas de Computa\u00e7\u00e3o; Image Processing; Microarquitetura de Processores; Hardware Reconfiguravel; Eletr\u00f4nica Embarcada; Rede de Sensores Sem Fio.<br \/>\nE-mail: kofuji@lsi.usp.br<br \/>\n<a href=\"http:\/\/buscatextual.cnpq.br\/buscatextual\/visualizacv.do?metodo=apresentar&amp;id=K4727731T4\" target=\"_blank\" rel=\"noopener noreferrer\">Curr\u00edculo Lattes<\/a><\/p>\n<p>&nbsp;<\/p>\n<p>&nbsp;<\/p>\n<p><a href=\"http:\/\/sites.usp.br\/lsi\/wp-content\/uploads\/sites\/353\/2018\/02\/roseli.jpg\"><img loading=\"lazy\" decoding=\"async\" class=\"wp-image-554 size-full alignleft\" src=\"http:\/\/sites.usp.br\/lsi\/wp-content\/uploads\/sites\/353\/2018\/02\/roseli.jpg\" alt=\"\" width=\"133\" height=\"190\" \/><\/a><strong>Dr.\u00aa Roseli de Deus Lopes<\/strong><br \/>\n<strong><a href=\"http:\/\/sites.usp.br\/lsi\/mei\/\">MEI<\/a><br \/>\n<\/strong>Professora Associada<br \/>\nDivulga\u00e7\u00e3o Cient\u00edfica; Sistemas Eletr\u00f4nicos; Arquitetura de Sistemas de Computa\u00e7\u00e3o; Tecnologia Educacional.<br \/>\nE-mail: roseli@lsi.usp.br<br \/>\n<a href=\"http:\/\/buscatextual.cnpq.br\/buscatextual\/visualizacv.do?metodo=apresentar&amp;id=K4787895T4\" target=\"_blank\" rel=\"noopener noreferrer\">Curr\u00edculo Lattes<\/a><\/p>\n<p>&nbsp;<\/p>\n<p>&nbsp;<\/p>\n<p>&nbsp;<\/p>\n<p>&nbsp;<\/p>\n<h3><\/h3>\n<h3><span style=\"color: #008080\">Pesquisadores efetivos<\/span><\/h3>\n<table style=\"height: 378px\" width=\"941\">\n<tbody>\n<tr>\n<td width=\"253\"><strong>\u00a0Nome<\/strong><\/td>\n<td width=\"120\"><strong>E-mail<\/strong><\/td>\n<td width=\"120\"><strong>Grupo(s)<\/strong><\/td>\n<\/tr>\n<tr class=\"alt\">\n<td>Dra. Ana Neilde R. Da Silva<\/td>\n<td><a>neilde@lsi.usp.br<\/a><\/td>\n<td><\/td>\n<\/tr>\n<tr class=\"alt\">\n<td>MSc Emerson Galves Moretto<\/td>\n<td><a>emoretto@lsi.usp.br<\/a><\/td>\n<td><a href=\"http:\/\/sites.usp.br\/lsi\/mei\/\">MEI<\/a><\/td>\n<\/tr>\n<tr>\n<td>Fabio Gomes Durand<\/td>\n<td><a>fgd@usp.br<\/a><\/td>\n<td><a href=\"http:\/\/sites.usp.br\/lsi\/mei\/\">MEI<\/a><\/td>\n<\/tr>\n<\/tbody>\n<\/table>\n<p>&nbsp;<\/p>\n<h3><span style=\"color: #008080\">Especialistas contratados por projetos<\/span><\/h3>\n<table style=\"height: 378px\" width=\"941\">\n<tbody>\n<tr>\n<td width=\"253\"><strong>\u00a0Nome<\/strong><\/td>\n<td width=\"120\"><strong>E-mail<\/strong><\/td>\n<td width=\"120\"><strong>Grupo(s)<\/strong><\/td>\n<\/tr>\n<tr class=\"alt\">\n<td>Nelson Ordonez<\/td>\n<td>lexan4@gmail.com<\/td>\n<td><\/td>\n<\/tr>\n<tr class=\"alt\">\n<td><\/td>\n<td><\/td>\n<td><\/td>\n<\/tr>\n<\/tbody>\n<\/table>\n","protected":false},"excerpt":{"rendered":"<p>&nbsp; Coordenador Dr. Jo\u00e3o Antonio Martino Professor Titular Microeletr\u00f4nica; Materiais e Componentes Semicondutores; Medidas El\u00e9tricas; [&hellip;]<\/p>\n","protected":false},"author":415,"featured_media":0,"parent":0,"menu_order":0,"comment_status":"closed","ping_status":"closed","template":"","meta":{"footnotes":"","_links_to":"","_links_to_target":""},"class_list":["post-321","page","type-page","status-publish","hentry"],"_links":{"self":[{"href":"https:\/\/sites.usp.br\/lsi\/wp-json\/wp\/v2\/pages\/321","targetHints":{"allow":["GET"]}}],"collection":[{"href":"https:\/\/sites.usp.br\/lsi\/wp-json\/wp\/v2\/pages"}],"about":[{"href":"https:\/\/sites.usp.br\/lsi\/wp-json\/wp\/v2\/types\/page"}],"author":[{"embeddable":true,"href":"https:\/\/sites.usp.br\/lsi\/wp-json\/wp\/v2\/users\/415"}],"replies":[{"embeddable":true,"href":"https:\/\/sites.usp.br\/lsi\/wp-json\/wp\/v2\/comments?post=321"}],"version-history":[{"count":5,"href":"https:\/\/sites.usp.br\/lsi\/wp-json\/wp\/v2\/pages\/321\/revisions"}],"predecessor-version":[{"id":558,"href":"https:\/\/sites.usp.br\/lsi\/wp-json\/wp\/v2\/pages\/321\/revisions\/558"}],"wp:attachment":[{"href":"https:\/\/sites.usp.br\/lsi\/wp-json\/wp\/v2\/media?parent=321"}],"curies":[{"name":"wp","href":"https:\/\/api.w.org\/{rel}","templated":true}]}}