{"id":348,"date":"2018-02-26T15:32:26","date_gmt":"2018-02-26T18:32:26","guid":{"rendered":"http:\/\/sites.usp.br\/lsi\/?page_id=348"},"modified":"2018-06-08T15:33:19","modified_gmt":"2018-06-08T18:33:19","slug":"infraestrutura","status":"publish","type":"page","link":"https:\/\/sites.usp.br\/lsi\/infraestrutura\/","title":{"rendered":"Infraestrutura"},"content":{"rendered":"<h3><img loading=\"lazy\" decoding=\"async\" class=\"size-thumbnail wp-image-349 alignleft\" src=\"http:\/\/sites.usp.br\/lsi\/wp-content\/uploads\/sites\/353\/2018\/02\/Captura-de-Tela-2018-02-26-a\u0300s-15.27.15-150x150.png\" alt=\"\" width=\"150\" height=\"150\" srcset=\"https:\/\/sites.usp.br\/lsi\/wp-content\/uploads\/sites\/353\/2018\/02\/Captura-de-Tela-2018-02-26-a\u0300s-15.27.15-150x150.png 150w, https:\/\/sites.usp.br\/lsi\/wp-content\/uploads\/sites\/353\/2018\/02\/Captura-de-Tela-2018-02-26-a\u0300s-15.27.15-45x45.png 45w, https:\/\/sites.usp.br\/lsi\/wp-content\/uploads\/sites\/353\/2018\/02\/Captura-de-Tela-2018-02-26-a\u0300s-15.27.15.png 200w\" sizes=\"auto, (max-width: 150px) 100vw, 150px\" \/><span style=\"color: #3366ff\"><a style=\"color: #3366ff\" href=\"http:\/\/sites.usp.br\/lsi\/caverna-digital\/\"><strong>Caverna Digital<\/strong><\/a><\/span><\/h3>\n<p>A CAVERNA Digital USP faz parte do Laborat\u00f3rio de Realidade Virtual e Aumentada e conta com equipamentos de \u00faltima gera\u00e7\u00e3o em realidade virtual, realidade aumentada e computa\u00e7\u00e3o gr\u00e1fica, proporcionando um ambiente imersivo ambientado em uma \u00e1rea de 197,80m\u00b2 composta por cinco telas de tr\u00eas por tr\u00eas metros que envolvem o usu\u00e1rio com imagens estereosc\u00f3picas, acionadas por um cluster gr\u00e1fico.<br \/>\n<a href=\"http:\/\/sites.usp.br\/lsi\/caverna-digital\/\"><strong>Veja mais<\/strong><\/a><\/p>\n<p>&nbsp;<\/p>\n<h3><strong><a href=\"http:\/\/sites.usp.br\/lsi\/wp-content\/uploads\/sites\/353\/2018\/02\/salalimpa2.jpg\"><img loading=\"lazy\" decoding=\"async\" class=\"size-thumbnail wp-image-316 alignright\" src=\"http:\/\/sites.usp.br\/lsi\/wp-content\/uploads\/sites\/353\/2018\/02\/salalimpa2-150x150.jpg\" alt=\"\" width=\"150\" height=\"150\" srcset=\"https:\/\/sites.usp.br\/lsi\/wp-content\/uploads\/sites\/353\/2018\/02\/salalimpa2-150x150.jpg 150w, https:\/\/sites.usp.br\/lsi\/wp-content\/uploads\/sites\/353\/2018\/02\/salalimpa2-45x45.jpg 45w, https:\/\/sites.usp.br\/lsi\/wp-content\/uploads\/sites\/353\/2018\/02\/salalimpa2-200x200.jpg 200w\" sizes=\"auto, (max-width: 150px) 100vw, 150px\" \/><\/a><\/strong><\/h3>\n<h3><\/h3>\n<h3><span style=\"color: #3366ff\"><a style=\"color: #3366ff\" href=\"http:\/\/sites.usp.br\/lsi\/centro-de-prototipagem-smt\/\"><strong>Centro de Prototipagem (SMT)<\/strong><\/a><\/span><\/h3>\n<p>Para atender \u00e0 demanda da tecnologia de montagem em superf\u00edcie (SMT), o LSI disp\u00f5e tamb\u00e9m de uma linha de montagem de \u00faltima gera\u00e7\u00e3o, montada em\u00a0parceria com a LG Eletronics com incentivos da Lei da Inform\u00e1tica, para resolver problemas que surgem na transi\u00e7\u00e3o para soldagem &#8220;lead-free&#8221; e na montagem de novos tipos de componentes. Atende ainda \u00e0s demandas de prototipagem para valida\u00e7\u00e3o de propostas de novos circuitos.<\/p>\n<p><strong><a href=\"http:\/\/sites.usp.br\/lsi\/centro-de-prototipagem-smt\/\">Veja mais<\/a><\/strong><\/p>\n<p>&nbsp;<\/p>\n<h3><span style=\"color: #3366ff\">Est\u00fadio Multim\u00eddia de Alta Defini\u00e7\u00e3o<\/span><\/h3>\n<p>O Est\u00fadio Multim\u00eddia de Alta Defini\u00e7\u00e3o do Laborat\u00f3rio de Sistemas Integr\u00e1veis da Escola Polit\u00e9cnica da USP (LSI-EPUSP) foi criado em 2008, com infraestrutura e tecnologia para atender as necessidades de produ\u00e7\u00e3o de material \u00e1udio visual em alta defini\u00e7\u00e3o.<\/p>\n<p>O objetivo \u00e9 produzir conte\u00fados associados as atividades de cultura e extens\u00e3o da USP, destacando as atividades acad\u00eamicas e eventos realizados e organizados pelo LSI-EPUSP.<\/p>\n<p>As produ\u00e7\u00f5es est\u00e3o dispon\u00edveis nos seguintes canais:<\/p>\n<ul>\n<li><a href=\"http:\/\/www.youtube.com\/user\/FEBRACE\" target=\"_blank\" rel=\"noopener noreferrer\">Youtube da FEBRACE<\/a><\/li>\n<li><a href=\"http:\/\/www.youtube.com\/mopcienciaengenharia\" target=\"_blank\" rel=\"noopener noreferrer\">Youtube da MOP<\/a><\/li>\n<li><a href=\"http:\/\/www.youtube.com\/user\/LSILaboratorio\" target=\"_blank\" rel=\"noopener noreferrer\">Youtube do LSI<\/a><\/li>\n<\/ul>\n<p>&nbsp;<\/p>\n<h3><strong><span style=\"color: #3366ff\">Infraestrutura de Virtualiza\u00e7\u00e3o e Alto Processamento<\/span><\/strong><\/h3>\n<p>O LSI \u00e9 respons\u00e1vel pelo Centro de Compet\u00eancia Cell BE, uma parceria LSI-USP \/ IBM CAS Brasil, que conta com um supercomputador (IBM Blade Cell QS20) e diversos PS3 (Sony) para pesquisa e desenvolvimento. Al\u00e9m disso, o Laborat\u00f3rio conta tamb\u00e9m com a iniciativa OpenSPARC, visando o Centro de Excel\u00eancia OpenSPARC da SUN. Esta iniciativa oferece as seguintes facilidades: tr\u00eas workstations Sun Ultra 20, tr\u00eas SunFire T2000 Servers e FPGA Virtex 5 Xilinx e, ainda, o Laborat\u00f3rio de Sistemas Embarcados e Ambientes Inteligentes. Atualmente, o foco na \u00e1rea de Computa\u00e7\u00e3o de Alto Desempenho (HPC) tem sido em Arquiteturas de Processadores Multicore e Manycore.<\/p>\n<p>Os trabalhos desenvolvidos pelo LSI nessa \u00e1rea s\u00e3o coordenados pelo Professor Doutor da Universidade de S\u00e3o Paulo Sergio Takeo Kofuji e t\u00eam tido seu foco em computa\u00e7\u00e3o distribu\u00edda e de alto desempenho, ambientes inteligentes, sistemas embarcados, tecnologia de imageamento avan\u00e7ado e redes de comunica\u00e7\u00e3o e seguran\u00e7a da informa\u00e7\u00e3o.<\/p>\n<p>&nbsp;<\/p>\n","protected":false},"excerpt":{"rendered":"<p>Caverna Digital A CAVERNA Digital USP faz parte do Laborat\u00f3rio de Realidade Virtual e Aumentada [&hellip;]<\/p>\n","protected":false},"author":415,"featured_media":0,"parent":0,"menu_order":0,"comment_status":"closed","ping_status":"closed","template":"","meta":{"footnotes":"","_links_to":"","_links_to_target":""},"class_list":["post-348","page","type-page","status-publish","hentry"],"_links":{"self":[{"href":"https:\/\/sites.usp.br\/lsi\/wp-json\/wp\/v2\/pages\/348","targetHints":{"allow":["GET"]}}],"collection":[{"href":"https:\/\/sites.usp.br\/lsi\/wp-json\/wp\/v2\/pages"}],"about":[{"href":"https:\/\/sites.usp.br\/lsi\/wp-json\/wp\/v2\/types\/page"}],"author":[{"embeddable":true,"href":"https:\/\/sites.usp.br\/lsi\/wp-json\/wp\/v2\/users\/415"}],"replies":[{"embeddable":true,"href":"https:\/\/sites.usp.br\/lsi\/wp-json\/wp\/v2\/comments?post=348"}],"version-history":[{"count":4,"href":"https:\/\/sites.usp.br\/lsi\/wp-json\/wp\/v2\/pages\/348\/revisions"}],"predecessor-version":[{"id":541,"href":"https:\/\/sites.usp.br\/lsi\/wp-json\/wp\/v2\/pages\/348\/revisions\/541"}],"wp:attachment":[{"href":"https:\/\/sites.usp.br\/lsi\/wp-json\/wp\/v2\/media?parent=348"}],"curies":[{"name":"wp","href":"https:\/\/api.w.org\/{rel}","templated":true}]}}