{"id":350,"date":"2018-02-26T15:29:46","date_gmt":"2018-02-26T18:29:46","guid":{"rendered":"http:\/\/sites.usp.br\/lsi\/?page_id=350"},"modified":"2018-02-26T15:29:47","modified_gmt":"2018-02-26T18:29:47","slug":"caverna-digital","status":"publish","type":"page","link":"https:\/\/sites.usp.br\/lsi\/caverna-digital\/","title":{"rendered":"Caverna Digital"},"content":{"rendered":"<p><strong>CAVERNA Digital e Laborat\u00f3rio de Realidade Virtual e Aumentada<\/strong><\/p>\n<p>A CAVERNA Digital USP faz parte do Laborat\u00f3rio de Realidade Virtual e Aumentada e conta com equipamentos de \u00faltima gera\u00e7\u00e3o em realidade virtual, realidade aumentada e computa\u00e7\u00e3o gr\u00e1fica, proporcionando um ambiente imersivo ambientado em uma \u00e1rea de 197,80m\u00b2 composta por cinco telas de tr\u00eas <a href=\"http:\/\/sites.usp.br\/lsi\/wp-content\/uploads\/sites\/353\/2018\/02\/Captura-de-Tela-2018-02-26-a\u0300s-15.27.15.png\"><img loading=\"lazy\" decoding=\"async\" class=\"alignleft size-full wp-image-349\" src=\"http:\/\/sites.usp.br\/lsi\/wp-content\/uploads\/sites\/353\/2018\/02\/Captura-de-Tela-2018-02-26-a\u0300s-15.27.15.png\" alt=\"\" width=\"200\" height=\"200\" srcset=\"https:\/\/sites.usp.br\/lsi\/wp-content\/uploads\/sites\/353\/2018\/02\/Captura-de-Tela-2018-02-26-a\u0300s-15.27.15.png 200w, https:\/\/sites.usp.br\/lsi\/wp-content\/uploads\/sites\/353\/2018\/02\/Captura-de-Tela-2018-02-26-a\u0300s-15.27.15-150x150.png 150w, https:\/\/sites.usp.br\/lsi\/wp-content\/uploads\/sites\/353\/2018\/02\/Captura-de-Tela-2018-02-26-a\u0300s-15.27.15-45x45.png 45w\" sizes=\"auto, (max-width: 200px) 100vw, 200px\" \/><\/a>por tr\u00eas metros que envolvem o usu\u00e1rio com imagens estereosc\u00f3picas, acionadas por um cluster gr\u00e1fico.<\/p>\n<p>A Sala de Visualiza\u00e7\u00e3o conta tamb\u00e9m com quatro computadores workstation e quatro projetores convencionais. Atrav\u00e9s de uma tecnologia desenvolvida nas depend\u00eancias da pr\u00f3pria CAVERNA Digital USP, um modelo 3D pode ser processado de forma distribu\u00edda entre os computadores, cada qual alimentando um dos projetores. Um esquema especial de calibra\u00e7\u00e3o permite compor uma \u00fanica imagem n\u00edtida formada exatamente pela uni\u00e3o dos quatro projetores, cada um respons\u00e1vel por tirar determinada \u00e1rea de proje\u00e7\u00e3o.<\/p>\n<p>O sistema \u00e9 altamente escal\u00e1vel, ou seja, \u00e9 poss\u00edvel construir ambientes com dezenas de computadores e projetores, de acordo com as necessidades das aplica\u00e7\u00f5es, fornecendo aos usu\u00e1rios alta capacidade de processamento para modelos grandes.<\/p>\n<p>A alta resolu\u00e7\u00e3o e capacidade computacional utilizando hardware comum torna poss\u00edvel a concep\u00e7\u00e3o e valida\u00e7\u00e3o de um sistema de baixo custo e alta defini\u00e7\u00e3o para visualiza\u00e7\u00e3o 3D.<\/p>\n<div style=\"max-width: 1333px;\">\n<div style=\"left: 0; width: 100%; height: 0; position: relative; padding-bottom: 56.25%;\"><iframe title=\"Caverna Digital 360\u00b0\" src=\"https:\/\/www.youtube.com\/embed\/jOEeGkKuNe4?rel=0\" style=\"top: 0; left: 0; width: 100%; height: 100%; position: absolute; border: 0;\" allowfullscreen scrolling=\"no\" allow=\"accelerometer; clipboard-write; encrypted-media; gyroscope; picture-in-picture; web-share;\"><\/iframe><\/div>\n<\/div>\n<p>&nbsp;<\/p>\n","protected":false},"excerpt":{"rendered":"<p>CAVERNA Digital e Laborat\u00f3rio de Realidade Virtual e Aumentada A CAVERNA Digital USP faz parte [&hellip;]<\/p>\n","protected":false},"author":415,"featured_media":0,"parent":0,"menu_order":0,"comment_status":"closed","ping_status":"closed","template":"","meta":{"footnotes":"","_links_to":"","_links_to_target":""},"class_list":["post-350","page","type-page","status-publish","hentry"],"_links":{"self":[{"href":"https:\/\/sites.usp.br\/lsi\/wp-json\/wp\/v2\/pages\/350","targetHints":{"allow":["GET"]}}],"collection":[{"href":"https:\/\/sites.usp.br\/lsi\/wp-json\/wp\/v2\/pages"}],"about":[{"href":"https:\/\/sites.usp.br\/lsi\/wp-json\/wp\/v2\/types\/page"}],"author":[{"embeddable":true,"href":"https:\/\/sites.usp.br\/lsi\/wp-json\/wp\/v2\/users\/415"}],"replies":[{"embeddable":true,"href":"https:\/\/sites.usp.br\/lsi\/wp-json\/wp\/v2\/comments?post=350"}],"version-history":[{"count":2,"href":"https:\/\/sites.usp.br\/lsi\/wp-json\/wp\/v2\/pages\/350\/revisions"}],"predecessor-version":[{"id":407,"href":"https:\/\/sites.usp.br\/lsi\/wp-json\/wp\/v2\/pages\/350\/revisions\/407"}],"wp:attachment":[{"href":"https:\/\/sites.usp.br\/lsi\/wp-json\/wp\/v2\/media?parent=350"}],"curies":[{"name":"wp","href":"https:\/\/api.w.org\/{rel}","templated":true}]}}