{"id":532,"date":"2018-06-08T14:13:48","date_gmt":"2018-06-08T17:13:48","guid":{"rendered":"http:\/\/sites.usp.br\/lsi\/?page_id=532"},"modified":"2024-11-28T10:38:36","modified_gmt":"2024-11-28T13:38:36","slug":"eventos","status":"publish","type":"page","link":"https:\/\/sites.usp.br\/lsi\/eventos\/","title":{"rendered":"Eventos"},"content":{"rendered":"<h1>LSI WORKSHOP 2024<\/h1>\n<h2>05\/12\/2024 \u00e0s 15:00<\/h2>\n<p style=\"font-weight: 400;\">Gostaria de convid\u00e1-los a participar do\u00a0<strong>LSI WORKSHOP 2024 (Programa\u00e7\u00e3o em anexo).<\/strong><\/p>\n<p style=\"font-weight: 400;\">O objetivo deste evento anual \u00e9 apresentar os principais resultados de pesquisa desenvolvidos pelos 11 grupos de pesquisa que comp\u00f5em o Laborat\u00f3rio de Sistemas Integr\u00e1veis (LSI) da Escola Polit\u00e9cnica da USP,\u00a0<u>para viabilizar intera\u00e7\u00f5es com outros grupos de pesquisa\u00a0de \u00e1reas afins.\u00a0<\/u><\/p>\n<p><strong>Evento:<\/strong>\u00a0<strong>LSI WORKSHOP 2024<\/strong><\/p>\n<p style=\"font-weight: 400;\"><strong>Data:<\/strong>\u00a0<strong>05\/12\/2024 (Quinta-feira)<\/strong><\/p>\n<p style=\"font-weight: 400;\"><strong>Hor\u00e1rio:<\/strong>\u00a0<strong>15:00 \u00e0s\u00a018:00\u00a0<\/strong><\/p>\n<p style=\"font-weight: 400;\"><strong>Local:<\/strong>\u00a0<strong>Sala D1-03<\/strong>\u00a0(Pr\u00e9dio de Engenharia El\u00e9trica da USP)<\/p>\n<p style=\"font-weight: 400;\">Estamos incentivando a\u00a0<strong>participa\u00e7\u00e3o presencial<\/strong>, mas o evento ser\u00e1 h\u00edbrido e quem n\u00e3o puder comparecer presencialmente tem a op\u00e7\u00e3o de participar remotamente atrav\u00e9s do link abaixo:<\/p>\n<p><strong><a href=\"https:\/\/usp-br.zoom.us\/j\/6856425571?pwd=VDdlV1dsYU5ldzhXaS9JdjR6WFJ3Zz09#success\" data-saferedirecturl=\"https:\/\/www.google.com\/url?q=https:\/\/usp-br.zoom.us\/j\/6856425571?pwd%3DVDdlV1dsYU5ldzhXaS9JdjR6WFJ3Zz09%23success&amp;source=gmail&amp;ust=1732877464201000&amp;usg=AOvVaw3r6QTUdlfC4dEbUufEG0jT\">https:\/\/usp-br.zoom.us\/j\/6856425571?pwd=VDdlV1dsYU5ldzhXaS9JdjR6WFJ3Zz09#success<\/a><\/strong><\/p>\n<p><img loading=\"lazy\" decoding=\"async\" class=\"size-full wp-image-730 alignnone\" src=\"https:\/\/sites.usp.br\/lsi\/wp-content\/uploads\/sites\/353\/2024\/11\/Captura-de-Tela-2024-11-28-as-10.33.00.png\" alt=\"\" width=\"671\" height=\"899\" srcset=\"https:\/\/sites.usp.br\/lsi\/wp-content\/uploads\/sites\/353\/2024\/11\/Captura-de-Tela-2024-11-28-as-10.33.00.png 671w, https:\/\/sites.usp.br\/lsi\/wp-content\/uploads\/sites\/353\/2024\/11\/Captura-de-Tela-2024-11-28-as-10.33.00-224x300.png 224w, https:\/\/sites.usp.br\/lsi\/wp-content\/uploads\/sites\/353\/2024\/11\/Captura-de-Tela-2024-11-28-as-10.33.00-400x536.png 400w\" sizes=\"auto, (max-width: 671px) 100vw, 671px\" \/><\/p>\n<p>&nbsp;<\/p>\n<h1><\/h1>\n<hr \/>\n<h1>Workshop ICONE (WICONE) 2022<\/h1>\n<h2>3\u00aa Edi\u00e7\u00e3o Online \u2013 30\/09\/2022<\/h2>\n<p>Evento aberto e online!<\/p>\n<p>Palestras dispon\u00edveis em:<br \/>\n<a href=\"https:\/\/www.youtube.com\/watch?v=aNy9Denos50\" target=\"_blank\" rel=\"noopener noreferrer\" data-saferedirecturl=\"https:\/\/www.google.com\/url?q=https:\/\/www.youtube.com\/watch?v%3DaNy9Denos50&amp;source=gmail&amp;ust=1671117634687000&amp;usg=AOvVaw2KZtEf1BpMt0PoAE3t5GYs\">https:\/\/www.youtube.com\/watch?<wbr \/>v=aNy9Denos50<\/a><\/p>\n<p>Workshop ICONE 2022 \u2013 XVI WICONE<br \/>\nData: 30 de Setembro de 2022<br \/>\nHor\u00e1rio: das 9h \u00e0s 12h30<br \/>\nLocal: Evento Online.<\/p>\n<p>Mais informa\u00e7\u00f5es em:\u00a0<strong><a href=\"https:\/\/sites.usp.br\/lsi\/icone\/\" target=\"_blank\" rel=\"noopener noreferrer\" data-saferedirecturl=\"https:\/\/www.google.com\/url?q=https:\/\/sites.usp.br\/lsi\/icone\/&amp;source=gmail&amp;ust=1671117634687000&amp;usg=AOvVaw2e19Hfy5Q9EaQlPWRwcvej\">https:\/\/sites.usp.br\/lsi\/icone<wbr \/>\/<\/a><\/strong><\/p>\n<hr \/>\n<p>&nbsp;<\/p>\n<h1>LSI\/PSI Workshop 2021<\/h1>\n<h2>Online \u2013 25\/11\/2021<\/h2>\n<p>Evento aberto e online! Participe!<\/p>\n<p>Acompanhe ao vivo a partir das 16h (hor\u00e1rio de Bras\u00edlia) em:<br \/>\n<a href=\"https:\/\/youtu.be\/X0e3HoNup1U\">https:\/\/youtu.be\/X0e3HoNup1U<\/a><\/p>\n<p>Data: 25 de novembro de 2021 (quinta-feira)<br \/>\nHor\u00e1rio: 16:00 \u00e0s 18:40<br \/>\nLocal: Evento Online.<\/p>\n<p><a href=\"https:\/\/sites.usp.br\/lsi\/wp-content\/uploads\/sites\/353\/2021\/11\/LSI_Workshop_2021_11_25.pdf\">Veja aqui a programa\u00e7\u00e3o completa<\/a><\/p>\n<hr \/>\n<h1>Workshop ICONE (WICONE) 2021<\/h1>\n<h2>2\u00aa Edi\u00e7\u00e3o Online \u2013 24\/09\/2021<\/h2>\n<p>Evento aberto e online! Participe!<\/p>\n<p>Acompanhe ao vivo a partir das 9h (hor\u00e1rio de Bras\u00edlia) em:<br \/>\n<a href=\"https:\/\/www.youtube.com\/channel\/UC2l02UlQZ4n0iJ71cJYvWcQ\">https:\/\/www.youtube.com\/channel\/UC2l02UlQZ4n0iJ71cJYvWcQ<\/a><\/p>\n<p>Workshop ICONE 2021 \u2013 XV WICONE<br \/>\nData: 24 de Setembro de 2021<br \/>\nHor\u00e1rio: das 9h \u00e0s 12h30<br \/>\nLocal: Evento Online.<\/p>\n<p>&nbsp;<\/p>\n<p>Mais informa\u00e7\u00f5es em: <strong>https:\/\/sites.usp.br\/lsi\/icone\/<\/strong><\/p>\n<p>&nbsp;<\/p>\n<hr \/>\n<h1><strong>50 ANOS DO PRIMEIRO CIRCUITO INTEGRADO DO PA\u00cdS<\/strong><\/h1>\n<p style=\"font-weight: 400;\">Homenagem ao\u00a0<strong>Prof. Dr. Jo\u00e3o Antonio Zuffo<\/strong>\u00a0em comemora\u00e7\u00e3o aos \u201c<strong>50 ANOS DO PRIMEIRO CIRCUITO INTEGRADO DO PA\u00cdS<\/strong>\u201d.<\/p>\n<p style=\"font-weight: 400;\">O evento est\u00e1 sendo organizado pelo Laborat\u00f3rio de Sistemas Integr\u00e1veis da Escola Polit\u00e9cnica da USP (LSI\/EP\/USP) e ocorrer\u00e1:<\/p>\n<p style=\"font-weight: 400;\"><strong>Dia: 13\/09\/2021 (Segunda-feira)<\/strong><\/p>\n<p style=\"font-weight: 400;\"><strong>Hor\u00e1rio: 17:00<\/strong><\/p>\n<p style=\"font-weight: 400;\"><strong>Canal do Youtube do LSI:<\/strong>\u00a0<a href=\"https:\/\/youtu.be\/N0yn8Np0QzE\" data-saferedirecturl=\"https:\/\/www.google.com\/url?q=https:\/\/youtu.be\/N0yn8Np0QzE&amp;source=gmail&amp;ust=1630776245004000&amp;usg=AFQjCNEfr0d2aREeYnsxgsR8s9y2SM_Zzg\">https:\/\/youtu.be\/N0yn8Np0QzE<\/a><\/p>\n<p><img loading=\"lazy\" decoding=\"async\" class=\"alignleft size-full wp-image-671\" src=\"https:\/\/sites.usp.br\/lsi\/wp-content\/uploads\/sites\/353\/2021\/09\/Screenshot-2021-09-03-142455.png\" alt=\"\" width=\"769\" height=\"756\" srcset=\"https:\/\/sites.usp.br\/lsi\/wp-content\/uploads\/sites\/353\/2021\/09\/Screenshot-2021-09-03-142455.png 769w, https:\/\/sites.usp.br\/lsi\/wp-content\/uploads\/sites\/353\/2021\/09\/Screenshot-2021-09-03-142455-300x295.png 300w, https:\/\/sites.usp.br\/lsi\/wp-content\/uploads\/sites\/353\/2021\/09\/Screenshot-2021-09-03-142455-45x45.png 45w, https:\/\/sites.usp.br\/lsi\/wp-content\/uploads\/sites\/353\/2021\/09\/Screenshot-2021-09-03-142455-400x393.png 400w\" sizes=\"auto, (max-width: 769px) 100vw, 769px\" \/><\/p>\n<p>&nbsp;<\/p>\n<p>&nbsp;<\/p>\n<hr \/>\n<h1 class=\"post-title\">Workshop ICONE (WICONE) 2020<\/h1>\n<h3 class=\"post-title\"><strong>25 de setembro de 2020<\/strong><\/h3>\n<p class=\"post-title\">Mais informa\u00e7\u00f5es sobre o evento e sobre o\u00a0grupo de pesquisa em <a href=\"https:\/\/sites.usp.br\/lsi\/icone\/\" target=\"_blank\" rel=\"noopener noreferrer\" data-saferedirecturl=\"https:\/\/www.google.com\/url?q=https:\/\/sites.usp.br\/lsi\/icone\/&amp;source=gmail&amp;ust=1569023040681000&amp;usg=AFQjCNHdHNVm0kxVEOQ9K6o-kt-uctluWw\">https:\/\/sites.usp.br\/lsi\/icone<wbr \/>\/<\/a><\/p>\n<hr \/>\n<h1>Palestra do Prof. Cor Clayes<\/h1>\n<h3>16 de agosto de 2019<\/h3>\n<p class=\"title style-scope ytd-video-primary-info-renderer\"><strong>Basic Microelectronics Impacting Society and Everyday Life<\/strong><\/p>\n<div style=\"max-width: 1333px;\">\n<div style=\"left: 0; width: 100%; height: 0; position: relative; padding-bottom: 56.25%;\"><iframe title=\"Basic Microelectronics Impacting Society and Everyday Life\" src=\"https:\/\/www.youtube.com\/embed\/C3c9n8Tw2PA?rel=0\" style=\"top: 0; left: 0; width: 100%; height: 100%; position: absolute; border: 0;\" allowfullscreen scrolling=\"no\" allow=\"accelerometer; clipboard-write; encrypted-media; gyroscope; picture-in-picture; web-share;\"><\/iframe><\/div>\n<\/div>\n<h3><\/h3>\n<hr \/>\n<h1 class=\"post-title\">Chip In Sampa<\/h1>\n<h3 class=\"post-title\"><strong>26 de agosto de 2019<\/strong><\/h3>\n<p class=\"post-title\">Maiores informa\u00e7\u00f5es: <a href=\"http:\/\/www.psi.poli.usp.br\/chipinsampa\/\">http:\/\/www.psi.poli.usp.br\/chipinsampa\/<\/a><\/p>\n<hr \/>\n<h1 class=\"post-title\">II Workshop LSI<\/h1>\n<h3 class=\"post-title\"><strong>5\u00a0de\u00a0dezembro de 2018\u00a0<\/strong><\/h3>\n<p>&nbsp;<\/p>\n<p>Clique nos links para assistir os v\u00eddeos:<\/p>\n<p>&nbsp;<\/p>\n<p><a href=\"https:\/\/www.youtube.com\/watch?v=NZCddUeN1rc&amp;index=2&amp;list=PLohyb48XwWX-k9wKXRYqkcCE7pFMBL0z-&amp;t=0s\"><strong>Abertura do evento\u00a0<\/strong><br \/>\nProf. Dr. Jo\u00e3o Antonio Martino, coordenador do Laborat\u00f3rio de Sistemas Integr\u00e1veis (LSI), EPUSP<br \/>\n<\/a><\/p>\n<p>&nbsp;<\/p>\n<p><strong><a href=\"https:\/\/youtu.be\/NZCddUeN1rc?list=PLohyb48XwWX-k9wKXRYqkcCE7pFMBL0z-&amp;t=842\">Oficinas, Sensores \u00d3pticos e Biossensores Integrados<\/a><\/strong><br \/>\nProf. Dr. Jo\u00e3o Antonio Martino<br \/>\n<b>Grupo 1:\u00a0<\/b>CMOS SOI \u2013Novos Componentes Eletr\u00f4nicos e Sensores<\/p>\n<p>&nbsp;<\/p>\n<p style=\"font-weight: 400;\"><strong><a href=\"https:\/\/www.youtube.com\/watch?v=O7cac1-8uGA&amp;index=3&amp;list=PLohyb48XwWX-k9wKXRYqkcCE7pFMBL0z-&amp;t=0s\">Novas atividades em Sensores integrados e Energia Limpa<\/a><br \/>\n<\/strong>Prof. Dr. Ronaldo Domingos Mansano<br \/>\n<strong>Grupo 2<\/strong>: Nanotecnologia aplicada e Novos Diel\u00e9tricos<\/p>\n<p style=\"font-weight: 400;\"><strong>\u00a0<\/strong><\/p>\n<p style=\"font-weight: 400;\"><strong><a href=\"https:\/\/www.youtube.com\/watch?v=YkeXmJjV138&amp;index=4&amp;list=PLohyb48XwWX-k9wKXRYqkcCE7pFMBL0z-&amp;t=0s\">Engenharia de Superf\u00edcies e de Interfaces Aplicada na Fabrica\u00e7\u00e3o de C\u00e9lulas Solares MOS<\/a><br \/>\n<\/strong>Prof. Dr. Sebasti\u00e3o Gomes dos Santos Filho<br \/>\n<strong>Grupo 3:\u00a0<\/strong>Engenharia de Superf\u00edcies e de Interfaces Aplicada na Fabrica\u00e7\u00e3o de Sensores e Nanoestruturas<\/p>\n<p style=\"font-weight: 400;\"><strong>\u00a0<\/strong><\/p>\n<p style=\"font-weight: 400;\"><strong><a href=\"https:\/\/www.youtube.com\/watch?v=ahU7EX4NxMo&amp;index=5&amp;list=PLohyb48XwWX-k9wKXRYqkcCE7pFMBL0z-&amp;t=0s\">Microlaborat\u00f3rios Aut\u00f4nomos<\/a><br \/>\n<\/strong>Prof. Dr. Antonio Carlos Seabra<br \/>\n<strong>Grupo 4<\/strong>: Tecnologias Avan\u00e7adas de Grava\u00e7\u00e3o para Nano-, Micro-e Meso-Sistemas<\/p>\n<p style=\"font-weight: 400;\"><strong>\u00a0<\/strong><\/p>\n<p style=\"font-weight: 400;\"><strong><a href=\"https:\/\/www.youtube.com\/watch?v=nEmq1ONxl0c&amp;index=6&amp;list=PLohyb48XwWX-k9wKXRYqkcCE7pFMBL0z-&amp;t=0s\">Evolu\u00e7\u00e3o do Projeto do SAMPA ASIC e Projeto de Receptores de Ultra Baixa Tens\u00e3o e Pot\u00eancia<\/a><br \/>\n<\/strong>Prof. Dr. Wilhelmus Van Noije<br \/>\n<strong>Grupo 5:<\/strong>Projeto de Circuitos Integrados<\/p>\n<p style=\"font-weight: 400;\"><strong>\u00a0<\/strong><\/p>\n<p style=\"font-weight: 400;\"><strong><a href=\"https:\/\/www.youtube.com\/watch?v=k5XwQsqs30o&amp;index=7&amp;list=PLohyb48XwWX-k9wKXRYqkcCE7pFMBL0z-&amp;t=0s\">Sistemas Embarcados Automotivos\/Projetos em Andamento<\/a><br \/>\n<\/strong>Prof. Dr. Armando Antonio Maria Lagan\u00e1<br \/>\n<strong>Grupo 6:Eletr\u00f4nica Automotiva<\/strong><\/p>\n<p style=\"font-weight: 400;\"><strong>\u00a0<\/strong><\/p>\n<p style=\"font-weight: 400;\"><strong><a href=\"https:\/\/www.youtube.com\/watch?v=SN7byz0S79M&amp;t=0s&amp;list=PLohyb48XwWX-k9wKXRYqkcCE7pFMBL0z-&amp;index=8\">Destaques da pesquisa em Intelig\u00eancia Computacional e Neurocomputa\u00e7\u00e3oEletr\u00f4nica no grupo ICONE<\/a><br \/>\n<\/strong>Prof. Dr. Em\u00edlio Del Moral Hernandez<br \/>\n<strong>Grupo 7<\/strong>:Intelig\u00eancia Computacional, Modelagem e Neurocomputa\u00e7\u00e3o Eletr\u00f4nica (Grupo ICONE)<\/p>\n<p style=\"font-weight: 400;\"><strong>\u00a0<\/strong><\/p>\n<p style=\"font-weight: 400;\"><strong><a href=\"https:\/\/www.youtube.com\/watch?v=amyePR7zFOI&amp;t=0s&amp;list=PLohyb48XwWX-k9wKXRYqkcCE7pFMBL0z-&amp;index=9\">Projeto Mobilidade Inteligente (BMW)<\/a><br \/>\n<\/strong>Prof. Dr. M\u00e1rcio Lobo Netto<br \/>\n<strong>Grupo 8<\/strong>: Computa\u00e7\u00e3o Cognitiva (COGNITIO)<\/p>\n<p style=\"font-weight: 400;\"><strong>\u00a0<\/strong><\/p>\n<p style=\"font-weight: 400;\"><strong><a href=\"https:\/\/www.youtube.com\/watch?v=WL0cjKtRoRo&amp;t=0s&amp;list=PLohyb48XwWX-k9wKXRYqkcCE7pFMBL0z-&amp;index=10\">5g and Beyond 5g communication: research challenges<\/a><br \/>\n<\/strong>Prof. Dr.: S\u00e9rgioTakeo Kofuji<br \/>\n<strong>Grupo 9<\/strong>: Computa\u00e7\u00e3o Pervasiva e Alto Desempenho (PAD)<\/p>\n<p style=\"font-weight: 400;\"><strong>\u00a0<\/strong><\/p>\n<p style=\"font-weight: 400;\"><strong><a href=\"https:\/\/www.youtube.com\/user\/LSILaboratorio\">Sistemas Ciberf\u00edsicos Interativos<\/a><br \/>\n<\/strong>Prof. Dr. Marcelo Zuffo<\/p>\n<p style=\"font-weight: 400;\"><a href=\"https:\/\/www.youtube.com\/watch?v=ze33B36PAQE&amp;index=9&amp;list=PLohyb48XwWX-k9wKXRYqkcCE7pFMBL0z-&amp;t=0s\"><strong>Meios Eletr\u00f4nico Interativos em Educa\u00e7\u00e3o e Sa\u00fade<\/strong><\/a><br \/>\nProfa. Dra. Roseli de Deus<br \/>\n<strong>Grupo 10<\/strong>: Meios Eletr\u00f4nicos Interativos (MEI)<\/p>\n<p style=\"font-weight: 400;\"><strong>\u00a0<\/strong><\/p>\n<p>&nbsp;<\/p>\n<hr \/>\n<h3 class=\"post-title\"><\/h3>\n<h3 class=\"post-title\"><strong>10 a 20 de Julho de 2018<\/strong><\/h3>\n<h1 class=\"post-title\">Oficina de Introdu\u00e7\u00e3o ao Projeto de Circuitos Integrados<\/h1>\n<p>Prezados Professores, Pesquisadores e Alunos da \u00e1rea de Microeletr\u00f4nica\/Nanoeletr\u00f4nica,<br \/>\nGostar\u00edamos de convid\u00e1-los para participar de mais uma ESCOLA DE MICROELETR\u00d4NICA que ocorrer\u00e1 em S\u00e3o Paulo (EMICRO-SP) intitulada:\u00a0<strong>OFICINA DE INTRODU\u00c7\u00c3O AO PROJETO DE CIRCUITOS INTEGRADOS<\/strong><\/p>\n<p>Inscri\u00e7\u00e3o e informa\u00e7\u00f5es adicionais diretamente pelo site abaixo:<br \/>\n<strong><a href=\"http:\/\/www.psi.poli.usp.br\/emicro-projetos\">www.psi.poli.usp.br\/emicro-projetos<\/a><\/strong><\/p>\n<hr \/>\n<h3 class=\"post-title\"><\/h3>\n<h3 class=\"post-title\"><strong>23 a 27 de julho de 2018<\/strong><\/h3>\n<h1 class=\"post-title\">Oficina USP de Fabrica\u00e7\u00e3o de Circuitos Integrados MOS (Tecnologia SOI)<\/h1>\n<p>O curso apresenta uma abordagem pr\u00e1tica e abrangente sobre a fabrica\u00e7\u00e3o de circuitos integrados MOS em tecnologia SOI. Nesse contexto, os estudantes participam (em Sala Limpa) da sequ\u00eancia completa de fabrica\u00e7\u00e3o de um Circuito integrado (CI) teste com transistores, diodos, capacitores e inversores<\/p>\n<p>Inscri\u00e7\u00e3o e informa\u00e7\u00f5es adicionais diretamente pelo site abaixo:<br \/>\n<strong><a href=\"http:\/\/www.psi.poli.usp.br\/emicro-fabricacao\">www.psi.poli.usp.br\/emicro-fabricacao<\/a><\/strong><\/p>\n<hr \/>\n<h3 class=\"post-title\"><strong>15\u00a0de mar\u00e7o de 2018<\/strong><\/h3>\n<h1 class=\"post-title\">Febrace 2018<\/h1>\n<p>A Feira Brasileira de Ci\u00eancias e Engenharia \u00e9 um movimento nacional de est\u00edmulo ao jovem cientista, que todo ano realiza na Universidade de S\u00e3o Paulo uma grande mostra de projetos.<\/p>\n<p>A FEBRACE assume um importante papel social incentivando a criatividade e a reflex\u00e3o em estudantes da educa\u00e7\u00e3o b\u00e1sica, atrav\u00e9s do desenvolvimento de projetos com fundamento cient\u00edfico, nas diferentes \u00e1reas das ci\u00eancias e engenharia.<\/p>\n<p>Site oficial:<br \/>\n<a href=\"http:\/\/febrace.org.br\/\">http:\/\/febrace.org.br\/<\/a><\/p>\n<hr \/>\n","protected":false},"excerpt":{"rendered":"<p>LSI WORKSHOP 2024 05\/12\/2024 \u00e0s 15:00 Gostaria de convid\u00e1-los a participar do\u00a0LSI WORKSHOP 2024 (Programa\u00e7\u00e3o [&hellip;]<\/p>\n","protected":false},"author":415,"featured_media":0,"parent":0,"menu_order":0,"comment_status":"closed","ping_status":"closed","template":"","meta":{"footnotes":"","_links_to":"","_links_to_target":""},"class_list":["post-532","page","type-page","status-publish","hentry"],"_links":{"self":[{"href":"https:\/\/sites.usp.br\/lsi\/wp-json\/wp\/v2\/pages\/532","targetHints":{"allow":["GET"]}}],"collection":[{"href":"https:\/\/sites.usp.br\/lsi\/wp-json\/wp\/v2\/pages"}],"about":[{"href":"https:\/\/sites.usp.br\/lsi\/wp-json\/wp\/v2\/types\/page"}],"author":[{"embeddable":true,"href":"https:\/\/sites.usp.br\/lsi\/wp-json\/wp\/v2\/users\/415"}],"replies":[{"embeddable":true,"href":"https:\/\/sites.usp.br\/lsi\/wp-json\/wp\/v2\/comments?post=532"}],"version-history":[{"count":5,"href":"https:\/\/sites.usp.br\/lsi\/wp-json\/wp\/v2\/pages\/532\/revisions"}],"predecessor-version":[{"id":734,"href":"https:\/\/sites.usp.br\/lsi\/wp-json\/wp\/v2\/pages\/532\/revisions\/734"}],"wp:attachment":[{"href":"https:\/\/sites.usp.br\/lsi\/wp-json\/wp\/v2\/media?parent=532"}],"curies":[{"name":"wp","href":"https:\/\/api.w.org\/{rel}","templated":true}]}}