{"id":560,"date":"2018-10-26T17:02:21","date_gmt":"2018-10-26T20:02:21","guid":{"rendered":"http:\/\/sites.usp.br\/lsi\/?page_id=560"},"modified":"2018-10-26T17:02:21","modified_gmt":"2018-10-26T20:02:21","slug":"oportunidades","status":"publish","type":"page","link":"https:\/\/sites.usp.br\/lsi\/oportunidades\/","title":{"rendered":"Oportunidades"},"content":{"rendered":"<p><strong>Calend\u00e1rio e demais informa\u00e7\u00f5es sobre Mestrado e Doutorado:<\/strong><\/p>\n<p><a href=\"http:\/\/ppgee.poli.usp.br\/\">http:\/\/ppgee.poli.usp.br\/<\/a><\/p>\n<p>&nbsp;<\/p>\n<p><strong>Oportunidades de Inicia\u00e7\u00e3o Cient\u00edfica:<\/strong><\/p>\n<p>&nbsp;<\/p>\n<p>&nbsp;<\/p>\n","protected":false},"excerpt":{"rendered":"<p>Calend\u00e1rio e demais informa\u00e7\u00f5es sobre Mestrado e Doutorado: http:\/\/ppgee.poli.usp.br\/ &nbsp; Oportunidades de Inicia\u00e7\u00e3o Cient\u00edfica: &nbsp; [&hellip;]<\/p>\n","protected":false},"author":415,"featured_media":0,"parent":0,"menu_order":0,"comment_status":"closed","ping_status":"closed","template":"","meta":{"footnotes":"","_links_to":"","_links_to_target":""},"class_list":["post-560","page","type-page","status-publish","hentry"],"_links":{"self":[{"href":"https:\/\/sites.usp.br\/lsi\/wp-json\/wp\/v2\/pages\/560","targetHints":{"allow":["GET"]}}],"collection":[{"href":"https:\/\/sites.usp.br\/lsi\/wp-json\/wp\/v2\/pages"}],"about":[{"href":"https:\/\/sites.usp.br\/lsi\/wp-json\/wp\/v2\/types\/page"}],"author":[{"embeddable":true,"href":"https:\/\/sites.usp.br\/lsi\/wp-json\/wp\/v2\/users\/415"}],"replies":[{"embeddable":true,"href":"https:\/\/sites.usp.br\/lsi\/wp-json\/wp\/v2\/comments?post=560"}],"version-history":[{"count":1,"href":"https:\/\/sites.usp.br\/lsi\/wp-json\/wp\/v2\/pages\/560\/revisions"}],"predecessor-version":[{"id":561,"href":"https:\/\/sites.usp.br\/lsi\/wp-json\/wp\/v2\/pages\/560\/revisions\/561"}],"wp:attachment":[{"href":"https:\/\/sites.usp.br\/lsi\/wp-json\/wp\/v2\/media?parent=560"}],"curies":[{"name":"wp","href":"https:\/\/api.w.org\/{rel}","templated":true}]}}