{"id":292,"date":"2020-10-20T11:14:16","date_gmt":"2020-10-20T13:14:16","guid":{"rendered":"http:\/\/sites.usp.br\/ltp\/?page_id=292"},"modified":"2021-05-07T02:07:37","modified_gmt":"2021-05-07T04:07:37","slug":"staff","status":"publish","type":"page","link":"https:\/\/sites.usp.br\/ltp\/staff\/","title":{"rendered":"Staff"},"content":{"rendered":"\t\t<div data-elementor-type=\"wp-page\" data-elementor-id=\"292\" class=\"elementor elementor-292\">\n\t\t\t\t\t\t<section class=\"elementor-section elementor-top-section elementor-element elementor-element-6244337 elementor-section-boxed elementor-section-height-default elementor-section-height-default\" data-id=\"6244337\" data-element_type=\"section\">\n\t\t\t\t\t\t<div class=\"elementor-container elementor-column-gap-default\">\n\t\t\t\t\t<div class=\"elementor-column elementor-col-100 elementor-top-column elementor-element elementor-element-e4bf02d\" data-id=\"e4bf02d\" data-element_type=\"column\">\n\t\t\t<div class=\"elementor-widget-wrap elementor-element-populated\">\n\t\t\t\t\t\t<section class=\"elementor-section elementor-inner-section elementor-element elementor-element-8ae59bc elementor-section-boxed elementor-section-height-default elementor-section-height-default\" data-id=\"8ae59bc\" data-element_type=\"section\">\n\t\t\t\t\t\t<div class=\"elementor-container elementor-column-gap-default\">\n\t\t\t\t\t<div class=\"elementor-column elementor-col-50 elementor-inner-column elementor-element elementor-element-0d99831\" data-id=\"0d99831\" data-element_type=\"column\">\n\t\t\t<div class=\"elementor-widget-wrap elementor-element-populated\">\n\t\t\t\t\t\t<div class=\"elementor-element elementor-element-c26eadc elementor-widget elementor-widget-image\" data-id=\"c26eadc\" data-element_type=\"widget\" data-widget_type=\"image.default\">\n\t\t\t\t<div class=\"elementor-widget-container\">\n\t\t\t\t\t\t\t\t\t\t\t\t\t<img decoding=\"async\" width=\"150\" height=\"150\" src=\"https:\/\/sites.usp.br\/ltp\/wp-content\/uploads\/sites\/683\/2020\/05\/liegi-150x150.jpg\" class=\"attachment-thumbnail size-thumbnail wp-image-279\" alt=\"\" srcset=\"https:\/\/sites.usp.br\/ltp\/wp-content\/uploads\/sites\/683\/2020\/05\/liegi-150x150.jpg 150w, https:\/\/sites.usp.br\/ltp\/wp-content\/uploads\/sites\/683\/2020\/05\/liegi-250x250.jpg 250w, https:\/\/sites.usp.br\/ltp\/wp-content\/uploads\/sites\/683\/2020\/05\/liegi-174x174.jpg 174w, https:\/\/sites.usp.br\/ltp\/wp-content\/uploads\/sites\/683\/2020\/05\/liegi-45x45.jpg 45w, https:\/\/sites.usp.br\/ltp\/wp-content\/uploads\/sites\/683\/2020\/05\/liegi-200x200.jpg 200w\" sizes=\"(max-width: 150px) 100vw, 150px\" \/>\t\t\t\t\t\t\t\t\t\t\t\t\t<\/div>\n\t\t\t\t<\/div>\n\t\t\t\t\t<\/div>\n\t\t<\/div>\n\t\t\t\t<div class=\"elementor-column elementor-col-50 elementor-inner-column elementor-element elementor-element-5e1e00b\" data-id=\"5e1e00b\" data-element_type=\"column\">\n\t\t\t<div class=\"elementor-widget-wrap elementor-element-populated\">\n\t\t\t\t\t\t<div class=\"elementor-element elementor-element-27e6d25 elementor-widget elementor-widget-heading\" data-id=\"27e6d25\" data-element_type=\"widget\" data-widget_type=\"heading.default\">\n\t\t\t\t<div class=\"elementor-widget-container\">\n\t\t\t<h2 class=\"elementor-heading-title elementor-size-default\">Liedi L\u00e9gi Bariani Bernucci<\/h2>\t\t<\/div>\n\t\t\t\t<\/div>\n\t\t\t\t<div class=\"elementor-element elementor-element-a25dcfd elementor-widget elementor-widget-text-editor\" data-id=\"a25dcfd\" data-element_type=\"widget\" data-widget_type=\"text-editor.default\">\n\t\t\t\t<div class=\"elementor-widget-container\">\n\t\t\t\t\t\t\t<p>Possui gradua\u00e7\u00e3o em Engenharia Civil pela Escola Polit\u00e9cnica da Universidade de S\u00e3o Paulo (1981), mestrado em Engenharia Geot\u00e9cnica pela Universidade de S\u00e3o Paulo (1987), tendo feito pesquisa para seu mestrado no Institut Fuer Grundbau und Bodenmechanik \u2013 Eidgenoessische Technische Hochschule Z\u00fcrich, ETHZ, Su\u00ed\u00e7a, onde permaneceu de 1984 a 1986. Retornou \u00e0 mesma Institui\u00e7\u00e3o su\u00ed\u00e7a para seu doutorado sandu\u00edche com bolsa da FAPESP (1988-1989) e finalizou seu doutorado em Engenharia de Transportes pela Universidade de S\u00e3o Paulo (1995). Realizou sua Livre-Doc\u00eancia em 2001 e tornou-se em 2006 Professora Titular da Escola Polit\u00e9cnica da Universidade de S\u00e3o Paulo, da qual \u00e9 docente desde 1986. Foi a Chefe do Departamento de Engenharia de Transportes da Escola Polit\u00e9cnica da USP por 7 anos no total, cargo que ocupou at\u00e9 mar\u00e7o de 2014. \u00c9 atualmente diretora da Escola Polit\u00e9cnica (2018-2022). Atua na \u00e1rea de Infraestrutura de Transportes: Vias Urbanas, Rodovias, Aeroportos e Ferrovias. Formou diversos alunos de gradua\u00e7\u00e3o, de mestrado e de doutorado; supervisionou p\u00f3s-doutorados; \u00e9 autora do Livro Pavimenta\u00e7\u00e3o Asf\u00e1ltica: Forma\u00e7\u00e3o B\u00e1sica para Engenheiros, juntamente com Laura M.G. Motta, Jorge A P Ceratti e Jorge B. Soares; publicou mais de 200 trabalhos; foi editora da Transportes, de 1999 a 2003; coordena projetos de pesquisa financiados por \u00f3rg\u00e3os de fomento, ag\u00eancias e por empresas p\u00fablicas e privadas; foi coordenadora da Comiss\u00e3o de Asfalto do IBP \u2013 Instituto Brasileiro de Petr\u00f3leo, G\u00e1s e Biocombust\u00edvel em 2007, Participa de diversas associa\u00e7\u00f5es e grupos de trabalhos de normaliza\u00e7\u00e3o e estudos.<\/p>\t\t\t\t\t\t<\/div>\n\t\t\t\t<\/div>\n\t\t\t\t\t<\/div>\n\t\t<\/div>\n\t\t\t\t\t<\/div>\n\t\t<\/section>\n\t\t\t\t\t<\/div>\n\t\t<\/div>\n\t\t\t\t\t<\/div>\n\t\t<\/section>\n\t\t\t\t<section class=\"elementor-section elementor-top-section elementor-element elementor-element-07607da elementor-section-boxed elementor-section-height-default elementor-section-height-default\" data-id=\"07607da\" data-element_type=\"section\">\n\t\t\t\t\t\t<div class=\"elementor-container elementor-column-gap-default\">\n\t\t\t\t\t<div class=\"elementor-column elementor-col-100 elementor-top-column elementor-element elementor-element-6b035fc\" data-id=\"6b035fc\" data-element_type=\"column\">\n\t\t\t<div class=\"elementor-widget-wrap elementor-element-populated\">\n\t\t\t\t\t\t<section class=\"elementor-section elementor-inner-section elementor-element elementor-element-b8284e5 elementor-section-boxed elementor-section-height-default elementor-section-height-default\" data-id=\"b8284e5\" data-element_type=\"section\">\n\t\t\t\t\t\t<div class=\"elementor-container elementor-column-gap-default\">\n\t\t\t\t\t<div class=\"elementor-column elementor-col-50 elementor-inner-column elementor-element elementor-element-f3ef4f4\" data-id=\"f3ef4f4\" data-element_type=\"column\">\n\t\t\t<div class=\"elementor-widget-wrap elementor-element-populated\">\n\t\t\t\t\t\t<div class=\"elementor-element elementor-element-41b14d8 elementor-widget elementor-widget-image\" data-id=\"41b14d8\" data-element_type=\"widget\" data-widget_type=\"image.default\">\n\t\t\t\t<div class=\"elementor-widget-container\">\n\t\t\t\t\t\t\t\t\t\t\t\t\t<img decoding=\"async\" width=\"150\" height=\"150\" src=\"https:\/\/sites.usp.br\/ltp\/wp-content\/uploads\/sites\/683\/2020\/05\/kamilla-150x150.jpg\" class=\"attachment-thumbnail size-thumbnail wp-image-280\" alt=\"\" srcset=\"https:\/\/sites.usp.br\/ltp\/wp-content\/uploads\/sites\/683\/2020\/05\/kamilla-150x150.jpg 150w, https:\/\/sites.usp.br\/ltp\/wp-content\/uploads\/sites\/683\/2020\/05\/kamilla-250x250.jpg 250w, https:\/\/sites.usp.br\/ltp\/wp-content\/uploads\/sites\/683\/2020\/05\/kamilla-174x174.jpg 174w, https:\/\/sites.usp.br\/ltp\/wp-content\/uploads\/sites\/683\/2020\/05\/kamilla-45x45.jpg 45w, https:\/\/sites.usp.br\/ltp\/wp-content\/uploads\/sites\/683\/2020\/05\/kamilla-200x200.jpg 200w\" sizes=\"(max-width: 150px) 100vw, 150px\" \/>\t\t\t\t\t\t\t\t\t\t\t\t\t<\/div>\n\t\t\t\t<\/div>\n\t\t\t\t\t<\/div>\n\t\t<\/div>\n\t\t\t\t<div class=\"elementor-column elementor-col-50 elementor-inner-column elementor-element elementor-element-ec6034c\" data-id=\"ec6034c\" data-element_type=\"column\">\n\t\t\t<div class=\"elementor-widget-wrap elementor-element-populated\">\n\t\t\t\t\t\t<div class=\"elementor-element elementor-element-b940c87 elementor-widget elementor-widget-heading\" data-id=\"b940c87\" data-element_type=\"widget\" data-widget_type=\"heading.default\">\n\t\t\t\t<div class=\"elementor-widget-container\">\n\t\t\t<h2 class=\"elementor-heading-title elementor-size-default\">Kamilla Vasconcelos Savasini<\/h2>\t\t<\/div>\n\t\t\t\t<\/div>\n\t\t\t\t<div class=\"elementor-element elementor-element-be567e1 elementor-widget elementor-widget-text-editor\" data-id=\"be567e1\" data-element_type=\"widget\" data-widget_type=\"text-editor.default\">\n\t\t\t\t<div class=\"elementor-widget-container\">\n\t\t\t\t\t\t\t<p>Possui gradua\u00e7\u00e3o em Engenharia Civil pela Universidade Federal do Cear\u00e1 (2002), mestrado em Engenharia de Transportes pela Universidade Federal do Cear\u00e1 (2004), doutorado em Engenharia Civil pela Texas A&amp;M University (2010), pos-doutorado pela Escola Polit\u00e9cnica da USP (2010) e Livre-Doc\u00eancia pelo Departamento de Engenharia de Transportes da Escola Polit\u00e9cnica da USP (2017). Atualmente \u00e9 bolsista jovem pesquisador FAPESP, pesquisadora do Laborat\u00f3rio de Tecnologia de Pavimenta\u00e7\u00e3o e professora do Programa de P\u00f3s-Gradua\u00e7\u00e3o em Engenharia de Transportes da Escola Polit\u00e9cnica da USP. \u00c9 tamb\u00e9m consultora Ad-Hoc do Conselho Nacional de Desenvolvimento Cient\u00edfico e Tecnol\u00f3gico (CNPq), da Coordena\u00e7\u00e3o de Aperfei\u00e7oamento de Pessoal de N\u00edvel Superior (CAPES) e da Funda\u00e7\u00e3o de Amparo \u00e0 Pesquisa do Estado de S\u00e3o Paulo (FAPESP), editora associada da Revista Transportes, Coordenadora do Grupo de Trabalho \u00b4Degree of Asphalt Binder Activation\u00b4do Comit\u00ea T\u00e9cnico 264 (RAP) do RILEM e representante do comit\u00ea internacional da Association of Asphalt Paving Technologists (AAPT). Atua na \u00e1rea de Infraestrutura de Transportes com \u00eanfase em Materiais para Pavimenta\u00e7\u00e3o e Sustentabilidade.<\/p>\t\t\t\t\t\t<\/div>\n\t\t\t\t<\/div>\n\t\t\t\t\t<\/div>\n\t\t<\/div>\n\t\t\t\t\t<\/div>\n\t\t<\/section>\n\t\t\t\t\t<\/div>\n\t\t<\/div>\n\t\t\t\t\t<\/div>\n\t\t<\/section>\n\t\t\t\t<section class=\"elementor-section elementor-top-section elementor-element elementor-element-7b0bea2 elementor-section-boxed elementor-section-height-default elementor-section-height-default\" data-id=\"7b0bea2\" data-element_type=\"section\">\n\t\t\t\t\t\t<div class=\"elementor-container elementor-column-gap-default\">\n\t\t\t\t\t<div class=\"elementor-column elementor-col-100 elementor-top-column elementor-element elementor-element-a286ad4\" data-id=\"a286ad4\" data-element_type=\"column\">\n\t\t\t<div class=\"elementor-widget-wrap elementor-element-populated\">\n\t\t\t\t\t\t<section class=\"elementor-section elementor-inner-section elementor-element elementor-element-d062863 elementor-section-boxed elementor-section-height-default elementor-section-height-default\" data-id=\"d062863\" data-element_type=\"section\">\n\t\t\t\t\t\t<div class=\"elementor-container elementor-column-gap-default\">\n\t\t\t\t\t<div class=\"elementor-column elementor-col-50 elementor-inner-column elementor-element elementor-element-0cb8976\" data-id=\"0cb8976\" data-element_type=\"column\">\n\t\t\t<div class=\"elementor-widget-wrap elementor-element-populated\">\n\t\t\t\t\t\t<div class=\"elementor-element elementor-element-67edc53 elementor-widget elementor-widget-image\" data-id=\"67edc53\" data-element_type=\"widget\" data-widget_type=\"image.default\">\n\t\t\t\t<div class=\"elementor-widget-container\">\n\t\t\t\t\t\t\t\t\t\t\t\t\t<img decoding=\"async\" width=\"150\" height=\"150\" src=\"https:\/\/sites.usp.br\/ltp\/wp-content\/uploads\/sites\/683\/2020\/05\/rosangela-150x150.jpg\" class=\"attachment-thumbnail size-thumbnail wp-image-278\" alt=\"\" srcset=\"https:\/\/sites.usp.br\/ltp\/wp-content\/uploads\/sites\/683\/2020\/05\/rosangela-150x150.jpg 150w, https:\/\/sites.usp.br\/ltp\/wp-content\/uploads\/sites\/683\/2020\/05\/rosangela-174x174.jpg 174w, https:\/\/sites.usp.br\/ltp\/wp-content\/uploads\/sites\/683\/2020\/05\/rosangela-45x45.jpg 45w, https:\/\/sites.usp.br\/ltp\/wp-content\/uploads\/sites\/683\/2020\/05\/rosangela-200x200.jpg 200w\" sizes=\"(max-width: 150px) 100vw, 150px\" \/>\t\t\t\t\t\t\t\t\t\t\t\t\t<\/div>\n\t\t\t\t<\/div>\n\t\t\t\t\t<\/div>\n\t\t<\/div>\n\t\t\t\t<div class=\"elementor-column elementor-col-50 elementor-inner-column elementor-element elementor-element-28caf1e\" data-id=\"28caf1e\" data-element_type=\"column\">\n\t\t\t<div class=\"elementor-widget-wrap elementor-element-populated\">\n\t\t\t\t\t\t<div class=\"elementor-element elementor-element-02e3562 elementor-widget elementor-widget-heading\" data-id=\"02e3562\" data-element_type=\"widget\" data-widget_type=\"heading.default\">\n\t\t\t\t<div class=\"elementor-widget-container\">\n\t\t\t<h2 class=\"elementor-heading-title elementor-size-default\">Ros\u00e2ngela dos Santos Motta<\/h2>\t\t<\/div>\n\t\t\t\t<\/div>\n\t\t\t\t<div class=\"elementor-element elementor-element-f2de21e elementor-widget elementor-widget-text-editor\" data-id=\"f2de21e\" data-element_type=\"widget\" data-widget_type=\"text-editor.default\">\n\t\t\t\t<div class=\"elementor-widget-container\">\n\t\t\t\t\t\t\t<p>Possui gradua\u00e7\u00e3o em Engenharia Civil pela Universidade Presbiteriana Mackenzie (2000), mestrado e doutorado em Engenharia de Transportes pela Universidade de S\u00e3o Paulo (2005 e 2011, respectivamente). \u00c9 professora de gradua\u00e7\u00e3o da Escola Polit\u00e9cnica da Universidade de S\u00e3o Paulo (EPUSP), lecionando nas disciplinas \u201cPTR3111 \u2013 Geom\u00e1tica I\u201d, \u201cPTR0101 \u2013 Topografia\u201d, \u201cPTR3321 \u2013 Projeto de Vias de Transporte\u201d e \u201cPTR3421 \u2013 Transporte sobre Trilhos\u201d. Tamb\u00e9m \u00e9 professora do Programa de p\u00f3s-gradua\u00e7\u00e3o em Engenharia de Transportes da EPUSP, lecionando na disciplina \u201cPTR5919 \u2013 Aspectos Geomec\u00e2nicos em Infraestrutura Ferrovi\u00e1ria\u201d. \u00c9 coordenadora do Laborat\u00f3rio de Inova\u00e7\u00e3o em Vias Metroferrovi\u00e1rias (LIM) da EPUSP. Complementarmente, atua como pesquisadora junto ao Laborat\u00f3rio de Tecnologia de Pavimenta\u00e7\u00e3o do Departamento de Engenharia de Transportes da EPUSP. Tem experi\u00eancia na \u00e1rea de Engenharia Civil, com \u00eanfase em Infraestrutura de Transportes, atuando em temas relativos \u00e0 pavimenta\u00e7\u00e3o rodovi\u00e1ria e ferrovi\u00e1ria, principalmente no \u00e2mbito de materiais, como agregado reciclado de res\u00edduo de constru\u00e7\u00e3o e demoli\u00e7\u00e3o, misturas asf\u00e1lticas mornas e lastro de ferrovias.<\/p>\t\t\t\t\t\t<\/div>\n\t\t\t\t<\/div>\n\t\t\t\t\t<\/div>\n\t\t<\/div>\n\t\t\t\t\t<\/div>\n\t\t<\/section>\n\t\t\t\t\t<\/div>\n\t\t<\/div>\n\t\t\t\t\t<\/div>\n\t\t<\/section>\n\t\t\t\t<section class=\"elementor-section elementor-top-section elementor-element elementor-element-0fa0258 elementor-section-boxed elementor-section-height-default elementor-section-height-default\" data-id=\"0fa0258\" data-element_type=\"section\">\n\t\t\t\t\t\t<div class=\"elementor-container elementor-column-gap-default\">\n\t\t\t\t\t<div class=\"elementor-column elementor-col-100 elementor-top-column elementor-element elementor-element-aadbebd\" data-id=\"aadbebd\" data-element_type=\"column\">\n\t\t\t<div class=\"elementor-widget-wrap elementor-element-populated\">\n\t\t\t\t\t\t<section class=\"elementor-section elementor-inner-section elementor-element elementor-element-7f5ecab elementor-section-boxed elementor-section-height-default elementor-section-height-default\" data-id=\"7f5ecab\" data-element_type=\"section\">\n\t\t\t\t\t\t<div class=\"elementor-container elementor-column-gap-default\">\n\t\t\t\t\t<div class=\"elementor-column elementor-col-50 elementor-inner-column elementor-element elementor-element-e8af0fa\" data-id=\"e8af0fa\" data-element_type=\"column\">\n\t\t\t<div class=\"elementor-widget-wrap elementor-element-populated\">\n\t\t\t\t\t\t<div class=\"elementor-element elementor-element-0688fc4 elementor-widget elementor-widget-image\" data-id=\"0688fc4\" data-element_type=\"widget\" data-widget_type=\"image.default\">\n\t\t\t\t<div class=\"elementor-widget-container\">\n\t\t\t\t\t\t\t\t\t\t\t\t\t<img loading=\"lazy\" decoding=\"async\" width=\"150\" height=\"150\" src=\"https:\/\/sites.usp.br\/ltp\/wp-content\/uploads\/sites\/683\/2017\/03\/face3-150x150.jpg\" class=\"attachment-thumbnail size-thumbnail wp-image-226\" alt=\"\" srcset=\"https:\/\/sites.usp.br\/ltp\/wp-content\/uploads\/sites\/683\/2017\/03\/face3-150x150.jpg 150w, https:\/\/sites.usp.br\/ltp\/wp-content\/uploads\/sites\/683\/2017\/03\/face3-250x250.jpg 250w, https:\/\/sites.usp.br\/ltp\/wp-content\/uploads\/sites\/683\/2017\/03\/face3.jpg 300w, https:\/\/sites.usp.br\/ltp\/wp-content\/uploads\/sites\/683\/2017\/03\/face3-174x174.jpg 174w, https:\/\/sites.usp.br\/ltp\/wp-content\/uploads\/sites\/683\/2017\/03\/face3-45x45.jpg 45w, https:\/\/sites.usp.br\/ltp\/wp-content\/uploads\/sites\/683\/2017\/03\/face3-200x200.jpg 200w\" sizes=\"(max-width: 150px) 100vw, 150px\" \/>\t\t\t\t\t\t\t\t\t\t\t\t\t<\/div>\n\t\t\t\t<\/div>\n\t\t\t\t\t<\/div>\n\t\t<\/div>\n\t\t\t\t<div class=\"elementor-column elementor-col-50 elementor-inner-column elementor-element elementor-element-c02c225\" data-id=\"c02c225\" data-element_type=\"column\">\n\t\t\t<div class=\"elementor-widget-wrap elementor-element-populated\">\n\t\t\t\t\t\t<div class=\"elementor-element elementor-element-fb21e12 elementor-widget elementor-widget-heading\" data-id=\"fb21e12\" data-element_type=\"widget\" data-widget_type=\"heading.default\">\n\t\t\t\t<div class=\"elementor-widget-container\">\n\t\t\t<h2 class=\"elementor-heading-title elementor-size-default\">\nEdson de Moura<\/h2>\t\t<\/div>\n\t\t\t\t<\/div>\n\t\t\t\t\t<\/div>\n\t\t<\/div>\n\t\t\t\t\t<\/div>\n\t\t<\/section>\n\t\t\t\t\t<\/div>\n\t\t<\/div>\n\t\t\t\t\t<\/div>\n\t\t<\/section>\n\t\t\t\t<section class=\"elementor-section elementor-top-section elementor-element elementor-element-1922e79 elementor-section-boxed elementor-section-height-default elementor-section-height-default\" data-id=\"1922e79\" data-element_type=\"section\">\n\t\t\t\t\t\t<div class=\"elementor-container elementor-column-gap-default\">\n\t\t\t\t\t<div class=\"elementor-column elementor-col-100 elementor-top-column elementor-element elementor-element-8c59daf\" data-id=\"8c59daf\" data-element_type=\"column\">\n\t\t\t<div class=\"elementor-widget-wrap elementor-element-populated\">\n\t\t\t\t\t\t<div class=\"elementor-element elementor-element-ae69293 elementor-widget elementor-widget-heading\" data-id=\"ae69293\" data-element_type=\"widget\" data-widget_type=\"heading.default\">\n\t\t\t\t<div class=\"elementor-widget-container\">\n\t\t\t<h1 class=\"elementor-heading-title elementor-size-default\">Egressos<\/h1>\t\t<\/div>\n\t\t\t\t<\/div>\n\t\t\t\t<section class=\"elementor-section elementor-inner-section elementor-element elementor-element-a46cd89 elementor-section-boxed elementor-section-height-default elementor-section-height-default\" data-id=\"a46cd89\" data-element_type=\"section\">\n\t\t\t\t\t\t<div class=\"elementor-container elementor-column-gap-default\">\n\t\t\t\t\t<div class=\"elementor-column elementor-col-50 elementor-inner-column elementor-element elementor-element-9707f8a\" data-id=\"9707f8a\" data-element_type=\"column\">\n\t\t\t<div class=\"elementor-widget-wrap elementor-element-populated\">\n\t\t\t\t\t\t<div class=\"elementor-element elementor-element-241f14e elementor-widget elementor-widget-image\" data-id=\"241f14e\" data-element_type=\"widget\" data-widget_type=\"image.default\">\n\t\t\t\t<div class=\"elementor-widget-container\">\n\t\t\t\t\t\t\t\t\t\t\t\t\t<img loading=\"lazy\" decoding=\"async\" width=\"150\" height=\"150\" src=\"https:\/\/sites.usp.br\/ltp\/wp-content\/uploads\/sites\/683\/2017\/03\/face3-150x150.jpg\" class=\"attachment-thumbnail size-thumbnail wp-image-226\" alt=\"\" srcset=\"https:\/\/sites.usp.br\/ltp\/wp-content\/uploads\/sites\/683\/2017\/03\/face3-150x150.jpg 150w, https:\/\/sites.usp.br\/ltp\/wp-content\/uploads\/sites\/683\/2017\/03\/face3-250x250.jpg 250w, https:\/\/sites.usp.br\/ltp\/wp-content\/uploads\/sites\/683\/2017\/03\/face3.jpg 300w, https:\/\/sites.usp.br\/ltp\/wp-content\/uploads\/sites\/683\/2017\/03\/face3-174x174.jpg 174w, https:\/\/sites.usp.br\/ltp\/wp-content\/uploads\/sites\/683\/2017\/03\/face3-45x45.jpg 45w, https:\/\/sites.usp.br\/ltp\/wp-content\/uploads\/sites\/683\/2017\/03\/face3-200x200.jpg 200w\" sizes=\"(max-width: 150px) 100vw, 150px\" \/>\t\t\t\t\t\t\t\t\t\t\t\t\t<\/div>\n\t\t\t\t<\/div>\n\t\t\t\t\t<\/div>\n\t\t<\/div>\n\t\t\t\t<div class=\"elementor-column elementor-col-50 elementor-inner-column elementor-element elementor-element-a7b486d\" data-id=\"a7b486d\" data-element_type=\"column\">\n\t\t\t<div class=\"elementor-widget-wrap elementor-element-populated\">\n\t\t\t\t\t\t<div class=\"elementor-element elementor-element-e4da1fa elementor-widget elementor-widget-heading\" data-id=\"e4da1fa\" data-element_type=\"widget\" data-widget_type=\"heading.default\">\n\t\t\t\t<div class=\"elementor-widget-container\">\n\t\t\t<h2 class=\"elementor-heading-title elementor-size-default\">Egresso 1<\/h2>\t\t<\/div>\n\t\t\t\t<\/div>\n\t\t\t\t<div class=\"elementor-element elementor-element-fb92a21 elementor-widget elementor-widget-text-editor\" data-id=\"fb92a21\" data-element_type=\"widget\" data-widget_type=\"text-editor.default\">\n\t\t\t\t<div class=\"elementor-widget-container\">\n\t\t\t\t\t\t\t<p>Lorem ipsum dolor sit amet, consectetur adipiscing elit. Ut elit tellus, luctus nec ullamcorper mattis, pulvinar dapibus leo.<\/p>\t\t\t\t\t\t<\/div>\n\t\t\t\t<\/div>\n\t\t\t\t\t<\/div>\n\t\t<\/div>\n\t\t\t\t\t<\/div>\n\t\t<\/section>\n\t\t\t\t\t<\/div>\n\t\t<\/div>\n\t\t\t\t\t<\/div>\n\t\t<\/section>\n\t\t\t\t<\/div>\n\t\t","protected":false},"excerpt":{"rendered":"<p>Liedi L\u00e9gi Bariani Bernucci Possui gradua\u00e7\u00e3o em Engenharia Civil pela Escola Polit\u00e9cnica da Universidade de S\u00e3o Paulo (1981), mestrado em Engenharia Geot\u00e9cnica pela Universidade de S\u00e3o Paulo (1987), tendo feito pesquisa para seu mestrado no Institut Fuer Grundbau und Bodenmechanik \u2013 Eidgenoessische Technische Hochschule Z\u00fcrich, ETHZ, Su\u00ed\u00e7a, onde permaneceu de 1984 a 1986. Retornou \u00e0 [&hellip;]<\/p>\n","protected":false},"author":21773,"featured_media":0,"parent":0,"menu_order":0,"comment_status":"closed","ping_status":"closed","template":"","meta":{"footnotes":"","_links_to":"","_links_to_target":""},"class_list":["post-292","page","type-page","status-publish","hentry","entry"],"_links":{"self":[{"href":"https:\/\/sites.usp.br\/ltp\/wp-json\/wp\/v2\/pages\/292","targetHints":{"allow":["GET"]}}],"collection":[{"href":"https:\/\/sites.usp.br\/ltp\/wp-json\/wp\/v2\/pages"}],"about":[{"href":"https:\/\/sites.usp.br\/ltp\/wp-json\/wp\/v2\/types\/page"}],"author":[{"embeddable":true,"href":"https:\/\/sites.usp.br\/ltp\/wp-json\/wp\/v2\/users\/21773"}],"replies":[{"embeddable":true,"href":"https:\/\/sites.usp.br\/ltp\/wp-json\/wp\/v2\/comments?post=292"}],"version-history":[{"count":4,"href":"https:\/\/sites.usp.br\/ltp\/wp-json\/wp\/v2\/pages\/292\/revisions"}],"predecessor-version":[{"id":431,"href":"https:\/\/sites.usp.br\/ltp\/wp-json\/wp\/v2\/pages\/292\/revisions\/431"}],"wp:attachment":[{"href":"https:\/\/sites.usp.br\/ltp\/wp-json\/wp\/v2\/media?parent=292"}],"curies":[{"name":"wp","href":"https:\/\/api.w.org\/{rel}","templated":true}]}}