{"id":350,"date":"2020-10-20T12:46:02","date_gmt":"2020-10-20T14:46:02","guid":{"rendered":"http:\/\/sites.usp.br\/ltp\/?page_id=350"},"modified":"2020-10-21T15:11:57","modified_gmt":"2020-10-21T17:11:57","slug":"home","status":"publish","type":"page","link":"https:\/\/sites.usp.br\/ltp\/","title":{"rendered":"Home"},"content":{"rendered":"\t\t<div data-elementor-type=\"wp-page\" data-elementor-id=\"350\" class=\"elementor elementor-350\">\n\t\t\t\t\t\t<section class=\"elementor-section elementor-top-section elementor-element elementor-element-08ec4df elementor-section-boxed elementor-section-height-default elementor-section-height-default\" data-id=\"08ec4df\" data-element_type=\"section\">\n\t\t\t\t\t\t<div class=\"elementor-container elementor-column-gap-default\">\n\t\t\t\t\t<div class=\"elementor-column elementor-col-100 elementor-top-column elementor-element elementor-element-e31a79b\" data-id=\"e31a79b\" data-element_type=\"column\">\n\t\t\t<div class=\"elementor-widget-wrap elementor-element-populated\">\n\t\t\t\t\t\t<div class=\"elementor-element elementor-element-d5fc8d2 elementor-arrows-position-inside elementor-widget elementor-widget-image-carousel\" data-id=\"d5fc8d2\" data-element_type=\"widget\" data-settings=\"{&quot;slides_to_show&quot;:&quot;1&quot;,&quot;navigation&quot;:&quot;arrows&quot;,&quot;autoplay&quot;:&quot;yes&quot;,&quot;pause_on_hover&quot;:&quot;yes&quot;,&quot;pause_on_interaction&quot;:&quot;yes&quot;,&quot;autoplay_speed&quot;:5000,&quot;infinite&quot;:&quot;yes&quot;,&quot;effect&quot;:&quot;slide&quot;,&quot;speed&quot;:500}\" data-widget_type=\"image-carousel.default\">\n\t\t\t\t<div class=\"elementor-widget-container\">\n\t\t\t\t\t<div class=\"elementor-image-carousel-wrapper swiper\" dir=\"ltr\">\n\t\t\t<div class=\"elementor-image-carousel swiper-wrapper swiper-image-stretch\" aria-live=\"off\">\n\t\t\t\t\t\t\t\t<div class=\"swiper-slide\" role=\"group\" aria-roledescription=\"slide\" aria-label=\"1 de 7\"><figure class=\"swiper-slide-inner\"><img decoding=\"async\" class=\"swiper-slide-image\" src=\"https:\/\/sites.usp.br\/ltp\/wp-content\/uploads\/sites\/683\/2020\/10\/destaque_1.png\" alt=\"destaque_1\" \/><\/figure><\/div><div class=\"swiper-slide\" role=\"group\" aria-roledescription=\"slide\" aria-label=\"2 de 7\"><figure class=\"swiper-slide-inner\"><img decoding=\"async\" class=\"swiper-slide-image\" src=\"https:\/\/sites.usp.br\/ltp\/wp-content\/uploads\/sites\/683\/2020\/10\/destaque_2.png\" alt=\"destaque_2\" \/><\/figure><\/div><div class=\"swiper-slide\" role=\"group\" aria-roledescription=\"slide\" aria-label=\"3 de 7\"><figure class=\"swiper-slide-inner\"><img decoding=\"async\" class=\"swiper-slide-image\" src=\"https:\/\/sites.usp.br\/ltp\/wp-content\/uploads\/sites\/683\/2020\/10\/destaque_3.png\" alt=\"destaque_3\" \/><\/figure><\/div><div class=\"swiper-slide\" role=\"group\" aria-roledescription=\"slide\" aria-label=\"4 de 7\"><figure class=\"swiper-slide-inner\"><img decoding=\"async\" class=\"swiper-slide-image\" src=\"https:\/\/sites.usp.br\/ltp\/wp-content\/uploads\/sites\/683\/2020\/10\/destaque_4.png\" alt=\"destaque_4\" \/><\/figure><\/div><div class=\"swiper-slide\" role=\"group\" aria-roledescription=\"slide\" aria-label=\"5 de 7\"><figure class=\"swiper-slide-inner\"><img decoding=\"async\" class=\"swiper-slide-image\" src=\"https:\/\/sites.usp.br\/ltp\/wp-content\/uploads\/sites\/683\/2020\/10\/destaque_5.png\" alt=\"destaque_5\" \/><\/figure><\/div><div class=\"swiper-slide\" role=\"group\" aria-roledescription=\"slide\" aria-label=\"6 de 7\"><figure class=\"swiper-slide-inner\"><img decoding=\"async\" class=\"swiper-slide-image\" src=\"https:\/\/sites.usp.br\/ltp\/wp-content\/uploads\/sites\/683\/2020\/10\/destaque_6.png\" alt=\"destaque_6\" \/><\/figure><\/div><div class=\"swiper-slide\" role=\"group\" aria-roledescription=\"slide\" aria-label=\"7 de 7\"><figure class=\"swiper-slide-inner\"><img decoding=\"async\" class=\"swiper-slide-image\" src=\"https:\/\/sites.usp.br\/ltp\/wp-content\/uploads\/sites\/683\/2020\/10\/destaque_7.png\" alt=\"destaque_7\" \/><\/figure><\/div>\t\t\t<\/div>\n\t\t\t\t\t\t\t\t\t\t\t\t<div class=\"elementor-swiper-button elementor-swiper-button-prev\" role=\"button\" tabindex=\"0\">\n\t\t\t\t\t\t<i aria-hidden=\"true\" class=\"eicon-chevron-left\"><\/i>\t\t\t\t\t<\/div>\n\t\t\t\t\t<div class=\"elementor-swiper-button elementor-swiper-button-next\" role=\"button\" tabindex=\"0\">\n\t\t\t\t\t\t<i aria-hidden=\"true\" class=\"eicon-chevron-right\"><\/i>\t\t\t\t\t<\/div>\n\t\t\t\t\n\t\t\t\t\t\t\t\t\t<\/div>\n\t\t\t\t<\/div>\n\t\t\t\t<\/div>\n\t\t\t\t\t<\/div>\n\t\t<\/div>\n\t\t\t\t\t<\/div>\n\t\t<\/section>\n\t\t\t\t<section class=\"elementor-section elementor-top-section elementor-element elementor-element-2a1ff2b elementor-section-boxed elementor-section-height-default elementor-section-height-default\" data-id=\"2a1ff2b\" data-element_type=\"section\">\n\t\t\t\t\t\t<div class=\"elementor-container elementor-column-gap-default\">\n\t\t\t\t\t<div class=\"elementor-column elementor-col-100 elementor-top-column elementor-element elementor-element-8364f0f\" data-id=\"8364f0f\" data-element_type=\"column\">\n\t\t\t<div class=\"elementor-widget-wrap elementor-element-populated\">\n\t\t\t\t\t\t<div class=\"elementor-element elementor-element-f999f2e elementor-widget elementor-widget-text-editor\" data-id=\"f999f2e\" data-element_type=\"widget\" data-widget_type=\"text-editor.default\">\n\t\t\t\t<div class=\"elementor-widget-container\">\n\t\t\t\t\t\t\t<section class=\"elementor-element elementor-element-80f7a10 elementor-section-boxed elementor-section-height-default elementor-section-height-default elementor-section elementor-top-section\" data-id=\"80f7a10\" data-element_type=\"section\"><div class=\"elementor-container elementor-column-gap-default\"><div class=\"elementor-row\"><div class=\"elementor-element elementor-element-c08ac8b elementor-column elementor-col-100 elementor-top-column\" data-id=\"c08ac8b\" data-element_type=\"column\"><div class=\"elementor-column-wrap elementor-element-populated\"><div class=\"elementor-widget-wrap\"><div class=\"elementor-element elementor-element-de9f6db elementor-widget elementor-widget-text-editor\" data-id=\"de9f6db\" data-element_type=\"widget\" data-widget_type=\"text-editor.default\"><div class=\"elementor-widget-container\"><div class=\"elementor-text-editor elementor-clearfix\"><div id=\"lipsum\"><p>O LTP \u00e9 um reconhecido laborat\u00f3rio brasileiro, principalmente na \u00e1rea de pavimenta\u00e7\u00e3o, sendo uma unidade de pesquisa credenciada como institui\u00e7\u00e3o de P&amp;D pela ANP (Ag\u00eancia Nacional de Petr\u00f3leo, G\u00e1s e Biocombust\u00edveis). Sua infraestrutura de equipamentos \u00e9 ampla, permitindo diversos tipos de avalia\u00e7\u00f5es em laborat\u00f3rio e em campo. Dentre as tem\u00e1ticas de estudos desenvolvidas no LTP nos \u00faltimos anos pode-se destacar principalmente a pesquisa de ligantes asf\u00e1lticos convencionais, modificados e bioligantes, emprego de materiais reciclados (como materiais reciclados de revestimentos asf\u00e1lticos deteriorados, agregados reciclados de constru\u00e7\u00e3o e demoli\u00e7\u00e3o), revestimentos asf\u00e1lticos destinados a\u00a0 diferentes aplica\u00e7\u00f5es incluindo o aumento da ader\u00eancia pneu\/pavimento com o objetivo de reduzir os acidentes em pistas molhadas, sinaliza\u00e7\u00e3o horizontal nos pavimentos asf\u00e1lticos, avalia\u00e7\u00e3o funcional e estrutural de pavimentos, e novas tecnologias para aumento da durabilidade com foco na sustentabilidade.<\/p><p>Atualmente, o LTP sedia um projeto Jovem Pesquisador FAPESP, coordenado pela Profa. Dra. Kamilla Vasconcelos (credenciada no PPGET), relacionado ao tema de reciclagem de pavimentos asf\u00e1lticos e aplica\u00e7\u00e3o da biotecnologia para estes materiais. Al\u00e9m de apoio de \u00f3rg\u00e3o de fomento, o LTP tamb\u00e9m possui contratos e conv\u00eanios com empresas estatais e privadas e com ag\u00eancias de transportes, como a Ag\u00eancia Nacional de Transportes Terrestres (ANTT).<\/p><\/div><\/div><\/div><\/div><\/div><\/div><\/div><\/div><\/div><\/section>\t\t\t\t\t\t<\/div>\n\t\t\t\t<\/div>\n\t\t\t\t\t<\/div>\n\t\t<\/div>\n\t\t\t\t\t<\/div>\n\t\t<\/section>\n\t\t\t\t<\/div>\n\t\t","protected":false},"excerpt":{"rendered":"<p>Anterior Pr\u00f3ximo O LTP \u00e9 um reconhecido laborat\u00f3rio brasileiro, principalmente na \u00e1rea de pavimenta\u00e7\u00e3o, sendo uma unidade de pesquisa credenciada como institui\u00e7\u00e3o de P&amp;D pela ANP (Ag\u00eancia Nacional de Petr\u00f3leo, G\u00e1s e Biocombust\u00edveis). Sua infraestrutura de equipamentos \u00e9 ampla, permitindo diversos tipos de avalia\u00e7\u00f5es em laborat\u00f3rio e em campo. Dentre as tem\u00e1ticas de estudos desenvolvidas [&hellip;]<\/p>\n","protected":false},"author":21773,"featured_media":0,"parent":0,"menu_order":0,"comment_status":"closed","ping_status":"closed","template":"","meta":{"footnotes":"","_links_to":"","_links_to_target":""},"class_list":["post-350","page","type-page","status-publish","hentry","entry"],"_links":{"self":[{"href":"https:\/\/sites.usp.br\/ltp\/wp-json\/wp\/v2\/pages\/350","targetHints":{"allow":["GET"]}}],"collection":[{"href":"https:\/\/sites.usp.br\/ltp\/wp-json\/wp\/v2\/pages"}],"about":[{"href":"https:\/\/sites.usp.br\/ltp\/wp-json\/wp\/v2\/types\/page"}],"author":[{"embeddable":true,"href":"https:\/\/sites.usp.br\/ltp\/wp-json\/wp\/v2\/users\/21773"}],"replies":[{"embeddable":true,"href":"https:\/\/sites.usp.br\/ltp\/wp-json\/wp\/v2\/comments?post=350"}],"version-history":[{"count":3,"href":"https:\/\/sites.usp.br\/ltp\/wp-json\/wp\/v2\/pages\/350\/revisions"}],"predecessor-version":[{"id":385,"href":"https:\/\/sites.usp.br\/ltp\/wp-json\/wp\/v2\/pages\/350\/revisions\/385"}],"wp:attachment":[{"href":"https:\/\/sites.usp.br\/ltp\/wp-json\/wp\/v2\/media?parent=350"}],"curies":[{"name":"wp","href":"https:\/\/api.w.org\/{rel}","templated":true}]}}