{"id":10,"date":"2014-03-14T12:27:08","date_gmt":"2014-03-14T12:27:08","guid":{"rendered":"http:\/\/sites.usp.brcaeco\/?page_id=10"},"modified":"2017-08-22T11:22:41","modified_gmt":"2017-08-22T14:22:41","slug":"linhas-pesquisa","status":"publish","type":"page","link":"https:\/\/sites.usp.br\/ltsi\/linhas-pesquisa\/","title":{"rendered":"Linhas de Pesquisa"},"content":{"rendered":"<p>Monitoramento de Ambientes Produtivos<\/p>\n<hr \/>\n<p>Monitoramento com VANT<\/p>\n<hr \/>\n<p>Processamento de Imagens com VANT<\/p>\n<hr \/>\n<p>Agricultura e Zootecnia de Precis\u00e3o<\/p>\n<hr \/>\n<p>Softwares de Gest\u00e3o para Agricultura e Zootecnia<\/p>\n<hr \/>\n<p>Sistema de Comunica\u00e7\u00e3o sem fio (RFID)<\/p>\n<hr \/>\n","protected":false},"excerpt":{"rendered":"<p>Monitoramento de Ambientes Produtivos Monitoramento com VANT Processamento de Imagens com VANT Agricultura e Zootecnia de Precis\u00e3o Softwares de Gest\u00e3o para Agricultura e Zootecnia Sistema de Comunica\u00e7\u00e3o sem fio (RFID)<\/p>\n","protected":false},"author":23,"featured_media":0,"parent":0,"menu_order":0,"comment_status":"closed","ping_status":"closed","template":"","meta":{"_monsterinsights_skip_tracking":false,"_monsterinsights_sitenote_active":false,"_monsterinsights_sitenote_note":"","_monsterinsights_sitenote_category":0,"footnotes":"","_links_to":"","_links_to_target":""},"class_list":["post-10","page","type-page","status-publish","hentry"],"_links":{"self":[{"href":"https:\/\/sites.usp.br\/ltsi\/wp-json\/wp\/v2\/pages\/10","targetHints":{"allow":["GET"]}}],"collection":[{"href":"https:\/\/sites.usp.br\/ltsi\/wp-json\/wp\/v2\/pages"}],"about":[{"href":"https:\/\/sites.usp.br\/ltsi\/wp-json\/wp\/v2\/types\/page"}],"author":[{"embeddable":true,"href":"https:\/\/sites.usp.br\/ltsi\/wp-json\/wp\/v2\/users\/23"}],"replies":[{"embeddable":true,"href":"https:\/\/sites.usp.br\/ltsi\/wp-json\/wp\/v2\/comments?post=10"}],"version-history":[{"count":5,"href":"https:\/\/sites.usp.br\/ltsi\/wp-json\/wp\/v2\/pages\/10\/revisions"}],"predecessor-version":[{"id":303,"href":"https:\/\/sites.usp.br\/ltsi\/wp-json\/wp\/v2\/pages\/10\/revisions\/303"}],"wp:attachment":[{"href":"https:\/\/sites.usp.br\/ltsi\/wp-json\/wp\/v2\/media?parent=10"}],"curies":[{"name":"wp","href":"https:\/\/api.w.org\/{rel}","templated":true}]}}