{"id":115,"date":"2014-04-28T16:28:49","date_gmt":"2014-04-28T19:28:49","guid":{"rendered":"http:\/\/sites.usp.brprp\/?page_id=115"},"modified":"2020-07-24T16:41:21","modified_gmt":"2020-07-24T19:41:21","slug":"contato","status":"publish","type":"page","link":"https:\/\/sites.usp.br\/ltsi\/contato\/","title":{"rendered":"Contato"},"content":{"rendered":"<p>O Prof. Dr. <a href=\"http:\/\/www.fzea.usp.br\/?page_id=3072\">Adriano Rog\u00e9rio Bruno Tech<\/a> \u00e9 o respons\u00e1vel pelo laborat\u00f3rio de tecnologia e sistema de informa\u00e7\u00e3o (LTSI). Para mais informa\u00e7\u00f5es, clique em seu nome.<\/p>\n<p>[wpforms id=&#8221;440&#8243; title=&#8221;false&#8221; description=&#8221;false&#8221;]<br \/>\n&nbsp;<\/p>\n","protected":false},"excerpt":{"rendered":"<p>O Prof. Dr. Adriano Rog\u00e9rio Bruno Tech \u00e9 o respons\u00e1vel pelo laborat\u00f3rio de tecnologia e sistema de informa\u00e7\u00e3o (LTSI). Para mais informa\u00e7\u00f5es, clique em seu nome. [wpforms id=&#8221;440&#8243; title=&#8221;false&#8221; description=&#8221;false&#8221;] &nbsp;<\/p>\n","protected":false},"author":13,"featured_media":0,"parent":0,"menu_order":0,"comment_status":"closed","ping_status":"closed","template":"","meta":{"_monsterinsights_skip_tracking":false,"_monsterinsights_sitenote_active":false,"_monsterinsights_sitenote_note":"","_monsterinsights_sitenote_category":0,"footnotes":"","_links_to":"","_links_to_target":""},"class_list":["post-115","page","type-page","status-publish","hentry"],"_links":{"self":[{"href":"https:\/\/sites.usp.br\/ltsi\/wp-json\/wp\/v2\/pages\/115","targetHints":{"allow":["GET"]}}],"collection":[{"href":"https:\/\/sites.usp.br\/ltsi\/wp-json\/wp\/v2\/pages"}],"about":[{"href":"https:\/\/sites.usp.br\/ltsi\/wp-json\/wp\/v2\/types\/page"}],"author":[{"embeddable":true,"href":"https:\/\/sites.usp.br\/ltsi\/wp-json\/wp\/v2\/users\/13"}],"replies":[{"embeddable":true,"href":"https:\/\/sites.usp.br\/ltsi\/wp-json\/wp\/v2\/comments?post=115"}],"version-history":[{"count":4,"href":"https:\/\/sites.usp.br\/ltsi\/wp-json\/wp\/v2\/pages\/115\/revisions"}],"predecessor-version":[{"id":441,"href":"https:\/\/sites.usp.br\/ltsi\/wp-json\/wp\/v2\/pages\/115\/revisions\/441"}],"wp:attachment":[{"href":"https:\/\/sites.usp.br\/ltsi\/wp-json\/wp\/v2\/media?parent=115"}],"curies":[{"name":"wp","href":"https:\/\/api.w.org\/{rel}","templated":true}]}}