{"id":120,"date":"2014-04-29T10:54:42","date_gmt":"2014-04-29T13:54:42","guid":{"rendered":"http:\/\/sites.usp.brprp\/?page_id=120"},"modified":"2017-08-22T11:34:22","modified_gmt":"2017-08-22T14:34:22","slug":"escience","status":"publish","type":"page","link":"https:\/\/sites.usp.br\/ltsi\/escience\/","title":{"rendered":"e-Science"},"content":{"rendered":"<p><strong>Conselho Universit\u00e1rio 25.3.14<\/strong><\/p>\n<ul>\n<li><a href=\"\/\/sites.usp.brprp\/wp-content\/uploads\/sites\/31\/2014\/04\/sistematizacao1.pdf\">Sistematiza\u00e7\u00e3o<\/a><\/li>\n<li>Sugest\u00f5es encaminhadas pelas Unidades de Ensino, \u00d3rg\u00e3os, Museus, Institutos Especializados, Membros do Conselho Universit\u00e1rio e demais representa\u00e7\u00f5es da comunidade uspiana <a href=\"\/\/sites.usp.brprp\/wp-content\/uploads\/sites\/31\/2014\/04\/sugestoes_governanca_co-25.3.201421.pdf\">(clique aqui)<\/a><\/li>\n<\/ul>\n","protected":false},"excerpt":{"rendered":"<p>Conselho Universit\u00e1rio 25.3.14 Sistematiza\u00e7\u00e3o Sugest\u00f5es encaminhadas pelas Unidades de Ensino, \u00d3rg\u00e3os, Museus, Institutos Especializados, Membros do Conselho Universit\u00e1rio e demais representa\u00e7\u00f5es da comunidade uspiana (clique aqui)<\/p>\n","protected":false},"author":13,"featured_media":0,"parent":0,"menu_order":0,"comment_status":"closed","ping_status":"closed","template":"","meta":{"_monsterinsights_skip_tracking":false,"_monsterinsights_sitenote_active":false,"_monsterinsights_sitenote_note":"","_monsterinsights_sitenote_category":0,"footnotes":"","_links_to":"","_links_to_target":""},"class_list":["post-120","page","type-page","status-publish","hentry"],"_links":{"self":[{"href":"https:\/\/sites.usp.br\/ltsi\/wp-json\/wp\/v2\/pages\/120","targetHints":{"allow":["GET"]}}],"collection":[{"href":"https:\/\/sites.usp.br\/ltsi\/wp-json\/wp\/v2\/pages"}],"about":[{"href":"https:\/\/sites.usp.br\/ltsi\/wp-json\/wp\/v2\/types\/page"}],"author":[{"embeddable":true,"href":"https:\/\/sites.usp.br\/ltsi\/wp-json\/wp\/v2\/users\/13"}],"replies":[{"embeddable":true,"href":"https:\/\/sites.usp.br\/ltsi\/wp-json\/wp\/v2\/comments?post=120"}],"version-history":[{"count":5,"href":"https:\/\/sites.usp.br\/ltsi\/wp-json\/wp\/v2\/pages\/120\/revisions"}],"predecessor-version":[{"id":307,"href":"https:\/\/sites.usp.br\/ltsi\/wp-json\/wp\/v2\/pages\/120\/revisions\/307"}],"wp:attachment":[{"href":"https:\/\/sites.usp.br\/ltsi\/wp-json\/wp\/v2\/media?parent=120"}],"curies":[{"name":"wp","href":"https:\/\/api.w.org\/{rel}","templated":true}]}}