{"id":89,"date":"2014-04-23T11:34:25","date_gmt":"2014-04-23T14:34:25","guid":{"rendered":"http:\/\/sites.usp.brprp\/?page_id=89"},"modified":"2020-07-23T19:04:07","modified_gmt":"2020-07-23T22:04:07","slug":"quem-somos","status":"publish","type":"page","link":"https:\/\/sites.usp.br\/ltsi\/quem-somos\/","title":{"rendered":"Quem somos"},"content":{"rendered":"<p>O Laborat\u00f3rio de Tecnologia e Sistemas de Informa\u00e7\u00e3o criado pela for\u00e7a de seus integrantes vem pra &#8230;<img fetchpriority=\"high\" decoding=\"async\" class=\"aligncenter size-full wp-image-421\" src=\"https:\/\/sites.usp.br\/ltsi\/wp-content\/uploads\/sites\/248\/2020\/07\/29695455_1999459513651280_7927167844804990107_n.jpg\" alt=\"\" width=\"960\" height=\"720\" srcset=\"https:\/\/sites.usp.br\/ltsi\/wp-content\/uploads\/sites\/248\/2020\/07\/29695455_1999459513651280_7927167844804990107_n.jpg 960w, https:\/\/sites.usp.br\/ltsi\/wp-content\/uploads\/sites\/248\/2020\/07\/29695455_1999459513651280_7927167844804990107_n-300x225.jpg 300w, https:\/\/sites.usp.br\/ltsi\/wp-content\/uploads\/sites\/248\/2020\/07\/29695455_1999459513651280_7927167844804990107_n-768x576.jpg 768w, https:\/\/sites.usp.br\/ltsi\/wp-content\/uploads\/sites\/248\/2020\/07\/29695455_1999459513651280_7927167844804990107_n-285x214.jpg 285w, https:\/\/sites.usp.br\/ltsi\/wp-content\/uploads\/sites\/248\/2020\/07\/29695455_1999459513651280_7927167844804990107_n-80x60.jpg 80w\" sizes=\"(max-width: 960px) 100vw, 960px\" \/><\/p>\n","protected":false},"excerpt":{"rendered":"<p>O Laborat\u00f3rio de Tecnologia e Sistemas de Informa\u00e7\u00e3o criado pela for\u00e7a de seus integrantes vem pra &#8230;<\/p>\n","protected":false},"author":13,"featured_media":0,"parent":0,"menu_order":0,"comment_status":"closed","ping_status":"closed","template":"","meta":{"_monsterinsights_skip_tracking":false,"_monsterinsights_sitenote_active":false,"_monsterinsights_sitenote_note":"","_monsterinsights_sitenote_category":0,"footnotes":"","_links_to":"","_links_to_target":""},"class_list":["post-89","page","type-page","status-publish","hentry"],"_links":{"self":[{"href":"https:\/\/sites.usp.br\/ltsi\/wp-json\/wp\/v2\/pages\/89","targetHints":{"allow":["GET"]}}],"collection":[{"href":"https:\/\/sites.usp.br\/ltsi\/wp-json\/wp\/v2\/pages"}],"about":[{"href":"https:\/\/sites.usp.br\/ltsi\/wp-json\/wp\/v2\/types\/page"}],"author":[{"embeddable":true,"href":"https:\/\/sites.usp.br\/ltsi\/wp-json\/wp\/v2\/users\/13"}],"replies":[{"embeddable":true,"href":"https:\/\/sites.usp.br\/ltsi\/wp-json\/wp\/v2\/comments?post=89"}],"version-history":[{"count":4,"href":"https:\/\/sites.usp.br\/ltsi\/wp-json\/wp\/v2\/pages\/89\/revisions"}],"predecessor-version":[{"id":422,"href":"https:\/\/sites.usp.br\/ltsi\/wp-json\/wp\/v2\/pages\/89\/revisions\/422"}],"wp:attachment":[{"href":"https:\/\/sites.usp.br\/ltsi\/wp-json\/wp\/v2\/media?parent=89"}],"curies":[{"name":"wp","href":"https:\/\/api.w.org\/{rel}","templated":true}]}}