{"id":244,"date":"2018-01-08T15:17:12","date_gmt":"2018-01-08T17:17:12","guid":{"rendered":"http:\/\/sites.usp.br\/lvnt\/?page_id=244"},"modified":"2025-08-27T17:00:59","modified_gmt":"2025-08-27T19:00:59","slug":"sobre","status":"publish","type":"page","link":"https:\/\/sites.usp.br\/lvnt\/sobre\/","title":{"rendered":"Sobre"},"content":{"rendered":"<h2 style=\"text-align: justify;\"><strong>SOBRE O LVNT<\/strong><\/h2>\n<p style=\"text-align: justify;\">O Laborat\u00f3rio de Ve\u00edculos N\u00e3o Tripulados da Universidade de S\u00e3o Paulo (LVNT-USP) dedica-se \u00e0 pesquisa e desenvolvimento de ve\u00edculos operados remotamente e ve\u00edculos aut\u00f4nomos, com foco priorit\u00e1rio na opera\u00e7\u00e3o em ambiente aqu\u00e1tico. Nos \u00faltimos anos, a investiga\u00e7\u00e3o cient\u00edfica nessa \u00e1rea tem ganhado relev\u00e2ncia, uma vez que tais ve\u00edculos v\u00eam sendo aplicados em pesquisas oceanogr\u00e1ficas, opera\u00e7\u00f5es militares, monitoramento ambiental e controle da polui\u00e7\u00e3o, al\u00e9m de outras atividades de impacto tecnol\u00f3gico e econ\u00f4mico.<\/p>\n<p>Esses ve\u00edculos podem ser classificados de acordo com a forma como executam suas miss\u00f5es. Os ve\u00edculos aut\u00f4nomos subaqu\u00e1ticos (AUVs) operam de maneira independente sob a \u00e1gua, sem necessidade de interven\u00e7\u00e3o humana direta. J\u00e1 os ve\u00edculos submarinos operados remotamente (ROVs) tamb\u00e9m atuam em ambiente submerso, mas dependem de um cabo umbilical que transmite energia e comandos a partir de um operador em superf\u00edcie. Por sua vez, os ve\u00edculos aqu\u00e1ticos aut\u00f4nomos de superf\u00edcie (USVs ou ASVs) executam suas miss\u00f5es de forma aut\u00f4noma sobre a superf\u00edcie da \u00e1gua.<\/p>\n<p>No LVNT, al\u00e9m do desenvolvimento tecnol\u00f3gico desses ve\u00edculos e de seus sistemas embarcados \u2014 incluindo eletr\u00f4nica, software, sensores e atuadores marinizados \u2014, s\u00e3o conduzidas pesquisas em \u00e1reas como hidrodin\u00e2mica, manobrabilidade, navega\u00e7\u00e3o e controle de AUVs, bem como em t\u00e9cnicas avan\u00e7adas de controle aplicadas a ROVs. O laborat\u00f3rio tamb\u00e9m se dedica a projetos especiais em parcerias com empresas privadas e institui\u00e7\u00f5es p\u00fablicas, refor\u00e7ando o papel estrat\u00e9gico do LVNT na interface entre ci\u00eancia, engenharia e aplica\u00e7\u00e3o pr\u00e1tica.<\/p>\n<p>Al\u00e9m disso, o laborat\u00f3rio integra a Central Multiusu\u00e1rios \u201cGeof\u00edsica Aplicada Mecatr\u00f4nica e Engenharia \u2013 GAME | USP\u201d, estrutura que compartilha equipamentos e oferece servi\u00e7os customizados a diferentes setores. Para a execu\u00e7\u00e3o dessas atividades, o LVNT conta com uma equipe multidisciplinar de engenheiros e tecn\u00f3logos especializados em diversas \u00e1reas da tecnologia submarina, assegurando alto n\u00edvel t\u00e9cnico e cient\u00edfico em suas contribui\u00e7\u00f5es.<\/p>\n<p>&nbsp;<\/p>\n","protected":false},"excerpt":{"rendered":"<p>SOBRE O LVNT O Laborat\u00f3rio de Ve\u00edculos N\u00e3o Tripulados da Universidade de S\u00e3o Paulo (LVNT-USP) dedica-se \u00e0 pesquisa e desenvolvimento de ve\u00edculos operados remotamente e ve\u00edculos aut\u00f4nomos, com foco priorit\u00e1rio na opera\u00e7\u00e3o em ambiente aqu\u00e1tico. Nos \u00faltimos anos, a investiga\u00e7\u00e3o cient\u00edfica nessa \u00e1rea tem ganhado relev\u00e2ncia, uma vez que tais ve\u00edculos v\u00eam sendo aplicados em<a href=\"https:\/\/sites.usp.br\/lvnt\/sobre\/\">[&#8230;]<\/a><\/p>\n","protected":false},"author":621,"featured_media":0,"parent":0,"menu_order":0,"comment_status":"closed","ping_status":"closed","template":"","meta":{"footnotes":"","_links_to":"","_links_to_target":""},"class_list":["post-244","page","type-page","status-publish","hentry"],"_links":{"self":[{"href":"https:\/\/sites.usp.br\/lvnt\/wp-json\/wp\/v2\/pages\/244","targetHints":{"allow":["GET"]}}],"collection":[{"href":"https:\/\/sites.usp.br\/lvnt\/wp-json\/wp\/v2\/pages"}],"about":[{"href":"https:\/\/sites.usp.br\/lvnt\/wp-json\/wp\/v2\/types\/page"}],"author":[{"embeddable":true,"href":"https:\/\/sites.usp.br\/lvnt\/wp-json\/wp\/v2\/users\/621"}],"replies":[{"embeddable":true,"href":"https:\/\/sites.usp.br\/lvnt\/wp-json\/wp\/v2\/comments?post=244"}],"version-history":[{"count":4,"href":"https:\/\/sites.usp.br\/lvnt\/wp-json\/wp\/v2\/pages\/244\/revisions"}],"predecessor-version":[{"id":683,"href":"https:\/\/sites.usp.br\/lvnt\/wp-json\/wp\/v2\/pages\/244\/revisions\/683"}],"wp:attachment":[{"href":"https:\/\/sites.usp.br\/lvnt\/wp-json\/wp\/v2\/media?parent=244"}],"curies":[{"name":"wp","href":"https:\/\/api.w.org\/{rel}","templated":true}]}}