{"id":320,"date":"2021-07-12T16:50:52","date_gmt":"2021-07-12T18:50:52","guid":{"rendered":"https:\/\/sites.usp.br\/lvnt\/?page_id=320"},"modified":"2025-08-27T17:27:03","modified_gmt":"2025-08-27T19:27:03","slug":"asv","status":"publish","type":"page","link":"https:\/\/sites.usp.br\/lvnt\/asv\/","title":{"rendered":"USV"},"content":{"rendered":"<h2><strong>VE\u00cdCULOS AQU\u00c1TICOS N\u00c3O TRIPULADOS DE SUPERF\u00cdCIE<\/strong><\/h2>\n<p style=\"text-align: justify;\">A pesquisa de sistemas relacionados \u00e0 rob\u00f3tica m\u00f3vel (por exemplo, controle, din\u00e2mica, navega\u00e7\u00e3o, etc.) costuma vir acompanhada do desenvolvimento de plataformas de teste, que constituem tamb\u00e9m uma classe de rob\u00f4s m\u00f3veis.<\/p>\n<p style=\"text-align: justify;\">O LVNT, com o intuito de estabelecer a capacita\u00e7\u00e3o na \u00e1rea de ve\u00edculos submarinos n\u00e3o tripulados, iniciou a pesquisa em arquiteturas de controle e sistemas de navega\u00e7\u00e3o para este tipo de rob\u00f4 m\u00f3vel, empregando como plataformas de teste os ve\u00edculos de superf\u00edcie n\u00e3o tripulados, conhecidos pela sigla USVs (\u201cunmanned surface vehicles\u201d). Este foi o caso dos ve\u00edculos \u201cPoli-Maru I\u201d (1998) e \u201cPoli-Maru II\u201d(2002). A motiva\u00e7\u00e3o, visando o desenvolvimento de AUVs a longo prazo, foi a redu\u00e7\u00e3o de custos em rela\u00e7\u00e3o \u00e0s implementa\u00e7\u00f5es submers\u00edveis.<\/p>\n<p style=\"text-align: justify;\">O USV \u201cPoli-Maru II\u201d introduziu uma arquitetura de controle mais elaborada do que a do \u201cPoli Maru I\u201d. Esta procurou incorporar o conceito de agentes, a programa\u00e7\u00e3o orientada a objetos e restri\u00e7\u00f5es de desempenho em tempo-real.<\/p>\n<p style=\"text-align: justify;\">Ap\u00f3s a fase de prepara\u00e7\u00e3o, com a investiga\u00e7\u00e3o de sistemas semelhantes aos empregados em AUVs, como os citados acima, o in\u00edcio do desenvolvimento desta classe de ve\u00edculos propriamente ditos se deu com o projeto \u201cAUV Pirajuba\u201d.<\/p>\n<p style=\"text-align: justify;\">Recentemente (2021), foi implementado outro USV, o Poli-Mar\u00fa III, com a aplica\u00e7\u00e3o acad\u00eamica relacionada \u00e0 investiga\u00e7\u00e3o da navega\u00e7\u00e3o de AUVs.<br \/>\nCom a ado\u00e7\u00e3o de um USV, embarcando o mesmo sistema de navega\u00e7\u00e3o do AUV, pode-se testar toda a cinem\u00e1tica no plano horizontal, estimando a trajet\u00f3ria do ve\u00edculo e comparando-a \u00e0quela obtida por medi\u00e7\u00f5es cont\u00ednuas produzidas pelo GPS. Tem-se, assim, a significativa redu\u00e7\u00e3o de custos com os ensaios, comparativamente ao caso de testes de mar com o AUV, que demandam servi\u00e7os mais significativos de log\u00edstica (mobiliza\u00e7\u00e3o e transporte para o litoral e contrata\u00e7\u00e3o de servi\u00e7os de uma embarca\u00e7\u00e3o). Comparativamente aos mesmos testes com o AUV navegando na superf\u00edcie da Raia Ol\u00edmpica da USP, tr\u00eas fatores de atra\u00e7\u00e3o para a alternativa do USV podem ser mencionados: a) a significativa facilidade relativa da condu\u00e7\u00e3o do ensaio com o ve\u00edculo de superf\u00edcie, que, ao contr\u00e1rio do AUV, podem ter seus sistemas acessados facilmente pelos operadores, sem as necess\u00e1rias medidas de veda\u00e7\u00e3o da eletr\u00f4nica do AUV cada vez que um de seus vasos de press\u00e3o \u00e9 aberto; b) a facilidade de manobra do USV na superf\u00edcie, j\u00e1 que o AUV opera com maior dificuldade de controle de rumo.<\/p>\n<p style=\"text-align: justify;\">Salienta-se, no entanto, que, diferentemente dos USVs anteriores, o trimar\u00e3 Poli-Mar\u00fa III tamb\u00e9m \u00e9 voltado a servi\u00e7os de monitoramento aqu\u00e1tico, solos submersos e de \u00e1reas portu\u00e1rias.<\/p>\n<p>&nbsp;<\/p>\n<p><a href=\"https:\/\/sites.usp.br\/lvnt\/wp-content\/uploads\/sites\/346\/2021\/08\/WhatsApp-Image-2021-08-16-at-14.20.23.jpeg\"><img loading=\"lazy\" decoding=\"async\" class=\"aligncenter wp-image-482 size-large\" src=\"https:\/\/sites.usp.br\/lvnt\/wp-content\/uploads\/sites\/346\/2021\/08\/WhatsApp-Image-2021-08-16-at-14.20.23-768x1024.jpeg\" alt=\"\" width=\"640\" height=\"853\" srcset=\"https:\/\/sites.usp.br\/lvnt\/wp-content\/uploads\/sites\/346\/2021\/08\/WhatsApp-Image-2021-08-16-at-14.20.23-768x1024.jpeg 768w, https:\/\/sites.usp.br\/lvnt\/wp-content\/uploads\/sites\/346\/2021\/08\/WhatsApp-Image-2021-08-16-at-14.20.23-225x300.jpeg 225w, https:\/\/sites.usp.br\/lvnt\/wp-content\/uploads\/sites\/346\/2021\/08\/WhatsApp-Image-2021-08-16-at-14.20.23-400x533.jpeg 400w, https:\/\/sites.usp.br\/lvnt\/wp-content\/uploads\/sites\/346\/2021\/08\/WhatsApp-Image-2021-08-16-at-14.20.23.jpeg 867w\" sizes=\"auto, (max-width: 640px) 100vw, 640px\" \/><\/a><\/p>\n<p style=\"text-align: center;\">Poli-Mar\u00fa III<\/p>\n<p>&nbsp;<\/p>\n<h4 style=\"text-align: left;\"><strong>Ensaios na Raia Ol\u00edmpica da USP<\/strong><\/h4>\n<p style=\"text-align: center;\">\n<div style=\"width: 640px;\" class=\"wp-video\"><video class=\"wp-video-shortcode\" id=\"video-320-1\" width=\"640\" height=\"352\" preload=\"metadata\" controls=\"controls\"><source type=\"video\/mp4\" src=\"https:\/\/sites.usp.br\/lvnt\/wp-content\/uploads\/sites\/346\/2022\/07\/Poli-Maru-III.mp4?_=1\" \/><a href=\"https:\/\/sites.usp.br\/lvnt\/wp-content\/uploads\/sites\/346\/2022\/07\/Poli-Maru-III.mp4\">https:\/\/sites.usp.br\/lvnt\/wp-content\/uploads\/sites\/346\/2022\/07\/Poli-Maru-III.mp4<\/a><\/video><\/div>\n","protected":false},"excerpt":{"rendered":"<p>VE\u00cdCULOS AQU\u00c1TICOS N\u00c3O TRIPULADOS DE SUPERF\u00cdCIE A pesquisa de sistemas relacionados \u00e0 rob\u00f3tica m\u00f3vel (por exemplo, controle, din\u00e2mica, navega\u00e7\u00e3o, etc.) costuma vir acompanhada do desenvolvimento de plataformas de teste, que constituem tamb\u00e9m uma classe de rob\u00f4s m\u00f3veis. O LVNT, com o intuito de estabelecer a capacita\u00e7\u00e3o na \u00e1rea de ve\u00edculos submarinos n\u00e3o tripulados, iniciou a<a href=\"https:\/\/sites.usp.br\/lvnt\/asv\/\">[&#8230;]<\/a><\/p>\n","protected":false},"author":621,"featured_media":0,"parent":0,"menu_order":0,"comment_status":"closed","ping_status":"closed","template":"","meta":{"footnotes":"","_links_to":"","_links_to_target":""},"class_list":["post-320","page","type-page","status-publish","hentry"],"_links":{"self":[{"href":"https:\/\/sites.usp.br\/lvnt\/wp-json\/wp\/v2\/pages\/320","targetHints":{"allow":["GET"]}}],"collection":[{"href":"https:\/\/sites.usp.br\/lvnt\/wp-json\/wp\/v2\/pages"}],"about":[{"href":"https:\/\/sites.usp.br\/lvnt\/wp-json\/wp\/v2\/types\/page"}],"author":[{"embeddable":true,"href":"https:\/\/sites.usp.br\/lvnt\/wp-json\/wp\/v2\/users\/621"}],"replies":[{"embeddable":true,"href":"https:\/\/sites.usp.br\/lvnt\/wp-json\/wp\/v2\/comments?post=320"}],"version-history":[{"count":5,"href":"https:\/\/sites.usp.br\/lvnt\/wp-json\/wp\/v2\/pages\/320\/revisions"}],"predecessor-version":[{"id":696,"href":"https:\/\/sites.usp.br\/lvnt\/wp-json\/wp\/v2\/pages\/320\/revisions\/696"}],"wp:attachment":[{"href":"https:\/\/sites.usp.br\/lvnt\/wp-json\/wp\/v2\/media?parent=320"}],"curies":[{"name":"wp","href":"https:\/\/api.w.org\/{rel}","templated":true}]}}