{"id":167,"date":"2021-08-30T16:45:52","date_gmt":"2021-08-30T19:45:52","guid":{"rendered":"https:\/\/sites.usp.br\/menopausando\/?page_id=167"},"modified":"2022-04-26T07:29:56","modified_gmt":"2022-04-26T10:29:56","slug":"sobre-o-projeto","status":"publish","type":"page","link":"https:\/\/sites.usp.br\/menopausando\/sobre-o-projeto\/","title":{"rendered":"Sobre o Projeto"},"content":{"rendered":"<h2>Transi\u00e7\u00e3o para menopausa e p\u00f3s menopausa<\/h2>\n<h2>Projeto USP Munic\u00edpios<\/h2>\n<p>O site <strong>\u201cMenopausando\u201d<\/strong> \u00e9 uma iniciativa do projeto&nbsp; intitulado \u201cEduca\u00e7\u00e3o em Sa\u00fade para Mulheres na Transi\u00e7\u00e3o para a Menopausa e P\u00f3s Menopausa\u201d. O projeto \u00e9 apoiado pelo <a href=\"http:\/\/143.107.26.205\/documentos\/editais\/Edital%20USP%20Municipios%202020_2021.pdf\" target=\"_blank\" rel=\"noopener\">edital 01\/2020-2021<\/a>, lan\u00e7ado pela Pr\u00f3-Reitoria de Gradua\u00e7\u00e3o e Programa Santander de Pol\u00edticas P\u00fablicas, que visa estimular a solu\u00e7\u00e3o de problemas voltados para a melhoria de pol\u00edticas p\u00fablicas nos munic\u00edpios do estado de S\u00e3o Paulo, realizado pela disciplina de Ginecologia do Departamento de Obstetr\u00edcia e Ginecologia da Faculdade de Medicina da Universidade de S\u00e3o Paulo.&nbsp;<\/p>\n<p>Nossa miss\u00e3o \u00e9 proporcionar educa\u00e7\u00e3o em sa\u00fade para mulheres na transi\u00e7\u00e3o para a <strong>menopausa<\/strong> e <strong>p\u00f3s menopausa<\/strong> e \u00e9 realizado por meio de uma equipe multiprofissional e assim, disponibilizar aconselhamento e informa\u00e7\u00f5es em <strong>linguagem acess\u00edvel<\/strong> aproximando as mulheres que utilizam os servi\u00e7os do <strong>Sistema \u00danico de Sa\u00fade<\/strong> \u00e0 <strong>Universidade<\/strong>.&nbsp;<\/p>\n<p>A difus\u00e3o do site ser\u00e1 realizada para mulheres que frequentam os ambulat\u00f3rios e servi\u00e7os de sa\u00fade supervisionados pela <strong>Disciplina de Ginecologia<\/strong>. O site ainda agrupa conte\u00fados em diferentes n\u00edveis de profundidade, sendo uma ponte entre os canais do <strong>INSTAGRAM<\/strong>, <strong>FACEBOOK<\/strong> e <strong>PODCASTS<\/strong> do Projeto.<\/p>\n","protected":false},"excerpt":{"rendered":"<p>Transi\u00e7\u00e3o para menopausa e p\u00f3s menopausa Projeto USP Munic\u00edpios O site \u201cMenopausando\u201d \u00e9 uma iniciativa do projeto&nbsp; intitulado \u201cEduca\u00e7\u00e3o em Sa\u00fade para Mulheres na Transi\u00e7\u00e3o para a Menopausa e P\u00f3s Menopausa\u201d. O projeto \u00e9 apoiado pelo edital 01\/2020-2021, lan\u00e7ado pela Pr\u00f3-Reitoria de Gradua\u00e7\u00e3o e Programa Santander de Pol\u00edticas P\u00fablicas, que visa estimular a solu\u00e7\u00e3o de [&hellip;]<\/p>\n","protected":false},"author":22516,"featured_media":0,"parent":0,"menu_order":0,"comment_status":"closed","ping_status":"closed","template":"","meta":{"_monsterinsights_skip_tracking":false,"_monsterinsights_sitenote_active":false,"_monsterinsights_sitenote_note":"","_monsterinsights_sitenote_category":0,"footnotes":"","_links_to":"","_links_to_target":""},"categories":[],"tags":[],"class_list":["post-167","page","type-page","status-publish","hentry","entry"],"yoast_head":"<!-- This site is optimized with the Yoast SEO plugin v27.3 - https:\/\/yoast.com\/product\/yoast-seo-wordpress\/ -->\n<title>Sobre o Projeto - Menopausando<\/title>\n<meta name=\"robots\" content=\"index, follow, max-snippet:-1, max-image-preview:large, max-video-preview:-1\" \/>\n<link rel=\"canonical\" href=\"https:\/\/sites.usp.br\/menopausando\/sobre-o-projeto\/\" \/>\n<meta property=\"og:locale\" content=\"pt_BR\" \/>\n<meta property=\"og:type\" content=\"article\" \/>\n<meta property=\"og:title\" content=\"Sobre o Projeto - Menopausando\" \/>\n<meta property=\"og:description\" content=\"Transi\u00e7\u00e3o para menopausa e p\u00f3s menopausa Projeto USP Munic\u00edpios O site \u201cMenopausando\u201d \u00e9 uma iniciativa do projeto&nbsp; intitulado \u201cEduca\u00e7\u00e3o em Sa\u00fade para Mulheres na Transi\u00e7\u00e3o para a Menopausa e P\u00f3s Menopausa\u201d. O projeto \u00e9 apoiado pelo edital 01\/2020-2021, lan\u00e7ado pela Pr\u00f3-Reitoria de Gradua\u00e7\u00e3o e Programa Santander de Pol\u00edticas P\u00fablicas, que visa estimular a solu\u00e7\u00e3o de [&hellip;]\" \/>\n<meta property=\"og:url\" content=\"https:\/\/sites.usp.br\/menopausando\/sobre-o-projeto\/\" \/>\n<meta property=\"og:site_name\" content=\"Menopausando\" \/>\n<meta property=\"article:modified_time\" content=\"2022-04-26T10:29:56+00:00\" \/>\n<meta name=\"twitter:card\" content=\"summary_large_image\" \/>\n<meta name=\"twitter:label1\" content=\"Est. tempo de leitura\" \/>\n\t<meta name=\"twitter:data1\" content=\"2 minutos\" \/>\n<script type=\"application\/ld+json\" class=\"yoast-schema-graph\">{\"@context\":\"https:\\\/\\\/schema.org\",\"@graph\":[{\"@type\":\"WebPage\",\"@id\":\"https:\\\/\\\/sites.usp.br\\\/menopausando\\\/sobre-o-projeto\\\/\",\"url\":\"https:\\\/\\\/sites.usp.br\\\/menopausando\\\/sobre-o-projeto\\\/\",\"name\":\"Sobre o Projeto - Menopausando\",\"isPartOf\":{\"@id\":\"https:\\\/\\\/sites.usp.br\\\/menopausando\\\/#website\"},\"datePublished\":\"2021-08-30T19:45:52+00:00\",\"dateModified\":\"2022-04-26T10:29:56+00:00\",\"breadcrumb\":{\"@id\":\"https:\\\/\\\/sites.usp.br\\\/menopausando\\\/sobre-o-projeto\\\/#breadcrumb\"},\"inLanguage\":\"pt-BR\",\"potentialAction\":[{\"@type\":\"ReadAction\",\"target\":[\"https:\\\/\\\/sites.usp.br\\\/menopausando\\\/sobre-o-projeto\\\/\"]}]},{\"@type\":\"BreadcrumbList\",\"@id\":\"https:\\\/\\\/sites.usp.br\\\/menopausando\\\/sobre-o-projeto\\\/#breadcrumb\",\"itemListElement\":[{\"@type\":\"ListItem\",\"position\":1,\"name\":\"In\u00edcio\",\"item\":\"https:\\\/\\\/sites.usp.br\\\/menopausando\\\/\"},{\"@type\":\"ListItem\",\"position\":2,\"name\":\"Sobre o Projeto\"}]},{\"@type\":\"WebSite\",\"@id\":\"https:\\\/\\\/sites.usp.br\\\/menopausando\\\/#website\",\"url\":\"https:\\\/\\\/sites.usp.br\\\/menopausando\\\/\",\"name\":\"Menopausando\",\"description\":\"Projeto USP Munic\u00edpios\",\"publisher\":{\"@id\":\"https:\\\/\\\/sites.usp.br\\\/menopausando\\\/#organization\"},\"potentialAction\":[{\"@type\":\"SearchAction\",\"target\":{\"@type\":\"EntryPoint\",\"urlTemplate\":\"https:\\\/\\\/sites.usp.br\\\/menopausando\\\/?s={search_term_string}\"},\"query-input\":{\"@type\":\"PropertyValueSpecification\",\"valueRequired\":true,\"valueName\":\"search_term_string\"}}],\"inLanguage\":\"pt-BR\"},{\"@type\":\"Organization\",\"@id\":\"https:\\\/\\\/sites.usp.br\\\/menopausando\\\/#organization\",\"name\":\"Menopausando\",\"url\":\"https:\\\/\\\/sites.usp.br\\\/menopausando\\\/\",\"logo\":{\"@type\":\"ImageObject\",\"inLanguage\":\"pt-BR\",\"@id\":\"https:\\\/\\\/sites.usp.br\\\/menopausando\\\/#\\\/schema\\\/logo\\\/image\\\/\",\"url\":\"https:\\\/\\\/sites.usp.br\\\/menopausando\\\/wp-content\\\/uploads\\\/sites\\\/982\\\/2021\\\/08\\\/logo_menopausando_positivo.png\",\"contentUrl\":\"https:\\\/\\\/sites.usp.br\\\/menopausando\\\/wp-content\\\/uploads\\\/sites\\\/982\\\/2021\\\/08\\\/logo_menopausando_positivo.png\",\"width\":669,\"height\":346,\"caption\":\"Menopausando\"},\"image\":{\"@id\":\"https:\\\/\\\/sites.usp.br\\\/menopausando\\\/#\\\/schema\\\/logo\\\/image\\\/\"}}]}<\/script>\n<!-- \/ Yoast SEO plugin. -->","yoast_head_json":{"title":"Sobre o Projeto - Menopausando","robots":{"index":"index","follow":"follow","max-snippet":"max-snippet:-1","max-image-preview":"max-image-preview:large","max-video-preview":"max-video-preview:-1"},"canonical":"https:\/\/sites.usp.br\/menopausando\/sobre-o-projeto\/","og_locale":"pt_BR","og_type":"article","og_title":"Sobre o Projeto - Menopausando","og_description":"Transi\u00e7\u00e3o para menopausa e p\u00f3s menopausa Projeto USP Munic\u00edpios O site \u201cMenopausando\u201d \u00e9 uma iniciativa do projeto&nbsp; intitulado \u201cEduca\u00e7\u00e3o em Sa\u00fade para Mulheres na Transi\u00e7\u00e3o para a Menopausa e P\u00f3s Menopausa\u201d. O projeto \u00e9 apoiado pelo edital 01\/2020-2021, lan\u00e7ado pela Pr\u00f3-Reitoria de Gradua\u00e7\u00e3o e Programa Santander de Pol\u00edticas P\u00fablicas, que visa estimular a solu\u00e7\u00e3o de [&hellip;]","og_url":"https:\/\/sites.usp.br\/menopausando\/sobre-o-projeto\/","og_site_name":"Menopausando","article_modified_time":"2022-04-26T10:29:56+00:00","twitter_card":"summary_large_image","twitter_misc":{"Est. tempo de leitura":"2 minutos"},"schema":{"@context":"https:\/\/schema.org","@graph":[{"@type":"WebPage","@id":"https:\/\/sites.usp.br\/menopausando\/sobre-o-projeto\/","url":"https:\/\/sites.usp.br\/menopausando\/sobre-o-projeto\/","name":"Sobre o Projeto - Menopausando","isPartOf":{"@id":"https:\/\/sites.usp.br\/menopausando\/#website"},"datePublished":"2021-08-30T19:45:52+00:00","dateModified":"2022-04-26T10:29:56+00:00","breadcrumb":{"@id":"https:\/\/sites.usp.br\/menopausando\/sobre-o-projeto\/#breadcrumb"},"inLanguage":"pt-BR","potentialAction":[{"@type":"ReadAction","target":["https:\/\/sites.usp.br\/menopausando\/sobre-o-projeto\/"]}]},{"@type":"BreadcrumbList","@id":"https:\/\/sites.usp.br\/menopausando\/sobre-o-projeto\/#breadcrumb","itemListElement":[{"@type":"ListItem","position":1,"name":"In\u00edcio","item":"https:\/\/sites.usp.br\/menopausando\/"},{"@type":"ListItem","position":2,"name":"Sobre o Projeto"}]},{"@type":"WebSite","@id":"https:\/\/sites.usp.br\/menopausando\/#website","url":"https:\/\/sites.usp.br\/menopausando\/","name":"Menopausando","description":"Projeto USP Munic\u00edpios","publisher":{"@id":"https:\/\/sites.usp.br\/menopausando\/#organization"},"potentialAction":[{"@type":"SearchAction","target":{"@type":"EntryPoint","urlTemplate":"https:\/\/sites.usp.br\/menopausando\/?s={search_term_string}"},"query-input":{"@type":"PropertyValueSpecification","valueRequired":true,"valueName":"search_term_string"}}],"inLanguage":"pt-BR"},{"@type":"Organization","@id":"https:\/\/sites.usp.br\/menopausando\/#organization","name":"Menopausando","url":"https:\/\/sites.usp.br\/menopausando\/","logo":{"@type":"ImageObject","inLanguage":"pt-BR","@id":"https:\/\/sites.usp.br\/menopausando\/#\/schema\/logo\/image\/","url":"https:\/\/sites.usp.br\/menopausando\/wp-content\/uploads\/sites\/982\/2021\/08\/logo_menopausando_positivo.png","contentUrl":"https:\/\/sites.usp.br\/menopausando\/wp-content\/uploads\/sites\/982\/2021\/08\/logo_menopausando_positivo.png","width":669,"height":346,"caption":"Menopausando"},"image":{"@id":"https:\/\/sites.usp.br\/menopausando\/#\/schema\/logo\/image\/"}}]}},"_links":{"self":[{"href":"https:\/\/sites.usp.br\/menopausando\/wp-json\/wp\/v2\/pages\/167","targetHints":{"allow":["GET"]}}],"collection":[{"href":"https:\/\/sites.usp.br\/menopausando\/wp-json\/wp\/v2\/pages"}],"about":[{"href":"https:\/\/sites.usp.br\/menopausando\/wp-json\/wp\/v2\/types\/page"}],"author":[{"embeddable":true,"href":"https:\/\/sites.usp.br\/menopausando\/wp-json\/wp\/v2\/users\/22516"}],"replies":[{"embeddable":true,"href":"https:\/\/sites.usp.br\/menopausando\/wp-json\/wp\/v2\/comments?post=167"}],"version-history":[{"count":4,"href":"https:\/\/sites.usp.br\/menopausando\/wp-json\/wp\/v2\/pages\/167\/revisions"}],"predecessor-version":[{"id":845,"href":"https:\/\/sites.usp.br\/menopausando\/wp-json\/wp\/v2\/pages\/167\/revisions\/845"}],"wp:attachment":[{"href":"https:\/\/sites.usp.br\/menopausando\/wp-json\/wp\/v2\/media?parent=167"}],"wp:term":[{"taxonomy":"category","embeddable":true,"href":"https:\/\/sites.usp.br\/menopausando\/wp-json\/wp\/v2\/categories?post=167"},{"taxonomy":"post_tag","embeddable":true,"href":"https:\/\/sites.usp.br\/menopausando\/wp-json\/wp\/v2\/tags?post=167"}],"curies":[{"name":"wp","href":"https:\/\/api.w.org\/{rel}","templated":true}]}}