{"id":92,"date":"2021-08-24T16:41:49","date_gmt":"2021-08-24T19:41:49","guid":{"rendered":"https:\/\/sites.usp.br\/menopausando\/?page_id=92"},"modified":"2021-12-09T12:51:51","modified_gmt":"2021-12-09T15:51:51","slug":"leituracientifica","status":"publish","type":"page","link":"https:\/\/sites.usp.br\/menopausando\/leituracientifica\/","title":{"rendered":"Leitura  Cient\u00edfica"},"content":{"rendered":"\t\t<div data-elementor-type=\"wp-page\" data-elementor-id=\"92\" class=\"elementor elementor-92\" data-elementor-post-type=\"page\">\n\t\t\t\t\t\t<section class=\"elementor-section elementor-top-section elementor-element elementor-element-16bb4ea elementor-section-boxed elementor-section-height-default elementor-section-height-default\" data-id=\"16bb4ea\" data-element_type=\"section\">\n\t\t\t\t\t\t<div class=\"elementor-container elementor-column-gap-default\">\n\t\t\t\t\t<div class=\"elementor-column elementor-col-100 elementor-top-column elementor-element elementor-element-ed5e703\" data-id=\"ed5e703\" data-element_type=\"column\">\n\t\t\t<div class=\"elementor-widget-wrap elementor-element-populated\">\n\t\t\t\t\t\t<div class=\"elementor-element elementor-element-04fb45d elementor-widget elementor-widget-text-editor\" data-id=\"04fb45d\" data-element_type=\"widget\" data-widget_type=\"text-editor.default\">\n\t\t\t\t<div class=\"elementor-widget-container\">\n\t\t\t\t\t\t\t<h3><b>LEITURA CIENT\u00cdFICA &#8211; <\/b><b>MENOPAUSANDO<\/b><\/h3><ol><li style=\"font-weight: 400;\" aria-level=\"1\"><a href=\"https:\/\/pubmed.ncbi.nlm.nih.gov\/33112163\/\"><span style=\"font-weight: 400;\">Dietary intake and menopausal symptoms in postmenopausal women: a systematic review<\/span><\/a><\/li><li style=\"font-weight: 400;\" aria-level=\"1\"><a href=\"https:\/\/www.scielo.br\/j\/ramb\/a\/qNzNQcbSpW7Lvm9wK8CNsDK\/?lang=en\"><span style=\"font-weight: 400;\">Diagnosis and referral flow in the single health system for climacteric women<\/span><\/a><\/li><li style=\"font-weight: 400;\" aria-level=\"1\"><a href=\"https:\/\/www.scielo.br\/j\/ramb\/a\/cxFKrRHF4xFNKJkfMhKnZPJ\/?lang=en\"><span style=\"font-weight: 400;\">Female aging<\/span><\/a><\/li><li style=\"font-weight: 400;\" aria-level=\"1\"><a href=\"https:\/\/www.scielo.br\/j\/ramb\/a\/twKLGQtgj8dYJnYKXXtQrbC\/?lang=en\"><span style=\"font-weight: 400;\">Isoflavones in gynecology<\/span><\/a><\/li><li style=\"font-weight: 400;\" aria-level=\"1\"><a href=\"https:\/\/pubmed.ncbi.nlm.nih.gov\/33112163\/\"><span style=\"font-weight: 400;\">Dietary intake and menopausal symptoms in postmenopausal women: a systematic review<\/span><\/a><\/li><li style=\"font-weight: 400;\" aria-level=\"1\"><a href=\"https:\/\/bmcpublichealth.biomedcentral.com\/articles\/10.1186\/s12889-021-10556-8\"><span style=\"font-weight: 400;\">Brazilian National Policy of Comprehensive Women&#8217;s Health Care and mortality during climacteric period: has anything changed?<\/span><\/a><\/li><li style=\"font-weight: 400;\" aria-level=\"1\"><a href=\"https:\/\/pubmed.ncbi.nlm.nih.gov\/31940354\/\"><span style=\"font-weight: 400;\">Heart rate variability helps to distinguish the intensity of menopausal symptoms: A prospective, observational and transversal study<\/span><\/a><\/li><li style=\"font-weight: 400;\" aria-level=\"1\"><a href=\"https:\/\/www.scielo.br\/scielo.php?script=sci_arttext&amp;pid=S0104-42302015000300191\"><span style=\"font-weight: 400;\">8.Is hormone therapy during climacteric for all?<\/span><\/a><\/li><li style=\"font-weight: 400;\" aria-level=\"1\"><a href=\"https:\/\/pubmed.ncbi.nlm.nih.gov\/24898135\/\"><span style=\"font-weight: 400;\">Metabolic disorder and obesity in 5027 Brazilian postmenopausal women<\/span><\/a><\/li><li style=\"font-weight: 400;\" aria-level=\"1\"><a href=\"https:\/\/pubmed.ncbi.nlm.nih.gov\/23617563\/\"><span style=\"font-weight: 400;\">Physiotherapeutic approach in early and late post-menopausal Brazilian women<\/span><\/a><\/li><li style=\"font-weight: 400;\" aria-level=\"1\"><a href=\"https:\/\/onlinelibrary.wiley.com\/doi\/abs\/10.1111\/ggi.13690?casa_token=Tc_EZ4GC1GUAAAAA:-qxVfa4-Qr7z9cx6z__G_6pbNaU97gaKJgU_xnxgzyf3RFsEQVE3IQh04IVseFt93cjSgthUWF7T9dvvZQ\"><span style=\"font-weight: 400;\">Functional training in postmenopause: Cardiac autonomic modulation and cardiorespiratory parameters, a randomized trial<\/span><\/a><\/li><li style=\"font-weight: 400;\" aria-level=\"1\"><a href=\"https:\/\/www.scielo.br\/j\/ramb\/a\/HwXxzwJCK4ZzJQWrmRW3QHf\/?lang=en\"><span style=\"font-weight: 400;\">Repercussions of melatonin on the risk of breast cancer: a systematic review and meta-analysis<\/span><\/a><\/li><li style=\"font-weight: 400;\" aria-level=\"1\"><a href=\"https:\/\/pubmed.ncbi.nlm.nih.gov\/28741870\/\"><span style=\"font-weight: 400;\">Impact of functional training on geometric indices and fractal correlation property of heart rate variability in postmenopausal women<\/span><\/a><\/li><li style=\"font-weight: 400;\" aria-level=\"1\"><a href=\"https:\/\/repositorio.unifesp.br\/handle\/11600\/43290\"><span style=\"font-weight: 400;\">Multidisciplinary approach during menopausal transition and postmenopause in Brazilian women<\/span><\/a><\/li><li style=\"font-weight: 400;\" aria-level=\"1\"><a href=\"https:\/\/www.ncbi.nlm.nih.gov\/pmc\/articles\/PMC7520750\/\"><span style=\"font-weight: 400;\">Expression levels of BCL2 and MKI67 in endometrial polyps in postmenopausal women and their correlation with obesity<\/span><\/a><\/li><li style=\"font-weight: 400;\" aria-level=\"1\"><a href=\"https:\/\/pubmed.ncbi.nlm.nih.gov\/31257934\/\"><span style=\"font-weight: 400;\">Isoflavones improve collagen I and glycosaminoglycans and prevent bone loss in type 1 diabetic rats<\/span><\/a><\/li><li style=\"font-weight: 400;\" aria-level=\"1\"><a href=\"https:\/\/www.hopkinsmedicine.org\/health\/conditions-and-diseases\/menopause-and-the-cardiovascular-system\"><span style=\"font-weight: 400;\">Cardiovascular system and estrogen in menopause<\/span><\/a><\/li><li style=\"font-weight: 400;\" aria-level=\"1\"><a href=\"https:\/\/pubmed.ncbi.nlm.nih.gov\/32965350\/\"><span style=\"font-weight: 400;\">Risk of venous thromboembolism in users of contraception and menopausal hormone therapy during the COVID-19 pandemic<\/span><\/a><\/li><li style=\"font-weight: 400;\" aria-level=\"1\"><a href=\"https:\/\/www.scielo.br\/j\/clin\/a\/TWFfBcfyZ7KS3hFnHYcnfwH\/?lang=en\"><span style=\"font-weight: 400;\">Response to fatigue observed through magnetic resonance imaging on the quadriceps muscle in postmenopausal women<\/span><\/a><\/li><li style=\"font-weight: 400;\" aria-level=\"1\"><a href=\"https:\/\/pubmed.ncbi.nlm.nih.gov\/31257934\/\"><span style=\"font-weight: 400;\">Isoflavones improve collagen I and glycosaminoglycans and prevent bone loss in type 1 diabetic rats<\/span><\/a><\/li><li style=\"font-weight: 400;\" aria-level=\"1\"><a href=\"https:\/\/pubmed.ncbi.nlm.nih.gov\/30304148\/\"><span style=\"font-weight: 400;\">Are women living with HIV prone to osteoporosis in postmenopause? A systematic review<\/span><\/a><\/li><li style=\"font-weight: 400;\" aria-level=\"1\"><a href=\"https:\/\/www.scielo.br\/j\/ramb\/a\/x4kRtwDByXWSV8MjdKSZKGb\/?lang=en\"><span style=\"font-weight: 400;\">Gynecological cancer and metabolic screening of 1001 elderly Brazilian women<\/span><\/a><\/li><li style=\"font-weight: 400;\" aria-level=\"1\"><a href=\"https:\/\/www.scielo.br\/j\/ramb\/a\/HwXxzwJCK4ZzJQWrmRW3QHf\/?lang=en\"><span style=\"font-weight: 400;\">Repercussions of melatonin on the risk of breast cancer: a systematic review and meta-analysis<\/span><\/a><\/li><li style=\"font-weight: 400;\" aria-level=\"1\"><a href=\"https:\/\/pesquisa.bvsalud.org\/portal\/resource\/pt\/biblio-1278917\"><span style=\"font-weight: 400;\">Energy-bases devices in gynecology: the new frontier for the treatment of genitourinary syndrome of postmenopause?<\/span><\/a><\/li><li style=\"font-weight: 400;\" aria-level=\"1\"><a href=\"https:\/\/www.tandfonline.com\/doi\/abs\/10.1080\/09513590.2020.1862787\"><span style=\"font-weight: 400;\">Does obesity modify the expression of cyclin D1 and pten in endometrial polyps in postmenopausal women?<\/span><\/a><\/li><li style=\"font-weight: 400;\" aria-level=\"1\"><a href=\"https:\/\/pubmed.ncbi.nlm.nih.gov\/29256295\/\"><span style=\"font-weight: 400;\">How long is the ovary relevant for synthesis of steroids after menopause?<\/span><\/a><\/li><li style=\"font-weight: 400;\" aria-level=\"1\"><a href=\"https:\/\/josr-online.biomedcentral.com\/articles\/10.1186\/s13018-018-1020-x\"><span style=\"font-weight: 400;\">ER\u03b1 PvuII and XbaI polymorphisms in postmenopausal women with posterior tibial tendon dysfunction: a case control study<\/span><\/a><\/li><li style=\"font-weight: 400;\" aria-level=\"1\"><a href=\"https:\/\/www.tandfonline.com\/doi\/abs\/10.3109\/13697137.2011.553973\"><span style=\"font-weight: 400;\">The effects of cinnarizine on menopausal symptoms in women<\/span><\/a><\/li><li style=\"font-weight: 400;\" aria-level=\"1\"><a href=\"https:\/\/pubmed.ncbi.nlm.nih.gov\/16857662\/\"><span style=\"font-weight: 400;\">Sleep disturbances, oxidative stress and cardiovascular risk parameters in postmenopausal women complaining of insomnia<\/span><\/a><\/li><li style=\"font-weight: 400;\" aria-level=\"1\"><a href=\"https:\/\/pubmed.ncbi.nlm.nih.gov\/20839956\/\"><span style=\"font-weight: 400;\">Sexual steroids in urogynecology<\/span><\/a><\/li><li style=\"font-weight: 400;\" aria-level=\"1\"><a href=\"https:\/\/pubmed.ncbi.nlm.nih.gov\/25242379\/\"><span style=\"font-weight: 400;\">What is the influence of cyclooxygenase-2 on postmenopausal endometrial polyps?<\/span><\/a><\/li><li style=\"font-weight: 400;\" aria-level=\"1\"><a href=\"https:\/\/pubmed.ncbi.nlm.nih.gov\/20497031\/\"><span style=\"font-weight: 400;\">Acupuncture-ameliorated menopausal symptoms: single-blind, placebo-controlled, randomized trial<\/span><\/a><\/li><li style=\"font-weight: 400;\" aria-level=\"1\"><a href=\"https:\/\/observatorio.fm.usp.br\/handle\/OPI\/2552\"><span style=\"font-weight: 400;\">Health education intervention in early and late postmenopausal Brazilian women<\/span><\/a><\/li><li style=\"font-weight: 400;\" aria-level=\"1\"><a href=\"https:\/\/observatorio.fm.usp.br\/handle\/OPI\/2049\"><span style=\"font-weight: 400;\">Do extracts of oral soybean augment the trophic effect of estrogen on the rat uterus?<\/span><\/a><\/li><li style=\"font-weight: 400;\" aria-level=\"1\"><a href=\"https:\/\/observatorio.fm.usp.br\/handle\/OPI\/798\"><span style=\"font-weight: 400;\">The effects of conjugated estrogen, raloxifene and soy extract on collagen in rat bones<\/span><\/a><\/li><li style=\"font-weight: 400;\" aria-level=\"1\"><a href=\"https:\/\/pubmed.ncbi.nlm.nih.gov\/21395454\/\"><span style=\"font-weight: 400;\">Influence of the CYP17 polymorphism on vasomotor symptoms in postmenopausal women: a pilot study<\/span><\/a><\/li><li style=\"font-weight: 400;\" aria-level=\"1\"><a href=\"https:\/\/pubmed.ncbi.nlm.nih.gov\/19657792\/\"><span style=\"font-weight: 400;\">Hormone therapy in Brazilian postmenopausal women with chronic hepatitis C: a pilot study<\/span><\/a><\/li><li style=\"font-weight: 400;\" aria-level=\"1\"><a href=\"https:\/\/pubmed.ncbi.nlm.nih.gov\/16857662\/\"><span style=\"font-weight: 400;\">Sleep disturbances, oxidative stress and cardiovascular risk parameters in postmenopausal women complaining of insomnia<\/span><\/a><\/li><li style=\"font-weight: 400;\" aria-level=\"1\"><a href=\"https:\/\/pubmed.ncbi.nlm.nih.gov\/18202961\/\"><span style=\"font-weight: 400;\">Effects of the addition of methyltestosterone to combined hormone therapy with estrogens and progestogens on sexual energy and on orgasm in postmenopausal women<\/span><\/a><\/li><li style=\"font-weight: 400;\" aria-level=\"1\"><a href=\"https:\/\/pubmed.ncbi.nlm.nih.gov\/18781485\/\"><span style=\"font-weight: 400;\">CYP17 polymorphism and hot flushes in postmenopausal women<\/span><\/a><\/li><li style=\"font-weight: 400;\" aria-level=\"1\"><a href=\"https:\/\/pubmed.ncbi.nlm.nih.gov\/11974560\/\"><span style=\"font-weight: 400;\">A randomized, open-label study of conjugated equine estrogens plus medroxyprogesterone acetate versus tibolone: effects on symptom control, bleeding pattern, lipid profile and tolerability<\/span><\/a><\/li><li style=\"font-weight: 400;\" aria-level=\"1\"><a href=\"http:\/\/pepsic.bvsalud.org\/scielo.php?pid=S0104-12822012000200019&amp;script=sci_abstract&amp;tlng=en\"><span style=\"font-weight: 400;\">Impact of domestic and sexual violence on women&#8217;s health<\/span><\/a><\/li><li style=\"font-weight: 400;\" aria-level=\"1\"><a href=\"https:\/\/www.researchgate.net\/profile\/Zoran-Damnjanovic-2\/publication\/234138757_Early_detection_of_postoperative_deep_veinthrombosis_after_general_surgical_procedures\/links\/09e4151007af8bd3e0000000\/Early-detection-of-postoperative-deep-vein-thrombosis-after-general-surgical-procedures.pdf#page=126\"><span style=\"font-weight: 400;\">Sleep disorders in climacteric women<\/span><\/a><\/li><li style=\"font-weight: 400;\" aria-level=\"1\"><a href=\"https:\/\/www.sciencedirect.com\/science\/article\/pii\/S2212958820301567\"><span style=\"font-weight: 400;\">Meditation as an approach to lessen menopausal symptoms and insomnia in working women undergoing the menopausal transition period: A randomized controlled trial<\/span><\/a><\/li><li style=\"font-weight: 400;\" aria-level=\"1\"><a href=\"https:\/\/www.teses.usp.br\/teses\/disponiveis\/6\/6136\/tde-09042014-104755\/en.php\"><span style=\"font-weight: 400;\">Qualidade de vida e ins\u00f4nia na perimenopausa: medita\u00e7\u00e3o como estrat\u00e9gia de interven\u00e7\u00e3o<\/span><\/a><\/li><\/ol>\t\t\t\t\t\t<\/div>\n\t\t\t\t<\/div>\n\t\t\t\t\t<\/div>\n\t\t<\/div>\n\t\t\t\t\t<\/div>\n\t\t<\/section>\n\t\t\t\t<\/div>\n\t\t","protected":false},"excerpt":{"rendered":"<p>LEITURA CIENT\u00cdFICA &#8211; MENOPAUSANDO Dietary intake and menopausal symptoms in postmenopausal women: a systematic review Diagnosis and referral flow in the single health system for climacteric women Female aging Isoflavones in gynecology Dietary intake and menopausal symptoms in postmenopausal women: a systematic review Brazilian National Policy of Comprehensive Women&#8217;s Health Care and mortality during climacteric [&hellip;]<\/p>\n","protected":false},"author":22516,"featured_media":0,"parent":0,"menu_order":0,"comment_status":"closed","ping_status":"closed","template":"","meta":{"_monsterinsights_skip_tracking":false,"_monsterinsights_sitenote_active":false,"_monsterinsights_sitenote_note":"","_monsterinsights_sitenote_category":0,"footnotes":"","_links_to":"","_links_to_target":""},"categories":[],"tags":[],"class_list":["post-92","page","type-page","status-publish","hentry","entry"],"yoast_head":"<!-- This site is optimized with the Yoast SEO plugin v27.3 - https:\/\/yoast.com\/product\/yoast-seo-wordpress\/ -->\n<title>Leitura Cient\u00edfica - Menopausando<\/title>\n<meta name=\"robots\" content=\"index, follow, max-snippet:-1, max-image-preview:large, max-video-preview:-1\" \/>\n<link rel=\"canonical\" href=\"https:\/\/sites.usp.br\/menopausando\/leituracientifica\/\" \/>\n<meta property=\"og:locale\" content=\"pt_BR\" \/>\n<meta property=\"og:type\" content=\"article\" \/>\n<meta property=\"og:title\" content=\"Leitura Cient\u00edfica - Menopausando\" \/>\n<meta property=\"og:description\" content=\"LEITURA CIENT\u00cdFICA &#8211; MENOPAUSANDO Dietary intake and menopausal symptoms in postmenopausal women: a systematic review Diagnosis and referral flow in the single health system for climacteric women Female aging Isoflavones in gynecology Dietary intake and menopausal symptoms in postmenopausal women: a systematic review Brazilian National Policy of Comprehensive Women&#8217;s Health Care and mortality during climacteric [&hellip;]\" \/>\n<meta property=\"og:url\" content=\"https:\/\/sites.usp.br\/menopausando\/leituracientifica\/\" \/>\n<meta property=\"og:site_name\" content=\"Menopausando\" \/>\n<meta property=\"article:modified_time\" content=\"2021-12-09T15:51:51+00:00\" \/>\n<meta name=\"twitter:card\" content=\"summary_large_image\" \/>\n<meta name=\"twitter:label1\" content=\"Est. tempo de leitura\" \/>\n\t<meta name=\"twitter:data1\" content=\"3 minutos\" \/>\n<script type=\"application\/ld+json\" class=\"yoast-schema-graph\">{\"@context\":\"https:\\\/\\\/schema.org\",\"@graph\":[{\"@type\":\"WebPage\",\"@id\":\"https:\\\/\\\/sites.usp.br\\\/menopausando\\\/leituracientifica\\\/\",\"url\":\"https:\\\/\\\/sites.usp.br\\\/menopausando\\\/leituracientifica\\\/\",\"name\":\"Leitura Cient\u00edfica - Menopausando\",\"isPartOf\":{\"@id\":\"https:\\\/\\\/sites.usp.br\\\/menopausando\\\/#website\"},\"datePublished\":\"2021-08-24T19:41:49+00:00\",\"dateModified\":\"2021-12-09T15:51:51+00:00\",\"breadcrumb\":{\"@id\":\"https:\\\/\\\/sites.usp.br\\\/menopausando\\\/leituracientifica\\\/#breadcrumb\"},\"inLanguage\":\"pt-BR\",\"potentialAction\":[{\"@type\":\"ReadAction\",\"target\":[\"https:\\\/\\\/sites.usp.br\\\/menopausando\\\/leituracientifica\\\/\"]}]},{\"@type\":\"BreadcrumbList\",\"@id\":\"https:\\\/\\\/sites.usp.br\\\/menopausando\\\/leituracientifica\\\/#breadcrumb\",\"itemListElement\":[{\"@type\":\"ListItem\",\"position\":1,\"name\":\"In\u00edcio\",\"item\":\"https:\\\/\\\/sites.usp.br\\\/menopausando\\\/\"},{\"@type\":\"ListItem\",\"position\":2,\"name\":\"Leitura Cient\u00edfica\"}]},{\"@type\":\"WebSite\",\"@id\":\"https:\\\/\\\/sites.usp.br\\\/menopausando\\\/#website\",\"url\":\"https:\\\/\\\/sites.usp.br\\\/menopausando\\\/\",\"name\":\"Menopausando\",\"description\":\"Projeto USP Munic\u00edpios\",\"publisher\":{\"@id\":\"https:\\\/\\\/sites.usp.br\\\/menopausando\\\/#organization\"},\"potentialAction\":[{\"@type\":\"SearchAction\",\"target\":{\"@type\":\"EntryPoint\",\"urlTemplate\":\"https:\\\/\\\/sites.usp.br\\\/menopausando\\\/?s={search_term_string}\"},\"query-input\":{\"@type\":\"PropertyValueSpecification\",\"valueRequired\":true,\"valueName\":\"search_term_string\"}}],\"inLanguage\":\"pt-BR\"},{\"@type\":\"Organization\",\"@id\":\"https:\\\/\\\/sites.usp.br\\\/menopausando\\\/#organization\",\"name\":\"Menopausando\",\"url\":\"https:\\\/\\\/sites.usp.br\\\/menopausando\\\/\",\"logo\":{\"@type\":\"ImageObject\",\"inLanguage\":\"pt-BR\",\"@id\":\"https:\\\/\\\/sites.usp.br\\\/menopausando\\\/#\\\/schema\\\/logo\\\/image\\\/\",\"url\":\"https:\\\/\\\/sites.usp.br\\\/menopausando\\\/wp-content\\\/uploads\\\/sites\\\/982\\\/2021\\\/08\\\/logo_menopausando_positivo.png\",\"contentUrl\":\"https:\\\/\\\/sites.usp.br\\\/menopausando\\\/wp-content\\\/uploads\\\/sites\\\/982\\\/2021\\\/08\\\/logo_menopausando_positivo.png\",\"width\":669,\"height\":346,\"caption\":\"Menopausando\"},\"image\":{\"@id\":\"https:\\\/\\\/sites.usp.br\\\/menopausando\\\/#\\\/schema\\\/logo\\\/image\\\/\"}}]}<\/script>\n<!-- \/ Yoast SEO plugin. -->","yoast_head_json":{"title":"Leitura Cient\u00edfica - Menopausando","robots":{"index":"index","follow":"follow","max-snippet":"max-snippet:-1","max-image-preview":"max-image-preview:large","max-video-preview":"max-video-preview:-1"},"canonical":"https:\/\/sites.usp.br\/menopausando\/leituracientifica\/","og_locale":"pt_BR","og_type":"article","og_title":"Leitura Cient\u00edfica - Menopausando","og_description":"LEITURA CIENT\u00cdFICA &#8211; MENOPAUSANDO Dietary intake and menopausal symptoms in postmenopausal women: a systematic review Diagnosis and referral flow in the single health system for climacteric women Female aging Isoflavones in gynecology Dietary intake and menopausal symptoms in postmenopausal women: a systematic review Brazilian National Policy of Comprehensive Women&#8217;s Health Care and mortality during climacteric [&hellip;]","og_url":"https:\/\/sites.usp.br\/menopausando\/leituracientifica\/","og_site_name":"Menopausando","article_modified_time":"2021-12-09T15:51:51+00:00","twitter_card":"summary_large_image","twitter_misc":{"Est. tempo de leitura":"3 minutos"},"schema":{"@context":"https:\/\/schema.org","@graph":[{"@type":"WebPage","@id":"https:\/\/sites.usp.br\/menopausando\/leituracientifica\/","url":"https:\/\/sites.usp.br\/menopausando\/leituracientifica\/","name":"Leitura Cient\u00edfica - Menopausando","isPartOf":{"@id":"https:\/\/sites.usp.br\/menopausando\/#website"},"datePublished":"2021-08-24T19:41:49+00:00","dateModified":"2021-12-09T15:51:51+00:00","breadcrumb":{"@id":"https:\/\/sites.usp.br\/menopausando\/leituracientifica\/#breadcrumb"},"inLanguage":"pt-BR","potentialAction":[{"@type":"ReadAction","target":["https:\/\/sites.usp.br\/menopausando\/leituracientifica\/"]}]},{"@type":"BreadcrumbList","@id":"https:\/\/sites.usp.br\/menopausando\/leituracientifica\/#breadcrumb","itemListElement":[{"@type":"ListItem","position":1,"name":"In\u00edcio","item":"https:\/\/sites.usp.br\/menopausando\/"},{"@type":"ListItem","position":2,"name":"Leitura Cient\u00edfica"}]},{"@type":"WebSite","@id":"https:\/\/sites.usp.br\/menopausando\/#website","url":"https:\/\/sites.usp.br\/menopausando\/","name":"Menopausando","description":"Projeto USP Munic\u00edpios","publisher":{"@id":"https:\/\/sites.usp.br\/menopausando\/#organization"},"potentialAction":[{"@type":"SearchAction","target":{"@type":"EntryPoint","urlTemplate":"https:\/\/sites.usp.br\/menopausando\/?s={search_term_string}"},"query-input":{"@type":"PropertyValueSpecification","valueRequired":true,"valueName":"search_term_string"}}],"inLanguage":"pt-BR"},{"@type":"Organization","@id":"https:\/\/sites.usp.br\/menopausando\/#organization","name":"Menopausando","url":"https:\/\/sites.usp.br\/menopausando\/","logo":{"@type":"ImageObject","inLanguage":"pt-BR","@id":"https:\/\/sites.usp.br\/menopausando\/#\/schema\/logo\/image\/","url":"https:\/\/sites.usp.br\/menopausando\/wp-content\/uploads\/sites\/982\/2021\/08\/logo_menopausando_positivo.png","contentUrl":"https:\/\/sites.usp.br\/menopausando\/wp-content\/uploads\/sites\/982\/2021\/08\/logo_menopausando_positivo.png","width":669,"height":346,"caption":"Menopausando"},"image":{"@id":"https:\/\/sites.usp.br\/menopausando\/#\/schema\/logo\/image\/"}}]}},"_links":{"self":[{"href":"https:\/\/sites.usp.br\/menopausando\/wp-json\/wp\/v2\/pages\/92","targetHints":{"allow":["GET"]}}],"collection":[{"href":"https:\/\/sites.usp.br\/menopausando\/wp-json\/wp\/v2\/pages"}],"about":[{"href":"https:\/\/sites.usp.br\/menopausando\/wp-json\/wp\/v2\/types\/page"}],"author":[{"embeddable":true,"href":"https:\/\/sites.usp.br\/menopausando\/wp-json\/wp\/v2\/users\/22516"}],"replies":[{"embeddable":true,"href":"https:\/\/sites.usp.br\/menopausando\/wp-json\/wp\/v2\/comments?post=92"}],"version-history":[{"count":4,"href":"https:\/\/sites.usp.br\/menopausando\/wp-json\/wp\/v2\/pages\/92\/revisions"}],"predecessor-version":[{"id":701,"href":"https:\/\/sites.usp.br\/menopausando\/wp-json\/wp\/v2\/pages\/92\/revisions\/701"}],"wp:attachment":[{"href":"https:\/\/sites.usp.br\/menopausando\/wp-json\/wp\/v2\/media?parent=92"}],"wp:term":[{"taxonomy":"category","embeddable":true,"href":"https:\/\/sites.usp.br\/menopausando\/wp-json\/wp\/v2\/categories?post=92"},{"taxonomy":"post_tag","embeddable":true,"href":"https:\/\/sites.usp.br\/menopausando\/wp-json\/wp\/v2\/tags?post=92"}],"curies":[{"name":"wp","href":"https:\/\/api.w.org\/{rel}","templated":true}]}}