{"id":147,"date":"2019-05-24T12:11:57","date_gmt":"2019-05-24T14:11:57","guid":{"rendered":"http:\/\/sites.usp.br\/mestrado-profissional-fmusp\/?page_id=147"},"modified":"2021-06-17T10:21:57","modified_gmt":"2021-06-17T12:21:57","slug":"apresentacao","status":"publish","type":"page","link":"https:\/\/sites.usp.br\/mestrado-profissional-terapiaocupacional\/es\/apresentacao\/","title":{"rendered":"Presentaci\u00f3n"},"content":{"rendered":"<p style=\"text-align: justify;\"><span style=\"color: #003366;\">El Programa de Maestr\u00eda Profesional, en Terapia Ocupacional y Procesos de Inclusi\u00f3n Social, tiene como objetivo calificar terapeutas ocupacionales, en nivel de postgraduaci\u00f3n stricto sensu, con competencias t\u00e9cnicas e investigativas para el desarrollo y perfeccionamiento de intervenciones profesionales que auxilien la manutenci\u00f3n, recuperaci\u00f3n o elevaci\u00f3n de los niveles de participaci\u00f3n social de personas con limitaciones permanentes o transitorias y\/o en situaci\u00f3n de vulnerabilidad\/riesgo social.<\/span><\/p>\n<p style=\"text-align: justify;\"><span style=\"color: #003366;\">Se trata, como proyecto de una formaci\u00f3n acad\u00e9mica, de un espacio de estudios y producciones en el cual se asocian la densificaci\u00f3n cr\u00edtica sobre la vida social contempor\u00e1nea con el compromiso de la producci\u00f3n de respuestas consistentes, frente a las necesidades de personas atendidas en terapia ocupacional.<\/span><\/p>","protected":false},"excerpt":{"rendered":"<p>El Programa de Maestr\u00eda Profesional, en Terapia Ocupacional y Procesos de Inclusi\u00f3n Social, tiene como objetivo calificar terapeutas ocupacionales, en nivel de postgraduaci\u00f3n stricto sensu, con competencias t\u00e9cnicas e investigativas para el desarrollo y perfeccionamiento de intervenciones profesionales que auxilien la manutenci\u00f3n, recuperaci\u00f3n o elevaci\u00f3n de los niveles de participaci\u00f3n social de personas con limitaciones [&hellip;]<\/p>\n","protected":false},"author":996,"featured_media":0,"parent":0,"menu_order":2,"comment_status":"closed","ping_status":"closed","template":"","meta":{"_acf_changed":false,"footnotes":"","_links_to":"","_links_to_target":""},"categories":[],"tags":[],"class_list":["post-147","page","type-page","status-publish","hentry"],"acf":[],"_links":{"self":[{"href":"https:\/\/sites.usp.br\/mestrado-profissional-terapiaocupacional\/es\/wp-json\/wp\/v2\/pages\/147","targetHints":{"allow":["GET"]}}],"collection":[{"href":"https:\/\/sites.usp.br\/mestrado-profissional-terapiaocupacional\/es\/wp-json\/wp\/v2\/pages"}],"about":[{"href":"https:\/\/sites.usp.br\/mestrado-profissional-terapiaocupacional\/es\/wp-json\/wp\/v2\/types\/page"}],"author":[{"embeddable":true,"href":"https:\/\/sites.usp.br\/mestrado-profissional-terapiaocupacional\/es\/wp-json\/wp\/v2\/users\/996"}],"replies":[{"embeddable":true,"href":"https:\/\/sites.usp.br\/mestrado-profissional-terapiaocupacional\/es\/wp-json\/wp\/v2\/comments?post=147"}],"version-history":[{"count":4,"href":"https:\/\/sites.usp.br\/mestrado-profissional-terapiaocupacional\/es\/wp-json\/wp\/v2\/pages\/147\/revisions"}],"predecessor-version":[{"id":1238,"href":"https:\/\/sites.usp.br\/mestrado-profissional-terapiaocupacional\/es\/wp-json\/wp\/v2\/pages\/147\/revisions\/1238"}],"wp:attachment":[{"href":"https:\/\/sites.usp.br\/mestrado-profissional-terapiaocupacional\/es\/wp-json\/wp\/v2\/media?parent=147"}],"wp:term":[{"taxonomy":"category","embeddable":true,"href":"https:\/\/sites.usp.br\/mestrado-profissional-terapiaocupacional\/es\/wp-json\/wp\/v2\/categories?post=147"},{"taxonomy":"post_tag","embeddable":true,"href":"https:\/\/sites.usp.br\/mestrado-profissional-terapiaocupacional\/es\/wp-json\/wp\/v2\/tags?post=147"}],"curies":[{"name":"wp","href":"https:\/\/api.w.org\/{rel}","templated":true}]}}