{"id":161,"date":"2019-05-24T12:17:42","date_gmt":"2019-05-24T14:17:42","guid":{"rendered":"http:\/\/sites.usp.br\/mestrado-profissional-fmusp\/?page_id=161"},"modified":"2021-05-14T15:15:37","modified_gmt":"2021-05-14T17:15:37","slug":"sitio-de-interesse","status":"publish","type":"page","link":"https:\/\/sites.usp.br\/mestrado-profissional-terapiaocupacional\/es\/sitio-de-interesse\/","title":{"rendered":"S\u00edtios"},"content":{"rendered":"<a href=\"https:\/\/www5.usp.br\/\"><span style=\"color: #003366;\"><strong>Universidade de S\u00e3o Paulo <\/strong><\/span><\/a><\/p>\n<p><span style=\"color: #003366;\"><strong>\u00a0<\/strong><\/span><span style=\"color: #003366;\"><a style=\"color: #003366;\" href=\"http:\/\/www.fm.usp.br\"><strong>Faculdade de Medicina da USP<\/strong><\/a><\/span><\/p>\n<p><span style=\"color: #003366;\"><strong>\u00a0<\/strong><\/span><span style=\"color: #003366;\"><a style=\"color: #003366;\" href=\"http:\/\/fm.usp.br\/posgrad\"><strong>Servi\u00e7o de P\u00f3s-gradua\u00e7\u00e3o FMUSP <\/strong><\/a><\/span><\/p>\n<p><span style=\"color: #003366;\"><strong>\u00a0<\/strong><\/span><span style=\"color: #003366;\"><a style=\"color: #003366;\" href=\"http:\/\/www2.fm.usp.br\/fofito\/\"><strong>Departamento de Fisioterapia, Fonoaudiologia e Terapia Ocupacional (FOFITO)<\/strong><\/a><\/span><\/p>\n<p>&nbsp;","protected":false},"excerpt":{"rendered":"<p>Universidade de S\u00e3o Paulo \u00a0Faculdade de Medicina da USP \u00a0Servi\u00e7o de P\u00f3s-gradua\u00e7\u00e3o FMUSP \u00a0Departamento de Fisioterapia, Fonoaudiologia e Terapia Ocupacional (FOFITO) &nbsp;<\/p>\n","protected":false},"author":996,"featured_media":0,"parent":0,"menu_order":2,"comment_status":"closed","ping_status":"closed","template":"","meta":{"_acf_changed":false,"footnotes":"","_links_to":"","_links_to_target":""},"categories":[],"tags":[],"class_list":["post-161","page","type-page","status-publish","hentry"],"acf":[],"_links":{"self":[{"href":"https:\/\/sites.usp.br\/mestrado-profissional-terapiaocupacional\/es\/wp-json\/wp\/v2\/pages\/161","targetHints":{"allow":["GET"]}}],"collection":[{"href":"https:\/\/sites.usp.br\/mestrado-profissional-terapiaocupacional\/es\/wp-json\/wp\/v2\/pages"}],"about":[{"href":"https:\/\/sites.usp.br\/mestrado-profissional-terapiaocupacional\/es\/wp-json\/wp\/v2\/types\/page"}],"author":[{"embeddable":true,"href":"https:\/\/sites.usp.br\/mestrado-profissional-terapiaocupacional\/es\/wp-json\/wp\/v2\/users\/996"}],"replies":[{"embeddable":true,"href":"https:\/\/sites.usp.br\/mestrado-profissional-terapiaocupacional\/es\/wp-json\/wp\/v2\/comments?post=161"}],"version-history":[{"count":4,"href":"https:\/\/sites.usp.br\/mestrado-profissional-terapiaocupacional\/es\/wp-json\/wp\/v2\/pages\/161\/revisions"}],"predecessor-version":[{"id":1271,"href":"https:\/\/sites.usp.br\/mestrado-profissional-terapiaocupacional\/es\/wp-json\/wp\/v2\/pages\/161\/revisions\/1271"}],"wp:attachment":[{"href":"https:\/\/sites.usp.br\/mestrado-profissional-terapiaocupacional\/es\/wp-json\/wp\/v2\/media?parent=161"}],"wp:term":[{"taxonomy":"category","embeddable":true,"href":"https:\/\/sites.usp.br\/mestrado-profissional-terapiaocupacional\/es\/wp-json\/wp\/v2\/categories?post=161"},{"taxonomy":"post_tag","embeddable":true,"href":"https:\/\/sites.usp.br\/mestrado-profissional-terapiaocupacional\/es\/wp-json\/wp\/v2\/tags?post=161"}],"curies":[{"name":"wp","href":"https:\/\/api.w.org\/{rel}","templated":true}]}}