{"id":189,"date":"2019-05-24T12:43:51","date_gmt":"2019-05-24T14:43:51","guid":{"rendered":"http:\/\/sites.usp.br\/mestrado-profissional-fmusp\/?page_id=189"},"modified":"2026-01-12T12:27:59","modified_gmt":"2026-01-12T14:27:59","slug":"formularios","status":"publish","type":"page","link":"https:\/\/sites.usp.br\/mestrado-profissional-terapiaocupacional\/es\/formularios\/","title":{"rendered":"Formul\u00e1rios"},"content":{"rendered":"<p style=\"text-align: justify\">FORMUL\u00c1RIO<\/p>\n<p>Todos los formularios que necesitar\u00e1 durante el curso est\u00e1n disponibles a continuaci\u00f3n. Haga clic en los enlaces y desc\u00e1rguelos:<\/p>\n<ol>\n<li><a href=\"https:\/\/sites.usp.br\/mestrado-profissional-terapiaocupacional\/wp-content\/uploads\/sites\/540\/2021\/08\/Afastamento-de-Aluno_MPTO-1.docx\">Permiso de ausencia del estudiante<\/a><\/li>\n<li><a href=\"https:\/\/sites.usp.br\/mestrado-profissional-terapiaocupacional\/wp-content\/uploads\/sites\/540\/2021\/08\/Aproveitamento-de-creditos-cancelamento-de-matricula-em-disciplina-e-desligamento-do-curso_MPTO.docx\">Transferencia de cr\u00e9dito, retiro del curso y retiro del programa<\/a><\/li>\n<li><a href=\"https:\/\/sites.usp.br\/mestrado-profissional-terapiaocupacional\/wp-content\/uploads\/sites\/540\/2023\/11\/Formularios_FORMULARIO-DE-INSCRICAO-ATUAL.docx\">Formulario de inscripci\u00f3n de posgrado<\/a><\/li>\n<li><a href=\"https:\/\/sites.usp.br\/mestrado-profissional-terapiaocupacional\/wp-content\/uploads\/sites\/540\/2023\/07\/CADASTRO-CONVIDADOS-EXTERNO-01junho2023.doc\">Registro de visitantes &#8211; Miembro del comit\u00e9 externo<\/a><\/li>\n<li><a href=\"https:\/\/sites.usp.br\/mestrado-profissional-terapiaocupacional\/wp-content\/uploads\/sites\/540\/2024\/10\/carta_de_anuencia_do_orientador-3.docx\">Carta de consentimiento del asesor<\/a><\/li>\n<li><a href=\"https:\/\/sites.usp.br\/mestrado-profissional-terapiaocupacional\/wp-content\/uploads\/sites\/540\/2019\/06\/Carta-Informativa-Qualifica\u00e7\u00e3o_MPTO.docx\">Carta de informaci\u00f3n del comit\u00e9 de examen de calificaci\u00f3n<\/a><\/li>\n<li><a href=\"https:\/\/sites.usp.br\/mestrado-profissional-terapiaocupacional\/wp-content\/uploads\/sites\/540\/2019\/06\/Composi\u00e7\u00e3o-da-banca-de-qualifica\u00e7\u00e3o_MPTO.docx\">Composici\u00f3n del comit\u00e9 de examen de calificaci\u00f3n<\/a><\/li>\n<li><a href=\"https:\/\/sites.usp.br\/mestrado-profissional-terapiaocupacional\/wp-content\/uploads\/sites\/540\/2019\/06\/Crach\u00e1-HC_MPTO.xls\">Credencial FMUSP\/HC<\/a><\/li>\n<li><a href=\"https:\/\/sites.usp.br\/mestrado-profissional-terapiaocupacional\/wp-content\/uploads\/sites\/540\/2021\/08\/Credito-especial_MPTO.docx\">Cr\u00e9dito especial<\/a><\/li>\n<li><a href=\"https:\/\/sites.usp.br\/mestrado-profissional-terapiaocupacional\/wp-content\/uploads\/sites\/540\/2019\/06\/Dados-da-disserta\u00e7\u00e3o_MPTO.doc\">Datos de la tesis<\/a><\/li>\n<li><a href=\"https:\/\/sites.usp.br\/mestrado-profissional-terapiaocupacional\/wp-content\/uploads\/sites\/540\/2019\/06\/Sugest\u00e3o-de-banca-de-defesaMestrado_MPTO.docx\">Env\u00edo de sugerencia del comit\u00e9 de defensa<\/a><\/li>\n<li><a href=\"https:\/\/sites.usp.br\/mestrado-profissional-terapiaocupacional\/wp-content\/uploads\/sites\/540\/2023\/08\/Composicao-da-banca-de-qualificacao_MPTO-6.docx\">Env\u00edo de sugerencia del comit\u00e9 de calificaci\u00f3n<\/a><\/li>\n<li><a href=\"https:\/\/sites.usp.br\/mestrado-profissional-terapiaocupacional\/wp-content\/uploads\/sites\/540\/2024\/07\/Formularios_Formulario-de-Matricula-Inicial-atualizado_2022-09-01.docx\">Formulario de inscripci\u00f3n del nuevo estudiante en el curso<\/a><\/li>\n<li><a href=\"https:\/\/sites.usp.br\/mestrado-profissional-terapiaocupacional\/wp-content\/uploads\/sites\/540\/2019\/06\/Matr\u00edcula-em-disciplina-via-formul\u00e1rio_MPTO.doc\">Inscripci\u00f3n en curso mediante formulario<\/a><\/li>\n<li><a href=\"https:\/\/sites.usp.br\/mestrado-profissional-terapiaocupacional\/wp-content\/uploads\/sites\/540\/2019\/06\/Mudan\u00e7a-NO-PROJETO-PESQUISA-INICIAL_MPTO.docx\">Cambio en el proyecto de investigaci\u00f3n inicial<\/a><\/li>\n<li><a href=\"https:\/\/sites.usp.br\/mestrado-profissional-terapiaocupacional\/wp-content\/uploads\/sites\/540\/2021\/08\/Mudanca-de-orientador_MPTO.doc\">Cambio de asesor<\/a><\/li>\n<li><a href=\"https:\/\/sites.usp.br\/mestrado-profissional-terapiaocupacional\/wp-content\/uploads\/sites\/540\/2024\/12\/Formularios_Formulario-prorrogacao-de-prazo_2018-04-01.docx\">Solicitud de extensi\u00f3n<\/a><\/li>\n<li><a href=\"https:\/\/sites.usp.br\/mestrado-profissional-terapiaocupacional\/wp-content\/uploads\/sites\/540\/2023\/07\/Regularizacao-de-matricula-semestral_MPTO.docx\">Regularizaci\u00f3n de la inscripci\u00f3n semestral<\/a><\/li>\n<li><a href=\"https:\/\/sites.usp.br\/mestrado-profissional-terapiaocupacional\/wp-content\/uploads\/sites\/540\/2019\/06\/Sugest\u00e3o-de-banca-de-defesaMestrado_MPTO.docx\">Sugerencia del comit\u00e9 de defensa<\/a><\/li>\n<li><a href=\"https:\/\/sites.usp.br\/mestrado-profissional-terapiaocupacional\/wp-content\/uploads\/sites\/540\/2019\/06\/Termo-de-compromisso-Bolsa_MPTO.doc\">Acuerdo de compromiso de la beca<\/a><\/li>\n<li><a href=\"https:\/\/sites.usp.br\/mestrado-profissional-terapiaocupacional\/wp-content\/uploads\/sites\/540\/2019\/06\/Trancamento-ou-Licen\u00e7a-Maternidade_MPTO.doc\">Retiro del curso o licencia por maternidad<\/a><\/li>\n<\/ol>\n<p>&nbsp;","protected":false},"excerpt":{"rendered":"<p>FORMUL\u00c1RIO Todos los formularios que necesitar\u00e1 durante el curso est\u00e1n disponibles a continuaci\u00f3n. Haga clic en los enlaces y desc\u00e1rguelos: Permiso de ausencia del estudiante Transferencia de cr\u00e9dito, retiro del curso y retiro del programa Formulario de inscripci\u00f3n de posgrado Registro de visitantes &#8211; Miembro del comit\u00e9 externo Carta de consentimiento del asesor Carta de [&hellip;]<\/p>\n","protected":false},"author":996,"featured_media":0,"parent":0,"menu_order":2,"comment_status":"closed","ping_status":"closed","template":"","meta":{"_acf_changed":false,"footnotes":"","_links_to":"","_links_to_target":""},"categories":[],"tags":[],"class_list":["post-189","page","type-page","status-publish","hentry"],"acf":[],"_links":{"self":[{"href":"https:\/\/sites.usp.br\/mestrado-profissional-terapiaocupacional\/es\/wp-json\/wp\/v2\/pages\/189","targetHints":{"allow":["GET"]}}],"collection":[{"href":"https:\/\/sites.usp.br\/mestrado-profissional-terapiaocupacional\/es\/wp-json\/wp\/v2\/pages"}],"about":[{"href":"https:\/\/sites.usp.br\/mestrado-profissional-terapiaocupacional\/es\/wp-json\/wp\/v2\/types\/page"}],"author":[{"embeddable":true,"href":"https:\/\/sites.usp.br\/mestrado-profissional-terapiaocupacional\/es\/wp-json\/wp\/v2\/users\/996"}],"replies":[{"embeddable":true,"href":"https:\/\/sites.usp.br\/mestrado-profissional-terapiaocupacional\/es\/wp-json\/wp\/v2\/comments?post=189"}],"version-history":[{"count":4,"href":"https:\/\/sites.usp.br\/mestrado-profissional-terapiaocupacional\/es\/wp-json\/wp\/v2\/pages\/189\/revisions"}],"predecessor-version":[{"id":3964,"href":"https:\/\/sites.usp.br\/mestrado-profissional-terapiaocupacional\/es\/wp-json\/wp\/v2\/pages\/189\/revisions\/3964"}],"wp:attachment":[{"href":"https:\/\/sites.usp.br\/mestrado-profissional-terapiaocupacional\/es\/wp-json\/wp\/v2\/media?parent=189"}],"wp:term":[{"taxonomy":"category","embeddable":true,"href":"https:\/\/sites.usp.br\/mestrado-profissional-terapiaocupacional\/es\/wp-json\/wp\/v2\/categories?post=189"},{"taxonomy":"post_tag","embeddable":true,"href":"https:\/\/sites.usp.br\/mestrado-profissional-terapiaocupacional\/es\/wp-json\/wp\/v2\/tags?post=189"}],"curies":[{"name":"wp","href":"https:\/\/api.w.org\/{rel}","templated":true}]}}