{"id":197,"date":"2019-05-24T12:44:48","date_gmt":"2019-05-24T14:44:48","guid":{"rendered":"http:\/\/sites.usp.br\/mestrado-profissional-fmusp\/?page_id=197"},"modified":"2025-04-30T09:28:13","modified_gmt":"2025-04-30T11:28:13","slug":"bolsista-pae","status":"publish","type":"page","link":"https:\/\/sites.usp.br\/mestrado-profissional-terapiaocupacional\/es\/bolsista-pae\/","title":{"rendered":"Becados PAE"},"content":{"rendered":"<p style=\"text-align: justify;\"><span style=\"color: #003366;\">El Programa de Perfeccionamiento de Ense\u00f1anza (PAE) se destina exclusivamente a los alumnos de postgraduaci\u00f3n matriculados en la Universidad de Sao Paulo, en los cursos de maestr\u00eda y Doctorado. EL PAE CONSISTE DE DOS FASES:<\/span><\/p>\n<ol style=\"text-align: justify;\">\n<li><span style=\"color: #003366;\"><strong>Preparaci\u00f3n Pedag\u00f3gica:<\/strong><\/span><\/li>\n<\/ol>\n<p style=\"text-align: justify;\"><span style=\"color: #003366;\">Un semestre antes de la etapa del PAE, el estudiante debe cursar una asignatura relacionada a la Ense\u00f1anza Superior ministrada en alguna unidad de la USP. A continuaci\u00f3n listamos algunas asignaturas ya refrendadas por la Facultad de Medicina v\u00e1lidas para el PAE del estudiante de la Facultad.<\/span><\/p>\n<ul style=\"list-style-type: circle;\">\n<li><span style=\"color: #003366;\">MCG 5825: Pedagog\u00eda M\u00e9dica y Did\u00e1ctica Especial<\/span><br \/>\n<span style=\"color: #003366;\">\u2022 MPT 5760-3: Preparaci\u00f3n Pedag\u00f3gica<\/span><br \/>\n<span style=\"color: #003366;\">\u2022 BIP 5700: Preparaci\u00f3n Pedag\u00f3gica en Biolog\u00eda<\/span><br \/>\n<span style=\"color: #003366;\">\u2022 EDM 5100: La Formaci\u00f3n del Profesor Universitario<\/span><br \/>\n<span style=\"color: #003366;\">\u2022 EDM 5102: Preparaci\u00f3n Pedag\u00f3gica PAE (4 cr\u00e9ditos)<\/span><br \/>\n<span style=\"color: #003366;\">\u2022 EDM 5791: Metodolog\u00eda de la Ense\u00f1anza Superior<\/span><br \/>\n<span style=\"color: #003366;\">\u2022 EDM 5804: T\u00f3picos de Epistemolog\u00eda y Did\u00e1ctica<\/span><br \/>\n<span style=\"color: #003366;\">\u2022 EFP 5757: Docencia en la Ense\u00f1anza Superior en Educaci\u00f3n F\u00edsica<\/span><br \/>\n<span style=\"color: #003366;\">\u2022 ENC 5883: Pr\u00e1ctica Pedag\u00f3gica en la Ense\u00f1anza Superior<\/span><br \/>\n<span style=\"color: #003366;\">\u2022 ENO 5794: Perspectivas Te\u00f3rico Metodol\u00f3gicas del Proceso Ense\u00f1anza Aprendizaje<\/span><br \/>\n<span style=\"color: #003366;\">\u2022 ERG 5834: Metodolog\u00eda de la Ense\u00f1anza<\/span><br \/>\n<span style=\"color: #003366;\">\u2022 FBA 5728: Perfeccionamiento Did\u00e1ctico<\/span><br \/>\n<span style=\"color: #003366;\">\u2022 5935922: Docencia en la Ense\u00f1anza Superior: Aspectos Did\u00e1cticos y Pedag\u00f3gicos (Ribeirao Preto)<\/span><br \/>\n<span style=\"color: #003366;\">\u2022 5945768: Universidad: Formaci\u00f3n, Ense\u00f1anza y Producci\u00f3n del Conocimiento (Ribeirao Preto)<\/span><\/li>\n<\/ul>\n<ol style=\"text-align: justify;\" start=\"2\">\n<li><span style=\"color: #003366;\"><strong>Pr\u00e1ctica Supervisada en Docencia.<\/strong><\/span><\/li>\n<\/ol>\n<p style=\"text-align: justify;\"><span style=\"color: #003366;\">La Pr\u00e1ctica Supervisada en Docencia ser\u00e1 desarrollada mediante la participaci\u00f3n del alumno en asignaturas obligatorias de graduaci\u00f3n, bajo la supervisi\u00f3n del profesor responsable por las mismas, y no podr\u00e1 exceder 6 (seis) horas semanales. Los participantes del programa, sin v\u00ednculo de empleo con la USP, podr\u00e1n recibir auxilio financiero mensual. Los alumnos en pr\u00e1ctica, excedentes de la cuota de la FMUSP y los funcionarios USP, participar\u00e1n del programa como trabajadores en pr\u00e1ctica voluntarios. El auxilio financiero mensual podr\u00e1 ser concedido como m\u00e1ximo por cuatro semestres para cada alumno, limit\u00e1ndose a un m\u00e1ximo de dos en la Maestr\u00eda. Apenas la etapa de \u201cPr\u00e1ctica Supervisada en Docencia\u201d tiene derecho al auxilio financiero mensual.<\/span><\/p>\n<p style=\"text-align: justify;\">","protected":false},"excerpt":{"rendered":"<p>El Programa de Perfeccionamiento de Ense\u00f1anza (PAE) se destina exclusivamente a los alumnos de postgraduaci\u00f3n matriculados en la Universidad de Sao Paulo, en los cursos de maestr\u00eda y Doctorado. EL PAE CONSISTE DE DOS FASES: Preparaci\u00f3n Pedag\u00f3gica: Un semestre antes de la etapa del PAE, el estudiante debe cursar una asignatura relacionada a la Ense\u00f1anza [&hellip;]<\/p>\n","protected":false},"author":996,"featured_media":0,"parent":0,"menu_order":2,"comment_status":"closed","ping_status":"closed","template":"","meta":{"_acf_changed":false,"footnotes":"","_links_to":"","_links_to_target":""},"categories":[],"tags":[],"class_list":["post-197","page","type-page","status-publish","hentry"],"acf":[],"_links":{"self":[{"href":"https:\/\/sites.usp.br\/mestrado-profissional-terapiaocupacional\/es\/wp-json\/wp\/v2\/pages\/197","targetHints":{"allow":["GET"]}}],"collection":[{"href":"https:\/\/sites.usp.br\/mestrado-profissional-terapiaocupacional\/es\/wp-json\/wp\/v2\/pages"}],"about":[{"href":"https:\/\/sites.usp.br\/mestrado-profissional-terapiaocupacional\/es\/wp-json\/wp\/v2\/types\/page"}],"author":[{"embeddable":true,"href":"https:\/\/sites.usp.br\/mestrado-profissional-terapiaocupacional\/es\/wp-json\/wp\/v2\/users\/996"}],"replies":[{"embeddable":true,"href":"https:\/\/sites.usp.br\/mestrado-profissional-terapiaocupacional\/es\/wp-json\/wp\/v2\/comments?post=197"}],"version-history":[{"count":4,"href":"https:\/\/sites.usp.br\/mestrado-profissional-terapiaocupacional\/es\/wp-json\/wp\/v2\/pages\/197\/revisions"}],"predecessor-version":[{"id":3417,"href":"https:\/\/sites.usp.br\/mestrado-profissional-terapiaocupacional\/es\/wp-json\/wp\/v2\/pages\/197\/revisions\/3417"}],"wp:attachment":[{"href":"https:\/\/sites.usp.br\/mestrado-profissional-terapiaocupacional\/es\/wp-json\/wp\/v2\/media?parent=197"}],"wp:term":[{"taxonomy":"category","embeddable":true,"href":"https:\/\/sites.usp.br\/mestrado-profissional-terapiaocupacional\/es\/wp-json\/wp\/v2\/categories?post=197"},{"taxonomy":"post_tag","embeddable":true,"href":"https:\/\/sites.usp.br\/mestrado-profissional-terapiaocupacional\/es\/wp-json\/wp\/v2\/tags?post=197"}],"curies":[{"name":"wp","href":"https:\/\/api.w.org\/{rel}","templated":true}]}}