{"id":930,"date":"2021-03-31T10:50:34","date_gmt":"2021-03-31T12:50:34","guid":{"rendered":"http:\/\/sites.usp.br\/mestrado-profissional-terapiaocupacional\/?page_id=930"},"modified":"2021-06-10T10:01:23","modified_gmt":"2021-06-10T12:01:23","slug":"metuia","status":"publish","type":"page","link":"https:\/\/sites.usp.br\/mestrado-profissional-terapiaocupacional\/es\/metuia\/","title":{"rendered":"METUIA"},"content":{"rendered":"<p style=\"text-align: justify;\"><strong><span style=\"color: #003366;\">N\u00facleo USP Sao Paulo de la Red Metuia \u2013 Terapia Ocupacional Social \u2013 METUIA<\/span><\/strong><\/p>\n<p style=\"text-align: justify;\"><span style=\"color: #003366;\"><strong>Objetivos:<\/strong><\/span><\/p>\n<p style=\"text-align: justify;\"><span style=\"color: #003366;\">Tiene por objetivo la producci\u00f3n de conocimientos en tem\u00e1ticas que integran\u00a0 el universo de los problemas sobre los cuales opera la terapia ocupacional social. En ese sentido, desarrolla investigaciones acerca de las dimensiones socioculturales y de interrelaci\u00f3n de las desigualdades sociales y sus conexiones con el trabajo de la terapia ocupacional social.\u00a0 Comprende el estudio de pol\u00edticas sociales y programas que objetivan la reducci\u00f3n de las vulnerabilidades sociales, as\u00ed como de otras formas colectivas de resistencia y enfrentamiento de condiciones que envuelven violaci\u00f3n de derechos, discriminaciones, violencias y opresiones que inciden sobre ni\u00f1os, adolescentes, j\u00f3venes y adultos.<\/span><\/p>\n<p style=\"text-align: justify;\"><span style=\"color: #003366;\">Desde el inicio de sus actividades, en 1998, el laboratorio ha buscado aumentar la comprensi\u00f3n e intervenir sobre\u00a0 procesos de disoluci\u00f3n\/formaci\u00f3n de redes sociales de soporte, con especial inter\u00e9s en sus contornos en la vida cotidiana y en el \u00e1mbito socio territorial.<\/span><\/p>\n<p style=\"text-align: justify;\"><span style=\"color: #003366;\">Adem\u00e1s, busca producir repercusiones en las bases y aplicaciones te\u00f3rico metodol\u00f3gicas de la terapia ocupacional en el \u00e1mbito del trabajo social comprometido con la universalizaci\u00f3n y el ejercicio de derechos, en particular el derecho a la participaci\u00f3n y convivencia social. Siendo as\u00ed, comprende estudios que tambi\u00e9n buscan promover la ampliaci\u00f3n de la calidad de las pr\u00e1cticas de terapia ocupacional social, desarrolladas en \u00e1reas como la asistencia social, la cultura y la educaci\u00f3n, en estrecha correlaci\u00f3n con las demandas manifestadas por los usuarios de servicios o proyectos que en esas \u00e1reas son desarrollados, tales como ni\u00f1os y adolescentes que tienen sus derechos a la protecci\u00f3n social violados o en riesgo, personas sin techo, inmigrantes, comunidades en situaci\u00f3n de vulnerabilidad, personas discriminadas por g\u00e9nero, sexualidad, clase social y\/o racial y \u00e9tnica, entre otros segmentos que encuentran barreras sociales interpuestas para su inclusi\u00f3n en la principales corrientes de la vida social.<\/span><\/p>\n<p style=\"text-align: justify;\"><span style=\"color: #003366;\"><strong>Participantes:<\/strong><\/span><\/p>\n<ul style=\"text-align: justify;\">\n<li><span style=\"color: #003366;\">Terapeuta Ocupacional: Carla Regina Silva Soares<\/span><\/li>\n<li><span style=\"color: #003366;\">Estudiantes de graduaci\u00f3n y postgraduaci\u00f3n<\/span><\/li>\n<\/ul>\n<p style=\"text-align: justify;\"><span style=\"color: #003366;\"><strong>Contactos:<\/strong><\/span><\/p>\n<ul>\n<li style=\"text-align: justify;\"><span style=\"color: #003366;\">Prof\u00aa Dra. Denise Dias Barros : <a style=\"color: #003366;\" href=\"mailto:yadene@yahoo.com.br\">yadene@yahoo.com.br<\/a><\/span><\/li>\n<li><span style=\"color: #003366; text-align: justify;\">Prof\u00aa Dra. Marta Carvalho de Almeida: mcarmei@usp.br<\/span><\/li>\n<li><span style=\"color: #003366;\"><span style=\"color: #003366;\">Terapeuta Ocupacional &#8211; Carla Regina Silva Soares: <a style=\"color: #003366;\" href=\"mailto:carla-soares@usp.br\">carla-soares@usp.br<\/a><\/span><\/span><\/li>\n<\/ul>\n<p><span style=\"color: #003366;\"><strong>Plataforma Youtube:<\/strong><\/span><\/p>\n<p><span style=\"color: #993300;\">Rede Metuia \u2013 Terapia Ocupacional Social:<\/span> <span style=\"color: #993300;\"><strong><a style=\"color: #993300;\" href=\"https:\/\/www.youtube.com\/channel\/UCWbZitGH9Kg_uS1tNxxEcGg\">CLIC AQU\u00cd<\/a><\/strong><\/span><\/p>\n<p><span style=\"color: #003366;\"><strong>Grupo de Investigaci\u00f3n del CNPQ:<a href=\"http:\/\/dgp.cnpq.br\/dgp\/espelhogrupo\/4035638918881622\"> <span style=\"color: #993300;\">CLIC AQU\u00cd<\/span><\/a><\/strong><\/span><\/p>\n<p><span style=\"font-size: 10pt;\"><strong><span style=\"color: #003366;\">ACTUALIZACI\u00d3N: 08 DE JUNIO DE 2021<\/span><\/strong><\/span>","protected":false},"excerpt":{"rendered":"<p>N\u00facleo USP Sao Paulo de la Red Metuia \u2013 Terapia Ocupacional Social \u2013 METUIA Objetivos: Tiene por objetivo la producci\u00f3n de conocimientos en tem\u00e1ticas que integran\u00a0 el universo de los problemas sobre los cuales opera la terapia ocupacional social. En ese sentido, desarrolla investigaciones acerca de las dimensiones socioculturales y de interrelaci\u00f3n de las desigualdades [&hellip;]<\/p>\n","protected":false},"author":1034,"featured_media":0,"parent":0,"menu_order":0,"comment_status":"closed","ping_status":"closed","template":"","meta":{"_acf_changed":false,"footnotes":"","_links_to":"","_links_to_target":""},"categories":[],"tags":[],"class_list":["post-930","page","type-page","status-publish","hentry"],"acf":[],"_links":{"self":[{"href":"https:\/\/sites.usp.br\/mestrado-profissional-terapiaocupacional\/es\/wp-json\/wp\/v2\/pages\/930","targetHints":{"allow":["GET"]}}],"collection":[{"href":"https:\/\/sites.usp.br\/mestrado-profissional-terapiaocupacional\/es\/wp-json\/wp\/v2\/pages"}],"about":[{"href":"https:\/\/sites.usp.br\/mestrado-profissional-terapiaocupacional\/es\/wp-json\/wp\/v2\/types\/page"}],"author":[{"embeddable":true,"href":"https:\/\/sites.usp.br\/mestrado-profissional-terapiaocupacional\/es\/wp-json\/wp\/v2\/users\/1034"}],"replies":[{"embeddable":true,"href":"https:\/\/sites.usp.br\/mestrado-profissional-terapiaocupacional\/es\/wp-json\/wp\/v2\/comments?post=930"}],"version-history":[{"count":4,"href":"https:\/\/sites.usp.br\/mestrado-profissional-terapiaocupacional\/es\/wp-json\/wp\/v2\/pages\/930\/revisions"}],"predecessor-version":[{"id":1349,"href":"https:\/\/sites.usp.br\/mestrado-profissional-terapiaocupacional\/es\/wp-json\/wp\/v2\/pages\/930\/revisions\/1349"}],"wp:attachment":[{"href":"https:\/\/sites.usp.br\/mestrado-profissional-terapiaocupacional\/es\/wp-json\/wp\/v2\/media?parent=930"}],"wp:term":[{"taxonomy":"category","embeddable":true,"href":"https:\/\/sites.usp.br\/mestrado-profissional-terapiaocupacional\/es\/wp-json\/wp\/v2\/categories?post=930"},{"taxonomy":"post_tag","embeddable":true,"href":"https:\/\/sites.usp.br\/mestrado-profissional-terapiaocupacional\/es\/wp-json\/wp\/v2\/tags?post=930"}],"curies":[{"name":"wp","href":"https:\/\/api.w.org\/{rel}","templated":true}]}}