{"id":2071,"date":"2023-03-21T16:33:15","date_gmt":"2023-03-21T18:33:15","guid":{"rendered":"https:\/\/sites.usp.br\/mestrado-profissional-terapiaocupacional\/?page_id=2071"},"modified":"2023-03-22T11:05:57","modified_gmt":"2023-03-22T13:05:57","slug":"eventos-de-2022","status":"publish","type":"page","link":"https:\/\/sites.usp.br\/mestrado-profissional-terapiaocupacional\/eventos-de-2022\/","title":{"rendered":"Eventos de 2022"},"content":{"rendered":"<div><span style=\"color: #003366; font-size: 18pt;\"><strong>Evento do MPTO &#8211; Confer\u00eancia da Prof.\u00a0<span class=\"il\">Gail<\/span> Teachman (PhD) Western University.<\/strong><\/span><\/div>\n<div style=\"text-align: justify;\"><strong><span style=\"color: #003366;\"><span style=\"font-family: arial black, sans-serif;\">Confer\u00eancia e debate &#8220;Reconhecendo a voz de crian\u00e7as e jovens na pesquisa em Terapia Ocupacional&#8221; com a professora\u00a0<span class=\"il\">Gail<\/span>\u00a0Teachman (PhD) da School of Occupational Therapy, Western University, Canad\u00e1<\/span><\/span><\/strong><\/div>\n<div style=\"text-align: justify;\"><\/div>\n<div style=\"text-align: justify;\"><span style=\"color: #003366;\">A confer\u00eancia, organizada por docentes e estudantes do Mestrado Profissional Terapia Ocupacional e Processos de Inclus\u00e3o Social,\u00a0 busca aprofundar o debate sobre a participa\u00e7\u00e3o de crian\u00e7as e jovens nas pesquisas em Terapia Ocupacional e ser\u00e1 ministrada pela professora\u00a0\u00a0<b><span class=\"il\">Gail<\/span>\u00a0Teachman\u00a0<\/b>(PhD), da School of Occupational Therapy, Western University, Canad\u00e1, que aceitou o convite do nosso Programa de P\u00f3s-Gradua\u00e7\u00e3o.\u00a0\u00a0<\/span><\/div>\n<div>\n<div style=\"text-align: justify;\"><\/div>\n<div style=\"text-align: justify;\"><span style=\"color: #003366;\">Contaremos com tradu\u00e7\u00e3o consecutiva.<\/span><\/div>\n<\/div>\n<div><\/div>\n<div>\n<div style=\"text-align: justify;\"><span style=\"color: #003366;\">O evento acontecer\u00e1 no dia\u00a0<b>08\/11\/2022<\/b>\u00a0\u00e0s\u00a0<b>17h30<\/b> na Faculdade de Medicina da Universidade de S\u00e3o Paulo.<\/span><\/div>\n<\/div>\n<div><\/div>\n<div><\/div>\n<div><\/div>\n<div>\n<div style=\"text-align: justify;\"><span style=\"color: #003366;\">Endere\u00e7o: Avenida Doutor Arnaldo, 455<\/span><\/div>\n<div style=\"text-align: justify;\"><\/div>\n<div style=\"text-align: justify;\"><span style=\"color: #003366;\">Sala 4104 &#8211; 4\u00ba andar<\/span><\/div>\n<div style=\"text-align: justify;\"><\/div>\n<div style=\"text-align: justify;\"><span style=\"color: #003366;\">Inscri\u00e7\u00f5es at\u00e9 dia\u00a0<b><u>28\/10\/22<\/u><\/b>pelo link:<\/span><\/div>\n<div style=\"text-align: justify;\"><span style=\"color: #003366;\"><a style=\"color: #003366;\" href=\"https:\/\/forms.gle\/VJxL3nk1t3jxfEGe9\" target=\"_blank\" rel=\"noopener noreferrer\" data-saferedirecturl=\"https:\/\/www.google.com\/url?q=https:\/\/forms.gle\/VJxL3nk1t3jxfEGe9&amp;source=gmail&amp;ust=1679575566357000&amp;usg=AOvVaw0tKpcKVSsDoj3SZ2Z9y3Aq\">https:\/\/forms.gle\/<wbr \/>VJxL3nk1t3jxfEGe9<\/a><\/span><\/div>\n<\/div>\n<div><\/div>\n<div><\/div>\n<div><\/div>\n<div><\/div>\n<div><\/div>\n<div><\/div>\n<div><\/div>\n<div><strong><span style=\"color: #003366;\">Atualizado em 22.03.2023.<\/span><\/strong><\/div>","protected":false},"excerpt":{"rendered":"<p>Evento do MPTO &#8211; Confer\u00eancia da Prof.\u00a0Gail Teachman (PhD) Western University. Confer\u00eancia e debate &#8220;Reconhecendo a voz de crian\u00e7as e jovens na pesquisa em Terapia Ocupacional&#8221; com a professora\u00a0Gail\u00a0Teachman (PhD) da School of Occupational Therapy, Western University, Canad\u00e1 A confer\u00eancia, organizada por docentes e estudantes do Mestrado Profissional Terapia Ocupacional e Processos de Inclus\u00e3o Social,\u00a0 [&hellip;]<\/p>\n","protected":false},"author":1034,"featured_media":0,"parent":0,"menu_order":0,"comment_status":"closed","ping_status":"closed","template":"","meta":{"_acf_changed":false,"footnotes":"","_links_to":"","_links_to_target":""},"categories":[],"tags":[],"class_list":["post-2071","page","type-page","status-publish","hentry"],"acf":[],"_links":{"self":[{"href":"https:\/\/sites.usp.br\/mestrado-profissional-terapiaocupacional\/wp-json\/wp\/v2\/pages\/2071","targetHints":{"allow":["GET"]}}],"collection":[{"href":"https:\/\/sites.usp.br\/mestrado-profissional-terapiaocupacional\/wp-json\/wp\/v2\/pages"}],"about":[{"href":"https:\/\/sites.usp.br\/mestrado-profissional-terapiaocupacional\/wp-json\/wp\/v2\/types\/page"}],"author":[{"embeddable":true,"href":"https:\/\/sites.usp.br\/mestrado-profissional-terapiaocupacional\/wp-json\/wp\/v2\/users\/1034"}],"replies":[{"embeddable":true,"href":"https:\/\/sites.usp.br\/mestrado-profissional-terapiaocupacional\/wp-json\/wp\/v2\/comments?post=2071"}],"version-history":[{"count":4,"href":"https:\/\/sites.usp.br\/mestrado-profissional-terapiaocupacional\/wp-json\/wp\/v2\/pages\/2071\/revisions"}],"predecessor-version":[{"id":2094,"href":"https:\/\/sites.usp.br\/mestrado-profissional-terapiaocupacional\/wp-json\/wp\/v2\/pages\/2071\/revisions\/2094"}],"wp:attachment":[{"href":"https:\/\/sites.usp.br\/mestrado-profissional-terapiaocupacional\/wp-json\/wp\/v2\/media?parent=2071"}],"wp:term":[{"taxonomy":"category","embeddable":true,"href":"https:\/\/sites.usp.br\/mestrado-profissional-terapiaocupacional\/wp-json\/wp\/v2\/categories?post=2071"},{"taxonomy":"post_tag","embeddable":true,"href":"https:\/\/sites.usp.br\/mestrado-profissional-terapiaocupacional\/wp-json\/wp\/v2\/tags?post=2071"}],"curies":[{"name":"wp","href":"https:\/\/api.w.org\/{rel}","templated":true}]}}