{"id":2970,"date":"2025-02-04T12:27:27","date_gmt":"2025-02-04T14:27:27","guid":{"rendered":"https:\/\/sites.usp.br\/mestrado-profissional-terapiaocupacional\/?page_id=2970"},"modified":"2025-03-21T16:31:59","modified_gmt":"2025-03-21T18:31:59","slug":"ii-seminario-de-pesquisa-mpto-usp-alimentar-as-praticas-e-nutrir-as-producoes","status":"publish","type":"page","link":"https:\/\/sites.usp.br\/mestrado-profissional-terapiaocupacional\/ii-seminario-de-pesquisa-mpto-usp-alimentar-as-praticas-e-nutrir-as-producoes\/","title":{"rendered":"II Semin\u00e1rio de Pesquisa MPTO-USP: Alimentar as pr\u00e1ticas e nutrir as produ\u00e7\u00f5es"},"content":{"rendered":"<span style=\"color: #003366;\"><strong>II Semin\u00e1rio de Pesquisa MPTO-USP: Alimentar as pr\u00e1ticas e nutrir as produ\u00e7\u00f5es<\/strong><\/span><\/p>\n<p><span style=\"color: #003366;\"><strong>Programa\u00e7\u00e3o<\/strong>\u00a0<strong>\u2013<\/strong><\/span><strong>\u00a0<\/strong><a href=\"https:\/\/sites.usp.br\/mestrado-profissional-terapiaocupacional\/wp-content\/uploads\/sites\/540\/2025\/02\/Programa-Final-II-Seminario-MPTO-2024-2.pdf\"><span style=\"color: #993300;\"><strong>CLIQUE AQUI<\/strong><\/span><\/a><\/p>\n<p><span style=\"color: #003366;\"><strong>Anais<\/strong>\u00a0<strong>\u2013<\/strong><\/span><strong>\u00a0<\/strong><a href=\"https:\/\/sites.usp.br\/mestrado-profissional-terapiaocupacional\/wp-content\/uploads\/sites\/540\/2025\/02\/Anais-seminario-de-pesquisa-MPTO-2024-sumario-revisado-4.pdf\"><span style=\"color: #993300;\"><strong>CLIQUE AQUI<\/strong><\/span><\/a><\/p>\n<p><span style=\"color: #993300;\"><span style=\"color: #003366;\"><strong>Fotos \u2013<\/strong><\/span>\u00a0<strong>CLIQUE AQUI<\/strong><\/span><\/p>\n<p>&nbsp;<\/p>\n<p><span style=\"color: #003366;\"><strong>ATUALIZADO EM\u00a0 15 DE MAR\u00c7O DE 2025<\/strong><\/span>","protected":false},"excerpt":{"rendered":"<p>II Semin\u00e1rio de Pesquisa MPTO-USP: Alimentar as pr\u00e1ticas e nutrir as produ\u00e7\u00f5es Programa\u00e7\u00e3o\u00a0\u2013\u00a0CLIQUE AQUI Anais\u00a0\u2013\u00a0CLIQUE AQUI Fotos \u2013\u00a0CLIQUE AQUI &nbsp; ATUALIZADO EM\u00a0 15 DE MAR\u00c7O DE 2025<\/p>\n","protected":false},"author":1034,"featured_media":0,"parent":0,"menu_order":0,"comment_status":"closed","ping_status":"closed","template":"","meta":{"_acf_changed":false,"footnotes":"","_links_to":"","_links_to_target":""},"categories":[],"tags":[],"class_list":["post-2970","page","type-page","status-publish","hentry"],"acf":[],"_links":{"self":[{"href":"https:\/\/sites.usp.br\/mestrado-profissional-terapiaocupacional\/wp-json\/wp\/v2\/pages\/2970","targetHints":{"allow":["GET"]}}],"collection":[{"href":"https:\/\/sites.usp.br\/mestrado-profissional-terapiaocupacional\/wp-json\/wp\/v2\/pages"}],"about":[{"href":"https:\/\/sites.usp.br\/mestrado-profissional-terapiaocupacional\/wp-json\/wp\/v2\/types\/page"}],"author":[{"embeddable":true,"href":"https:\/\/sites.usp.br\/mestrado-profissional-terapiaocupacional\/wp-json\/wp\/v2\/users\/1034"}],"replies":[{"embeddable":true,"href":"https:\/\/sites.usp.br\/mestrado-profissional-terapiaocupacional\/wp-json\/wp\/v2\/comments?post=2970"}],"version-history":[{"count":4,"href":"https:\/\/sites.usp.br\/mestrado-profissional-terapiaocupacional\/wp-json\/wp\/v2\/pages\/2970\/revisions"}],"predecessor-version":[{"id":3160,"href":"https:\/\/sites.usp.br\/mestrado-profissional-terapiaocupacional\/wp-json\/wp\/v2\/pages\/2970\/revisions\/3160"}],"wp:attachment":[{"href":"https:\/\/sites.usp.br\/mestrado-profissional-terapiaocupacional\/wp-json\/wp\/v2\/media?parent=2970"}],"wp:term":[{"taxonomy":"category","embeddable":true,"href":"https:\/\/sites.usp.br\/mestrado-profissional-terapiaocupacional\/wp-json\/wp\/v2\/categories?post=2970"},{"taxonomy":"post_tag","embeddable":true,"href":"https:\/\/sites.usp.br\/mestrado-profissional-terapiaocupacional\/wp-json\/wp\/v2\/tags?post=2970"}],"curies":[{"name":"wp","href":"https:\/\/api.w.org\/{rel}","templated":true}]}}