{"id":63,"date":"2023-07-30T22:46:13","date_gmt":"2023-07-31T01:46:13","guid":{"rendered":"https:\/\/sites.usp.br\/metamorfose\/?page_id=63"},"modified":"2025-10-21T18:48:26","modified_gmt":"2025-10-21T21:48:26","slug":"fale-conosco","status":"publish","type":"page","link":"https:\/\/sites.usp.br\/metamorfose\/fale-conosco\/","title":{"rendered":"FALE CONOSCO"},"content":{"rendered":"\t\t<div data-elementor-type=\"wp-page\" data-elementor-id=\"63\" class=\"elementor elementor-63\" data-elementor-post-type=\"page\">\n\t\t\t\t<div class=\"elementor-element elementor-element-5919500 e-flex e-con-boxed e-con e-parent\" data-id=\"5919500\" data-element_type=\"container\" data-settings=\"{&quot;background_background&quot;:&quot;classic&quot;,&quot;background_motion_fx_motion_fx_mouse&quot;:&quot;yes&quot;,&quot;background_motion_fx_mouseTrack_effect&quot;:&quot;yes&quot;,&quot;background_motion_fx_mouseTrack_speed&quot;:{&quot;unit&quot;:&quot;px&quot;,&quot;size&quot;:1,&quot;sizes&quot;:[]}}\">\n\t\t\t\t\t<div class=\"e-con-inner\">\n\t\t\t\t<div class=\"elementor-element elementor-element-f66b062 elementor-widget elementor-widget-heading\" data-id=\"f66b062\" data-element_type=\"widget\" data-widget_type=\"heading.default\">\n\t\t\t\t<div class=\"elementor-widget-container\">\n\t\t\t<h2 class=\"elementor-heading-title elementor-size-default\">FALE CONOSCO<\/h2>\t\t<\/div>\n\t\t\t\t<\/div>\n\t\t\t\t<div class=\"elementor-element elementor-element-e6c8a29 elementor-widget elementor-widget-image\" data-id=\"e6c8a29\" data-element_type=\"widget\" data-widget_type=\"image.default\">\n\t\t\t\t<div class=\"elementor-widget-container\">\n\t\t\t\t\t\t\t\t\t\t\t\t\t<img decoding=\"async\" width=\"150\" height=\"150\" src=\"https:\/\/sites.usp.br\/metamorfose\/wp-content\/uploads\/sites\/1327\/2023\/07\/cropped-Design_sem_nome__1_-removebg-1-150x150.png\" class=\"attachment-thumbnail size-thumbnail wp-image-125\" alt=\"\" srcset=\"https:\/\/sites.usp.br\/metamorfose\/wp-content\/uploads\/sites\/1327\/2023\/07\/cropped-Design_sem_nome__1_-removebg-1-150x150.png 150w, https:\/\/sites.usp.br\/metamorfose\/wp-content\/uploads\/sites\/1327\/2023\/07\/cropped-Design_sem_nome__1_-removebg-1-300x300.png 300w, https:\/\/sites.usp.br\/metamorfose\/wp-content\/uploads\/sites\/1327\/2023\/07\/cropped-Design_sem_nome__1_-removebg-1-45x45.png 45w, https:\/\/sites.usp.br\/metamorfose\/wp-content\/uploads\/sites\/1327\/2023\/07\/cropped-Design_sem_nome__1_-removebg-1-270x270.png 270w, https:\/\/sites.usp.br\/metamorfose\/wp-content\/uploads\/sites\/1327\/2023\/07\/cropped-Design_sem_nome__1_-removebg-1-192x192.png 192w, https:\/\/sites.usp.br\/metamorfose\/wp-content\/uploads\/sites\/1327\/2023\/07\/cropped-Design_sem_nome__1_-removebg-1-180x180.png 180w, https:\/\/sites.usp.br\/metamorfose\/wp-content\/uploads\/sites\/1327\/2023\/07\/cropped-Design_sem_nome__1_-removebg-1-32x32.png 32w, https:\/\/sites.usp.br\/metamorfose\/wp-content\/uploads\/sites\/1327\/2023\/07\/elementor\/thumbs\/cropped-Design_sem_nome__1_-removebg-1-qa8s8e8g2qcqzl0cs9871geiiyk2dr3sfrsngxiwa0.png 100w, https:\/\/sites.usp.br\/metamorfose\/wp-content\/uploads\/sites\/1327\/2023\/07\/elementor\/thumbs\/cropped-Design_sem_nome__1_-removebg-1-qa8s8e8frrnn32yx6j0eifox9mi5ptauytncxkwl9q.png 75w, https:\/\/sites.usp.br\/metamorfose\/wp-content\/uploads\/sites\/1327\/2023\/07\/cropped-Design_sem_nome__1_-removebg-1.png 512w\" sizes=\"(max-width: 150px) 100vw, 150px\" \/>\t\t\t\t\t\t\t\t\t\t\t\t\t<\/div>\n\t\t\t\t<\/div>\n\t\t\t\t\t<\/div>\n\t\t\t\t<\/div>\n\t\t<div class=\"elementor-element elementor-element-11fb5c3 e-flex e-con-boxed e-con e-parent\" data-id=\"11fb5c3\" data-element_type=\"container\" data-settings=\"{&quot;background_background&quot;:&quot;classic&quot;}\">\n\t\t\t\t\t<div class=\"e-con-inner\">\n\t\t\t\t<div class=\"elementor-element elementor-element-25c5362 elementor-widget elementor-widget-heading\" data-id=\"25c5362\" data-element_type=\"widget\" data-widget_type=\"heading.default\">\n\t\t\t\t<div class=\"elementor-widget-container\">\n\t\t\t<h2 class=\"elementor-heading-title elementor-size-default\">FALE CONOSCO<\/h2>\t\t<\/div>\n\t\t\t\t<\/div>\n\t\t\t\t<div class=\"elementor-element elementor-element-82e109d elementor-widget-mobile__width-initial elementor-widget__width-initial elementor-widget elementor-widget-text-editor\" data-id=\"82e109d\" data-element_type=\"widget\" data-widget_type=\"text-editor.default\">\n\t\t\t\t<div class=\"elementor-widget-container\">\n\t\t\t\t\t\t\t<p data-start=\"258\" data-end=\"398\">O <strong data-start=\"260\" data-end=\"291\">Metamorfose: Direito &amp; Arte<\/strong> \u00e9 um espa\u00e7o de di\u00e1logo,\u00a0 e o di\u00e1logo s\u00f3 existe quando h\u00e1 mais de uma voz. Por isso, queremos ouvir voc\u00ea.<\/p><p data-start=\"400\" data-end=\"689\">Se quiser conversar conosco sobre parcerias, atividades, d\u00favidas ou outras quest\u00f5es mais <strong data-start=\"489\" data-end=\"500\">formais<\/strong>, este \u00e9 o canal certo!<br data-start=\"523\" data-end=\"526\" \/>Mas se o que voc\u00ea deseja \u00e9 <strong data-start=\"553\" data-end=\"601\">compartilhar impress\u00f5es, emo\u00e7\u00f5es e reflex\u00f5es<\/strong> sobre nossas a\u00e7\u00f5es, te convidamos a usar os espa\u00e7os pensados especialmente para isso:<\/p><p data-start=\"691\" data-end=\"985\">\ud83d\udcacPara enviar <strong data-start=\"706\" data-end=\"739\">feedbacks sobre as atividades<\/strong> do Metamorfose, acesse o <strong><a class=\"decorated-link\" href=\"https:\/\/forms.gle\/253QtwpuUnTHWA6AA\" target=\"_new\" rel=\"noopener\" data-start=\"765\" data-end=\"830\">Formul\u00e1rio de Feedback<\/a><\/strong>.<br data-start=\"831\" data-end=\"834\" \/>\ud83d\udd8b\ufe0fPara <strong data-start=\"843\" data-end=\"921\">compartilhar textos, ensaios, percep\u00e7\u00f5es e vozes que dialoguem com o grupo<\/strong>, envie pelo <a class=\"decorated-link\" href=\"https:\/\/forms.gle\/C9zYLmBbkoFoWen96\" target=\"_new\" rel=\"noopener\" data-start=\"934\" data-end=\"982\"><strong data-start=\"935\" data-end=\"944\">Vozes<\/strong><\/a>.<\/p><p data-start=\"987\" data-end=\"1165\">O envio por aqui \u00e9 totalmente <strong data-start=\"1017\" data-end=\"1029\">opcional<\/strong>,\u00a0 mas se preferir, pode nos escrever diretamente por este formul\u00e1rio.<br data-start=\"1099\" data-end=\"1102\" \/>O importante \u00e9 continuar a metamorfose das ideias, juntos. \ud83e\udd8b<\/p>\t\t\t\t\t\t<\/div>\n\t\t\t\t<\/div>\n\t\t\t\t\t<\/div>\n\t\t\t\t<\/div>\n\t\t<div class=\"elementor-element elementor-element-bb30d36 e-flex e-con-boxed e-con e-parent\" data-id=\"bb30d36\" data-element_type=\"container\">\n\t\t\t\t\t<div class=\"e-con-inner\">\n\t\t\t\t<div class=\"elementor-element elementor-element-4530f1c elementor-widget elementor-widget-heading\" data-id=\"4530f1c\" data-element_type=\"widget\" data-widget_type=\"heading.default\">\n\t\t\t\t<div class=\"elementor-widget-container\">\n\t\t\t<h3 class=\"elementor-heading-title elementor-size-default\">FORMUL\u00c1RIO<\/h3>\t\t<\/div>\n\t\t\t\t<\/div>\n\t\t\t\t<div class=\"elementor-element elementor-element-bfe8fbe elementor-widget-tablet_extra__width-initial elementor-button-align-stretch elementor-widget elementor-widget-form\" data-id=\"bfe8fbe\" data-element_type=\"widget\" data-settings=\"{&quot;step_next_label&quot;:&quot;Next&quot;,&quot;step_previous_label&quot;:&quot;Previous&quot;,&quot;button_width&quot;:&quot;100&quot;,&quot;step_type&quot;:&quot;number_text&quot;,&quot;step_icon_shape&quot;:&quot;circle&quot;}\" data-widget_type=\"form.default\">\n\t\t\t\t<div class=\"elementor-widget-container\">\n\t\t\t\t\t<form class=\"elementor-form\" method=\"post\" name=\"FALE CONOSCO\">\n\t\t\t<input type=\"hidden\" name=\"post_id\" value=\"63\"\/>\n\t\t\t<input type=\"hidden\" name=\"form_id\" value=\"bfe8fbe\"\/>\n\t\t\t<input type=\"hidden\" name=\"referer_title\" value=\"Metamorfose &#8211; Direito &amp; Literatura\" \/>\n\n\t\t\t\n\t\t\t<div class=\"elementor-form-fields-wrapper elementor-labels-\">\n\t\t\t\t\t\t\t\t<div class=\"elementor-field-type-text elementor-field-group elementor-column elementor-field-group-nome elementor-col-100\">\n\t\t\t\t\t\t\t\t\t\t\t\t<label for=\"form-field-nome\" class=\"elementor-field-label elementor-screen-only\">\n\t\t\t\t\t\t\t\tNOME\t\t\t\t\t\t\t<\/label>\n\t\t\t\t\t\t\t\t\t\t\t\t\t\t<input size=\"1\" type=\"text\" name=\"form_fields[nome]\" id=\"form-field-nome\" class=\"elementor-field elementor-size-md  elementor-field-textual\" placeholder=\"Nome\">\n\t\t\t\t\t\t\t\t\t\t\t<\/div>\n\t\t\t\t\t\t\t\t<div class=\"elementor-field-type-email elementor-field-group elementor-column elementor-field-group-email elementor-col-100 elementor-field-required\">\n\t\t\t\t\t\t\t\t\t\t\t\t<label for=\"form-field-email\" class=\"elementor-field-label elementor-screen-only\">\n\t\t\t\t\t\t\t\tE-MAIL\t\t\t\t\t\t\t<\/label>\n\t\t\t\t\t\t\t\t\t\t\t\t\t\t<input size=\"1\" type=\"email\" name=\"form_fields[email]\" id=\"form-field-email\" class=\"elementor-field elementor-size-md  elementor-field-textual\" placeholder=\"Email\" required=\"required\" aria-required=\"true\">\n\t\t\t\t\t\t\t\t\t\t\t<\/div>\n\t\t\t\t\t\t\t\t<div class=\"elementor-field-type-textarea elementor-field-group elementor-column elementor-field-group-messagem elementor-col-100\">\n\t\t\t\t\t\t\t\t\t\t\t\t<label for=\"form-field-messagem\" class=\"elementor-field-label elementor-screen-only\">\n\t\t\t\t\t\t\t\tMENSAGEM\t\t\t\t\t\t\t<\/label>\n\t\t\t\t\t\t<textarea class=\"elementor-field-textual elementor-field  elementor-size-md\" name=\"form_fields[messagem]\" id=\"form-field-messagem\" rows=\"4\" placeholder=\"Mensagem\"><\/textarea>\t\t\t\t<\/div>\n\t\t\t\t\t\t\t\t<div class=\"elementor-field-group elementor-column elementor-field-type-submit elementor-col-100 e-form__buttons\">\n\t\t\t\t\t<button class=\"elementor-button elementor-size-lg elementor-animation-grow\" type=\"submit\">\n\t\t\t\t\t\t<span class=\"elementor-button-content-wrapper\">\n\t\t\t\t\t\t\t\t\t\t\t\t\t\t\t\t\t\t\t\t\t\t<span class=\"elementor-button-text\">Enviar<\/span>\n\t\t\t\t\t\t\t\t\t\t\t\t\t<\/span>\n\t\t\t\t\t<\/button>\n\t\t\t\t<\/div>\n\t\t\t<\/div>\n\t\t<\/form>\n\t\t\t\t<\/div>\n\t\t\t\t<\/div>\n\t\t\t\t\t<\/div>\n\t\t\t\t<\/div>\n\t\t<div class=\"elementor-element elementor-element-9f81d38 e-flex e-con-boxed e-con e-parent\" data-id=\"9f81d38\" data-element_type=\"container\">\n\t\t\t\t\t<div class=\"e-con-inner\">\n\t\t\t\t<div class=\"elementor-element elementor-element-80258f0 elementor-widget elementor-widget-heading\" data-id=\"80258f0\" data-element_type=\"widget\" data-widget_type=\"heading.default\">\n\t\t\t\t<div class=\"elementor-widget-container\">\n\t\t\t<h2 class=\"elementor-heading-title elementor-size-default\">Tamb\u00e9m acesse<\/h2>\t\t<\/div>\n\t\t\t\t<\/div>\n\t\t\t\t<div class=\"elementor-element elementor-element-3210143 elementor-icon-list--layout-traditional elementor-list-item-link-full_width elementor-widget elementor-widget-icon-list\" data-id=\"3210143\" data-element_type=\"widget\" data-widget_type=\"icon-list.default\">\n\t\t\t\t<div class=\"elementor-widget-container\">\n\t\t\t\t\t<ul class=\"elementor-icon-list-items\">\n\t\t\t\t\t\t\t<li class=\"elementor-icon-list-item\">\n\t\t\t\t\t\t\t\t\t\t\t<a href=\"https:\/\/www.instagram.com\/metamorfose.usp\/\">\n\n\t\t\t\t\t\t\t\t\t\t\t\t<span class=\"elementor-icon-list-icon\">\n\t\t\t\t\t\t\t<i aria-hidden=\"true\" class=\"fab fa-instagram\"><\/i>\t\t\t\t\t\t<\/span>\n\t\t\t\t\t\t\t\t\t\t<span class=\"elementor-icon-list-text\"> metamorfose.usp<\/span>\n\t\t\t\t\t\t\t\t\t\t\t<\/a>\n\t\t\t\t\t\t\t\t\t<\/li>\n\t\t\t\t\t\t<\/ul>\n\t\t\t\t<\/div>\n\t\t\t\t<\/div>\n\t\t\t\t<div class=\"elementor-element elementor-element-0405106 elementor-widget-mobile__width-initial elementor-widget__width-initial elementor-widget elementor-widget-text-editor\" data-id=\"0405106\" data-element_type=\"widget\" data-widget_type=\"text-editor.default\">\n\t\t\t\t<div class=\"elementor-widget-container\">\n\t\t\t\t\t\t\t<p data-start=\"647\" data-end=\"1005\">Nosso <a class=\"decorated-link\" href=\"https:\/\/www.instagram.com\/metamorfose.usp\/\" target=\"_new\" rel=\"noopener\" data-start=\"207\" data-end=\"265\"><strong data-start=\"208\" data-end=\"221\">Instagram<\/strong><\/a> tamb\u00e9m \u00e9 um <b>ponto de encontro<\/b>: por l\u00e1, voc\u00ea pode nos acompanhar, participar das conversas e at\u00e9 mandar uma mensagem direta (DM) para um <strong data-start=\"403\" data-end=\"431\">bate-papo mais tranquilo<\/strong> sobre o grupo, nossos projetos e curiosidades.<\/p>\t\t\t\t\t\t<\/div>\n\t\t\t\t<\/div>\n\t\t\t\t\t<\/div>\n\t\t\t\t<\/div>\n\t\t\t\t<\/div>\n\t\t","protected":false},"excerpt":{"rendered":"<p>FALE CONOSCO FALE CONOSCO O Metamorfose: Direito &amp; Arte \u00e9 um espa\u00e7o de di\u00e1logo,\u00a0 e o di\u00e1logo s\u00f3 existe quando h\u00e1 mais de uma voz. Por isso, queremos ouvir voc\u00ea. Se quiser conversar conosco sobre parcerias, atividades, d\u00favidas ou outras quest\u00f5es mais formais, este \u00e9 o canal certo!Mas se o que voc\u00ea deseja \u00e9 compartilhar [&hellip;]<\/p>\n","protected":false},"author":23719,"featured_media":0,"parent":0,"menu_order":0,"comment_status":"closed","ping_status":"closed","template":"elementor_header_footer","meta":{"footnotes":"","_links_to":"","_links_to_target":""},"class_list":["post-63","page","type-page","status-publish","hentry"],"yoast_head":"<!-- This site is optimized with the Yoast SEO plugin v27.3 - https:\/\/yoast.com\/product\/yoast-seo-wordpress\/ -->\n<title>FALE CONOSCO - Metamorfose - Direito &amp; Literatura<\/title>\n<meta name=\"robots\" content=\"index, follow, max-snippet:-1, max-image-preview:large, max-video-preview:-1\" \/>\n<link rel=\"canonical\" href=\"https:\/\/sites.usp.br\/metamorfose\/fale-conosco\/\" \/>\n<meta property=\"og:locale\" content=\"pt_BR\" \/>\n<meta property=\"og:type\" content=\"article\" \/>\n<meta property=\"og:title\" content=\"FALE CONOSCO - Metamorfose - Direito &amp; Literatura\" \/>\n<meta property=\"og:description\" content=\"FALE CONOSCO FALE CONOSCO O Metamorfose: Direito &amp; Arte \u00e9 um espa\u00e7o de di\u00e1logo,\u00a0 e o di\u00e1logo s\u00f3 existe quando h\u00e1 mais de uma voz. Por isso, queremos ouvir voc\u00ea. Se quiser conversar conosco sobre parcerias, atividades, d\u00favidas ou outras quest\u00f5es mais formais, este \u00e9 o canal certo!Mas se o que voc\u00ea deseja \u00e9 compartilhar [&hellip;]\" \/>\n<meta property=\"og:url\" content=\"https:\/\/sites.usp.br\/metamorfose\/fale-conosco\/\" \/>\n<meta property=\"og:site_name\" content=\"Metamorfose - Direito &amp; Literatura\" \/>\n<meta property=\"article:modified_time\" content=\"2025-10-21T21:48:26+00:00\" \/>\n<meta property=\"og:image\" content=\"https:\/\/sites.usp.br\/metamorfose\/wp-content\/uploads\/sites\/1327\/2023\/07\/cropped-Design_sem_nome__1_-removebg-1.png\" \/>\n\t<meta property=\"og:image:width\" content=\"512\" \/>\n\t<meta property=\"og:image:height\" content=\"512\" \/>\n\t<meta property=\"og:image:type\" content=\"image\/png\" \/>\n<meta name=\"twitter:card\" content=\"summary_large_image\" \/>\n<meta name=\"twitter:label1\" content=\"Est. tempo de leitura\" \/>\n\t<meta name=\"twitter:data1\" content=\"2 minutos\" \/>\n<script type=\"application\/ld+json\" class=\"yoast-schema-graph\">{\"@context\":\"https:\\\/\\\/schema.org\",\"@graph\":[{\"@type\":\"WebPage\",\"@id\":\"https:\\\/\\\/sites.usp.br\\\/metamorfose\\\/fale-conosco\\\/\",\"url\":\"https:\\\/\\\/sites.usp.br\\\/metamorfose\\\/fale-conosco\\\/\",\"name\":\"FALE CONOSCO - Metamorfose - Direito &amp; Literatura\",\"isPartOf\":{\"@id\":\"https:\\\/\\\/sites.usp.br\\\/metamorfose\\\/#website\"},\"primaryImageOfPage\":{\"@id\":\"https:\\\/\\\/sites.usp.br\\\/metamorfose\\\/fale-conosco\\\/#primaryimage\"},\"image\":{\"@id\":\"https:\\\/\\\/sites.usp.br\\\/metamorfose\\\/fale-conosco\\\/#primaryimage\"},\"thumbnailUrl\":\"https:\\\/\\\/sites.usp.br\\\/metamorfose\\\/wp-content\\\/uploads\\\/sites\\\/1327\\\/2023\\\/07\\\/cropped-Design_sem_nome__1_-removebg-1-150x150.png\",\"datePublished\":\"2023-07-31T01:46:13+00:00\",\"dateModified\":\"2025-10-21T21:48:26+00:00\",\"breadcrumb\":{\"@id\":\"https:\\\/\\\/sites.usp.br\\\/metamorfose\\\/fale-conosco\\\/#breadcrumb\"},\"inLanguage\":\"pt-BR\",\"potentialAction\":[{\"@type\":\"ReadAction\",\"target\":[\"https:\\\/\\\/sites.usp.br\\\/metamorfose\\\/fale-conosco\\\/\"]}]},{\"@type\":\"ImageObject\",\"inLanguage\":\"pt-BR\",\"@id\":\"https:\\\/\\\/sites.usp.br\\\/metamorfose\\\/fale-conosco\\\/#primaryimage\",\"url\":\"https:\\\/\\\/sites.usp.br\\\/metamorfose\\\/wp-content\\\/uploads\\\/sites\\\/1327\\\/2023\\\/07\\\/cropped-Design_sem_nome__1_-removebg-1.png\",\"contentUrl\":\"https:\\\/\\\/sites.usp.br\\\/metamorfose\\\/wp-content\\\/uploads\\\/sites\\\/1327\\\/2023\\\/07\\\/cropped-Design_sem_nome__1_-removebg-1.png\",\"width\":512,\"height\":512},{\"@type\":\"BreadcrumbList\",\"@id\":\"https:\\\/\\\/sites.usp.br\\\/metamorfose\\\/fale-conosco\\\/#breadcrumb\",\"itemListElement\":[{\"@type\":\"ListItem\",\"position\":1,\"name\":\"In\u00edcio\",\"item\":\"https:\\\/\\\/sites.usp.br\\\/metamorfose\\\/\"},{\"@type\":\"ListItem\",\"position\":2,\"name\":\"FALE CONOSCO\"}]},{\"@type\":\"WebSite\",\"@id\":\"https:\\\/\\\/sites.usp.br\\\/metamorfose\\\/#website\",\"url\":\"https:\\\/\\\/sites.usp.br\\\/metamorfose\\\/\",\"name\":\"Metamorfose - Direito &amp; Literatura\",\"description\":\"Grupo de Estudos em Direito e Literatura Metamorfose da Faculdade de Direito de Ribeir\u00e3o Preto da Universidade de S\u00e3o Paulo\",\"potentialAction\":[{\"@type\":\"SearchAction\",\"target\":{\"@type\":\"EntryPoint\",\"urlTemplate\":\"https:\\\/\\\/sites.usp.br\\\/metamorfose\\\/?s={search_term_string}\"},\"query-input\":{\"@type\":\"PropertyValueSpecification\",\"valueRequired\":true,\"valueName\":\"search_term_string\"}}],\"inLanguage\":\"pt-BR\"}]}<\/script>\n<!-- \/ Yoast SEO plugin. -->","yoast_head_json":{"title":"FALE CONOSCO - Metamorfose - Direito &amp; Literatura","robots":{"index":"index","follow":"follow","max-snippet":"max-snippet:-1","max-image-preview":"max-image-preview:large","max-video-preview":"max-video-preview:-1"},"canonical":"https:\/\/sites.usp.br\/metamorfose\/fale-conosco\/","og_locale":"pt_BR","og_type":"article","og_title":"FALE CONOSCO - Metamorfose - Direito &amp; Literatura","og_description":"FALE CONOSCO FALE CONOSCO O Metamorfose: Direito &amp; Arte \u00e9 um espa\u00e7o de di\u00e1logo,\u00a0 e o di\u00e1logo s\u00f3 existe quando h\u00e1 mais de uma voz. Por isso, queremos ouvir voc\u00ea. Se quiser conversar conosco sobre parcerias, atividades, d\u00favidas ou outras quest\u00f5es mais formais, este \u00e9 o canal certo!Mas se o que voc\u00ea deseja \u00e9 compartilhar [&hellip;]","og_url":"https:\/\/sites.usp.br\/metamorfose\/fale-conosco\/","og_site_name":"Metamorfose - Direito &amp; Literatura","article_modified_time":"2025-10-21T21:48:26+00:00","og_image":[{"width":512,"height":512,"url":"https:\/\/sites.usp.br\/metamorfose\/wp-content\/uploads\/sites\/1327\/2023\/07\/cropped-Design_sem_nome__1_-removebg-1.png","type":"image\/png"}],"twitter_card":"summary_large_image","twitter_misc":{"Est. tempo de leitura":"2 minutos"},"schema":{"@context":"https:\/\/schema.org","@graph":[{"@type":"WebPage","@id":"https:\/\/sites.usp.br\/metamorfose\/fale-conosco\/","url":"https:\/\/sites.usp.br\/metamorfose\/fale-conosco\/","name":"FALE CONOSCO - Metamorfose - Direito &amp; Literatura","isPartOf":{"@id":"https:\/\/sites.usp.br\/metamorfose\/#website"},"primaryImageOfPage":{"@id":"https:\/\/sites.usp.br\/metamorfose\/fale-conosco\/#primaryimage"},"image":{"@id":"https:\/\/sites.usp.br\/metamorfose\/fale-conosco\/#primaryimage"},"thumbnailUrl":"https:\/\/sites.usp.br\/metamorfose\/wp-content\/uploads\/sites\/1327\/2023\/07\/cropped-Design_sem_nome__1_-removebg-1-150x150.png","datePublished":"2023-07-31T01:46:13+00:00","dateModified":"2025-10-21T21:48:26+00:00","breadcrumb":{"@id":"https:\/\/sites.usp.br\/metamorfose\/fale-conosco\/#breadcrumb"},"inLanguage":"pt-BR","potentialAction":[{"@type":"ReadAction","target":["https:\/\/sites.usp.br\/metamorfose\/fale-conosco\/"]}]},{"@type":"ImageObject","inLanguage":"pt-BR","@id":"https:\/\/sites.usp.br\/metamorfose\/fale-conosco\/#primaryimage","url":"https:\/\/sites.usp.br\/metamorfose\/wp-content\/uploads\/sites\/1327\/2023\/07\/cropped-Design_sem_nome__1_-removebg-1.png","contentUrl":"https:\/\/sites.usp.br\/metamorfose\/wp-content\/uploads\/sites\/1327\/2023\/07\/cropped-Design_sem_nome__1_-removebg-1.png","width":512,"height":512},{"@type":"BreadcrumbList","@id":"https:\/\/sites.usp.br\/metamorfose\/fale-conosco\/#breadcrumb","itemListElement":[{"@type":"ListItem","position":1,"name":"In\u00edcio","item":"https:\/\/sites.usp.br\/metamorfose\/"},{"@type":"ListItem","position":2,"name":"FALE CONOSCO"}]},{"@type":"WebSite","@id":"https:\/\/sites.usp.br\/metamorfose\/#website","url":"https:\/\/sites.usp.br\/metamorfose\/","name":"Metamorfose - Direito &amp; Literatura","description":"Grupo de Estudos em Direito e Literatura Metamorfose da Faculdade de Direito de Ribeir\u00e3o Preto da Universidade de S\u00e3o Paulo","potentialAction":[{"@type":"SearchAction","target":{"@type":"EntryPoint","urlTemplate":"https:\/\/sites.usp.br\/metamorfose\/?s={search_term_string}"},"query-input":{"@type":"PropertyValueSpecification","valueRequired":true,"valueName":"search_term_string"}}],"inLanguage":"pt-BR"}]}},"_links":{"self":[{"href":"https:\/\/sites.usp.br\/metamorfose\/wp-json\/wp\/v2\/pages\/63","targetHints":{"allow":["GET"]}}],"collection":[{"href":"https:\/\/sites.usp.br\/metamorfose\/wp-json\/wp\/v2\/pages"}],"about":[{"href":"https:\/\/sites.usp.br\/metamorfose\/wp-json\/wp\/v2\/types\/page"}],"author":[{"embeddable":true,"href":"https:\/\/sites.usp.br\/metamorfose\/wp-json\/wp\/v2\/users\/23719"}],"replies":[{"embeddable":true,"href":"https:\/\/sites.usp.br\/metamorfose\/wp-json\/wp\/v2\/comments?post=63"}],"version-history":[{"count":4,"href":"https:\/\/sites.usp.br\/metamorfose\/wp-json\/wp\/v2\/pages\/63\/revisions"}],"predecessor-version":[{"id":3244,"href":"https:\/\/sites.usp.br\/metamorfose\/wp-json\/wp\/v2\/pages\/63\/revisions\/3244"}],"wp:attachment":[{"href":"https:\/\/sites.usp.br\/metamorfose\/wp-json\/wp\/v2\/media?parent=63"}],"curies":[{"name":"wp","href":"https:\/\/api.w.org\/{rel}","templated":true}]}}