{"id":1280,"date":"2025-07-22T11:39:39","date_gmt":"2025-07-22T14:39:39","guid":{"rendered":"https:\/\/sites.usp.br\/mic\/?page_id=1280"},"modified":"2025-12-12T15:58:06","modified_gmt":"2025-12-12T18:58:06","slug":"home","status":"publish","type":"page","link":"https:\/\/sites.usp.br\/mic\/","title":{"rendered":"Home"},"content":{"rendered":"\t\t<div data-elementor-type=\"wp-post\" data-elementor-id=\"1280\" class=\"elementor elementor-1280\" data-elementor-post-type=\"page\">\n\t\t\t\t\t\t<section class=\"elementor-section elementor-top-section elementor-element elementor-element-db99b6d elementor-section-boxed elementor-section-height-default elementor-section-height-default\" data-id=\"db99b6d\" data-element_type=\"section\">\n\t\t\t\t\t\t<div class=\"elementor-container elementor-column-gap-default\">\n\t\t\t\t\t<div class=\"elementor-column elementor-col-20 elementor-top-column elementor-element elementor-element-09d4fb6\" data-id=\"09d4fb6\" data-element_type=\"column\">\n\t\t\t<div class=\"elementor-widget-wrap\">\n\t\t\t\t\t\t\t<\/div>\n\t\t<\/div>\n\t\t\t\t<div class=\"elementor-column elementor-col-20 elementor-top-column elementor-element elementor-element-7e4470f\" data-id=\"7e4470f\" data-element_type=\"column\">\n\t\t\t<div class=\"elementor-widget-wrap\">\n\t\t\t\t\t\t\t<\/div>\n\t\t<\/div>\n\t\t\t\t<div class=\"elementor-column elementor-col-20 elementor-top-column elementor-element elementor-element-6ca957c\" data-id=\"6ca957c\" data-element_type=\"column\">\n\t\t\t<div class=\"elementor-widget-wrap\">\n\t\t\t\t\t\t\t<\/div>\n\t\t<\/div>\n\t\t\t\t<div class=\"elementor-column elementor-col-20 elementor-top-column elementor-element elementor-element-02c7928\" data-id=\"02c7928\" data-element_type=\"column\">\n\t\t\t<div class=\"elementor-widget-wrap elementor-element-populated\">\n\t\t\t\t\t\t<div class=\"elementor-element elementor-element-4d9bc59 elementor-button-warning elementor-widget elementor-widget-button\" data-id=\"4d9bc59\" data-element_type=\"widget\" data-widget_type=\"button.default\">\n\t\t\t\t<div class=\"elementor-widget-container\">\n\t\t\t\t\t\t\t<div class=\"elementor-button-wrapper\">\n\t\t\t\t\t<a class=\"elementor-button elementor-button-link elementor-size-sm\" href=\"https:\/\/multibmc01.grafana.net\/public-dashboards\/8ab605786c1849c0b55447ad3373f818?from=now-24h&#038;to=now&#038;timezone=browser&#038;refresh=30s\" target=\"_blank\">\n\t\t\t\t\t\t<span class=\"elementor-button-content-wrapper\">\n\t\t\t\t\t\t<span class=\"elementor-button-icon\">\n\t\t\t\t<i aria-hidden=\"true\" class=\"fas fa-chart-line\"><\/i>\t\t\t<\/span>\n\t\t\t\t\t\t\t\t\t<span class=\"elementor-button-text\">Monitoramento online MultiSens<\/span>\n\t\t\t\t\t<\/span>\n\t\t\t\t\t<\/a>\n\t\t\t\t<\/div>\n\t\t\t\t\t\t<\/div>\n\t\t\t\t<\/div>\n\t\t\t\t\t<\/div>\n\t\t<\/div>\n\t\t\t\t<div class=\"elementor-column elementor-col-20 elementor-top-column elementor-element elementor-element-8f93bdb\" data-id=\"8f93bdb\" data-element_type=\"column\">\n\t\t\t<div class=\"elementor-widget-wrap elementor-element-populated\">\n\t\t\t\t\t\t<div class=\"elementor-element elementor-element-e8e273e elementor-widget__width-initial elementor-widget elementor-widget-button\" data-id=\"e8e273e\" data-element_type=\"widget\" data-widget_type=\"button.default\">\n\t\t\t\t<div class=\"elementor-widget-container\">\n\t\t\t\t\t\t\t<div class=\"elementor-button-wrapper\">\n\t\t\t\t\t<a class=\"elementor-button elementor-button-link elementor-size-sm\" href=\"https:\/\/multibmc.atlassian.net\/servicedesk\/customer\/portals\" target=\"_blank\">\n\t\t\t\t\t\t<span class=\"elementor-button-content-wrapper\">\n\t\t\t\t\t\t<span class=\"elementor-button-icon\">\n\t\t\t\t<i aria-hidden=\"true\" class=\"fas fa-code-branch\"><\/i>\t\t\t<\/span>\n\t\t\t\t\t\t\t\t\t<span class=\"elementor-button-text\">Central de Ajuda e Chamados T\u00e9cnicos<\/span>\n\t\t\t\t\t<\/span>\n\t\t\t\t\t<\/a>\n\t\t\t\t<\/div>\n\t\t\t\t\t\t<\/div>\n\t\t\t\t<\/div>\n\t\t\t\t\t<\/div>\n\t\t<\/div>\n\t\t\t\t\t<\/div>\n\t\t<\/section>\n\t\t\t\t<section class=\"elementor-section elementor-top-section elementor-element elementor-element-b3c9af6 elementor-section-boxed elementor-section-height-default elementor-section-height-default\" data-id=\"b3c9af6\" data-element_type=\"section\">\n\t\t\t\t\t\t<div class=\"elementor-container elementor-column-gap-default\">\n\t\t\t\t\t<div class=\"elementor-column elementor-col-100 elementor-top-column elementor-element elementor-element-ccba735\" data-id=\"ccba735\" data-element_type=\"column\">\n\t\t\t<div class=\"elementor-widget-wrap elementor-element-populated\">\n\t\t\t\t\t\t<div class=\"elementor-element elementor-element-37a5126 elementor--h-position-center elementor--v-position-middle elementor-arrows-position-inside elementor-pagination-position-inside elementor-widget elementor-widget-slides\" data-id=\"37a5126\" data-element_type=\"widget\" data-settings=\"{&quot;navigation&quot;:&quot;both&quot;,&quot;autoplay&quot;:&quot;yes&quot;,&quot;pause_on_hover&quot;:&quot;yes&quot;,&quot;pause_on_interaction&quot;:&quot;yes&quot;,&quot;autoplay_speed&quot;:5000,&quot;infinite&quot;:&quot;yes&quot;,&quot;transition&quot;:&quot;slide&quot;,&quot;transition_speed&quot;:500}\" data-widget_type=\"slides.default\">\n\t\t\t\t<div class=\"elementor-widget-container\">\n\t\t\t\t\t<div class=\"elementor-swiper\">\n\t\t\t<div class=\"elementor-slides-wrapper elementor-main-swiper swiper\" dir=\"ltr\" data-animation=\"fadeInUp\">\n\t\t\t\t<div class=\"swiper-wrapper elementor-slides\">\n\t\t\t\t\t\t\t\t\t\t<div class=\"elementor-repeater-item-9ecfa09 swiper-slide\"><div class=\"swiper-slide-bg\" role=\"img\"><\/div><div class=\"elementor-background-overlay\"><\/div><a class=\"swiper-slide-inner\" href=\"https:\/\/sites.usp.br\/mic\/instrumentacao\/\"><div class=\"swiper-slide-contents\"><div class=\"elementor-slide-heading\">Desenvolvimento de Instrumenta\u00e7\u00e3o Cient\u00edfica<\/div><div class=\"elementor-slide-description\">Solu\u00e7\u00f5es criativas ao seu alcance<\/div><div  class=\"elementor-button elementor-slide-button elementor-size-sm\">Clique Aqui<\/div><\/div><\/a><\/div><div class=\"elementor-repeater-item-54d5f2a swiper-slide\"><div class=\"swiper-slide-bg\" role=\"img\"><\/div><div class=\"elementor-background-overlay\"><\/div><a class=\"swiper-slide-inner\" href=\"https:\/\/multibmc.atlassian.net\/servicedesk\/customer\/portals\"><div class=\"swiper-slide-contents\"><div class=\"elementor-slide-heading\">Portal de Servi\u00e7os MIC<\/div><div class=\"elementor-slide-description\">Visite nosso portal de solicita\u00e7\u00f5es!<\/div><div  class=\"elementor-button elementor-slide-button elementor-size-sm\">Clique aqui<\/div><\/div><\/a><\/div><div class=\"elementor-repeater-item-25c8c78 swiper-slide\"><div class=\"swiper-slide-bg\" role=\"img\"><\/div><div class=\"elementor-background-overlay\"><\/div><a class=\"swiper-slide-inner\" href=\"https:\/\/sites.usp.br\/mic\/instrumentacao\/\"><div class=\"swiper-slide-contents\"><div class=\"elementor-slide-heading\">Impress\u00e3o de pe\u00e7as <\/div><div class=\"elementor-slide-description\">Servi\u00e7o de impress\u00e3o 3D do projeto \u00e0 instala\u00e7\u00e3o.<\/div><div  class=\"elementor-button elementor-slide-button elementor-size-sm\">Clique aqui<\/div><\/div><\/a><\/div><div class=\"elementor-repeater-item-1627da2 swiper-slide\"><div class=\"swiper-slide-bg\" role=\"img\"><\/div><div class=\"elementor-background-overlay\"><\/div><a class=\"swiper-slide-inner\" href=\"https:\/\/multibmc01.grafana.net\/public-dashboards\/8ab605786c1849c0b55447ad3373f818?from=now-24h&#038;to=now&#038;timezone=browser&#038;refresh=30s\"><div class=\"swiper-slide-contents\"><div class=\"elementor-slide-heading\">MultiSens<\/div><div class=\"elementor-slide-description\">Monitoramento em tempo real de par\u00e2metros ambentais e de equipamentos.<\/div><div  class=\"elementor-button elementor-slide-button elementor-size-sm\">Clique aqui<\/div><\/div><\/a><\/div>\t\t\t\t<\/div>\n\t\t\t\t\t\t\t\t\t\t\t\t\t\t\t<div class=\"swiper-pagination\"><\/div>\n\t\t\t\t\t\t\t\t\t\t\t\t\t\t\t\t<div class=\"elementor-swiper-button elementor-swiper-button-prev\" role=\"button\" tabindex=\"0\">\n\t\t\t\t\t\t\t<i aria-hidden=\"true\" class=\"eicon-chevron-left\"><\/i>\t\t\t\t\t\t\t<span class=\"elementor-screen-only\">Previous slide<\/span>\n\t\t\t\t\t\t<\/div>\n\t\t\t\t\t\t<div class=\"elementor-swiper-button elementor-swiper-button-next\" role=\"button\" tabindex=\"0\">\n\t\t\t\t\t\t\t<i aria-hidden=\"true\" class=\"eicon-chevron-right\"><\/i>\t\t\t\t\t\t\t<span class=\"elementor-screen-only\">Next slide<\/span>\n\t\t\t\t\t\t<\/div>\n\t\t\t\t\t\t\t\t\t\t\t\t<\/div>\n\t\t<\/div>\n\t\t\t\t<\/div>\n\t\t\t\t<\/div>\n\t\t\t\t<div class=\"elementor-element elementor-element-c999eb8 elementor-widget-divider--view-line elementor-widget elementor-widget-divider\" data-id=\"c999eb8\" data-element_type=\"widget\" data-widget_type=\"divider.default\">\n\t\t\t\t<div class=\"elementor-widget-container\">\n\t\t\t\t\t<div class=\"elementor-divider\">\n\t\t\t<span class=\"elementor-divider-separator\">\n\t\t\t\t\t\t<\/span>\n\t\t<\/div>\n\t\t\t\t<\/div>\n\t\t\t\t<\/div>\n\t\t\t\t\t<\/div>\n\t\t<\/div>\n\t\t\t\t\t<\/div>\n\t\t<\/section>\n\t\t\t\t<section class=\"elementor-section elementor-top-section elementor-element elementor-element-1b3e7d8 elementor-section-boxed elementor-section-height-default elementor-section-height-default\" data-id=\"1b3e7d8\" data-element_type=\"section\">\n\t\t\t\t\t\t<div class=\"elementor-container elementor-column-gap-default\">\n\t\t\t\t\t<div class=\"elementor-column elementor-col-33 elementor-top-column elementor-element elementor-element-bd9166d\" data-id=\"bd9166d\" data-element_type=\"column\">\n\t\t\t<div class=\"elementor-widget-wrap elementor-element-populated\">\n\t\t\t\t\t\t<div class=\"elementor-element elementor-element-2bc76c3 elementor-widget__width-initial elementor-widget elementor-widget-text-editor\" data-id=\"2bc76c3\" data-element_type=\"widget\" data-widget_type=\"text-editor.default\">\n\t\t\t\t<div class=\"elementor-widget-container\">\n\t\t\t\t\t\t\t<p><a href=\"https:\/\/sites.usp.br\/mic\/wp-content\/uploads\/sites\/1693\/2025\/06\/cropped-cropped-viewavatar_512-1-e1752544961794-1-e1753152598537.png\"><img decoding=\"async\" class=\"wp-image-1182 alignleft\" src=\"https:\/\/sites.usp.br\/mic\/wp-content\/uploads\/sites\/1693\/2025\/06\/cropped-cropped-viewavatar_512-1-e1752544961794-1-150x150.png\" alt=\"MIC - Setor de Manuten\u00e7\u00e3o e Instrumenta\u00e7\u00e3o Cient\u00edfica\" width=\"52\" height=\"52\" srcset=\"https:\/\/sites.usp.br\/mic\/wp-content\/uploads\/sites\/1693\/2025\/06\/cropped-cropped-viewavatar_512-1-e1752544961794-1-150x150.png 150w, https:\/\/sites.usp.br\/mic\/wp-content\/uploads\/sites\/1693\/2025\/06\/cropped-cropped-viewavatar_512-1-e1752544961794-1-300x300.png 300w, https:\/\/sites.usp.br\/mic\/wp-content\/uploads\/sites\/1693\/2025\/06\/cropped-cropped-viewavatar_512-1-e1752544961794-1-45x45.png 45w, https:\/\/sites.usp.br\/mic\/wp-content\/uploads\/sites\/1693\/2025\/06\/cropped-cropped-viewavatar_512-1-e1752544961794-1-270x270.png 270w, https:\/\/sites.usp.br\/mic\/wp-content\/uploads\/sites\/1693\/2025\/06\/cropped-cropped-viewavatar_512-1-e1752544961794-1-192x192.png 192w, https:\/\/sites.usp.br\/mic\/wp-content\/uploads\/sites\/1693\/2025\/06\/cropped-cropped-viewavatar_512-1-e1752544961794-1-180x180.png 180w, https:\/\/sites.usp.br\/mic\/wp-content\/uploads\/sites\/1693\/2025\/06\/cropped-cropped-viewavatar_512-1-e1752544961794-1-32x32.png 32w, https:\/\/sites.usp.br\/mic\/wp-content\/uploads\/sites\/1693\/2025\/06\/cropped-cropped-viewavatar_512-1-e1752544961794-1-e1753152598537.png 50w\" sizes=\"(max-width: 52px) 100vw, 52px\" \/><\/a><\/p>\n<p><em><strong>&nbsp; &nbsp; &nbsp; &nbsp; &nbsp; &nbsp; &nbsp; &nbsp; &nbsp; &nbsp; &nbsp; &nbsp; &nbsp; &nbsp; &nbsp; &nbsp; &nbsp; &nbsp; &nbsp; &nbsp; &nbsp; &nbsp; &nbsp; MIC &#8211; Setor de Manuten\u00e7\u00e3o e Instrumenta\u00e7\u00e3o Cient\u00edfica&nbsp;<\/strong><\/em><\/p>\t\t\t\t\t\t<\/div>\n\t\t\t\t<\/div>\n\t\t\t\t<div class=\"elementor-element elementor-element-afcc746 elementor-widget__width-initial elementor-widget elementor-widget-text-editor\" data-id=\"afcc746\" data-element_type=\"widget\" data-widget_type=\"text-editor.default\">\n\t\t\t\t<div class=\"elementor-widget-container\">\n\t\t\t\t\t\t\t<p>Av. Prof. Lineu Prestes, 1524, 3\u00b0 andar, sala 301 Butant\u00e3, S\u00e3o Paulo &#8211; SP, 05508-000\u00a0 \u00a0 \u00a0 \u00a0 \u00a0 \u00a0 \u00a0 \u00a0 \u00a0 \u00a0 \u00a0 Tel: (11) 3091-7301<\/p>\t\t\t\t\t\t<\/div>\n\t\t\t\t<\/div>\n\t\t\t\t\t<\/div>\n\t\t<\/div>\n\t\t\t\t<div class=\"elementor-column elementor-col-33 elementor-top-column elementor-element elementor-element-06ab3ba\" data-id=\"06ab3ba\" data-element_type=\"column\">\n\t\t\t<div class=\"elementor-widget-wrap\">\n\t\t\t\t\t\t\t<\/div>\n\t\t<\/div>\n\t\t\t\t<div class=\"elementor-column elementor-col-33 elementor-top-column elementor-element elementor-element-653dbd6\" data-id=\"653dbd6\" data-element_type=\"column\">\n\t\t\t<div class=\"elementor-widget-wrap elementor-element-populated\">\n\t\t\t\t\t\t<div class=\"elementor-element elementor-element-4e062ea elementor-widget__width-initial elementor-widget elementor-widget-text-editor\" data-id=\"4e062ea\" data-element_type=\"widget\" data-widget_type=\"text-editor.default\">\n\t\t\t\t<div class=\"elementor-widget-container\">\n\t\t\t\t\t\t\t<p><em><strong><a href=\"https:\/\/sites.usp.br\/mic\/wp-content\/uploads\/sites\/1693\/2022\/04\/024-brain-process.png\"><img decoding=\"async\" class=\"alignleft wp-image-538\" src=\"https:\/\/sites.usp.br\/mic\/wp-content\/uploads\/sites\/1693\/2022\/04\/024-brain-process-150x150.png\" alt=\"\" width=\"44\" height=\"44\" srcset=\"https:\/\/sites.usp.br\/mic\/wp-content\/uploads\/sites\/1693\/2022\/04\/024-brain-process-150x150.png 150w, https:\/\/sites.usp.br\/mic\/wp-content\/uploads\/sites\/1693\/2022\/04\/024-brain-process-300x300.png 300w, https:\/\/sites.usp.br\/mic\/wp-content\/uploads\/sites\/1693\/2022\/04\/024-brain-process-45x45.png 45w, https:\/\/sites.usp.br\/mic\/wp-content\/uploads\/sites\/1693\/2022\/04\/024-brain-process.png 512w\" sizes=\"(max-width: 44px) 100vw, 44px\" \/><\/a><\/strong><\/em><\/p><p><em><strong>\u00a0 \u00a0 \u00a0 \u00a0 \u00a0 \u00a0 \u00a0 \u00a0 \u00a0 \u00a0 \u00a0 \u00a0 \u00a0 \u00a0 \u00a0 \u00a0 \u00a0 \u00a0 \u00a0 \u00a0 \u00a0 \u00a0 \u00a0 \u00a0 \u00a0 \u00a0 \u00a0 \u00a0 \u00a0 \u00a0 \u00a0 \u00a0 Links:<\/strong><\/em>\u00a0 \u00a0 \u00a0 \u00a0 \u00a0 \u00a0 \u00a0 \u00a0 \u00a0 \u00a0 \u00a0 \u00a0 \u00a0 \u00a0 \u00a0 \u00a0 \u00a0 \u00a0 \u00a0 \u00a0 \u00a0 \u00a0 \u00a0 \u00a0 \u00a0 \u00a0 \u00a0 \u00a0 \u00a0 \u00a0 \u00a0 \u00a0 \u00a0 \u00a0 \u00a0 \u00a0 \u00a0 \u00a0 \u00a0 \u00a0 \u00a0 \u00a0\u00a0<\/p>\t\t\t\t\t\t<\/div>\n\t\t\t\t<\/div>\n\t\t\t\t<div class=\"elementor-element elementor-element-be2a8b4 elementor-widget elementor-widget-text-editor\" data-id=\"be2a8b4\" data-element_type=\"widget\" data-widget_type=\"text-editor.default\">\n\t\t\t\t<div class=\"elementor-widget-container\">\n\t\t\t\t\t\t\t<ul><li><a href=\"https:\/\/sites.usp.br\/biocel\/\">Departamento de Biologia Celular e do Desenvolimento<\/a><\/li><li><a href=\"https:\/\/sites.usp.br\/multibmc\/\">Laborat\u00f3rio Multiusu\u00e1rios<\/a><\/li><li><a href=\"https:\/\/ww3.icb.usp.br\/comissao-de-seguranca-quimica\/\">Comiss\u00e3o de Seguran\u00e7a Qu\u00edmica<\/a><\/li><li><a href=\"https:\/\/ww3.icb.usp.br\/biosseguranca-cibio\/\">Comiss\u00e3o Interna de Biosseguran\u00e7a<\/a><\/li><\/ul>\t\t\t\t\t\t<\/div>\n\t\t\t\t<\/div>\n\t\t\t\t\t<\/div>\n\t\t<\/div>\n\t\t\t\t\t<\/div>\n\t\t<\/section>\n\t\t\t\t<section class=\"elementor-section elementor-top-section elementor-element elementor-element-77edb0b elementor-section-boxed elementor-section-height-default elementor-section-height-default\" data-id=\"77edb0b\" data-element_type=\"section\">\n\t\t\t\t\t\t<div class=\"elementor-container elementor-column-gap-default\">\n\t\t\t\t\t<div class=\"elementor-column elementor-col-100 elementor-top-column elementor-element elementor-element-b04f94d\" data-id=\"b04f94d\" data-element_type=\"column\">\n\t\t\t<div class=\"elementor-widget-wrap elementor-element-populated\">\n\t\t\t\t\t\t<div class=\"elementor-element elementor-element-653c0e2 elementor-widget-divider--view-line elementor-widget elementor-widget-divider\" data-id=\"653c0e2\" data-element_type=\"widget\" data-widget_type=\"divider.default\">\n\t\t\t\t<div class=\"elementor-widget-container\">\n\t\t\t\t\t<div class=\"elementor-divider\">\n\t\t\t<span class=\"elementor-divider-separator\">\n\t\t\t\t\t\t<\/span>\n\t\t<\/div>\n\t\t\t\t<\/div>\n\t\t\t\t<\/div>\n\t\t\t\t\t<\/div>\n\t\t<\/div>\n\t\t\t\t\t<\/div>\n\t\t<\/section>\n\t\t\t\t<section class=\"elementor-section elementor-top-section elementor-element elementor-element-f8ddcf2 elementor-section-boxed elementor-section-height-default elementor-section-height-default\" data-id=\"f8ddcf2\" data-element_type=\"section\">\n\t\t\t\t\t\t<div class=\"elementor-container elementor-column-gap-default\">\n\t\t\t\t\t<div class=\"elementor-column elementor-col-100 elementor-top-column elementor-element elementor-element-066a6e4\" data-id=\"066a6e4\" data-element_type=\"column\">\n\t\t\t<div class=\"elementor-widget-wrap elementor-element-populated\">\n\t\t\t\t\t\t\t<\/div>\n\t\t<\/div>\n\t\t\t\t\t<\/div>\n\t\t<\/section>\n\t\t\t\t<\/div>\n\t\t","protected":false},"excerpt":{"rendered":"<p>Monitoramento online MultiSens Central de Ajuda e Chamados T\u00e9cnicos Desenvolvimento de Instrumenta\u00e7\u00e3o Cient\u00edficaSolu\u00e7\u00f5es criativas ao seu alcanceClique AquiPortal de Servi\u00e7os MICVisite nosso portal de solicita\u00e7\u00f5es!Clique aquiImpress\u00e3o de pe\u00e7as Servi\u00e7o de impress\u00e3o 3D do projeto \u00e0 instala\u00e7\u00e3o.Clique aquiMultiSensMonitoramento em tempo real de par\u00e2metros ambentais e de equipamentos.Clique aqui Previous slide Next slide &nbsp; &nbsp; &nbsp; &nbsp; [&hellip;]<\/p>\n","protected":false},"author":22667,"featured_media":0,"parent":0,"menu_order":0,"comment_status":"closed","ping_status":"closed","template":"","meta":{"footnotes":"","_links_to":"","_links_to_target":""},"class_list":["post-1280","page","type-page","status-publish","hentry"],"_links":{"self":[{"href":"https:\/\/sites.usp.br\/mic\/wp-json\/wp\/v2\/pages\/1280","targetHints":{"allow":["GET"]}}],"collection":[{"href":"https:\/\/sites.usp.br\/mic\/wp-json\/wp\/v2\/pages"}],"about":[{"href":"https:\/\/sites.usp.br\/mic\/wp-json\/wp\/v2\/types\/page"}],"author":[{"embeddable":true,"href":"https:\/\/sites.usp.br\/mic\/wp-json\/wp\/v2\/users\/22667"}],"replies":[{"embeddable":true,"href":"https:\/\/sites.usp.br\/mic\/wp-json\/wp\/v2\/comments?post=1280"}],"version-history":[{"count":4,"href":"https:\/\/sites.usp.br\/mic\/wp-json\/wp\/v2\/pages\/1280\/revisions"}],"predecessor-version":[{"id":1664,"href":"https:\/\/sites.usp.br\/mic\/wp-json\/wp\/v2\/pages\/1280\/revisions\/1664"}],"wp:attachment":[{"href":"https:\/\/sites.usp.br\/mic\/wp-json\/wp\/v2\/media?parent=1280"}],"curies":[{"name":"wp","href":"https:\/\/api.w.org\/{rel}","templated":true}]}}